{"id":7638,"date":"2021-12-06T10:54:13","date_gmt":"2021-12-06T09:54:13","guid":{"rendered":"https:\/\/semmelweis.hu\/fogpotlastan\/?page_id=7638"},"modified":"2021-12-06T11:14:36","modified_gmt":"2021-12-06T10:14:36","slug":"dr-konig-janos-kezelesi-lehetosegek-az-oro-maxillo-facialis-rehabilitacioban","status":"publish","type":"page","link":"https:\/\/semmelweis.hu\/fogpotlastan\/kutatas\/phd-kutatasok\/dr-konig-janos-kezelesi-lehetosegek-az-oro-maxillo-facialis-rehabilitacioban\/","title":{"rendered":"Dr. K\u00f6nig J\u00e1nos: Kezel\u00e9si lehet\u0151s\u00e9gek az oro-maxillo-facialis rehabilit\u00e1ci\u00f3ban"},"content":{"rendered":"<p style=\"text-align: justify\"><span style=\"font-size: 14pt\">A c\u00e9lunk egy teljesen \u00faj k\u00f6rnyezet megteremt\u00e9se a maxillofaci\u00e1lis helyre\u00e1ll\u00edt\u00f3 protetik\u00e1ban, ami azt jelenti, hogy a k\u00fcl\u00f6nb\u00f6z\u0151 beavatkoz\u00e1sok improvizat\u00edv jelleg\u00e9t bizony\u00edt\u00e9kokon alapul\u00f3 ir\u00e1nymutat\u00e1soknak kell felv\u00e1ltaniuk.<\/span><br \/>\n<span style=\"font-size: 14pt\">A m\u0171orr, m\u0171f\u00fcl, m\u0171szem vagy b\u00e1rmilyen epit\u00e9zis elk\u00e9sz\u00edt\u00e9s\u00e9hez sz\u00fcks\u00e9g\u00fcnk van a p\u00e1ciens arc\u00e1nak modellj\u00e9re. Ennek megszerz\u00e9s\u00e9re jelenleg a hagyom\u00e1nyos lenyomatv\u00e9telt alkalmazzuk, de ennek sz\u00e1mos h\u00e1tr\u00e1nya van, ami gondatlan kezel\u00e9s eset\u00e9n ak\u00e1r \u00e9letvesz\u00e9lyess\u00e9 is teheti az elj\u00e1r\u00e1st. Az \u00edg\u00e9retes 3D arcszkennel\u0151 rendszereket azonban m\u00e9g valid\u00e1lni kell a klinikai alkalmaz\u00e1shoz. Ezen \u00faj technol\u00f3gi\u00e1k alkalmaz\u00e1s\u00e1hoz ir\u00e1nymutat\u00e1sokra van sz\u00fcks\u00e9g\u00fcnk, hogy mire kell figyeln\u00fcnk a kisz\u00e1m\u00edthat\u00f3bb, jobb min\u0151s\u00e9g\u0171 \u00e9s gyorsabb digit\u00e1lis lenyomatok el\u00e9r\u00e9se \u00e9rdek\u00e9ben. Ennek \u00e9rdek\u00e9ben el\u0151sz\u00f6r is \u00e9rt\u00e9kelni kell a 3D szkennerek klinikai pontoss\u00e1g\u00e1t a k\u00fcl\u00f6nb\u00f6z\u0151 arcr\u00e9gi\u00f3kon.<\/span><\/p>\n<p style=\"text-align: justify\"><span style=\"font-size: 14pt\">K\u00fcl\u00f6nb\u00f6z\u0151 kezel\u00e9si lehet\u0151s\u00e9gek maxilladefektusos betegek eset\u00e9n<\/span><br \/>\n<span style=\"font-size: 14pt\">A legt\u00f6bb ilyen defektus az onkol\u00f3giai kezel\u00e9s miatti seb\u00e9szi beavatkoz\u00e1s eredm\u00e9nye. Ezt az ablat\u00edv m\u0171t\u00e9tet k\u00f6vet\u0151en, b\u00e1r tumormentesek, az \u00e9letmin\u0151s\u00e9g megtizedel\u0151dik, a betegeknek valamilyen rehabilit\u00e1ci\u00f3ra van sz\u00fcks\u00e9g\u00fck.<\/span><br \/>\n<span style=\"font-size: 14pt\">Ezen betegeknek a sz\u00e1ma egyre n\u0151, mivel egyre t\u00f6bb p\u00e1ciens v\u00e1lik tumormentess\u00e9, egyre hosszabb ideig. Vannak helyre\u00e1ll\u00edt\u00f3 seb\u00e9szeti \u00e9s protetikai lehet\u0151s\u00e9gek, de a legjobban m\u0171k\u00f6d\u0151 rehabilit\u00e1ci\u00f3s m\u00f3dszer kiv\u00e1laszt\u00e1sa vitatott. A v\u00e1laszt\u00e1s nagym\u00e9rt\u00e9kben f\u00fcgg a kezel\u0151 szem\u00e9lyes k\u00e9szs\u00e9geit\u0151l, f\u00fcggetlen\u00fcl att\u00f3l, hogy a kezel\u0151 fogp\u00f3tl\u00e1stanban j\u00e1ratos fogorvos vagy fej-nyakseb\u00e9sz. C\u00e9lunk \u00f6sszehasonl\u00edtani az \u00e1ltal\u00e1nosan haszn\u00e1lt megold\u00e1sokat a ter\u00e1pi\u00e1s hat\u00e1s szempontj\u00e1b\u00f3l network metaanal\u00edzis keret\u00e9ben.<\/span><\/p>\n<p style=\"text-align: justify\"><span style=\"font-size: 14pt\">A l\u00e1gysz\u00e1jpadi defektusok velopharyngealis el\u00e9gtelens\u00e9get (VPI) okoznak. Ezekben az esetekben a betegek nem tudnak besz\u00e9lni, s\u0151t n\u00e9ha nem tudnak nyelni sem. A kezel\u00e9s f\u0151 m\u00f3dszere a besz\u00e9dter\u00e1pia, de gyakran ez nem el\u00e9g. Ennek t\u00e1mogat\u00e1s\u00e1ra van seb\u00e9szi \u00e9s protetikai m\u00f3dszerek \u00e1llnak rendelkez\u00e9s\u00fcnkre. Mivel ez ut\u00f3bbi \u00e1g el\u00e9gg\u00e9 elhanyagolt, hat\u00e9konys\u00e1gukat valid\u00e1lni kell, \u00e9s ha az eredm\u00e9nyek j\u00f3k, akkor ezeket a k\u00e9sz\u00fcl\u00e9keket a rutin r\u00e9sz\u00e9v\u00e9 kell tenni. Mivel nincs elfogadott protokoll a l\u00e1gy sz\u00e1jpadi prot\u00e9zisek (l\u00e1gysz\u00e1jpademel\u0151k, dinamikus obtur\u00e1torok) gy\u00e1rt\u00e1s\u00e1ra, nem sok k\u00f6zpont tud ilyen kezel\u00e9st ny\u00fajtani. A k\u00e9rd\u00e9s az: hogyan seg\u00edtenek ezek a prot\u00e9zisek a VPI-ben a seb\u00e9szeti beavatkoz\u00e1sokhoz k\u00e9pest? A beavatkoz\u00e1sok hat\u00e9konys\u00e1ga a besz\u00e9d \u00e9rthet\u0151s\u00e9g\u00e9n, a bolus transzport hat\u00e9konys\u00e1g\u00e1n \u00e9s az egy\u00e9n saj\u00e1t \u00e9let\u00e9r\u0151l alkotott szubjekt\u00edv \u00e9rtkel\u00e9s\u00e9n (quality-of-life questionnaires) kereszt\u00fcl m\u00e9rhet\u0151<\/span><\/p>\n","protected":false},"excerpt":{"rendered":"<p>A c\u00e9lunk egy teljesen \u00faj k\u00f6rnyezet megteremt\u00e9se a maxillofaci\u00e1lis helyre\u00e1ll\u00edt\u00f3 protetik\u00e1ban, ami azt jelenti, hogy a k\u00fcl\u00f6nb\u00f6z\u0151 beavatkoz\u00e1sok improvizat\u00edv jelleg\u00e9t bizony\u00edt\u00e9kokon alapul\u00f3 ir\u00e1nymutat\u00e1soknak kell felv\u00e1ltaniuk. A m\u0171orr, m\u0171f\u00fcl, m\u0171szem vagy b\u00e1rmilyen epit\u00e9zis elk\u00e9sz\u00edt\u00e9s\u00e9hez sz\u00fcks\u00e9g\u00fcnk van a p\u00e1ciens arc\u00e1nak modellj\u00e9re. Ennek megszerz\u00e9s\u00e9re jelenleg a hagyom\u00e1nyos lenyomatv\u00e9telt alkalmazzuk, de ennek sz\u00e1mos h\u00e1tr\u00e1nya van, ami gondatlan kezel\u00e9s eset\u00e9n &hellip;<\/p>\n","protected":false},"author":101231,"featured_media":0,"parent":5097,"menu_order":9,"comment_status":"closed","ping_status":"closed","template":"","meta":{"_acf_changed":false,"footnotes":""},"categories":[],"tags":[],"class_list":["post-7638","page","type-page","status-publish","hentry"],"acf":[],"_links":{"self":[{"href":"https:\/\/semmelweis.hu\/fogpotlastan\/wp-json\/wp\/v2\/pages\/7638","targetHints":{"allow":["GET"]}}],"collection":[{"href":"https:\/\/semmelweis.hu\/fogpotlastan\/wp-json\/wp\/v2\/pages"}],"about":[{"href":"https:\/\/semmelweis.hu\/fogpotlastan\/wp-json\/wp\/v2\/types\/page"}],"author":[{"embeddable":true,"href":"https:\/\/semmelweis.hu\/fogpotlastan\/wp-json\/wp\/v2\/users\/101231"}],"replies":[{"embeddable":true,"href":"https:\/\/semmelweis.hu\/fogpotlastan\/wp-json\/wp\/v2\/comments?post=7638"}],"version-history":[{"count":6,"href":"https:\/\/semmelweis.hu\/fogpotlastan\/wp-json\/wp\/v2\/pages\/7638\/revisions"}],"predecessor-version":[{"id":7647,"href":"https:\/\/semmelweis.hu\/fogpotlastan\/wp-json\/wp\/v2\/pages\/7638\/revisions\/7647"}],"up":[{"embeddable":true,"href":"https:\/\/semmelweis.hu\/fogpotlastan\/wp-json\/wp\/v2\/pages\/5097"}],"wp:attachment":[{"href":"https:\/\/semmelweis.hu\/fogpotlastan\/wp-json\/wp\/v2\/media?parent=7638"}],"wp:term":[{"taxonomy":"category","embeddable":true,"href":"https:\/\/semmelweis.hu\/fogpotlastan\/wp-json\/wp\/v2\/categories?post=7638"},{"taxonomy":"post_tag","embeddable":true,"href":"https:\/\/semmelweis.hu\/fogpotlastan\/wp-json\/wp\/v2\/tags?post=7638"}],"curies":[{"name":"wp","href":"https:\/\/api.w.org\/{rel}","templated":true}]}}