{"id":7255,"date":"2021-05-12T11:31:10","date_gmt":"2021-05-12T09:31:10","guid":{"rendered":"https:\/\/semmelweis.hu\/fogpotlastan\/?page_id=7255"},"modified":"2026-01-06T13:37:17","modified_gmt":"2026-01-06T12:37:17","slug":"maxillofacialis-protetikai-rehabilitacio","status":"publish","type":"page","link":"https:\/\/semmelweis.hu\/fogpotlastan\/jarobeteg-szakrendelesek-ambulanciak\/maxillofacialis-protetikai-rehabilitacio\/","title":{"rendered":"Maxillofaci\u00e1lis protetikai rehabilit\u00e1ci\u00f3:"},"content":{"rendered":"<div class=\"keretes w-100\">\n<p><strong>C\u00edm:<\/strong> 1088 Budapest, Szentkir\u00e1lyi utca 47. VI. emelet 611.<\/p>\n<p><strong>Bejelentkez\u00e9s:\u00a0<\/strong><\/p>\n<ul>\n<li><em>p\u00e1cienseknek:<\/em> az online rendszeren kereszt\u00fcl (<a href=\"https:\/\/rehabilitacios-protetika.hu\/patient-portal\">https:\/\/rehabilitacios-protetika.hu\/patient-portal<\/a>) vagy sz\u00fcks\u00e9g eset\u00e9n e-mailen (<a href=\"mailto:konig.janos@semmelweis.hu\">konig.janos@semmelweis.hu<\/a>)<\/li>\n<li><em>beutal\u00f3 orvos koll\u00e9g\u00e1knak:<\/em>\u00a0a\u00a0<a href=\"https:\/\/rehabilitacios-protetika.hu\/\">https:\/\/rehabilitacios-protetika.hu\/<\/a> oldalon regisztr\u00e1ljanak az int\u00e9zm\u00e9ny\u00fck felt\u00fcntet\u00e9s\u00e9vel. A regisztr\u00e1ci\u00f3s k\u00e9relmeket 24 \u00f3r\u00e1n bel\u00fcl elb\u00edr\u00e1ljuk. Ezen a fel\u00fcleten megadhatj\u00e1k a beteg adatait, a beutal\u00e1s indok\u00e1t \u00e9s id\u0151pontot is foglalhatnak a p\u00e1ciens\u00fcknek.\u00a0<\/li>\n<\/ul>\n<p><strong>Beutal\u00f3 sz\u00fcks\u00e9ges!<\/strong><\/p>\n<p><strong>Rendel\u00e9s id\u0151pontja: <\/strong>oktat\u00e1s f\u00fcggv\u00e9ny\u00e9ben egyeztet\u00e9s szerint<\/p>\n<\/div>\n<h5 style=\"text-align: justify\">Orvosok:<\/h5>\n<ul>\n<li style=\"text-align: justify\">Dr. K\u00e1d\u00e1r L\u00e1szl\u00f3<\/li>\n<li style=\"text-align: justify\">Dr. K\u00f6rmendi Szandra<\/li>\n<li style=\"text-align: justify\">Dr. Tak\u00e1cs Em\u0151ke<\/li>\n<li style=\"text-align: justify\">Dr. K\u00f6nig J\u00e1nos<\/li>\n<\/ul>\n","protected":false},"excerpt":{"rendered":"<p>C\u00edm: 1088 Budapest, Szentkir\u00e1lyi utca 47. VI. emelet 611. Bejelentkez\u00e9s:\u00a0 p\u00e1cienseknek: az online rendszeren kereszt\u00fcl ( <a href=\"https:\/\/rehabilitacios-protetika.hu\/patient-portal\">https:\/\/rehabilitacios-protetika.hu\/patient-portal<\/a> ) vagy sz\u00fcks\u00e9g eset\u00e9n e-mailen ( <a href=\"mailto:konig.janos@semmelweis.hu\">konig.janos@semmelweis.hu<\/a> ) beutal\u00f3 orvos koll\u00e9g\u00e1knak:\u00a0a\u00a0 <a href=\"https:\/\/rehabilitacios-protetika.hu\/\">https:\/\/rehabilitacios-protetika.hu\/<\/a> oldalon regisztr\u00e1ljanak az int\u00e9zm\u00e9ny\u00fck felt\u00fcntet\u00e9s\u00e9vel. A regisztr\u00e1ci\u00f3s k\u00e9relmeket 24 \u00f3r\u00e1n bel\u00fcl elb\u00edr\u00e1ljuk. Ezen a fel\u00fcleten megadhatj\u00e1k a beteg adatait, a beutal\u00e1s indok\u00e1t \u00e9s id\u0151pontot is foglalhatnak a p\u00e1ciens\u00fcknek.\u00a0 Beutal\u00f3 &hellip;<\/p>\n","protected":false},"author":101231,"featured_media":0,"parent":915,"menu_order":3,"comment_status":"closed","ping_status":"closed","template":"","meta":{"_acf_changed":false,"footnotes":""},"categories":[],"tags":[],"class_list":["post-7255","page","type-page","status-publish","hentry"],"acf":[],"_links":{"self":[{"href":"https:\/\/semmelweis.hu\/fogpotlastan\/wp-json\/wp\/v2\/pages\/7255","targetHints":{"allow":["GET"]}}],"collection":[{"href":"https:\/\/semmelweis.hu\/fogpotlastan\/wp-json\/wp\/v2\/pages"}],"about":[{"href":"https:\/\/semmelweis.hu\/fogpotlastan\/wp-json\/wp\/v2\/types\/page"}],"author":[{"embeddable":true,"href":"https:\/\/semmelweis.hu\/fogpotlastan\/wp-json\/wp\/v2\/users\/101231"}],"replies":[{"embeddable":true,"href":"https:\/\/semmelweis.hu\/fogpotlastan\/wp-json\/wp\/v2\/comments?post=7255"}],"version-history":[{"count":8,"href":"https:\/\/semmelweis.hu\/fogpotlastan\/wp-json\/wp\/v2\/pages\/7255\/revisions"}],"predecessor-version":[{"id":9846,"href":"https:\/\/semmelweis.hu\/fogpotlastan\/wp-json\/wp\/v2\/pages\/7255\/revisions\/9846"}],"up":[{"embeddable":true,"href":"https:\/\/semmelweis.hu\/fogpotlastan\/wp-json\/wp\/v2\/pages\/915"}],"wp:attachment":[{"href":"https:\/\/semmelweis.hu\/fogpotlastan\/wp-json\/wp\/v2\/media?parent=7255"}],"wp:term":[{"taxonomy":"category","embeddable":true,"href":"https:\/\/semmelweis.hu\/fogpotlastan\/wp-json\/wp\/v2\/categories?post=7255"},{"taxonomy":"post_tag","embeddable":true,"href":"https:\/\/semmelweis.hu\/fogpotlastan\/wp-json\/wp\/v2\/tags?post=7255"}],"curies":[{"name":"wp","href":"https:\/\/api.w.org\/{rel}","templated":true}]}}