{"id":7253,"date":"2021-05-12T11:30:41","date_gmt":"2021-05-12T09:30:41","guid":{"rendered":"https:\/\/semmelweis.hu\/fogpotlastan\/?page_id=7253"},"modified":"2025-06-18T08:40:42","modified_gmt":"2025-06-18T06:40:42","slug":"fogpotlas-rendeles","status":"publish","type":"page","link":"https:\/\/semmelweis.hu\/fogpotlastan\/jarobeteg-szakrendelesek-ambulanciak\/fogpotlas-rendeles\/","title":{"rendered":"Fogp\u00f3tl\u00e1s rendel\u00e9s"},"content":{"rendered":"<div class=\"keretes w-100\">\n<p style=\"text-align: justify;\"><strong>C\u00edm:<\/strong> 1088 Budapest, Szentkir\u00e1lyi utca 47. VI. emelet<\/p>\n<p style=\"text-align: justify;\"><strong>Bejelentkez\u00e9s: <\/strong>Budapest, Szentkir\u00e1lyi utca 47. f\u00f6ldszint, Betegfelv\u00e9tel<\/p>\n<p style=\"text-align: justify;\"><strong>Beutal\u00f3 nem sz\u00fcks\u00e9ges.\u00a0A jelentkez\u0151ket az Or\u00e1lis Diagnosztikai Tansz\u00e9ken vizsg\u00e1lj\u00e1k meg \u00e9s ennek eredm\u00e9nyek\u00e9nt a megfelel\u0151 klinik\u00e1ra utalj\u00e1k be.\u00a0<\/strong><\/p>\n<p style=\"text-align: justify;\"><strong>Rendel\u00e9s id\u0151pontja<\/strong>: h\u00e9tf\u0151-p\u00e9ntek, 08.00 &#8211; 15.30<\/p>\n<\/div>\n","protected":false},"excerpt":{"rendered":"<p>C\u00edm: 1088 Budapest, Szentkir\u00e1lyi utca 47. VI. emelet<br \/>\nBejelentkez\u00e9s: Budapest, Szentkir\u00e1lyi utca 47. f\u00f6ldszint, Betegfelv\u00e9tel<br \/>\nBeutal\u00f3 nem sz\u00fcks\u00e9ges.\u00a0A jelentkez\u0151ket az Or\u00e1lis Diagnosztikai Tansz\u00e9ken vizsg\u00e1lj\u00e1k meg \u00e9s ennek eredm\u00e9nyek\u00e9nt a megfelel\u0151 klinik\u00e1ra utalj\u00e1k be.\u00a0<br \/>\nRendel\u00e9s id\u0151pontja: h\u00e9tf\u0151-p\u00e9ntek, 08.00 &#8211; 15.30<\/p>\n","protected":false},"author":101231,"featured_media":0,"parent":915,"menu_order":2,"comment_status":"closed","ping_status":"closed","template":"","meta":{"_acf_changed":false,"footnotes":""},"categories":[],"tags":[],"class_list":["post-7253","page","type-page","status-publish","hentry"],"acf":[],"_links":{"self":[{"href":"https:\/\/semmelweis.hu\/fogpotlastan\/wp-json\/wp\/v2\/pages\/7253","targetHints":{"allow":["GET"]}}],"collection":[{"href":"https:\/\/semmelweis.hu\/fogpotlastan\/wp-json\/wp\/v2\/pages"}],"about":[{"href":"https:\/\/semmelweis.hu\/fogpotlastan\/wp-json\/wp\/v2\/types\/page"}],"author":[{"embeddable":true,"href":"https:\/\/semmelweis.hu\/fogpotlastan\/wp-json\/wp\/v2\/users\/101231"}],"replies":[{"embeddable":true,"href":"https:\/\/semmelweis.hu\/fogpotlastan\/wp-json\/wp\/v2\/comments?post=7253"}],"version-history":[{"count":2,"href":"https:\/\/semmelweis.hu\/fogpotlastan\/wp-json\/wp\/v2\/pages\/7253\/revisions"}],"predecessor-version":[{"id":9671,"href":"https:\/\/semmelweis.hu\/fogpotlastan\/wp-json\/wp\/v2\/pages\/7253\/revisions\/9671"}],"up":[{"embeddable":true,"href":"https:\/\/semmelweis.hu\/fogpotlastan\/wp-json\/wp\/v2\/pages\/915"}],"wp:attachment":[{"href":"https:\/\/semmelweis.hu\/fogpotlastan\/wp-json\/wp\/v2\/media?parent=7253"}],"wp:term":[{"taxonomy":"category","embeddable":true,"href":"https:\/\/semmelweis.hu\/fogpotlastan\/wp-json\/wp\/v2\/categories?post=7253"},{"taxonomy":"post_tag","embeddable":true,"href":"https:\/\/semmelweis.hu\/fogpotlastan\/wp-json\/wp\/v2\/tags?post=7253"}],"curies":[{"name":"wp","href":"https:\/\/api.w.org\/{rel}","templated":true}]}}