{"id":7251,"date":"2021-05-12T11:27:41","date_gmt":"2021-05-12T09:27:41","guid":{"rendered":"https:\/\/semmelweis.hu\/fogpotlastan\/?page_id=7251"},"modified":"2025-06-18T08:39:39","modified_gmt":"2025-06-18T06:39:39","slug":"allkapocsizuleti-rendeles","status":"publish","type":"page","link":"https:\/\/semmelweis.hu\/fogpotlastan\/jarobeteg-szakrendelesek-ambulanciak\/allkapocsizuleti-rendeles\/","title":{"rendered":"\u00c1llkapocs\u00edz\u00fcleti rendel\u00e9s"},"content":{"rendered":"<div class=\"keretes w-100\">\n<p style=\"text-align: justify;\"><strong>C\u00edm:<\/strong> 1088 Budapest, Szentkir\u00e1lyi utca 47. VI. emelet 607.<\/p>\n<p style=\"text-align: justify;\"><strong>Bejelentkez\u00e9s: <\/strong>kiz\u00e1r\u00f3lag a (1)459-1500\/59356 mell\u00e9ken<\/p>\n<p><strong>Beutal\u00f3 nem sz\u00fcks\u00e9ges, de fogadni csak a telefonon bejelentkezett p\u00e1cienseket tudjuk.<\/strong><\/p>\n<p style=\"text-align: justify;\"><strong>Rendel\u00e9s id\u0151pontja<\/strong>: oktat\u00e1s f\u00fcggv\u00e9ny\u00e9ben a telefonos egyeztet\u00e9s szerint<\/p>\n<\/div>\n<h5 style=\"text-align: justify;\">Orvosok:<\/h5>\n<ul>\n<li style=\"text-align: justify;\">Dr. M\u00e1rton Krisztina<\/li>\n<li style=\"text-align: justify;\">Dr. K\u00f6rmendi Szandra<\/li>\n<li style=\"text-align: justify;\">Dr. Schmidt P\u00e9ter<\/li>\n<li style=\"text-align: justify;\">Dr. S\u00fcveges Ibolya<\/li>\n<li style=\"text-align: justify;\">Dr. Nagy Zsanett<\/li>\n<li style=\"text-align: justify;\">Dr. Ambrus Szilvia<\/li>\n<li style=\"text-align: justify;\">Dr. Demeter Tam\u00e1s<\/li>\n<li style=\"text-align: justify;\">Dr. Varga Zita<\/li>\n<\/ul>\n<p style=\"text-align: justify;\">\u00a0<\/p>\n","protected":false},"excerpt":{"rendered":"<p>C\u00edm: 1088 Budapest, Szentkir\u00e1lyi utca 47. VI. emelet 607. Bejelentkez\u00e9s: kiz\u00e1r\u00f3lag a (1)459-1500\/59356 mell\u00e9ken Beutal\u00f3 nem sz\u00fcks\u00e9ges, de fogadni csak a telefonon bejelentkezett p\u00e1cienseket tudjuk. Rendel\u00e9s id\u0151pontja: oktat\u00e1s f\u00fcggv\u00e9ny\u00e9ben a telefonos egyeztet\u00e9s szerint Orvosok: Dr. M\u00e1rton Krisztina Dr. K\u00f6rmendi Szandra Dr. Schmidt P\u00e9ter Dr. S\u00fcveges Ibolya Dr. Nagy Zsanett Dr. Ambrus Szilvia Dr. Demeter Tam\u00e1s &hellip;<\/p>\n","protected":false},"author":101231,"featured_media":0,"parent":915,"menu_order":0,"comment_status":"closed","ping_status":"closed","template":"","meta":{"_acf_changed":false,"footnotes":""},"categories":[],"tags":[],"class_list":["post-7251","page","type-page","status-publish","hentry"],"acf":[],"_links":{"self":[{"href":"https:\/\/semmelweis.hu\/fogpotlastan\/wp-json\/wp\/v2\/pages\/7251","targetHints":{"allow":["GET"]}}],"collection":[{"href":"https:\/\/semmelweis.hu\/fogpotlastan\/wp-json\/wp\/v2\/pages"}],"about":[{"href":"https:\/\/semmelweis.hu\/fogpotlastan\/wp-json\/wp\/v2\/types\/page"}],"author":[{"embeddable":true,"href":"https:\/\/semmelweis.hu\/fogpotlastan\/wp-json\/wp\/v2\/users\/101231"}],"replies":[{"embeddable":true,"href":"https:\/\/semmelweis.hu\/fogpotlastan\/wp-json\/wp\/v2\/comments?post=7251"}],"version-history":[{"count":4,"href":"https:\/\/semmelweis.hu\/fogpotlastan\/wp-json\/wp\/v2\/pages\/7251\/revisions"}],"predecessor-version":[{"id":9670,"href":"https:\/\/semmelweis.hu\/fogpotlastan\/wp-json\/wp\/v2\/pages\/7251\/revisions\/9670"}],"up":[{"embeddable":true,"href":"https:\/\/semmelweis.hu\/fogpotlastan\/wp-json\/wp\/v2\/pages\/915"}],"wp:attachment":[{"href":"https:\/\/semmelweis.hu\/fogpotlastan\/wp-json\/wp\/v2\/media?parent=7251"}],"wp:term":[{"taxonomy":"category","embeddable":true,"href":"https:\/\/semmelweis.hu\/fogpotlastan\/wp-json\/wp\/v2\/categories?post=7251"},{"taxonomy":"post_tag","embeddable":true,"href":"https:\/\/semmelweis.hu\/fogpotlastan\/wp-json\/wp\/v2\/tags?post=7251"}],"curies":[{"name":"wp","href":"https:\/\/api.w.org\/{rel}","templated":true}]}}