{"id":7247,"date":"2021-05-12T09:37:48","date_gmt":"2021-05-12T07:37:48","guid":{"rendered":"https:\/\/semmelweis.hu\/fogpotlastan\/?page_id=7247"},"modified":"2026-02-09T10:04:11","modified_gmt":"2026-02-09T09:04:11","slug":"kepzesek","status":"publish","type":"page","link":"https:\/\/semmelweis.hu\/fogpotlastan\/kepzesek\/","title":{"rendered":"K\u00e9pz\u00e9sek"},"content":{"rendered":"<p><strong>OFTEX-akkredit\u00e1lt <em>Fogp\u00f3tl\u00e1stan Halad\u00f3knak<\/em> kurzusok 2026-ban is!<\/strong><\/p>\n<p><strong>1.<\/strong> <a href=\"https:\/\/semmelweis.hu\/fogpotlastan\/munkatarsak-terv\/schmidt-peter\/\"><strong>Dr. Schmidt P\u00e9ter<\/strong><\/a><strong> \u2013 <a href=\"https:\/\/semmelweis.hu\/fogpotlastan\/kepzesek\/gnatologia-i-arciv-egyeni-erteku-artikulator-tamasztocsapos-regisztracio-elmeletben-es-gyakorlatban\/\">Gnatol\u00f3gia I.<\/a> &#8211; Arci\u0301v, egye\u0301ni e\u0301rte\u0301ku\u030b artikula\u0301tor, ta\u0301maszto\u0301csapos regisztra\u0301cio\u0301 elme\u0301letben e\u0301s gyakorlatban<br \/>\n<\/strong>2026. m\u00e1rcius 6.<\/p>\n<p>Az egy d\u00e9lut\u00e1nt fel\u00f6lel\u0151 kurzuson a r\u00e9sztvev\u0151k elm\u00e9leti felk\u00e9sz\u00edt\u00e9s ut\u00e1n a gyakorlatban is megismerkedhetnek a fogp\u00f3tl\u00e1stan szakvizsga k\u00f6vetelm\u00e9nyrendszer\u00e9be tartoz\u00f3 arc\u00edv \u00e9s az egy\u00e9ni \u00e9rt\u00e9k\u0171 artikul\u00e1torok haszn\u00e1lat\u00e1val. \u00c1ttekintj\u00fck a centr\u00e1lis rel\u00e1ci\u00f3s helyzet meghat\u00e1roz\u00e1s\u00e1nak lehets\u00e9ges m\u00f3djait, majd a gyakorlatban is bemutatjuk a t\u00e1maszt\u00f3csapos regisztr\u00e1ci\u00f3 menet\u00e9t. A k\u00e9pz\u00e9s z\u00e1r\u00e1sak\u00e9nt a TMD hat\u00e1rter\u00fcleteir\u0151l hallhatnak el\u0151ad\u00e1st a r\u00e9sztvev\u0151k.<\/p>\n<p><strong>2.<\/strong> <a href=\"https:\/\/semmelweis.hu\/fogpotlastan\/munkatarsak-terv\/schmidt-peter\/\"><strong>Dr. Schmidt P\u00e9ter<\/strong><\/a><strong> \u2013 <a href=\"https:\/\/semmelweis.hu\/fogpotlastan\/kepzesek\/gnatologia-ii-direkt-sinkeszites-hands-on-kurzus\/\">Gnatol\u00f3gia II.<\/a> &#8211; Direkt si\u0301nke\u0301szi\u0301te\u0301s hands-on kurzus<br \/>\n<\/strong>2026. m\u00e1rcius 20.<\/p>\n<p>A hands-on kurzuson elm\u00e9leti felk\u00e9sz\u00edt\u00e9s ut\u00e1n a r\u00e9sztvev\u0151k egym\u00e1snak k\u00e9sz\u00edtenek direkt m\u00f3dszerrel Michigan s\u00edneket. A k\u00e9pz\u00e9s rendk\u00edv\u00fcli n\u00e9pszer\u0171s\u00e9g\u00e9t a maxim\u00e1lisan gyakorlatias szeml\u00e9let \u00e9s megval\u00f3s\u00edt\u00e1s adja, melynek sor\u00e1n nagy tapasztalat\u00fa koll\u00e9g\u00e1ink v\u00e9gig a r\u00e9sztvev\u0151ket instru\u00e1lva, a buktat\u00f3kat kiemelve k\u00e9sz\u00edtik fel a koll\u00e9g\u00e1kat a k\u00e9s\u0151bbi \u00f6n\u00e1ll\u00f3 munk\u00e1ra.<\/p>\n<p>&nbsp;<\/p>\n<p><strong>OFTEX-akkredit\u00e1lt <em>Fogp\u00f3tl\u00e1stan Halad\u00f3knak<\/em> kurzusok 2025-ben is!<\/strong><\/p>\n<p>Kedves Koll\u00e9g\u00e1k!<\/p>\n<p>Szeretettel v\u00e1rjuk \u00d6n\u00f6ket 2025-ben is 11 alkalmas <em>Fogp\u00f3tl\u00e1stan Halad\u00f3knak<\/em> k\u00e9pz\u00e9s sorozatunkra, melynek sor\u00e1n a fogp\u00f3tl\u00e1stan egy-egy kih\u00edv\u00e1st jelent\u0151 ter\u00fclet\u00e9t tekinthetik \u00e1t, a t\u00e9m\u00e1ban j\u00e1ratos egyetemi oktat\u00f3k vezet\u00e9s\u00e9vel.<br \/>\n<strong>A kurzusokra egyes\u00e9vel is lehet jelentkezni, minden alkalom akkredit\u00e1lt!<\/strong><br \/>\nJelentkezni az OFTEX rendszer\u00e9n kereszt\u00fcl lehets\u00e9ges, a kurzusok a lenti t\u00e1bl\u00e1zatban megadott k\u00f3dokkal tal\u00e1lhat\u00f3k meg.<\/p>\n<p><a href=\"https:\/\/semmelweis.hu\/fogpotlastan\/files\/2025\/03\/tablazat_uj-scaled.jpg\"><img loading=\"lazy\" decoding=\"async\" class=\"alignnone  wp-image-9487\" src=\"https:\/\/semmelweis.hu\/fogpotlastan\/files\/2025\/03\/tablazat_uj-400x319.jpg\" alt=\"\" width=\"611\" height=\"487\" srcset=\"https:\/\/semmelweis.hu\/fogpotlastan\/files\/2025\/03\/tablazat_uj-400x319.jpg 400w, https:\/\/semmelweis.hu\/fogpotlastan\/files\/2025\/03\/tablazat_uj-1024x817.jpg 1024w, https:\/\/semmelweis.hu\/fogpotlastan\/files\/2025\/03\/tablazat_uj-768x613.jpg 768w, https:\/\/semmelweis.hu\/fogpotlastan\/files\/2025\/03\/tablazat_uj-1536x1226.jpg 1536w, https:\/\/semmelweis.hu\/fogpotlastan\/files\/2025\/03\/tablazat_uj-2048x1634.jpg 2048w, https:\/\/semmelweis.hu\/fogpotlastan\/files\/2025\/03\/tablazat_uj-753x601.jpg 753w\" sizes=\"auto, (max-width: 611px) 100vw, 611px\" \/><\/a><\/p>\n<p>A k\u00e9pz\u00e9sekre p\u00e9ntek d\u00e9lut\u00e1nonk\u00e9nt \u00e9s\/vagy szombaton ker\u00fcl sor, \u00e9s minden esetben egy elm\u00e9leti \u00e9s egy gyakorlati r\u00e9szb\u0151l \u00e1llnak.<\/p>\n<p><strong>Kinek sz\u00f3lnak kurzusaink?<\/strong><\/p>\n<p>A kurzusokat minden olyan fogorvos koll\u00e9g\u00e1nknak aj\u00e1nljuk, akik szeretn\u00e9nek megismerkedni a protetik\u00e1ban alkalmazott leg\u00fajabb m\u00f3dszerekkel, anyagokkal \u00e9s technol\u00f3gi\u00e1kkal. Mivel manaps\u00e1g a fogorvosl\u00e1s egyes ter\u00fcletei szorosan kapcsol\u00f3dnak egym\u00e1shoz, ez\u00e9rt a kurzus ide\u00e1lis m\u00e1s szakter\u00fcleteken dolgoz\u00f3knak is, hogy betekint\u00e9st nyerhessenek a fogp\u00f3tl\u00e1stan legmodernebb eszk\u00f6zt\u00e1r\u00e1ba.<br \/>\nA k\u00e9pz\u00e9s ezen k\u00edv\u00fcl hasznos tud\u00e1st \u00e9s t\u00e1mpontot ny\u00fajt azoknak is, akik fogp\u00f3tl\u00e1stan szakvizsga megszerz\u00e9s\u00e9n gondolkodnak.<\/p>\n<p><strong>Helysz\u00edn<\/strong><br \/>\nSemmelweis Egyetem Fogp\u00f3tl\u00e1stani Klinika<br \/>\n1088 Budapest, Szentkir\u00e1lyi utca 47.<\/p>\n<p><strong>Jelentkez\u00e9s<\/strong><br \/>\nJelentkezni az OFTEX rendszer\u00e9n kereszt\u00fcl lehet.<br \/>\nAz egyes kurzusalkalmak a t\u00e1bl\u00e1zatban felt\u00fcntetett k\u00f3dokkal tal\u00e1lhat\u00f3k meg a rendszerben.<\/p>\n<p><strong>A kurzus r\u00e9szletes tematik\u00e1ja<\/strong><\/p>\n<p><strong>1<\/strong>. <a href=\"https:\/\/semmelweis.hu\/fogpotlastan\/munkatarsak-terv\/konig-janos\/\"><strong>Dr. K\u00f6nig J\u00e1nos<\/strong><\/a><strong> \u2013 Fogp\u00f3tl\u00e1stan I. &#8211; Teljes fogsor ke\u0301szi\u0301te\u0301se a XXI. sza\u0301zadban\u00a0<br \/>\n<\/strong>2025. janu\u00e1r 24.<\/p>\n<p>A \u201eFogp\u00f3tl\u00e1stan Halad\u00f3knak\u201c program ablakot nyit a fogp\u00f3tl\u00e1stan olyan ter\u00fcleteire, amelyre a gradu\u00e1lis k\u00e9pz\u00e9s sor\u00e1n nem ker\u00fclhetett a f\u00f3kusz. Jelen kurzus mindazoknak sz\u00f3l, akik azonnal hasznos\u00edthat\u00f3 seg\u00edts\u00e9get szeretn\u00e9nek kapni teljes lemezes fogp\u00f3tl\u00e1sok k\u00e9sz\u00edt\u00e9se ter\u00e9n.<\/p>\n<p><strong><br \/>\n2. <\/strong><a href=\"https:\/\/semmelweis.hu\/fogpotlastan\/munkatarsak-terv\/jasz-mate\/\"><strong>Dr. J\u00e1sz M\u00e1t\u00e9<\/strong><\/a><strong> \u2013 Mit\u0151l lesz J\u00d3 az el\u0151ad\u00e1som?<br \/>\n<\/strong>2025. janu\u00e1r 31.<\/p>\n<p>Fog\u00e1szati munk\u00e1nkat, klinik\u00e1nkat \u00e9s az \u00e1ltalunk l\u00e9trehozott \u00e9rt\u00e9keket a leghitelesebben szem\u00e9lyesen tudjuk bemutatni. Legyen sz\u00f3 tudom\u00e1nyos el\u0151ad\u00e1sr\u00f3l, tov\u00e1bbk\u00e9pz\u00e9sr\u0151l vagy marketingr\u0151l, semmi sem p\u00f3tolja azt a hiteless\u00e9get, amit a szem\u00e9lyes jelenl\u00e9t biztos\u00edt. De mit\u0151l lesz igaz\u00e1n mag\u00e1val ragad\u00f3, hiteles \u00e9s meggy\u0151z\u0151 az el\u0151ad\u00e1sunk? Keress\u00fck meg egy\u00fctt a v\u00e1laszt!<\/p>\n<p>C\u00c9LJAINK:<\/p>\n<p>Az alapvet\u0151 prezent\u00e1ci\u00f3s k\u00e9szs\u00e9gek elsaj\u00e1t\u00edt\u00e1sa, a prezent\u00e1ci\u00f3 megtervez\u00e9s\u00e9t\u0151l a haszn\u00e1land\u00f3 seg\u00e9deszk\u00f6z\u00f6k kiv\u00e1laszt\u00e1s\u00e1ig \u00e9s a p\u00f3diumon val\u00f3 viselked\u00e9sig. Akt\u00edv r\u00e9szv\u00e9telt v\u00e1rok a k\u00f6z\u00f6ns\u00e9gt\u0151l.<\/p>\n<p>Magabiztosabb el\u0151ad\u00e1s, c\u00e9lzottabb prezent\u00e1ci\u00f3 tervez\u00e9s \u00e9s el\u0151ad\u00e1sm\u00f3d kialak\u00edt\u00e1sa.<\/p>\n<p>F\u0150 T\u00c9M\u00c1K:<\/p>\n<ul>\n<li>Mit\u0151l lesz egy j\u00f3 prezent\u00e1ci\u00f3?<\/li>\n<li>A prezent\u00e1ci\u00f3 el\u0151k\u00e9sz\u00edt\u00e9se \u00e9s megtervez\u00e9se<\/li>\n<li>A r\u00e9szletek kidolgoz\u00e1sa &#8211; mit\u0151l lesz eml\u00e9kezetes a prezent\u00e1ci\u00f3m?<\/li>\n<li>Prezent\u00e1ci\u00f3: az el\u0151ad\u00f3 szem\u00e9lyis\u00e9ge, megjelen\u00e9se, mozdulatai, gesztusai, \u00f6lt\u00f6zk\u00f6d\u00e9se<\/li>\n<li>A prezent\u00e1ci\u00f3 illusztr\u00e1l\u00e1sa, vizualiz\u00e1l\u00e1sa<\/li>\n<li>El\u0151ad\u00e1s a Powerpoint, a Prezi \u00e9s m\u00e1s eszk\u00f6z\u00f6k haszn\u00e1lat\u00e1val<\/li>\n<li>Mindenki bemutatja a saj\u00e1t maga \u00e1ltal hozott \u00e9s elk\u00e9sz\u00edtett prezent\u00e1ci\u00f3t.<\/li>\n<\/ul>\n<p><strong>3.<\/strong> <a href=\"https:\/\/semmelweis.hu\/fogpotlastan\/munkatarsak-terv\/schmidt-peter\/\"><strong>Dr. Schmidt P\u00e9ter<\/strong><\/a><strong> \u2013 Gnatol\u00f3gia I. &#8211; Arci\u0301v, egye\u0301ni e\u0301rte\u0301ku\u030b artikula\u0301tor, ta\u0301maszto\u0301csapos regisztra\u0301cio\u0301 elme\u0301letben e\u0301s gyakorlatban<br \/>\n<\/strong>2025. m\u00e1rcius 7.<\/p>\n<p>Az egy d\u00e9lut\u00e1nt fel\u00f6lel\u0151 kurzuson a r\u00e9sztvev\u0151k elm\u00e9leti felk\u00e9sz\u00edt\u00e9s ut\u00e1n a gyakorlatban is megismerkedhetnek a fogp\u00f3tl\u00e1stan szakvizsga k\u00f6vetelm\u00e9nyrendszer\u00e9be tartoz\u00f3 arc\u00edv \u00e9s az egy\u00e9ni \u00e9rt\u00e9k\u0171 artikul\u00e1torok haszn\u00e1lat\u00e1val. \u00c1ttekintj\u00fck a centr\u00e1lis rel\u00e1ci\u00f3s helyzet meghat\u00e1roz\u00e1s\u00e1nak lehets\u00e9ges m\u00f3djait, majd a gyakorlatban is bemutatjuk a t\u00e1maszt\u00f3csapos regisztr\u00e1ci\u00f3 menet\u00e9t. A k\u00e9pz\u00e9s z\u00e1r\u00e1sak\u00e9nt a TMD hat\u00e1rter\u00fcleteir\u0151l hallhatnak el\u0151ad\u00e1st a r\u00e9sztvev\u0151k.<\/p>\n<p><strong>4.<\/strong> <a href=\"https:\/\/semmelweis.hu\/fogpotlastan\/munkatarsak-terv\/schmidt-peter\/\"><strong>Dr. Schmidt P\u00e9ter<\/strong><\/a><strong> \u2013 Gnatol\u00f3gia II. &#8211; Direkt si\u0301nke\u0301szi\u0301te\u0301s hands-on kurzus<br \/>\n<\/strong>2025. m\u00e1rcius 21.<\/p>\n<p>A hands-on kurzuson elm\u00e9leti felk\u00e9sz\u00edt\u00e9s ut\u00e1n a r\u00e9sztvev\u0151k egym\u00e1snak k\u00e9sz\u00edtenek direkt m\u00f3dszerrel Michigan s\u00edneket. A k\u00e9pz\u00e9s rendk\u00edv\u00fcli n\u00e9pszer\u0171s\u00e9g\u00e9t a maxim\u00e1lisan gyakorlatias szeml\u00e9let \u00e9s megval\u00f3s\u00edt\u00e1s adja, melynek sor\u00e1n nagy tapasztalat\u00fa koll\u00e9g\u00e1ink v\u00e9gig a r\u00e9sztvev\u0151ket instru\u00e1lva, a buktat\u00f3kat kiemelve k\u00e9sz\u00edtik fel a koll\u00e9g\u00e1kat a k\u00e9s\u0151bbi \u00f6n\u00e1ll\u00f3 munk\u00e1ra.<\/p>\n<p><strong>5. <\/strong><a href=\"https:\/\/semmelweis.hu\/fogpotlastan\/munkatarsak-terv\/berze-ildiko\/\"><strong>Dr. Berze Ildik\u00f3<\/strong><\/a><strong> \u2013 Fogp\u00f3tl\u00e1stan II. &#8211; Abszolu\u0301t izola\u0301la\u0301s a fogpo\u0301tla\u0301stani gyakorlatban, csonkkiege\u0301szi\u0301te\u0301s u\u0308vegsza\u0301las csappal<br \/>\n<\/strong>2025. m\u00e1rcius 28.<\/p>\n<p>Az egynapos kurzus alatt sorra vessz\u00fck a kofferdam izol\u00e1l\u00e1s kih\u00edv\u00e1sait, konkr\u00e9t klinikai szitu\u00e1ci\u00f3kon kereszt\u00fcl besz\u00e9lj\u00fck meg a megold\u00e1sokat. K\u00fcl\u00f6n szekci\u00f3ban foglalkozunk az \u00fcvegsz\u00e1las csappal t\u00f6rt\u00e9n\u0151 csonkkieg\u00e9sz\u00edt\u00e9ssel, elm\u00e9leti \u00e9s gyakorlati vonatkoz\u00e1sban egyar\u00e1nt. Legyen sz\u00f3 prepar\u00e1lt fogak, nyaki kavit\u00e1sok, vagy \u00e9ppen torl\u00f3dott fogazat abszol\u00fat izol\u00e1l\u00e1s\u00e1r\u00f3l, a nap v\u00e9g\u00e9re a r\u00e9sztvev\u0151k sz\u00e1m\u00e1ra egyik sem jelent majd akad\u00e1lyt.<\/p>\n<p><strong>6.<\/strong> <a href=\"https:\/\/semmelweis.hu\/fogpotlastan\/munkatarsak-terv\/jasz-mate\/\"><strong>Dr. J\u00e1sz M\u00e1t\u00e9 <\/strong><\/a><strong>\u2013 Fogp\u00f3tl\u00e1stan III. &#8211; Fogpo\u0301tla\u0301sok ke\u0301szi\u0301te\u0301se lenyomatve\u0301telto\u030bl a cementeze\u0301sig<br \/>\n<\/strong>2025. \u00e1prilis 4.<\/p>\n<p>Fogp\u00f3tl\u00e1sok k\u00e9sz\u00edt\u00e9sekor az egyik legkritikusabb munkafolyamat a lenyomatv\u00e9tel. A fogtechnikusnak \u00e1tadott lenyomat nem csak egy n\u00e9lk\u00fcl\u00f6zhetetlen\u00fcl fontos inform\u00e1ci\u00f3halmaz, de egyben a fogorvos n\u00e9vjegye is.<br \/>\nMit tegy\u00fcnk, hogy ez a n\u00e9vjegy a lehet\u0151 legjobb k\u00e9pet mutassa r\u00f3lunk?<br \/>\nHa pedig a lenyomatv\u00e9telen sikeresen t\u00faljutottunk \u00e9s a fogtechnikus is t\u00f6k\u00e9letesen v\u00e9gezte a munk\u00e1j\u00e1t, m\u00e9g mindig mindent elronthatunk az utols\u00f3 l\u00e9p\u00e9s sor\u00e1n, a cementez\u00e9ssel.<br \/>\nMit, mivel \u00e9s hogyan \u00e9rdemes becementezni, hogy a p\u00f3tl\u00e1sok eszt\u00e9tik\u00e1ja \u00e9s funkci\u00f3ja t\u00edz \u00e9v m\u00falva is megfelel\u0151 legyen?<br \/>\nEzekre a k\u00e9rd\u00e9sekre keress\u00fck a v\u00e1laszokat.<\/p>\n<p><strong>7.<\/strong> <a href=\"https:\/\/semmelweis.hu\/fogpotlastan\/munkatarsak-terv\/mikulas-krisztina\/\"><strong>Dr. Mikul\u00e1s Krisztina<\/strong><\/a><strong> \u2013 Modern szeml\u00e9let az implant\u00e1ci\u00f3s protetik\u00e1ban: hagyom\u00e1nyos vs digit\u00e1lis m\u00f3dszerek<br \/>\n<\/strong>2025. \u00e1prilis 11-12.<\/p>\n<p>Tov\u00e1bbi el\u0151ad\u00f3k: Dr. Kisp\u00e9lyi Barbara, Dr. Schmidt P\u00e9ter, Dr. J\u00e1sz M\u00e1t\u00e9, Dr. D\u00e9ri Tam\u00e1s, Dr. Vecsei B\u00e1lint, Dr. Nagy Zsanett, Dr. Jo\u00f3s-Kov\u00e1cs Gell\u00e9rt, Dr. K\u00f6nig J\u00e1nos, Dr. Tak\u00e1cs Em\u0151ke, Dr. Tajti P\u00e9ter<\/p>\n<p>A term\u00e9szeth\u0171, eszt\u00e9tikus \u00e9s hossz\u00fa t\u00e1von is sikeres implant\u00e1ci\u00f3s fogp\u00f3tl\u00e1sok k\u00e9sz\u00edt\u00e9se nagy kih\u00edv\u00e1s napjainkban. Alapvet\u0151 felt\u00e9tele a periimplant\u00e1ris kem\u00e9ny- \u00e9s l\u00e1gysz\u00f6vetek \u00e9ps\u00e9g\u00e9nek meg\u0151rz\u00e9se, a protetikai szeml\u00e9let\u0171 implant\u00e1tum poz\u00edci\u00f3 \u00e9s restaur\u00e1tum tervez\u00e9se (implant\u00e1tumfej 3D kialak\u00edt\u00e1sa, implant\u00e1tum \u2013 implant\u00e1tum fej illeszked\u00e9se), az anyagv\u00e1laszt\u00e1s \u00e9s a megfelel\u0151 munkafolyamat kiv\u00e1laszt\u00e1sa.<br \/>\nTov\u00e1bbk\u00e9pz\u0151 kurzusunk a digit\u00e1lis tervez\u00e9st, a gnatol\u00f3giai szempontokat, a CBCT alapismereteket, az implant\u00e1ci\u00f3s lenyomatv\u00e9teli elj\u00e1r\u00e1sokat, az individualiz\u00e1lt implant\u00e1tumfej-restaur\u00e1tum komplex kialak\u00edt\u00e1si szempontjait, a digit\u00e1lis workflow-t \u00e9s az anyagtani szempontokat mutatja be, sz\u00e1mos hands-on seg\u00edts\u00e9g\u00e9vel.<\/p>\n<p>A kurzust eszk\u00f6z\u00f6kkel a Straumann Group t\u00e1mogatja.<\/p>\n<p>A kurzus programja:<br \/>\n\u25cf Protetikai szeml\u00e9let\u0171 implant\u00e1tum poz\u00edci\u00f3 tervez\u00e9s \u2013 Dr. Kisp\u00e9lyi Barbara <br \/>\n\u25cf Arc\u00edv \u00e9s egy\u00e9ni \u00e9rt\u00e9k\u0171 artikul\u00e1tor haszn\u00e1lata az implant\u00e1ci\u00f3s protetik\u00e1ban. Digit\u00e1lis mozg\u00e1selemz\u00e9s. \u2013 Dr. Schmidt P\u00e9ter<br \/>\n\u25cf \u00c1llkapocs\u00edz\u00fcleti helyzetek, CR meghat\u00e1roz\u00e1s m\u00f3dszerei \u2013 Dr. J\u00e1sz M\u00e1t\u00e9<br \/>\n\u25cf Anal\u00f3g vs digit\u00e1lis workflow az implant\u00e1ci\u00f3s protetik\u00e1ban- Dr. Mikul\u00e1s Krisztina<br \/>\n\u25cf CBCT alapismeretek \u2013 Dr. Vecsei B\u00e1lint<br \/>\n\u25cf Backward planning \u2013 Dr. Mikul\u00e1s Krisztina<br \/>\n\u25cf Navig\u00e1ci\u00f3s sablon tervez\u00e9se \u2013 Dr. Tajti P\u00e9ter<br \/>\n\u25cf Implantprotetikai lenyomatv\u00e9teli elj\u00e1r\u00e1sok nagy kiterjed\u00e9s\u0171 implant\u00e1ci\u00f3s fogp\u00f3tl\u00e1sokn\u00e1l \u2013 Dr. D\u00e9ri Tam\u00e1s, Dr. K\u00f6nig J\u00e1nos<br \/>\n\u25cf Protetikai l\u00e1gyr\u00e9sz-menedzsment \u00e9s az individualiz\u00e1lt restaur\u00e1tum \u2013 Dr. Mikul\u00e1s Krisztina<br \/>\n\u25cf Egyedi vs gy\u00e1ri fejek? Csavarozott vs cementezett? \u2013 Dr. Mikul\u00e1s Krisztina<br \/>\n\u25cf Anyagtani szempontok \u2013 Dr. Tajti P\u00e9ter<br \/>\n\u25cf Szupport\u00edv ter\u00e1pia \u2013 Dr. Mikul\u00e1s Krisztina<br \/>\n\u25cf Terhel\u00e9si lehet\u0151s\u00e9gek, Ideiglenes implant\u00e1tum elhorgonyz\u00e1s\u00fa restaur\u00e1tumok tervez\u00e9s\u00e9nek aspektusai \u2013 Dr. Mikul\u00e1s Krisztina<br \/>\n\u25cf Radiol\u00f3giai ki\u00e9rt\u00e9kel\u00e9s \u00e9s a tervez\u00e9s szempontjai az implant\u00e1ci\u00f3s protetik\u00e1ban, parodont\u00e1lisan k\u00e1rosodott fogak eset\u00e9n \u2013 Dr. Mikul\u00e1s Krisztina<br \/>\n\u25cf Emergencia profil form\u00e1l\u00e1s lehet\u0151s\u00e9gei \u2013 Dr. Mikul\u00e1s Krisztina, Dr. Tak\u00e1cs Em\u0151ke<br \/>\n\u25cf Az emergencia profil \u00e1tm\u00e1sol\u00e1s\u00e1nak lehet\u0151s\u00e9gei (individualiz\u00e1lt hagyom\u00e1nyos m\u00f3dszer) \u2013 Dr. Nagy Zsanett, Dr. D\u00e9ri Tam\u00e1s, Dr. Mikul\u00e1s Krisztina<br \/>\n\u25cf Az intraor\u00e1lis szkennel\u00e9s gyakorlata az implant\u00e1ci\u00f3s protetik\u00e1ban \u2013 Dr. Jo\u00f3s-Kov\u00e1cs Gell\u00e9rt<br \/>\n\u25cf Implant\u00e1tum szint\u0171 restaur\u00e1tum digit\u00e1lis tervez\u00e9se \u2013 sz\u00f3l\u00f3 monolitikus restaur\u00e1tum eset\u00e9ben \u2013 Dr. Jo\u00f3s-Kov\u00e1cs Gell\u00e9rt, Dr. Mikul\u00e1s Krisztina<\/p>\n<p><strong>8.<\/strong> <a href=\"https:\/\/semmelweis.hu\/fogpotlastan\/munkatarsak-terv\/kormendi-szandra\/\"><strong>Dr. K\u00f6rmendi Szandra<\/strong><\/a><strong> \u2013 Fogp\u00f3tl\u00e1stan IV. &#8211; Re\u0301szleges lemezes fogpo\u0301tla\u0301sok, elhorgonyza\u0301si eszko\u0308zo\u0308k, anyagok<br \/>\n<\/strong>2025. \u00e1prilis 25.<\/p>\n<p>Kurzusunkon a r\u00e9szleges lemezes fogp\u00f3tl\u00e1sok t\u00e9mak\u00f6r\u00e9vel foglalkozunk, annak ritk\u00e1n t\u00e1rgyalt r\u00e9szleteit is elemezve, valamint az implant\u00e1ci\u00f3s protetika \u00e9s epit\u00e9zisek t\u00e9mak\u00f6r\u00e9t is k\u00f6rbej\u00e1rjuk a t\u00e9ma szempontj\u00e1b\u00f3l.<\/p>\n<p>\n<strong>9.<\/strong> <a href=\"https:\/\/semmelweis.hu\/fogpotlastan\/munkatarsak-terv\/joos-kovacs-gellert\/\"><strong>Dr. Jo\u00f3s-Kov\u00e1cs Gell\u00e9rt<\/strong><\/a><strong> \u2013 Digit\u00e1lis fog\u00e1szat II. &#8211; CEREC chairside rendszer (szkennele\u0301s, terveze\u0301s, mara\u0301s, egyediesi\u0301te\u0301s)<br \/>\n<\/strong>2025. m\u00e1jus 9.<\/p>\n<p>Tov\u00e1bbi el\u0151ad\u00f3k: Dr. Vitai Vikt\u00f3ria<\/p>\n<p>Eszt\u00e9tikusat, azonnal, lehet\u0151leg ingyen. A p\u00e1ciensek egy jelent\u0151s r\u00e9sze ezen k\u00edv\u00e1ns\u00e1gok ment\u00e9n szokta megfogalmazni a k\u00e9r\u00e9seit. A kurzuson lehet\u0151s\u00e9g ny\u00edlik megismerni egy olyan m\u00f3dszer elemeit, amellyel a p\u00e1ciens-orvos tal\u00e1lkoz\u00e1sok sz\u00e1m\u00e1t egyre lehet cs\u00f6kkenteni (angolul same-day dentistry, egynapos fog\u00e1szat) \u00fagy, hogy k\u00f6zben magas min\u0151s\u00e9g\u0171 fogp\u00f3tl\u00e1st tudunk k\u00e9sz\u00edteni.<\/p>\n<p>A kurzus programja:<br \/>\n\u25cf Chairside CAD\/CAM koncepci\u00f3 \u2013 Dr. Vitai Vikt\u00f3ria<br \/>\n\u25cf Szkennerek, sz\u00e9k melletti CAD\/CAM rendszerek \u2013 Dr. Vitai Vikt\u00f3ria<br \/>\n\u25cf Felhaszn\u00e1lhat\u00f3 anyagok \u2013 Dr. Jo\u00f3s-Kov\u00e1cs Gell\u00e9rt Levente<br \/>\n\u25cf Primescan szkenner haszn\u00e1lata \u2013 Dr. Jo\u00f3s-Kov\u00e1cs Gell\u00e9rt Levente<br \/>\n\u25cf Tervez\u00e9s CEREC-kel \u2013 Dr. Jo\u00f3s-Kov\u00e1cs Gell\u00e9rt Levente<br \/>\n\u25cf Fogp\u00f3tl\u00e1s gy\u00e1rt\u00e1sa, v\u00e9gleges\u00edt\u00e9se, egyedies\u00edt\u00e9se \u2013 Dr. Jo\u00f3s-Kov\u00e1cs Gell\u00e9rt Levente<\/p>\n<p>\n<a href=\"https:\/\/semmelweis.hu\/fogpotlastan\/munkatarsak-terv\/borbely-judit\/\"><strong>10. Dr. Borb\u00e9ly Judit<\/strong><\/a><strong> \u2013 <a href=\"https:\/\/semmelweis.hu\/fogpotlastan\/kepzesek\/9539-2\/\">Digit\u00e1lis fog\u00e1szat I. &#8211; Digita\u0301lisan megero\u030bsi\u0301tett eszte\u0301tikai foga\u0301szat<\/a><br \/>\n<\/strong>2025. m\u00e1jus 29-30.<\/p>\n<p>El\u0151ad\u00f3k: Dr. Borb\u00e9ly Judit, Dr. \u00c1br\u00e1m Emese, Dr. Sal\u00e1ta J\u00f3zsef, K\u00f3nya J\u00e1nos fogtechnikus mester<\/p>\n<p>Nem titok, hogy az eszt\u00e9tikai fog\u00e1szatban a legnagyobb kih\u00edv\u00e1st a kisz\u00e1m\u00edthat\u00f3 eredm\u00e9ny jelenti.<\/p>\n<p>Saj\u00e1t\u00edtsa el a mosolytervez\u00e9s legkorszer\u0171bb technol\u00f3gi\u00e1it akkredit\u00e1lt kurzusunkon:<br \/>\n\u25cf Arceszt\u00e9tika, mosolytervez\u00e9s<br \/>\n\u25cf Mosolytervez\u00e9s a digit\u00e1lis fog\u00e1szati tervez\u0151 n\u00e9z\u0151pontj\u00e1b\u00f3l<br \/>\n\u25cf Megb\u00edzhat\u00f3 fogsz\u00edn-meghat\u00e1roz\u00e1si m\u00f3dszerek<br \/>\n\u00a0 \u00a0 Korszer\u0171 eszt\u00e9tikus anyagok<br \/>\n\u25cf Flow composite injection technique<strong><\/p>\n<p><\/strong><\/p>\n<p><strong>11.<\/strong> <a href=\"https:\/\/semmelweis.hu\/fogpotlastan\/munkatarsak-terv\/borbely-judit\/\"><strong>Dr. Borb\u00e9ly Judit<\/strong><\/a><strong> \u2013 <a href=\"https:\/\/semmelweis.hu\/fogpotlastan\/digitalis-fogaszat-iii-intraoralis-szkenneles-elmelete-es-gyakorlata\/\">Digit\u00e1lis fog\u00e1szat III. &#8211; Intraoralis szkennele\u0301s elme\u0301lete e\u0301s gyakorlata<\/a><br \/>\n<\/strong>2025. j\u00fanius 5.<\/p>\n<p>El\u0151ad\u00f3k: Dr. Borb\u00e9ly Judit, Dr. Vitai Vikt\u00f3ria, Dr. Schmalzl Judit, Dr. P\u00e1l Adrienn, Dr. Vecsei B\u00e1lint<\/p>\n<p>A kurzus c\u00e9lja az intraor\u00e1lis szkennerek klinikai \u00e9s laborat\u00f3riumi digit\u00e1lis munkafolyamatokban bet\u00f6lt\u00f6tt szerep\u00e9t ismertetni \u00e9s bemutatni, hogy miben m\u00e1s a digit\u00e1lis \u00fatvonal, mint a hagyom\u00e1nyos elj\u00e1r\u00e1sok. Gyakorlatorient\u00e1lt kurzusunkon a r\u00e9sztvev\u0151knek alkalma lesz k\u00fcl\u00f6nb\u00f6z\u0151 szkennereket kipr\u00f3b\u00e1lni, megtanulni a pontos digit\u00e1lis lenyomatv\u00e9tel alapelveit, a hat\u00e9kony szken-strat\u00e9gi\u00e1kat, kvadr\u00e1ns \u00e9s teljes fog\u00edv szkenek k\u00e9sz\u00edt\u00e9s\u00e9nek l\u00e9p\u00e9seit, valamint a lenyomatv\u00e9tel mellett a szkennerek hasznos kieg\u00e9sz\u00edt\u0151 funkci\u00f3it. Bemutatjuk a Fogp\u00f3tl\u00e1stani Klinika hazai piacon el\u00e9rhet\u0151 intraor\u00e1lis szkennereket \u00f6sszehasonl\u00edt\u00f3 vizsg\u00e1lat\u00e1t, ezzel \u00fatmutat\u00e1st ny\u00fajtunk a szkennerek k\u00f6zti eligazod\u00e1shoz. Az intraor\u00e1lis szkennerek pontoss\u00e1g\u00e1nak tudom\u00e1nyos vizsg\u00e1latai sor\u00e1n szerzett tapasztalatainkat a mindennapos gyakorlatban hasznos tan\u00e1csokk\u00e9nt prezent\u00e1ljuk.<\/p>\n<p>A kurzust eszk\u00f6z\u00f6kkel a Dental-Trade Kft. t\u00e1mogatja.<\/p>\n<p>A kurzus programja sor\u00e1n c\u00e9lunk a r\u00e9sztvev\u0151kkel megismertetni: <br \/>\n\u25cf a szkennerek digit\u00e1lis munkafolyamatokban bet\u00f6lt\u00f6tt szerep\u00e9t.<br \/>\n\u25cf a digit\u00e1lis lenyomatv\u00e9tel el\u0151nyeit.<br \/>\n\u25cf a Fogp\u00f3tl\u00e1stani Klinika hazai piacon el\u00e9rhet\u0151 szkennereket \u00f6sszehasonl\u00edt\u00f3 weboldal\u00e1nak haszn\u00e1lat\u00e1t a praxishoz legjobban ill\u0151 szkenner kiv\u00e1laszt\u00e1s\u00e1hoz.<br \/>\n\u25cf az intraor\u00e1lis szkennerek pontoss\u00e1g\u00e1t \u00e9rt\u00e9kel\u0151 vizsg\u00e1lataink eredm\u00e9nyeinek klinikai gyakorlati haszn\u00e1t.<br \/>\n\u25cf a szkennel\u00e9s l\u00e9p\u00e9seit Trios \u00e9s Medit intraor\u00e1lis szkennerekkel.<br \/>\n\u25cf a pontos digit\u00e1lis lenyomatv\u00e9telhez sz\u00fcks\u00e9ges szken-strat\u00e9gi\u00e1kat \u00e9s klinikai \u00fatmutat\u00e1sokat.<\/p>\n<p><strong>Tov\u00e1bbi k\u00e9rd\u00e9seikkel a <\/strong><a href=\"mailto:brull.zsofia@semmelweispremium.hu\"><strong>brull.zsofia@semmelweispremium.hu<\/strong><\/a><strong> email c\u00edmen kereshetnek minket.<\/strong><\/p>\n<p>\u00dcdv\u00f6zlettel: a Fogp\u00f3tl\u00e1stani Klinika oktat\u00f3i<\/p>\n","protected":false},"excerpt":{"rendered":"<p>OFTEX-akkredit\u00e1lt Fogp\u00f3tl\u00e1stan Halad\u00f3knak kurzusok 2026-ban is! 1. <a href=\"https:\/\/semmelweis.hu\/fogpotlastan\/munkatarsak-terv\/schmidt-peter\/\">Dr. Schmidt P\u00e9ter<\/a> \u2013 <a href=\"https:\/\/semmelweis.hu\/fogpotlastan\/kepzesek\/gnatologia-i-arciv-egyeni-erteku-artikulator-tamasztocsapos-regisztracio-elmeletben-es-gyakorlatban\/\">Gnatol\u00f3gia I.<\/a> &#8211; Arci\u0301v, egye\u0301ni e\u0301rte\u0301ku\u030b artikula\u0301tor, ta\u0301maszto\u0301csapos regisztra\u0301cio\u0301 elme\u0301letben e\u0301s gyakorlatban 2026. m\u00e1rcius 6. Az egy d\u00e9lut\u00e1nt fel\u00f6lel\u0151 kurzuson a r\u00e9sztvev\u0151k elm\u00e9leti felk\u00e9sz\u00edt\u00e9s ut\u00e1n a gyakorlatban is megismerkedhetnek a fogp\u00f3tl\u00e1stan szakvizsga k\u00f6vetelm\u00e9nyrendszer\u00e9be tartoz\u00f3 arc\u00edv \u00e9s az egy\u00e9ni \u00e9rt\u00e9k\u0171 artikul\u00e1torok haszn\u00e1lat\u00e1val. \u00c1ttekintj\u00fck a centr\u00e1lis rel\u00e1ci\u00f3s helyzet meghat\u00e1roz\u00e1s\u00e1nak lehets\u00e9ges m\u00f3djait, &hellip;<\/p>\n","protected":false},"author":101231,"featured_media":0,"parent":0,"menu_order":0,"comment_status":"closed","ping_status":"closed","template":"","meta":{"_acf_changed":false,"footnotes":""},"categories":[],"tags":[],"class_list":["post-7247","page","type-page","status-publish","hentry"],"acf":[],"_links":{"self":[{"href":"https:\/\/semmelweis.hu\/fogpotlastan\/wp-json\/wp\/v2\/pages\/7247","targetHints":{"allow":["GET"]}}],"collection":[{"href":"https:\/\/semmelweis.hu\/fogpotlastan\/wp-json\/wp\/v2\/pages"}],"about":[{"href":"https:\/\/semmelweis.hu\/fogpotlastan\/wp-json\/wp\/v2\/types\/page"}],"author":[{"embeddable":true,"href":"https:\/\/semmelweis.hu\/fogpotlastan\/wp-json\/wp\/v2\/users\/101231"}],"replies":[{"embeddable":true,"href":"https:\/\/semmelweis.hu\/fogpotlastan\/wp-json\/wp\/v2\/comments?post=7247"}],"version-history":[{"count":10,"href":"https:\/\/semmelweis.hu\/fogpotlastan\/wp-json\/wp\/v2\/pages\/7247\/revisions"}],"predecessor-version":[{"id":9905,"href":"https:\/\/semmelweis.hu\/fogpotlastan\/wp-json\/wp\/v2\/pages\/7247\/revisions\/9905"}],"wp:attachment":[{"href":"https:\/\/semmelweis.hu\/fogpotlastan\/wp-json\/wp\/v2\/media?parent=7247"}],"wp:term":[{"taxonomy":"category","embeddable":true,"href":"https:\/\/semmelweis.hu\/fogpotlastan\/wp-json\/wp\/v2\/categories?post=7247"},{"taxonomy":"post_tag","embeddable":true,"href":"https:\/\/semmelweis.hu\/fogpotlastan\/wp-json\/wp\/v2\/tags?post=7247"}],"curies":[{"name":"wp","href":"https:\/\/api.w.org\/{rel}","templated":true}]}}