{"id":7202,"date":"2021-05-04T13:27:48","date_gmt":"2021-05-04T11:27:48","guid":{"rendered":"https:\/\/semmelweis.hu\/fogpotlastan\/?page_id=7202"},"modified":"2022-01-26T14:20:57","modified_gmt":"2022-01-26T13:20:57","slug":"rizikopaciensek-ellatasa","status":"publish","type":"page","link":"https:\/\/semmelweis.hu\/fogpotlastan\/szakmai-anyagok\/rizikopaciensek-ellatasa\/","title":{"rendered":"Rizik\u00f3p\u00e1ciensek ell\u00e1t\u00e1sa"},"content":{"rendered":"","protected":false},"excerpt":{"rendered":"","protected":false},"author":101231,"featured_media":0,"parent":7200,"menu_order":0,"comment_status":"closed","ping_status":"closed","template":"","meta":{"_acf_changed":false,"footnotes":""},"categories":[],"tags":[],"class_list":["post-7202","page","type-page","status-publish","hentry"],"acf":[],"_links":{"self":[{"href":"https:\/\/semmelweis.hu\/fogpotlastan\/wp-json\/wp\/v2\/pages\/7202","targetHints":{"allow":["GET"]}}],"collection":[{"href":"https:\/\/semmelweis.hu\/fogpotlastan\/wp-json\/wp\/v2\/pages"}],"about":[{"href":"https:\/\/semmelweis.hu\/fogpotlastan\/wp-json\/wp\/v2\/types\/page"}],"author":[{"embeddable":true,"href":"https:\/\/semmelweis.hu\/fogpotlastan\/wp-json\/wp\/v2\/users\/101231"}],"replies":[{"embeddable":true,"href":"https:\/\/semmelweis.hu\/fogpotlastan\/wp-json\/wp\/v2\/comments?post=7202"}],"version-history":[{"count":3,"href":"https:\/\/semmelweis.hu\/fogpotlastan\/wp-json\/wp\/v2\/pages\/7202\/revisions"}],"predecessor-version":[{"id":7747,"href":"https:\/\/semmelweis.hu\/fogpotlastan\/wp-json\/wp\/v2\/pages\/7202\/revisions\/7747"}],"up":[{"embeddable":true,"href":"https:\/\/semmelweis.hu\/fogpotlastan\/wp-json\/wp\/v2\/pages\/7200"}],"wp:attachment":[{"href":"https:\/\/semmelweis.hu\/fogpotlastan\/wp-json\/wp\/v2\/media?parent=7202"}],"wp:term":[{"taxonomy":"category","embeddable":true,"href":"https:\/\/semmelweis.hu\/fogpotlastan\/wp-json\/wp\/v2\/categories?post=7202"},{"taxonomy":"post_tag","embeddable":true,"href":"https:\/\/semmelweis.hu\/fogpotlastan\/wp-json\/wp\/v2\/tags?post=7202"}],"curies":[{"name":"wp","href":"https:\/\/api.w.org\/{rel}","templated":true}]}}