{"id":7200,"date":"2021-05-04T12:57:29","date_gmt":"2021-05-04T10:57:29","guid":{"rendered":"https:\/\/semmelweis.hu\/fogpotlastan\/?page_id=7200"},"modified":"2022-02-02T08:16:37","modified_gmt":"2022-02-02T07:16:37","slug":"szakmai-anyagok","status":"publish","type":"page","link":"https:\/\/semmelweis.hu\/fogpotlastan\/szakmai-anyagok\/","title":{"rendered":"Szakmai anyagok"},"content":{"rendered":"<p><strong>Rizik\u00f3p\u00e1ciensek ell\u00e1t\u00e1sa:<\/strong><\/p>\n<p style=\"padding-left: 40px\"><a href=\"https:\/\/semmelweis.hu\/fogpotlastan\/files\/2021\/05\/Ve\u0301rze\u0301keny-1-oldal_JM0503.pdf\">V\u00e9ralvad\u00e1sg\u00e1tl\u00f3k \u00e9s fog\u00e1szati beavatkoz\u00e1sok<\/a><\/p>\n<p>&nbsp;<\/p>\n<p><strong>Gnatol\u00f3gia:<\/strong><\/p>\n<p style=\"padding-left: 40px\"><a href=\"https:\/\/kaltura.semmelweis.hu\/media\/t\/1_xyso3g0w\">Arc\u00edv felhelyez\u00e9s<\/a><\/p>\n<p style=\"padding-left: 40px\"><img loading=\"lazy\" decoding=\"async\" class=\"alignnone size-medium wp-image-7217\" src=\"https:\/\/semmelweis.hu\/fogpotlastan\/files\/2021\/05\/Arc\u00edv-felhelyez\u00e9s-400x260.jpeg\" alt=\"\" width=\"400\" height=\"260\" srcset=\"https:\/\/semmelweis.hu\/fogpotlastan\/files\/2021\/05\/Arc\u00edv-felhelyez\u00e9s-400x260.jpeg 400w, https:\/\/semmelweis.hu\/fogpotlastan\/files\/2021\/05\/Arc\u00edv-felhelyez\u00e9s-1024x665.jpeg 1024w, https:\/\/semmelweis.hu\/fogpotlastan\/files\/2021\/05\/Arc\u00edv-felhelyez\u00e9s-768x499.jpeg 768w, https:\/\/semmelweis.hu\/fogpotlastan\/files\/2021\/05\/Arc\u00edv-felhelyez\u00e9s-753x489.jpeg 753w, https:\/\/semmelweis.hu\/fogpotlastan\/files\/2021\/05\/Arc\u00edv-felhelyez\u00e9s.jpeg 1197w\" sizes=\"auto, (max-width: 400px) 100vw, 400px\" \/><\/p>\n<p>&nbsp;<\/p>\n<p><strong>Digit\u00e1lis fog\u00e1szat:<\/strong><\/p>\n<p style=\"padding-left: 40px\">Szken strat\u00e9gia tanulm\u00e1nyi lenyomat k\u00e9sz\u00edt\u00e9s\u00e9hez:<\/p>\n<p style=\"padding-left: 40px\"><a href=\"https:\/\/kaltura.semmelweis.hu\/media\/Clip+of+Tanulm\u00e1nyi+minta+szkennel\u00e9se+Kaltura\/1_n5m9py46\"><img loading=\"lazy\" decoding=\"async\" class=\"alignnone size-medium wp-image-7634\" src=\"https:\/\/semmelweis.hu\/fogpotlastan\/files\/2021\/12\/tanulma\u0301nyi-minta-400x225.png\" alt=\"\" width=\"400\" height=\"225\" srcset=\"https:\/\/semmelweis.hu\/fogpotlastan\/files\/2021\/12\/tanulma\u0301nyi-minta-400x225.png 400w, https:\/\/semmelweis.hu\/fogpotlastan\/files\/2021\/12\/tanulma\u0301nyi-minta-1024x576.png 1024w, https:\/\/semmelweis.hu\/fogpotlastan\/files\/2021\/12\/tanulma\u0301nyi-minta-768x432.png 768w, https:\/\/semmelweis.hu\/fogpotlastan\/files\/2021\/12\/tanulma\u0301nyi-minta-1536x864.png 1536w, https:\/\/semmelweis.hu\/fogpotlastan\/files\/2021\/12\/tanulma\u0301nyi-minta-2048x1152.png 2048w, https:\/\/semmelweis.hu\/fogpotlastan\/files\/2021\/12\/tanulma\u0301nyi-minta-753x424.png 753w\" sizes=\"auto, (max-width: 400px) 100vw, 400px\" \/><\/a><\/p>\n<p>&nbsp;<\/p>\n<p style=\"padding-left: 40px\">Szken strat\u00e9gia inlay \u00fcreg szkennel\u00e9s\u00e9hez:<\/p>\n<p style=\"padding-left: 40px\"><a href=\"https:\/\/kaltura.semmelweis.hu\/media\/Inlay+szkennel%C3%A9se\/1_tnkvq1x0\"><img loading=\"lazy\" decoding=\"async\" class=\"alignnone size-medium wp-image-7632\" src=\"https:\/\/semmelweis.hu\/fogpotlastan\/files\/2021\/12\/Copy-of-Black-and-Blue-Modern-Action-Gaming-Livestream-Youtube-Channel-Art-400x225.png\" alt=\"\" width=\"400\" height=\"225\" srcset=\"https:\/\/semmelweis.hu\/fogpotlastan\/files\/2021\/12\/Copy-of-Black-and-Blue-Modern-Action-Gaming-Livestream-Youtube-Channel-Art-400x225.png 400w, https:\/\/semmelweis.hu\/fogpotlastan\/files\/2021\/12\/Copy-of-Black-and-Blue-Modern-Action-Gaming-Livestream-Youtube-Channel-Art-1024x576.png 1024w, https:\/\/semmelweis.hu\/fogpotlastan\/files\/2021\/12\/Copy-of-Black-and-Blue-Modern-Action-Gaming-Livestream-Youtube-Channel-Art-768x432.png 768w, https:\/\/semmelweis.hu\/fogpotlastan\/files\/2021\/12\/Copy-of-Black-and-Blue-Modern-Action-Gaming-Livestream-Youtube-Channel-Art-1536x864.png 1536w, https:\/\/semmelweis.hu\/fogpotlastan\/files\/2021\/12\/Copy-of-Black-and-Blue-Modern-Action-Gaming-Livestream-Youtube-Channel-Art-2048x1152.png 2048w, https:\/\/semmelweis.hu\/fogpotlastan\/files\/2021\/12\/Copy-of-Black-and-Blue-Modern-Action-Gaming-Livestream-Youtube-Channel-Art-753x424.png 753w\" sizes=\"auto, (max-width: 400px) 100vw, 400px\" \/><\/a><\/p>\n<p>&nbsp;<\/p>\n<p style=\"padding-left: 40px\">Szken strat\u00e9gia h\u00eddpill\u00e9rek szkennel\u00e9s\u00e9hez:<\/p>\n<p style=\"padding-left: 40px\"><a href=\"https:\/\/kaltura.semmelweis.hu\/media\/Hi%CC%81d+szkennel%C3%A9se\/1_35kp3kc7\"><img loading=\"lazy\" decoding=\"async\" class=\"alignnone size-medium wp-image-7633\" src=\"https:\/\/semmelweis.hu\/fogpotlastan\/files\/2021\/12\/hi\u0301dpille\u0301rek-400x225.png\" alt=\"\" width=\"400\" height=\"225\" srcset=\"https:\/\/semmelweis.hu\/fogpotlastan\/files\/2021\/12\/hi\u0301dpille\u0301rek-400x225.png 400w, https:\/\/semmelweis.hu\/fogpotlastan\/files\/2021\/12\/hi\u0301dpille\u0301rek-1024x576.png 1024w, https:\/\/semmelweis.hu\/fogpotlastan\/files\/2021\/12\/hi\u0301dpille\u0301rek-768x432.png 768w, https:\/\/semmelweis.hu\/fogpotlastan\/files\/2021\/12\/hi\u0301dpille\u0301rek-1536x864.png 1536w, https:\/\/semmelweis.hu\/fogpotlastan\/files\/2021\/12\/hi\u0301dpille\u0301rek-2048x1152.png 2048w, https:\/\/semmelweis.hu\/fogpotlastan\/files\/2021\/12\/hi\u0301dpille\u0301rek-753x424.png 753w\" sizes=\"auto, (max-width: 400px) 100vw, 400px\" \/><\/a><\/p>\n<p>&nbsp;<\/p>\n","protected":false},"excerpt":{"rendered":"<p>Rizik\u00f3p\u00e1ciensek ell\u00e1t\u00e1sa:<br \/>\n<a href=\"https:\/\/semmelweis.hu\/fogpotlastan\/files\/2021\/05\/Ve\u0301rze\u0301keny-1-oldal_JM0503.pdf\">V\u00e9ralvad\u00e1sg\u00e1tl\u00f3k \u00e9s fog\u00e1szati beavatkoz\u00e1sok<\/a><br \/>\n&nbsp;<br \/>\nGnatol\u00f3gia:<br \/>\n<a href=\"https:\/\/kaltura.semmelweis.hu\/media\/t\/1_xyso3g0w\">Arc\u00edv felhelyez\u00e9s<\/a><\/p>\n<p>&nbsp;<br \/>\nDigit\u00e1lis fog\u00e1szat:<br \/>\nSzken strat\u00e9gia tanulm\u00e1nyi lenyomat k\u00e9sz\u00edt\u00e9s\u00e9hez:<br \/>\n<a href=\"https:\/\/kaltura.semmelweis.hu\/media\/Clip+of+Tanulm\u00e1nyi+minta+szkennel\u00e9se+Kaltura\/1_n5m9py46\"><\/a><br \/>\n&nbsp;<br \/>\nSzken strat\u00e9gia inlay \u00fcreg szkennel\u00e9s\u00e9hez:<br \/>\n<a href=\"https:\/\/kaltura.semmelweis.hu\/media\/Inlay+szkennel%C3%A9se\/1_tnkvq1x0\"><\/a><br \/>\n&nbsp;<br \/>\nSzken strat\u00e9gia h\u00eddpill\u00e9rek szkennel\u00e9s\u00e9hez:<br \/>\n<a href=\"https:\/\/kaltura.semmelweis.hu\/media\/Hi%CC%81d+szkennel%C3%A9se\/1_35kp3kc7\"><\/a><br \/>\n&nbsp;<\/p>\n","protected":false},"author":101231,"featured_media":0,"parent":0,"menu_order":0,"comment_status":"closed","ping_status":"closed","template":"","meta":{"_acf_changed":false,"footnotes":""},"categories":[],"tags":[],"class_list":["post-7200","page","type-page","status-publish","hentry"],"acf":[],"_links":{"self":[{"href":"https:\/\/semmelweis.hu\/fogpotlastan\/wp-json\/wp\/v2\/pages\/7200","targetHints":{"allow":["GET"]}}],"collection":[{"href":"https:\/\/semmelweis.hu\/fogpotlastan\/wp-json\/wp\/v2\/pages"}],"about":[{"href":"https:\/\/semmelweis.hu\/fogpotlastan\/wp-json\/wp\/v2\/types\/page"}],"author":[{"embeddable":true,"href":"https:\/\/semmelweis.hu\/fogpotlastan\/wp-json\/wp\/v2\/users\/101231"}],"replies":[{"embeddable":true,"href":"https:\/\/semmelweis.hu\/fogpotlastan\/wp-json\/wp\/v2\/comments?post=7200"}],"version-history":[{"count":5,"href":"https:\/\/semmelweis.hu\/fogpotlastan\/wp-json\/wp\/v2\/pages\/7200\/revisions"}],"predecessor-version":[{"id":7865,"href":"https:\/\/semmelweis.hu\/fogpotlastan\/wp-json\/wp\/v2\/pages\/7200\/revisions\/7865"}],"wp:attachment":[{"href":"https:\/\/semmelweis.hu\/fogpotlastan\/wp-json\/wp\/v2\/media?parent=7200"}],"wp:term":[{"taxonomy":"category","embeddable":true,"href":"https:\/\/semmelweis.hu\/fogpotlastan\/wp-json\/wp\/v2\/categories?post=7200"},{"taxonomy":"post_tag","embeddable":true,"href":"https:\/\/semmelweis.hu\/fogpotlastan\/wp-json\/wp\/v2\/tags?post=7200"}],"curies":[{"name":"wp","href":"https:\/\/api.w.org\/{rel}","templated":true}]}}