{"id":7,"date":"2012-01-26T11:48:05","date_gmt":"2012-01-26T10:48:05","guid":{"rendered":"http:\/\/semmelweis-egyetem.hu\/fogpotlastan\/?page_id=7"},"modified":"2024-10-14T09:42:27","modified_gmt":"2024-10-14T07:42:27","slug":"betegellatas","status":"publish","type":"page","link":"https:\/\/semmelweis.hu\/fogpotlastan\/betegellatas\/","title":{"rendered":"P\u00e1cienseinknek"},"content":{"rendered":"<div id=\"GroupWiseSection_1606465630000_janik.csilla@semmelweis-univ.hu_FB86A5801ADD00008871000000000000_\" class=\"GroupWiseMessageBody\">\n<div>\u00a0<\/div>\n<\/div>\n<p><a href=\"https:\/\/semmelweis.hu\/fogpotlastan\/betegellatas\/allkapocsizuleti-rendelesre-varo-pacienseink-reszere\/\">\u00c1llkapocs\u00edz\u00fcleti rendel\u00e9sre v\u00e1r\u00f3 p\u00e1cienseink r\u00e9sz\u00e9re<\/a><\/p>\n<p>A Fogp\u00f3tl\u00e1stani Klinik\u00e1n a p\u00e1ciensek kezel\u00e9s\u00e9t fogorvosok, vagy oktat\u00f3k fel\u00fcgyelet\u00e9vel fogorvostan-hallgat\u00f3k v\u00e9gzik, valamint speci\u00e1lis szakrendel\u00e9sek keretein bel\u00fcl foglalkozunk \u00e1llkapocs\u00edz\u00fcleti megbeteged\u00e9sek \u00e9s arc-\u00e1llcsonthi\u00e1nyok kezel\u00e9s\u00e9vel.<\/p>\n<p>A klinik\u00e1ra &#8211; az \u00e1llkapocs \u00edz\u00fcleti probl\u00e9m\u00e1val jelentkez\u0151ket kiv\u00e9ve &#8211; nem kell el\u0151zetesen bejelentkezni \u00e9s beutal\u00f3 sem sz\u00fcks\u00e9ges.<\/p>\n<p>Az \u00e1llkapocs \u00edz\u00fcleti probl\u00e9m\u00e1val jelentkez\u0151knek el\u0151zetesen be kell jelentkezni\u00fck a (06-1) 459-1500 \/ 59356 telefonsz\u00e1mon.<\/p>\n<ul>\n<li><strong><em>Bejelentkez\u00e9s <\/em><\/strong>(F\u00f6ldszint \u2013 betegfelv\u00e9tel)<\/li>\n<\/ul>\n<p>A Fogp\u00f3tl\u00e1stani Klinik\u00e1ra a Fogorvosi Oktat\u00e1si Centrum (Szentkir\u00e1lyi utca 47.) betegfelv\u00e9tel\u00e9n lehet jelentkezni. A betegfelv\u00e9tel 08.00 \u00e9s 15.30 k\u00f6z\u00f6tt fogadja az \u00faj jelentkez\u0151ket, akiket az \u00e9p\u00fcletben m\u0171k\u00f6d\u0151 Or\u00e1lis Diagnosztikai Tansz\u00e9ken vizsg\u00e1lnak meg. Ennek keret\u00e9ben felm\u00e9rik, hogy milyen fog\u00e1szati beavatkoz\u00e1sokat kell elv\u00e9gezni ahhoz, hogy fogp\u00f3tl\u00e1st lehessen k\u00e9sz\u00edteni. A sz\u00fcks\u00e9ges sz\u00e1jseb\u00e9szeti, parodontol\u00f3giai, konzerv\u00e1l\u00f3 fog\u00e1szati kezel\u00e9seket az \u00e9p\u00fcletben m\u0171k\u00f6d\u0151 szak-klinik\u00e1kon v\u00e9gzik el. Ezut\u00e1n a Fogp\u00f3tl\u00e1stani Klinik\u00e1n, betegvizsg\u00e1latot k\u00f6vet\u0151en a felv\u00e9teles orvos nyilv\u00e1ntart\u00e1sba veszi a p\u00e1cienst.<\/p>\n<ul>\n<li><strong><em>Felv\u00e9teles \u00fcgyelet<\/em><\/strong> (VI. emelet 606.)<\/li>\n<\/ul>\n<p>Az Or\u00e1lis Diagnosztika Tansz\u00e9kr\u0151l (beutal\u00f3val) a Fogp\u00f3tl\u00e1stani Klinik\u00e1ra \u00e9rkezett p\u00e1ciensek els\u0151 vizsg\u00e1lat\u00e1t a Klinika felv\u00e9teles orvosa v\u00e9gzi h\u00e9tk\u00f6znap 8:00-15:30-ig. A betegvizsg\u00e1latot k\u00f6vet\u0151en \u2013 amennyiben fogp\u00f3tl\u00e1s k\u00e9sz\u00edt\u00e9se sz\u00fcks\u00e9ges \u2013 lehet\u0151s\u00e9g van a hallgat\u00f3i- vagy az orvosi berendel\u00e9si list\u00e1ra jelentkezni.<\/p>\n<p>A p\u00e1ciensek beh\u00edv\u00e1sa \u00e9rkez\u00e9si sorrendben t\u00f6rt\u00e9nik, el\u0151zetes id\u0151pont foglal\u00e1s\u00e1ra nincs lehet\u0151s\u00e9g, a v\u00e1rakoz\u00e1si id\u0151r\u0151l sajnos nem tudunk felvil\u00e1gos\u00edt\u00e1st adni.<\/p>\n<ul>\n<li><strong><em>Hallgat\u00f3i betegell\u00e1t\u00e1s <\/em><\/strong>(I-II. emelet)<\/li>\n<\/ul>\n<p>A Fogp\u00f3tl\u00e1stani Klinika a Semmelweis Egyetem Fogorvostudom\u00e1nyi Kar\u00e1nak oktat\u00f3 int\u00e9zete, ahol fogorvostanhallgat\u00f3k gyakorlati k\u00e9pz\u00e9se folyik. A hallgat\u00f3k az egyetemi szorgalmi id\u0151szak ideje alatt, gyakorlati kurzusok keret\u00e9ben, oktat\u00f3 fel\u00fcgyelete mellett v\u00e9gzik \u2013 az oktat\u00e1si tematik\u00e1nak megfelel\u0151en tanc\u00e9los jelleggel kiv\u00e1lasztott \u2013 p\u00e1ciensek kezel\u00e9s\u00e9t. Miut\u00e1n a kezel\u00e9st hallgat\u00f3k v\u00e9gzik, \u00edgy annak menete lass\u00fabb, a kezel\u00e9s \u00f6sszetetts\u00e9g\u00e9t\u0151l f\u00fcgg\u0151en ak\u00e1r t\u00f6bb f\u00e9l\u00e9ven is \u00e1t\u00edvel\u0151.<\/p>\n<p>A p\u00e1ciensek berendel\u00e9se az oktat\u00e1si tematika alapj\u00e1n t\u00f6rt\u00e9nik. A berendel\u00e9skor nem csak a jelentkez\u00e9s sorrendj\u00e9t, hanem oktat\u00e1si szempontokat is figyelembe kell venn\u00fcnk. A teljes kivehet\u0151 p\u00f3tl\u00e1sra v\u00e1rakoz\u00f3kat janu\u00e1r v\u00e9g\u00e9n h\u00edvjuk be, a t\u00f6bbi p\u00e1ciens az eg\u00e9sz oktat\u00e1si \u00e9vben sz\u00e1m\u00edthat a kezel\u00e9s megkezd\u00e9s\u00e9re.<\/p>\n<p>A kezel\u00e9sek \u00f3rarendhez igazod\u00f3an, meghat\u00e1rozott id\u0151pontban folynak, adott id\u0151pontban hetenk\u00e9nt ism\u00e9tl\u0151d\u0151en. A kezel\u00e9s megkezd\u00e9sekor a gyakorlatvezet\u0151k pontos t\u00e1j\u00e9koztat\u00e1st adnak a beavatkoz\u00e1sok menet\u00e9r\u0151l \u00e9s v\u00e1rhat\u00f3 id\u0151tartam\u00e1r\u00f3l. Egyidej\u0171leg t\u00e1j\u00e9koztatj\u00e1k \u00d6nt a felmer\u00fcl\u0151 k\u00f6lts\u00e9gekr\u0151l \u00e9s azok befizet\u00e9s\u00e9nek m\u00f3dj\u00e1r\u00f3l.<\/p>\n<p>Mivel a gy\u00f3gy\u00edt\u00e1st hallgat\u00f3k v\u00e9gzik, Klinik\u00e1nk az ell\u00e1t\u00e1s kapcs\u00e1n orvosi d\u00edjat nem sz\u00e1m\u00edt fel, a fogp\u00f3tl\u00e1sok fogtechnikai k\u00f6lts\u00e9ge azonban a p\u00e1cienseinket terheli. Azoknak a p\u00e1cienseknek ahol a t\u00e1rsadalombiztos\u00edt\u00e1s nem t\u00e1mogatja a kezel\u00e9st, anyaghaszn\u00e1lati k\u00f6lts\u00e9get sz\u00e1molunk fel.<\/p>\n<p>A kezel\u00e9sekr\u0151l r\u00e9szletes \u00edr\u00e1sbeli- \u00e9s fotodokument\u00e1ci\u00f3 is k\u00e9sz\u00fcl.<\/p>\n<ul>\n<li><strong><em>Orvosi betegell\u00e1t\u00e1s<\/em><\/strong> (VI. emelet)<\/li>\n<\/ul>\n<p>A Klinika fogorvos munkat\u00e1rsai oktat\u00e1si \u00e9s kutat\u00e1si feladataik mellett a betegell\u00e1t\u00e1sban is r\u00e9szt vesznek. A p\u00e1ciens ig\u00e9nye eset\u00e9n lehet\u0151s\u00e9g van a hallgat\u00f3i- mellett orvosi betegberendel\u00e9si list\u00e1ra is feliratkozni. A betegberendel\u00e9s az orvosi list\u00e1r\u00f3l az orvosok kapacit\u00e1s\u00e1nak f\u00fcggv\u00e9ny\u00e9ben t\u00f6rt\u00e9nik. Orvosi kezel\u00e9s eset\u00e9n Klinik\u00e1nk \u2013 a kezel\u00e9s t\u00edpus\u00e1t\u00f3l f\u00fcgg\u0151 m\u00e9rt\u00e9k\u0171 \u2013 orvosi d\u00edjat sz\u00e1mol fel, valamint fogp\u00f3tl\u00e1s k\u00e9sz\u00edt\u00e9sekor fogtechnikai k\u00f6lts\u00e9g is keletkezik. A kezel\u00e9s megkezd\u00e9sekor a kezel\u0151orvos egy\u00e9ni kezel\u00e9si terv alapj\u00e1n pontos t\u00e1j\u00e9koztat\u00e1st ad a beavatkoz\u00e1sok menet\u00e9r\u0151l \u00e9s v\u00e1rhat\u00f3 id\u0151tartalm\u00e1r\u00f3l, a felmer\u00fcl\u0151 k\u00f6lts\u00e9gekr\u0151l (orvosi- + labork\u00f6lts\u00e9g) \u00e9s azok befizet\u00e9s\u00e9nek m\u00f3dj\u00e1r\u00f3l. 18 \u00e9v alatti \u00e9s 62 \u00e9v feletti p\u00e1cienseink eset\u00e9ben (nem implant\u00e1ci\u00f3s fogp\u00f3tl\u00e1s eset\u00e9n) orvosi d\u00edj nem ker\u00fcl felsz\u00e1mol\u00e1sra.\u00a0<\/p>\n<p><a href=\"https:\/\/semmelweis.hu\/fogpotlastan\/files\/2022\/09\/Bjk-hirdetmeny-uj.pdf\"><strong>Betegjogi k\u00e9pvisel\u0151 el\u00e9rhet\u0151s\u00e9gei<\/strong><\/a><\/p>\n<p><a href=\"https:\/\/semmelweis.hu\/jogigfoig\/dokumentumtar\/szabalyzattar\/teritesi-dij-szabalyzat\/\">Semmelweis Egyetem T\u00e9r\u00edt\u00e9si D\u00edj Szab\u00e1lyzat<\/a><\/p>\n<p><a href=\"https:\/\/semmelweis.hu\/fogpotlastan\/files\/2021\/11\/H\u00e1zirend-2018.pdf\"><strong>H\u00e1zirend<\/strong><\/a><\/p>\n","protected":false},"excerpt":{"rendered":"<p>\u00a0 <a href=\"https:\/\/semmelweis.hu\/fogpotlastan\/betegellatas\/allkapocsizuleti-rendelesre-varo-pacienseink-reszere\/\">\u00c1llkapocs\u00edz\u00fcleti rendel\u00e9sre v\u00e1r\u00f3 p\u00e1cienseink r\u00e9sz\u00e9re<\/a> A Fogp\u00f3tl\u00e1stani Klinik\u00e1n a p\u00e1ciensek kezel\u00e9s\u00e9t fogorvosok, vagy oktat\u00f3k fel\u00fcgyelet\u00e9vel fogorvostan-hallgat\u00f3k v\u00e9gzik, valamint speci\u00e1lis szakrendel\u00e9sek keretein bel\u00fcl foglalkozunk \u00e1llkapocs\u00edz\u00fcleti megbeteged\u00e9sek \u00e9s arc-\u00e1llcsonthi\u00e1nyok kezel\u00e9s\u00e9vel. A klinik\u00e1ra &#8211; az \u00e1llkapocs \u00edz\u00fcleti probl\u00e9m\u00e1val jelentkez\u0151ket kiv\u00e9ve &#8211; nem kell el\u0151zetesen bejelentkezni \u00e9s beutal\u00f3 sem sz\u00fcks\u00e9ges. Az \u00e1llkapocs \u00edz\u00fcleti probl\u00e9m\u00e1val jelentkez\u0151knek el\u0151zetesen be kell jelentkezni\u00fck a (06-1) 459-1500 \/ &hellip;<\/p>\n","protected":false},"author":8,"featured_media":0,"parent":0,"menu_order":3,"comment_status":"closed","ping_status":"closed","template":"","meta":{"_acf_changed":false,"footnotes":""},"categories":[],"tags":[],"class_list":["post-7","page","type-page","status-publish","hentry"],"acf":[],"_links":{"self":[{"href":"https:\/\/semmelweis.hu\/fogpotlastan\/wp-json\/wp\/v2\/pages\/7","targetHints":{"allow":["GET"]}}],"collection":[{"href":"https:\/\/semmelweis.hu\/fogpotlastan\/wp-json\/wp\/v2\/pages"}],"about":[{"href":"https:\/\/semmelweis.hu\/fogpotlastan\/wp-json\/wp\/v2\/types\/page"}],"author":[{"embeddable":true,"href":"https:\/\/semmelweis.hu\/fogpotlastan\/wp-json\/wp\/v2\/users\/8"}],"replies":[{"embeddable":true,"href":"https:\/\/semmelweis.hu\/fogpotlastan\/wp-json\/wp\/v2\/comments?post=7"}],"version-history":[{"count":12,"href":"https:\/\/semmelweis.hu\/fogpotlastan\/wp-json\/wp\/v2\/pages\/7\/revisions"}],"predecessor-version":[{"id":9315,"href":"https:\/\/semmelweis.hu\/fogpotlastan\/wp-json\/wp\/v2\/pages\/7\/revisions\/9315"}],"wp:attachment":[{"href":"https:\/\/semmelweis.hu\/fogpotlastan\/wp-json\/wp\/v2\/media?parent=7"}],"wp:term":[{"taxonomy":"category","embeddable":true,"href":"https:\/\/semmelweis.hu\/fogpotlastan\/wp-json\/wp\/v2\/categories?post=7"},{"taxonomy":"post_tag","embeddable":true,"href":"https:\/\/semmelweis.hu\/fogpotlastan\/wp-json\/wp\/v2\/tags?post=7"}],"curies":[{"name":"wp","href":"https:\/\/api.w.org\/{rel}","templated":true}]}}