{"id":6875,"date":"2021-02-10T09:02:32","date_gmt":"2021-02-10T08:02:32","guid":{"rendered":"https:\/\/semmelweis.hu\/fogpotlastan\/?page_id=6875"},"modified":"2025-02-20T10:33:14","modified_gmt":"2025-02-20T09:33:14","slug":"szabadon-valaszthato-tantargyak","status":"publish","type":"page","link":"https:\/\/semmelweis.hu\/fogpotlastan\/oktatas\/szabadon-valaszthato-tantargyak\/","title":{"rendered":"Szabadon v\u00e1laszthat\u00f3 tant\u00e1rgyak"},"content":{"rendered":"<p><span style=\"font-size: 14pt\">Modern szeml\u00e9let az implant\u00e1ci\u00f3s protetik\u00e1ban: digit\u00e1lis vs hagyom\u00e1nyos m\u00f3dszerek<\/span><\/p>\n<p style=\"padding-left: 40px\"><span style=\"font-size: 14pt\"><a href=\"https:\/\/semmelweis.hu\/fogpotlastan\/files\/2025\/02\/Modern-szemlelet-az-implantacios-protetikaban.pdf\">Tant\u00e1rgyi program<\/a><\/span><\/p>\n<p><span style=\"font-size: 14pt\">Doh\u00e1nyz\u00e1sr\u00f3l leszoktat\u00f3 program<\/span><\/p>\n<p style=\"padding-left: 40px\"><span style=\"font-size: 14pt\"><a href=\"https:\/\/semmelweis.hu\/fogpotlastan\/files\/2024\/10\/Kov-Dohanyzas.pdf\">Tant\u00e1rgyi program<\/a><\/span><\/p>\n<p><span style=\"font-size: 14pt\">Basic Restorative Digital Dentistry<\/span><\/p>\n<p style=\"padding-left: 40px\"><span style=\"font-size: 14pt\"><a href=\"https:\/\/semmelweis.hu\/fogpotlastan\/files\/2025\/01\/TP-BRDD.pdf\">Requirements<\/a><\/span><\/p>\n<p>&nbsp;<\/p>\n<p>&nbsp;<\/p>\n<p>&nbsp;<\/p>\n<p>&nbsp;<\/p>\n","protected":false},"excerpt":{"rendered":"<p>Modern szeml\u00e9let az implant\u00e1ci\u00f3s protetik\u00e1ban: digit\u00e1lis vs hagyom\u00e1nyos m\u00f3dszerek<br \/>\n<a href=\"https:\/\/semmelweis.hu\/fogpotlastan\/files\/2025\/02\/Modern-szemlelet-az-implantacios-protetikaban.pdf\">Tant\u00e1rgyi program<\/a><br \/>\nDoh\u00e1nyz\u00e1sr\u00f3l leszoktat\u00f3 program<br \/>\n<a href=\"https:\/\/semmelweis.hu\/fogpotlastan\/files\/2024\/10\/Kov-Dohanyzas.pdf\">Tant\u00e1rgyi program<\/a><br \/>\nBasic Restorative Digital Dentistry<br \/>\n<a href=\"https:\/\/semmelweis.hu\/fogpotlastan\/files\/2025\/01\/TP-BRDD.pdf\">Requirements<\/a><br \/>\n&nbsp;<br \/>\n&nbsp;<br \/>\n&nbsp;<br \/>\n&nbsp;<\/p>\n","protected":false},"author":101231,"featured_media":0,"parent":8,"menu_order":3,"comment_status":"closed","ping_status":"closed","template":"","meta":{"_acf_changed":false,"footnotes":""},"categories":[],"tags":[],"class_list":["post-6875","page","type-page","status-publish","hentry"],"acf":[],"_links":{"self":[{"href":"https:\/\/semmelweis.hu\/fogpotlastan\/wp-json\/wp\/v2\/pages\/6875","targetHints":{"allow":["GET"]}}],"collection":[{"href":"https:\/\/semmelweis.hu\/fogpotlastan\/wp-json\/wp\/v2\/pages"}],"about":[{"href":"https:\/\/semmelweis.hu\/fogpotlastan\/wp-json\/wp\/v2\/types\/page"}],"author":[{"embeddable":true,"href":"https:\/\/semmelweis.hu\/fogpotlastan\/wp-json\/wp\/v2\/users\/101231"}],"replies":[{"embeddable":true,"href":"https:\/\/semmelweis.hu\/fogpotlastan\/wp-json\/wp\/v2\/comments?post=6875"}],"version-history":[{"count":10,"href":"https:\/\/semmelweis.hu\/fogpotlastan\/wp-json\/wp\/v2\/pages\/6875\/revisions"}],"predecessor-version":[{"id":9463,"href":"https:\/\/semmelweis.hu\/fogpotlastan\/wp-json\/wp\/v2\/pages\/6875\/revisions\/9463"}],"up":[{"embeddable":true,"href":"https:\/\/semmelweis.hu\/fogpotlastan\/wp-json\/wp\/v2\/pages\/8"}],"wp:attachment":[{"href":"https:\/\/semmelweis.hu\/fogpotlastan\/wp-json\/wp\/v2\/media?parent=6875"}],"wp:term":[{"taxonomy":"category","embeddable":true,"href":"https:\/\/semmelweis.hu\/fogpotlastan\/wp-json\/wp\/v2\/categories?post=6875"},{"taxonomy":"post_tag","embeddable":true,"href":"https:\/\/semmelweis.hu\/fogpotlastan\/wp-json\/wp\/v2\/tags?post=6875"}],"curies":[{"name":"wp","href":"https:\/\/api.w.org\/{rel}","templated":true}]}}