{"id":6863,"date":"2021-02-09T13:20:51","date_gmt":"2021-02-09T12:20:51","guid":{"rendered":"https:\/\/semmelweis.hu\/fogpotlastan\/?page_id=6863"},"modified":"2021-02-09T13:25:48","modified_gmt":"2021-02-09T12:25:48","slug":"dr-vegh-daniel-a-cukorbeteg-paciensek-fogaszati-ellatasanak-sajatossagai","status":"publish","type":"page","link":"https:\/\/semmelweis.hu\/fogpotlastan\/kutatas\/phd-kutatasok\/dr-vegh-daniel-a-cukorbeteg-paciensek-fogaszati-ellatasanak-sajatossagai\/","title":{"rendered":"Dr. V\u00e9gh D\u00e1niel &#8211; A cukorbeteg p\u00e1ciensek fog\u00e1szati ell\u00e1t\u00e1s\u00e1nak saj\u00e1toss\u00e1gai"},"content":{"rendered":"<p style=\"text-align: justify\"><span style=\"font-size: 12pt\">Az \u00e1ltalunk vizsg\u00e1lt adatok szerint az elm\u00falt 15 \u00e9v sor\u00e1n csaknem dupl\u00e1j\u00e1ra emelkedett a 2-es t\u00edpus\u00fa diab\u00e9teszesek ar\u00e1nya a sz\u00e1j\u00fcregi r\u00e1kos betegek k\u00f6r\u00e9ben, az emelkedett v\u00e9rcukorszinttel rendelkez\u0151 betegek\u00e9 pedig t\u00f6bb mint a k\u00e9tszeres\u00e9re n\u0151tt. Ez azt jelenti hogy az \u00e1ltalunk vizsg\u00e1lt betegek csaknem fele sz\u00e9nhidr\u00e1tanyagcserezavarban szenved (IFG+DM). Az \u00faj vizsg\u00e1lataink sor\u00e1n a sz\u00e1jfen\u00e9k daganatok mellett a gingiva tumorai jelentek meg nagy gyakoris\u00e1ggal. Rohamosan emelkedett az ut\u00f3bbi 15 \u00e9vben a sz\u00e1j\u00fcregi daganatos betegek k\u00f6z\u00f6tt az IFG \u00e9s a DM incidenci\u00e1ja, ez\u00e9rt kiemelten fontos a rendszeres sz\u00e1j\u00fcregi ellen\u0151rz\u00e9s, az 50 \u00e9v feletti cukorbetegek, k\u00fcl\u00f6n\u00f6sen a doh\u00e1nyz\u00f3 betegek rendszeres sz\u0171r\u00e9se .<\/span><br \/>\n<span style=\"font-size: 12pt\">K\u00eds\u00e9rleti adataink szerint a fogorvosi ell\u00e1t\u00e1s sor\u00e1n leggyakrabban alkalmazott lok\u00e1lis anesztetikumok (artikain, lidokain) a diab\u00e9teszes \u00e9s nem diab\u00e9teszes patk\u00e1nyb\u00f3l prepar\u00e1lt prefrontal kortex \u00e9s gerincvel\u0151i sz\u00f6veteken g\u00e1tolta a stimul\u00e1ci\u00f3 \u00e1ltal kiv\u00e1ltott NA felszabadul\u00e1st, \u00e9s n\u00f6velte a nyugalmi NA felszabadul\u00e1s\u00e1t. Ezek az adatok azt mutatj\u00e1k, \u00a0hogy ezen \u00e9rz\u00e9stelen\u00edt\u0151k g\u00e1tolj\u00e1k \u00a0a Na <sup>+<\/sup> \u00a0\u00e9s K <sup>+<\/sup> csatorn\u00e1kat. A nem diab\u00e9teszes \u00e9s diab\u00e9teszes patk\u00e1nyok \u00f6sszehasonl\u00edt\u00e1s\u00e1ban nem tal\u00e1ltunk szignifik\u00e1ns k\u00fcl\u00f6nbs\u00e9get a NA megn\u00f6vekedett nyugalmi\u00a0 felszabadul\u00e1sban a lidokain vagy artikain hat\u00e1s\u00e1ra. Az artikain azonban azonos koncentr\u00e1ci\u00f3ban a nem diab\u00e9teszes \u00e9s diab\u00e9teszes patk\u00e1nyok prepar\u00e1tumaiban nagyobb m\u00e9rt\u00e9k\u0171 nyugalmi felszabadul\u00e1st okozott, mint a lidokain. A nagy mennyis\u00e9g\u0171 toxikus NA metabolitok valamint a j\u00f3 lipidold\u00e9konys\u00e1g\u00fa tiof\u00e9n gy\u0171r\u0171je miatt az artikain jelent\u0151sebb neurotoxikus hat\u00e1st fejthet ki.\u00a0 A neurop\u00e1ti\u00e1s cukorbetegekn\u00e9l az alkalmazott artikain d\u00f3zis nagys\u00e1g\u00e1nak meghat\u00e1roz\u00e1sa megfontol\u00e1st ig\u00e9nyel.<\/span><br \/>\n<span style=\"font-size: 12pt\">Nemzetk\u00f6zi szinten az EFP \u00e9s az IDF a cukorbetegs\u00e9ggel kapcsolatos fogorvosi ell\u00e1t\u00e1s fontoss\u00e1g\u00e1t hangs\u00falyozand\u00f3 ir\u00e1nyelveket fogalmazott meg a diabetol\u00f3gusok,\u00a0 fogorvosok \u00e9s a cukorbetegek sz\u00e1m\u00e1ra. A sz\u00e1j\u00fcregi gyullad\u00e1sok, a parodontitisz \u00e9s egy\u00e9b sz\u00e1j\u00fcregi megbeteged\u00e9sek, \u00e9s a metabolikus \u00e1llapotok k\u00f6lcs\u00f6n\u00f6sen hat\u00e1ssal vannak egym\u00e1sra. Az interdiszciplin\u00e1ris egy\u00fcttm\u0171k\u00f6d\u00e9s mind a hazai, mind a nemzetk\u00f6zi gyakorlatban fontos, feladata a korai megel\u0151z\u00e9s \u00e9s az ismeretek megoszt\u00e1sa.<\/span><\/p>\n","protected":false},"excerpt":{"rendered":"<p>Az \u00e1ltalunk vizsg\u00e1lt adatok szerint az elm\u00falt 15 \u00e9v sor\u00e1n csaknem dupl\u00e1j\u00e1ra emelkedett a 2-es t\u00edpus\u00fa diab\u00e9teszesek ar\u00e1nya a sz\u00e1j\u00fcregi r\u00e1kos betegek k\u00f6r\u00e9ben, az emelkedett v\u00e9rcukorszinttel rendelkez\u0151 betegek\u00e9 pedig t\u00f6bb mint a k\u00e9tszeres\u00e9re n\u0151tt. Ez azt jelenti hogy az \u00e1ltalunk vizsg\u00e1lt betegek csaknem fele sz\u00e9nhidr\u00e1tanyagcserezavarban szenved (IFG+DM). Az \u00faj vizsg\u00e1lataink sor\u00e1n a sz\u00e1jfen\u00e9k daganatok mellett &hellip;<\/p>\n","protected":false},"author":101231,"featured_media":0,"parent":5097,"menu_order":0,"comment_status":"closed","ping_status":"closed","template":"","meta":{"_acf_changed":false,"footnotes":""},"categories":[],"tags":[],"class_list":["post-6863","page","type-page","status-publish","hentry"],"acf":[],"_links":{"self":[{"href":"https:\/\/semmelweis.hu\/fogpotlastan\/wp-json\/wp\/v2\/pages\/6863","targetHints":{"allow":["GET"]}}],"collection":[{"href":"https:\/\/semmelweis.hu\/fogpotlastan\/wp-json\/wp\/v2\/pages"}],"about":[{"href":"https:\/\/semmelweis.hu\/fogpotlastan\/wp-json\/wp\/v2\/types\/page"}],"author":[{"embeddable":true,"href":"https:\/\/semmelweis.hu\/fogpotlastan\/wp-json\/wp\/v2\/users\/101231"}],"replies":[{"embeddable":true,"href":"https:\/\/semmelweis.hu\/fogpotlastan\/wp-json\/wp\/v2\/comments?post=6863"}],"version-history":[{"count":5,"href":"https:\/\/semmelweis.hu\/fogpotlastan\/wp-json\/wp\/v2\/pages\/6863\/revisions"}],"predecessor-version":[{"id":6868,"href":"https:\/\/semmelweis.hu\/fogpotlastan\/wp-json\/wp\/v2\/pages\/6863\/revisions\/6868"}],"up":[{"embeddable":true,"href":"https:\/\/semmelweis.hu\/fogpotlastan\/wp-json\/wp\/v2\/pages\/5097"}],"wp:attachment":[{"href":"https:\/\/semmelweis.hu\/fogpotlastan\/wp-json\/wp\/v2\/media?parent=6863"}],"wp:term":[{"taxonomy":"category","embeddable":true,"href":"https:\/\/semmelweis.hu\/fogpotlastan\/wp-json\/wp\/v2\/categories?post=6863"},{"taxonomy":"post_tag","embeddable":true,"href":"https:\/\/semmelweis.hu\/fogpotlastan\/wp-json\/wp\/v2\/tags?post=6863"}],"curies":[{"name":"wp","href":"https:\/\/api.w.org\/{rel}","templated":true}]}}