{"id":6851,"date":"2021-02-08T08:29:04","date_gmt":"2021-02-08T07:29:04","guid":{"rendered":"https:\/\/semmelweis.hu\/fogpotlastan\/?page_id=6851"},"modified":"2021-02-09T13:26:11","modified_gmt":"2021-02-09T12:26:11","slug":"dr-banyai-dorottya-cukorbeteg-gyermekek-fogorvosi-szurovizsgalata-es-ellatasa","status":"publish","type":"page","link":"https:\/\/semmelweis.hu\/fogpotlastan\/kutatas\/phd-kutatasok\/dr-banyai-dorottya-cukorbeteg-gyermekek-fogorvosi-szurovizsgalata-es-ellatasa\/","title":{"rendered":"Dr. B\u00e1nyai Dorottya &#8211; Cukorbeteg gyermekek fogorvosi sz\u0171r\u0151vizsg\u00e1lata \u00e9s ell\u00e1t\u00e1sa"},"content":{"rendered":"<p style=\"text-align: justify\"><span style=\"font-size: 12pt\">A kutat\u00f3munk\u00e1t a t\u00e9m\u00e1ban 2018. szeptember\u00e9ben kezdt\u00fck meg. C\u00e9ljaink k\u00f6z\u00f6tt szerepelt a diab\u00e9teszes p\u00e1ciensek fog\u00e1szati probl\u00e9m\u00e1inak r\u00e9szletesebb megismer\u00e9se, sz\u0171r\u00e9se \u00e9s ezzel \u00e9letmin\u0151s\u00e9g\u00fck javul\u00e1s\u00e1nak el\u0151seg\u00edt\u00e9se. Ezen fel\u00fcl egy interdiszciplin\u00e1ris kapcsolatrendszer \u00e9s protokoll kialak\u00edt\u00e1sa, mely el\u0151seg\u00edti a cukorbeteg gyermek p\u00e1ciensek fog\u00e1szati probl\u00e9m\u00e1kkal szembeni prevenci\u00f3j\u00e1t.<\/span><\/p>\n<p style=\"text-align: justify\"><span style=\"font-size: 12pt\">A 15. \u00e9ven aluli lakoss\u00e1g k\u00f6r\u00e9ben az 1-es t\u00edpus\u00fa diab\u00e9tesz t\u00f6bb, mint 600.000 gyermeket \u00e9rint, Eur\u00f3p\u00e1ban 162.000 gyermeket, m\u00edg Magyarorsz\u00e1gon minden 600. gyermek \u00e9rintett ebben a kr\u00f3nikus megbeteged\u00e9sben a nemzetk\u00f6zi diab\u00e9tesz t\u00e1rsas\u00e1g legfrissebb \u00f6sszes\u00edt\u00e9se szerint (IDF Diabetes Atlas 2019).<\/span><\/p>\n<p style=\"text-align: justify\"><span style=\"font-size: 12pt\">A diab\u00e9teszes p\u00e1ciensek rizik\u00f3csoportnak tekinthet\u0151ek a fog\u00e1szati megbeteged\u00e9sek szempontj\u00e1b\u00f3l. Nagyobb az es\u00e9ly parodontol\u00f3giai, kariol\u00f3giai, ny\u00e1lelv\u00e1laszt\u00e1si \u00e9s egy\u00e9b sz\u00e1j\u00fcregi megbeteged\u00e9sekre, valamint a sz\u00e1j\u00fcregi r\u00e1kok incidenci\u00e1ja is statisztikailag emelkedett a diab\u00e9teszes popul\u00e1ci\u00f3ban a metabolikusan nem \u00e9rintettekhez k\u00e9pest.<\/span><\/p>\n<p style=\"text-align: justify\"><span style=\"font-size: 12pt\">A t\u00e9mav\u00e1laszt\u00e1s nemzetk\u00f6zi szinten egy \u00faj vizsg\u00e1lati trend, amelyet a diab\u00e9teszesek egyre magasabb sz\u00e1ma is presszion\u00e1l.<\/span><\/p>\n<p style=\"text-align: justify\"><span style=\"font-size: 12pt\">A teljesk\u00f6r\u0171 diab\u00e9teszes ell\u00e1t\u00e1snak a fogorvosi ell\u00e1t\u00e1s az egyik olyan pill\u00e9re kell hogy legyen, amelynek a referenci\u00e1j\u00e1t a k\u00f6vetkez\u0151 id\u0151szakban szeretn\u00e9nk megteremteni.<\/span><\/p>\n<p style=\"text-align: justify\"><span style=\"font-size: 12pt\">A vizsg\u00e1latainkat a Semmelweis Egyetem Region\u00e1lis, Int\u00e9zm\u00e9nyi Tudom\u00e1nyos \u00e9s Kutat\u00e1setikai Bizotts\u00e1ga enged\u00e9lyezte (RKEB: 204\/2018.).<\/span><\/p>\n<p style=\"text-align: justify\"><span style=\"font-size: 12pt\">A sz\u0171r\u0151vizsg\u00e1lataink sor\u00e1n a p\u00e1ciens megfelel\u0151 sz\u00e1jhigi\u00e9n\u00e9 fenntart\u00e1s\u00e1t nehez\u00edt\u0151 esetleges fogazati anom\u00e1li\u00e1ja, parodontol\u00f3giai \u00e1llapota, valamint a DMF-T index meghat\u00e1roz\u00e1s\u00e1ra ker\u00fcl sor, illetve a tov\u00e1bbi kezel\u00e9sre vonatkoz\u00f3 kezel\u00e9si tervet \u00e9s ennek megfelel\u0151 ell\u00e1t\u00e1st kapnak. A folyamatos ut\u00e1nk\u00f6vet\u00e9ssel pedig hossz\u00fat\u00e1von is regisztr\u00e1lni tudjuk az eredm\u00e9nyeink v\u00e1ltoz\u00e1s\u00e1t.<\/span><\/p>\n<p style=\"text-align: justify\"><span style=\"font-size: 12pt\">A p\u00e1ciensek sz\u0171r\u0151vizsg\u00e1latainak helysz\u00ednt a k\u00fcl\u00f6nb\u00f6z\u0151 diab\u00e9teszes betegrendezv\u00e9nyek adtak: az Egy Csepp Figyelem Alap\u00edtv\u00e1ny vil\u00e1gnapi rendezv\u00e9nye 2018-ban \u00e9s 2019-ben, 2019. janu\u00e1rj\u00e1ban a XIV. Orsz\u00e1gos Gyermekdiab\u00e9tesz Nap, 2019. okt\u00f3ber\u00e9ben a Szurik\u00e1ta Alap\u00edtv\u00e1ny gyermekrendezv\u00e9nye, 2019-ben a J\u00f3zsefv\u00e1rosi Eg\u00e9szs\u00e9gnap \u00e9s szint\u00e9n ugyanebben az \u00e9vben a Kutat\u00f3k \u00e9jszak\u00e1j\u00e1n is biztos\u00edtotta munkacsoportunk az ingyenes fog\u00e1szati sz\u0171r\u0151vizsg\u00e1lat lehet\u0151s\u00e9g\u00e9t.<\/span><\/p>\n<p style=\"text-align: justify\"><span style=\"font-size: 12pt\">A sz\u0171r\u0151vizsg\u00e1lataink sor\u00e1n t\u00e1rsbetegs\u00e9gek megl\u00e9t\u00e9t, a p\u00e1ciensek fogazati st\u00e1tusz\u00e1t, parodontol\u00f3giai \u00e1llapot\u00e1t \u00e9s a megfelel\u0151 sz\u00e1jhigi\u00e9n\u00e9 fenntart\u00e1s\u00e1t nehez\u00edt\u0151 esetleges fogazati anom\u00e1li\u00e1j\u00e1t regisztr\u00e1ljuk, majd ennek megfelel\u0151 ell\u00e1t\u00e1st kapnak.\u00a0<\/span><\/p>\n<p style=\"text-align: justify\"><span style=\"font-size: 12pt\">A vizsg\u00e1latban r\u00e9sztvev\u0151 gyermekek sz\u00fclei minden esetben kit\u00f6lt\u00f6ttek egy beleegyez\u0151 nyilatkozatot, a vizsg\u00e1latot v\u00e9gz\u0151 orvos pedig egy r\u00e9szletes k\u00e9rd\u0151\u00edvet, amiben szerepel a p\u00e1ciens \u00e9letkora, a diab\u00e9tesz\u00e9nek t\u00edpusa \u00e9s az inzulinkezel\u00e9s t\u00edpusa, a diab\u00e9tesz fenn\u00e1ll\u00e1s\u00e1nak ideje \u00e9s egy\u00e9b t\u00e1rsbetegs\u00e9gek jelenl\u00e9te. Ezut\u00e1n a klinikai vizsg\u00e1lat ut\u00e1n feljegyz\u00e9sre ker\u00fcltek a sz\u00e1jhigi\u00e9n\u00e9t jellemz\u0151 adatok (OHI-S) a gyermekek fogazati st\u00e1tusza \u00e9s az esetleges orthodontiai anom\u00e1li\u00e1k megl\u00e9te. Tov\u00e1bbi gyermekfog\u00e1szati \u00e9s fogszab\u00e1lyoz\u00e1si kezel\u00e9s sz\u00fcks\u00e9gess\u00e9ge eset\u00e9n a gyermekek id\u0151pontot kaptak hozz\u00e1m a Semmelweis Egyetem Gyermekfog\u00e1szati \u00e9s Fogszab\u00e1lyoz\u00e1si Klinik\u00e1ra. A p\u00e1ciensekr\u0151l az orthodontiai diagn\u00f3zishoz sz\u00fcks\u00e9ges teler\u00f6ntgen \u00e9s panor\u00e1ma r\u00f6ntgenfelv\u00e9teleket, tanulm\u00e1nyi lenyomatokat illetve fot\u00f3dokument\u00e1ci\u00f3t k\u00e9sz\u00edt\u00fcnk.<\/span><\/p>\n<p style=\"text-align: justify\"><span style=\"font-size: 12pt\">A sz\u0171r\u0151vizsg\u00e1latokon t\u00f6bb, mint 400 f\u0151 vett r\u00e9szt, ebb\u0151l 47 esetben m\u00e1r megkezdt\u00fck az orthodontiai kezel\u00e9st, ami lehet\u0151v\u00e9 teszi a diab\u00e9teszes gyermekek gyakori fog\u00e1szati kontrollvizsg\u00e1lat\u00e1t, rendszeres sz\u00e1jhigi\u00e9n\u00e9s instru\u00e1l\u00e1s\u00e1t, motiv\u00e1l\u00e1s\u00e1t.<\/span><\/p>\n<p style=\"text-align: justify\"><span style=\"font-size: 12pt\">Jelent\u0151s k\u00fcl\u00f6nbs\u00e9gekre sz\u00e1m\u00edtunk a diab\u00e9teszes \u00e9s nem diab\u00e9teszes kontrollcsoport fog\u00e1szati param\u00e9tereit \u00e9s sz\u00e1jhigi\u00e9n\u00e9s \u00e1llapot\u00e1t illet\u0151en, l\u00e9v\u00e9n egy motiv\u00e1lt betegcsoportr\u00f3l van sz\u00f3.<\/span><\/p>\n","protected":false},"excerpt":{"rendered":"<p>A kutat\u00f3munk\u00e1t a t\u00e9m\u00e1ban 2018. szeptember\u00e9ben kezdt\u00fck meg. C\u00e9ljaink k\u00f6z\u00f6tt szerepelt a diab\u00e9teszes p\u00e1ciensek fog\u00e1szati probl\u00e9m\u00e1inak r\u00e9szletesebb megismer\u00e9se, sz\u0171r\u00e9se \u00e9s ezzel \u00e9letmin\u0151s\u00e9g\u00fck javul\u00e1s\u00e1nak el\u0151seg\u00edt\u00e9se. Ezen fel\u00fcl egy interdiszciplin\u00e1ris kapcsolatrendszer \u00e9s protokoll kialak\u00edt\u00e1sa, mely el\u0151seg\u00edti a cukorbeteg gyermek p\u00e1ciensek fog\u00e1szati probl\u00e9m\u00e1kkal szembeni prevenci\u00f3j\u00e1t. A 15. \u00e9ven aluli lakoss\u00e1g k\u00f6r\u00e9ben az 1-es t\u00edpus\u00fa diab\u00e9tesz t\u00f6bb, mint 600.000 &hellip;<\/p>\n","protected":false},"author":101231,"featured_media":0,"parent":5097,"menu_order":0,"comment_status":"closed","ping_status":"closed","template":"","meta":{"_acf_changed":false,"footnotes":""},"categories":[],"tags":[],"class_list":["post-6851","page","type-page","status-publish","hentry"],"acf":[],"_links":{"self":[{"href":"https:\/\/semmelweis.hu\/fogpotlastan\/wp-json\/wp\/v2\/pages\/6851","targetHints":{"allow":["GET"]}}],"collection":[{"href":"https:\/\/semmelweis.hu\/fogpotlastan\/wp-json\/wp\/v2\/pages"}],"about":[{"href":"https:\/\/semmelweis.hu\/fogpotlastan\/wp-json\/wp\/v2\/types\/page"}],"author":[{"embeddable":true,"href":"https:\/\/semmelweis.hu\/fogpotlastan\/wp-json\/wp\/v2\/users\/101231"}],"replies":[{"embeddable":true,"href":"https:\/\/semmelweis.hu\/fogpotlastan\/wp-json\/wp\/v2\/comments?post=6851"}],"version-history":[{"count":1,"href":"https:\/\/semmelweis.hu\/fogpotlastan\/wp-json\/wp\/v2\/pages\/6851\/revisions"}],"predecessor-version":[{"id":6852,"href":"https:\/\/semmelweis.hu\/fogpotlastan\/wp-json\/wp\/v2\/pages\/6851\/revisions\/6852"}],"up":[{"embeddable":true,"href":"https:\/\/semmelweis.hu\/fogpotlastan\/wp-json\/wp\/v2\/pages\/5097"}],"wp:attachment":[{"href":"https:\/\/semmelweis.hu\/fogpotlastan\/wp-json\/wp\/v2\/media?parent=6851"}],"wp:term":[{"taxonomy":"category","embeddable":true,"href":"https:\/\/semmelweis.hu\/fogpotlastan\/wp-json\/wp\/v2\/categories?post=6851"},{"taxonomy":"post_tag","embeddable":true,"href":"https:\/\/semmelweis.hu\/fogpotlastan\/wp-json\/wp\/v2\/tags?post=6851"}],"curies":[{"name":"wp","href":"https:\/\/api.w.org\/{rel}","templated":true}]}}