{"id":6845,"date":"2021-02-05T14:06:23","date_gmt":"2021-02-05T13:06:23","guid":{"rendered":"https:\/\/semmelweis.hu\/fogpotlastan\/?page_id=6845"},"modified":"2021-02-09T13:26:28","modified_gmt":"2021-02-09T12:26:28","slug":"dr-abram-emese-keramiak-spektrofotometriai-vizsgalata","status":"publish","type":"page","link":"https:\/\/semmelweis.hu\/fogpotlastan\/kutatas\/phd-kutatasok\/dr-abram-emese-keramiak-spektrofotometriai-vizsgalata\/","title":{"rendered":"Dr. \u00c1br\u00e1m Emese \u2013 Ker\u00e1mi\u00e1k spektrofotometriai vizsg\u00e1lata"},"content":{"rendered":"<p style=\"text-align: justify\">Az elm\u00falt \u00e9vtizedekben az eszt\u00e9tika csaknem annyira fontoss\u00e1 v\u00e1lt, mint a fogp\u00f3tl\u00e1s funkci\u00f3ja, k\u00f6sz\u00f6nhet\u0151en az eszt\u00e9tikus fog\u00e1szati anyagok fejl\u0151d\u00e9s\u00e9nek \u00e9s propag\u00e1l\u00e1s\u00e1nak a n\u00e9pess\u00e9g k\u00f6r\u00e9ben. Az \u00faj anyagok \u00e9s techol\u00f3gi\u00e1k, mint a l\u00edtium-diszilik\u00e1t, a cirk\u00f3nium er\u0151s\u00edt\u00e9s\u0171 l\u00edtium-szilik\u00e1t ker\u00e1mi\u00e1k, hibrid ker\u00e1mi\u00e1k \u00e9s a cirk\u00f3nium-dioxid, valamint a CAD\/CAM-elj\u00e1r\u00e1s \u00faj fejezetet nyitottak a ker\u00e1mi\u00e1k anyagtani kutat\u00e1s\u00e1ban \u00e9s helyes felhaszn\u00e1l\u00e1s\u00e1ban. Az elsz\u00ednez\u0151d\u00f6tt vagy implant\u00e1tummal p\u00f3tolt fogak eszt\u00e9tikus helyre\u00e1ll\u00edt\u00e1s\u00e1hoz alapvet\u0151, hogy ismerj\u00fck az anyagok fizikai param\u00e9tereit, viselked\u00e9s\u00e9t, fed\u0151k\u00e9pess\u00e9g\u00e9t, ez\u00e9rt sz\u00fcks\u00e9gess\u00e9 v\u00e1lt ezen anyagok megismer\u00e9se, komplex optikai \u00e9s anyagtudom\u00e1nyi vizsg\u00e1lata, hiszen ilyen ismeretek n\u00e9lk\u00fcl nem \u00e9rhet\u00fcnk el megfelel\u0151 funkcion\u00e1lis \u00e9s eszt\u00e9tikai eredm\u00e9nyt. <br \/>\nIn vitro kutat\u00e1sunk c\u00e9lja, hogy a tudom\u00e1ny mai \u00e1ll\u00e1sa szerint a ma fellelhet\u0151 legfejlettebb eszk\u00f6zzel, spektrofotom\u00e9ter seg\u00edts\u00e9g\u00e9vel kimutassuk a k\u00fcl\u00f6nb\u00f6z\u0151 anyag\u00fa \u00e9s sz\u00edn\u0171 pill\u00e9rek, a ker\u00e1miavastags\u00e1g \u00e9s -transzlucencia, valamint a cementsz\u00edn hat\u00e1sait a f\u00e9mmentes fogp\u00f3tl\u00e1sok sz\u00edn\u00e9re, valamint standardiz\u00e1lhat\u00f3 m\u00e9r\u00e9si m\u00f3dszert fejlessz\u00fcnk ki a sz\u00ednv\u00e1ltoz\u00e1s megtervez\u00e9s\u00e9hez.<br \/>\nMultidiszciplin\u00e1ris tudom\u00e1nyos munk\u00e1nkban mi fogorvosok, m\u00e9rn\u00f6k\u00f6kkel \u00e9s fizikusokkal dolgozunk egy\u00fctt, hogy a ker\u00e1mi\u00e1k f\u00e9nydinamikai param\u00e9tereit, sz\u00edn\u00e9t, fel\u00fcleti \u00e9rdess\u00e9g\u00e9t, szerkezet\u00e9t \u00e9s szil\u00e1rds\u00e1g\u00e1t vizsg\u00e1ljuk t\u00f6bb t\u00e1rsegyetemmel egy\u00fcttm\u0171k\u00f6dve:<br \/>\n&#8211; A Stockolm University, Department of Materials and Environmental Chemistry tansz\u00e9k\u00e9n dolgoz\u00f3 Prof. Dr. Zhijian James Shennel k\u00f6z\u00f6sen kezdt\u00fck vizsg\u00e1lni a monolotikus cirk\u00f3nium-dioxid anyagokat. Eredm\u00e9nyeink m\u00e1r publik\u00e1l\u00e1sra ker\u00fcltek nemzetk\u00f6zi tudom\u00e1nyos \u00fajs\u00e1gban.<br \/>\n&#8211; A Budapest M\u0171szaki Egyetem Atomfizika Tansz\u00e9k\u00e9n v\u00e9gezz\u00fck a vizsg\u00e1latainkat, amihez vil\u00e1gsz\u00ednvonal\u00fa eszk\u00f6zparkjuk haszn\u00e1lat\u00e1t \u00e9s kiemelked\u0151 elm\u00e9leti tud\u00e1sukat biztos\u00edtj\u00e1k.<br \/>\n&#8211; A Pannon Egyetem, M\u0171szaki Informatikai Kar, Villamosm\u00e9rn\u00f6ki \u00e9s Inform\u00e1ci\u00f3s Rendszerek Tansz\u00e9k seg\u00edts\u00e9g\u00e9vel, Dr. Szab\u00f3 Ferenc PhD. k\u00f6zrem\u0171k\u00f6d\u00e9s\u00e9vel elemezz\u00fck \u00e9s \u00e9rt\u00e9kelj\u00fck eredm\u00e9nyeinket.<br \/>\nKutat\u00e1sunk sor\u00e1n k\u00fcl\u00f6nb\u00f6z\u0151 gy\u00e1rt\u00f3k anyagait vizsg\u00e1ljuk. M\u00e9r\u00e9seket v\u00e9gz\u00fcnk az anyagok sz\u00edn\u00e9vel \u00e9s fed\u0151k\u00e9pess\u00e9g\u00fckkel kapcsolatosan. <br \/>\nA ker\u00e1mi\u00e1k optikai tulajdons\u00e1gain t\u00fal egy\u00e9b anyagtani tulajdons\u00e1gaikat is vizsg\u00e1ljuk, mint a fel\u00fcleti \u00e9rdess\u00e9g \u00e9s az anyagok szerkezete.<br \/>\nKutat\u00e1sunkkal \u00faj dimenzi\u00f3ba sz\u00e1nd\u00e9kozzuk emelni a modern anyagok szakszer\u0171 vizsg\u00e1lat\u00e1t, valamint a CAD\/CAM-technol\u00f3gia \u00e9s a ker\u00e1miaanyagok rohamos fejl\u0151d\u00e9se mellett seg\u00edts\u00e9get ny\u00fajtunk a korszer\u0171 fog\u00e1szati anyagok megfelel\u0151 kiv\u00e1laszt\u00e1s\u00e1hoz.<\/p>\n","protected":false},"excerpt":{"rendered":"<p>Az elm\u00falt \u00e9vtizedekben az eszt\u00e9tika csaknem annyira fontoss\u00e1 v\u00e1lt, mint a fogp\u00f3tl\u00e1s funkci\u00f3ja, k\u00f6sz\u00f6nhet\u0151en az eszt\u00e9tikus fog\u00e1szati anyagok fejl\u0151d\u00e9s\u00e9nek \u00e9s propag\u00e1l\u00e1s\u00e1nak a n\u00e9pess\u00e9g k\u00f6r\u00e9ben. Az \u00faj anyagok \u00e9s techol\u00f3gi\u00e1k, mint a l\u00edtium-diszilik\u00e1t, a cirk\u00f3nium er\u0151s\u00edt\u00e9s\u0171 l\u00edtium-szilik\u00e1t ker\u00e1mi\u00e1k, hibrid ker\u00e1mi\u00e1k \u00e9s a cirk\u00f3nium-dioxid, valamint a CAD\/CAM-elj\u00e1r\u00e1s \u00faj fejezetet nyitottak a ker\u00e1mi\u00e1k anyagtani kutat\u00e1s\u00e1ban \u00e9s helyes felhaszn\u00e1l\u00e1s\u00e1ban. &hellip;<\/p>\n","protected":false},"author":101231,"featured_media":0,"parent":5097,"menu_order":0,"comment_status":"closed","ping_status":"closed","template":"","meta":{"_acf_changed":false,"footnotes":""},"categories":[],"tags":[],"class_list":["post-6845","page","type-page","status-publish","hentry"],"acf":[],"_links":{"self":[{"href":"https:\/\/semmelweis.hu\/fogpotlastan\/wp-json\/wp\/v2\/pages\/6845","targetHints":{"allow":["GET"]}}],"collection":[{"href":"https:\/\/semmelweis.hu\/fogpotlastan\/wp-json\/wp\/v2\/pages"}],"about":[{"href":"https:\/\/semmelweis.hu\/fogpotlastan\/wp-json\/wp\/v2\/types\/page"}],"author":[{"embeddable":true,"href":"https:\/\/semmelweis.hu\/fogpotlastan\/wp-json\/wp\/v2\/users\/101231"}],"replies":[{"embeddable":true,"href":"https:\/\/semmelweis.hu\/fogpotlastan\/wp-json\/wp\/v2\/comments?post=6845"}],"version-history":[{"count":3,"href":"https:\/\/semmelweis.hu\/fogpotlastan\/wp-json\/wp\/v2\/pages\/6845\/revisions"}],"predecessor-version":[{"id":6848,"href":"https:\/\/semmelweis.hu\/fogpotlastan\/wp-json\/wp\/v2\/pages\/6845\/revisions\/6848"}],"up":[{"embeddable":true,"href":"https:\/\/semmelweis.hu\/fogpotlastan\/wp-json\/wp\/v2\/pages\/5097"}],"wp:attachment":[{"href":"https:\/\/semmelweis.hu\/fogpotlastan\/wp-json\/wp\/v2\/media?parent=6845"}],"wp:term":[{"taxonomy":"category","embeddable":true,"href":"https:\/\/semmelweis.hu\/fogpotlastan\/wp-json\/wp\/v2\/categories?post=6845"},{"taxonomy":"post_tag","embeddable":true,"href":"https:\/\/semmelweis.hu\/fogpotlastan\/wp-json\/wp\/v2\/tags?post=6845"}],"curies":[{"name":"wp","href":"https:\/\/api.w.org\/{rel}","templated":true}]}}