{"id":6838,"date":"2021-02-05T13:06:57","date_gmt":"2021-02-05T12:06:57","guid":{"rendered":"https:\/\/semmelweis.hu\/fogpotlastan\/?page_id=6838"},"modified":"2021-02-09T13:28:03","modified_gmt":"2021-02-09T12:28:03","slug":"dr-berze-ildiko-a-dentalis-erozio-in-vivo-vizsgalata","status":"publish","type":"page","link":"https:\/\/semmelweis.hu\/fogpotlastan\/kutatas\/phd-kutatasok\/dr-berze-ildiko-a-dentalis-erozio-in-vivo-vizsgalata\/","title":{"rendered":"Dr. Berze Ildik\u00f3- A dent\u00e1lis er\u00f3zi\u00f3 in vivo vizsg\u00e1lata"},"content":{"rendered":"<p style=\"text-align: justify\">A fog kem\u00e9nysz\u00f6veteinek nem bakteri\u00e1lis sav hat\u00e1s\u00e1ra t\u00f6rt\u00e9n\u0151 old\u00f3d\u00e1sa, azaz a foger\u00f3zi\u00f3, napjaink egyik civiliz\u00e1ci\u00f3s betegs\u00e9ge. A nyers gy\u00fcm\u00f6lcs\u00f6kben \u00e9s -z\u00f6lds\u00e9gekben, ecetes sal\u00e1ta\u00f6ntetekben, frissen facsart gy\u00fcm\u00f6lcslevekben, sport- \u00e9s energiaitalokban el\u0151fordul\u00f3 savak komoly kih\u00edv\u00e1st jelentenek a szervezet sz\u00e1m\u00e1ra, a fogsz\u00f6vetek savas old\u00f3d\u00e1sa szempontj\u00e1b\u00f3l. Ezen fel\u00fcl rendk\u00edv\u00fcl gyakori k\u00f3rk\u00e9p a gasztro-esophage\u00e1lis refluxbetegs\u00e9g (GERD), amelynek sor\u00e1n a sz\u00e1j\u00fcregbe ker\u00fcl\u0151 gyomorsav oldhatja a fog zom\u00e1nc-, dentin- \u00e9s cementsz\u00f6vet\u00e9t.<br \/>\nNem elegend\u0151 kiz\u00e1r\u00f3lag a savas behat\u00e1sok eredm\u00e9nyek\u00e9ppen kialakul\u00f3 fogsz\u00f6vetvesztes\u00e9g BEWE \u00e9s TWI-indexek seg\u00edts\u00e9g\u00e9vel t\u00f6rt\u00e9n\u0151 regisztr\u00e1ci\u00f3ja, fontos felder\u00edteni a sz\u00e1j\u00fcregi kompenz\u00e1l\u00f3 mechanizmusokat is. A nyugalmi- \u00e9s stimul\u00e1lt ny\u00e1l mennyis\u00e9g\u00e9nek, pH \u00e9rt\u00e9k\u00e9nek \u00e9s pufferkapacit\u00e1s\u00e1nak m\u00e9r\u00e9s\u00e9vel \u00e1tfog\u00f3bb k\u00e9pet kapunk az or\u00e1lis st\u00e1tusz etiol\u00f3gi\u00e1j\u00e1r\u00f3l.<br \/>\nA gasztro-enterol\u00f3giai szakemberekkel \u00e1polt szoros kapcsolat eredm\u00e9nyek\u00e9ppen frissen diagnosztiz\u00e1lt refluxos p\u00e1ciensek k\u00f6r\u00e9ben is vizsg\u00e1l\u00f3dunk. A GERD \u00faj klasszifik\u00e1ci\u00f3j\u00e1ban j\u00f3l elk\u00fcl\u00f6n\u00edtett k\u00e9t csoportot, a nyel\u0151cs\u0151 felmar\u00f3d\u00e1ssal j\u00e1r\u00f3 refluxbetegs\u00e9gben (ERD) \u00e9s a nyel\u0151cs\u0151 felmar\u00f3d\u00e1s n\u00e9lk\u00fcli reflux betegs\u00e9gben szenved\u0151 p\u00e1cienseket is bevontuk, k\u00fcl\u00f6n-k\u00fcl\u00f6n vizsg\u00e1lati csoportot kialak\u00edtva sz\u00e1mukra.<\/p>\n<p>Eddig megjelent k\u00f6zlem\u00e9nyek:<br \/>\nMargaritis, Vasileios ; Alaraudanjoki, Viivi ; Laitala, Marja-Liisa ; Anttonen, Vuokko ; Bors, Andreea ; Szekely, Melinda ; Alifragki, Panagiota ; Jasz, Mate ; Berze, Ildiko ; Hermann, Peter et al.<br \/>\nMulticenter study to develop and validate a risk assessment tool as part of composite scoring system for erosive tooth wear<br \/>\nClinical Oral Investigations In press p. In press , 12 p. (2021)<\/p>\n","protected":false},"excerpt":{"rendered":"<p>A fog kem\u00e9nysz\u00f6veteinek nem bakteri\u00e1lis sav hat\u00e1s\u00e1ra t\u00f6rt\u00e9n\u0151 old\u00f3d\u00e1sa, azaz a foger\u00f3zi\u00f3, napjaink egyik civiliz\u00e1ci\u00f3s betegs\u00e9ge. A nyers gy\u00fcm\u00f6lcs\u00f6kben \u00e9s -z\u00f6lds\u00e9gekben, ecetes sal\u00e1ta\u00f6ntetekben, frissen facsart gy\u00fcm\u00f6lcslevekben, sport- \u00e9s energiaitalokban el\u0151fordul\u00f3 savak komoly kih\u00edv\u00e1st jelentenek a szervezet sz\u00e1m\u00e1ra, a fogsz\u00f6vetek savas old\u00f3d\u00e1sa szempontj\u00e1b\u00f3l. Ezen fel\u00fcl rendk\u00edv\u00fcl gyakori k\u00f3rk\u00e9p a gasztro-esophage\u00e1lis refluxbetegs\u00e9g (GERD), amelynek sor\u00e1n a sz\u00e1j\u00fcregbe &hellip;<\/p>\n","protected":false},"author":101231,"featured_media":0,"parent":5097,"menu_order":0,"comment_status":"closed","ping_status":"closed","template":"","meta":{"_acf_changed":false,"footnotes":""},"categories":[],"tags":[],"class_list":["post-6838","page","type-page","status-publish","hentry"],"acf":[],"_links":{"self":[{"href":"https:\/\/semmelweis.hu\/fogpotlastan\/wp-json\/wp\/v2\/pages\/6838","targetHints":{"allow":["GET"]}}],"collection":[{"href":"https:\/\/semmelweis.hu\/fogpotlastan\/wp-json\/wp\/v2\/pages"}],"about":[{"href":"https:\/\/semmelweis.hu\/fogpotlastan\/wp-json\/wp\/v2\/types\/page"}],"author":[{"embeddable":true,"href":"https:\/\/semmelweis.hu\/fogpotlastan\/wp-json\/wp\/v2\/users\/101231"}],"replies":[{"embeddable":true,"href":"https:\/\/semmelweis.hu\/fogpotlastan\/wp-json\/wp\/v2\/comments?post=6838"}],"version-history":[{"count":1,"href":"https:\/\/semmelweis.hu\/fogpotlastan\/wp-json\/wp\/v2\/pages\/6838\/revisions"}],"predecessor-version":[{"id":6839,"href":"https:\/\/semmelweis.hu\/fogpotlastan\/wp-json\/wp\/v2\/pages\/6838\/revisions\/6839"}],"up":[{"embeddable":true,"href":"https:\/\/semmelweis.hu\/fogpotlastan\/wp-json\/wp\/v2\/pages\/5097"}],"wp:attachment":[{"href":"https:\/\/semmelweis.hu\/fogpotlastan\/wp-json\/wp\/v2\/media?parent=6838"}],"wp:term":[{"taxonomy":"category","embeddable":true,"href":"https:\/\/semmelweis.hu\/fogpotlastan\/wp-json\/wp\/v2\/categories?post=6838"},{"taxonomy":"post_tag","embeddable":true,"href":"https:\/\/semmelweis.hu\/fogpotlastan\/wp-json\/wp\/v2\/tags?post=6838"}],"curies":[{"name":"wp","href":"https:\/\/api.w.org\/{rel}","templated":true}]}}