{"id":6835,"date":"2021-02-05T13:02:47","date_gmt":"2021-02-05T12:02:47","guid":{"rendered":"https:\/\/semmelweis.hu\/fogpotlastan\/?page_id=6835"},"modified":"2021-02-09T13:28:18","modified_gmt":"2021-02-09T12:28:18","slug":"dr-vecsei-balint-a-digitalis-lenyomatvetel-pontossaga","status":"publish","type":"page","link":"https:\/\/semmelweis.hu\/fogpotlastan\/kutatas\/phd-kutatasok\/dr-vecsei-balint-a-digitalis-lenyomatvetel-pontossaga\/","title":{"rendered":"Dr. Vecsei B\u00e1lint \u2013 A digit\u00e1lis lenyomatv\u00e9tel pontoss\u00e1ga"},"content":{"rendered":"<p style=\"text-align: justify\">A digit\u00e1lis lenyomatv\u00e9tel \u00e9s az ez alapj\u00e1n k\u00e9sz\u00fcl\u0151 fogp\u00f3tl\u00e1sok ma m\u00e1r nem futurisztikus gondolatok, hanem mindennapjaink r\u00e9sz\u00e9v\u00e9 v\u00e1l\u00f3 eszk\u00f6z\u00f6k \u00e9s lehet\u0151s\u00e9gek. 2011 \u00f3ta a Fogp\u00f3tl\u00e1stani Klinik\u00e1n vizsg\u00e1latokat folytatunk az \u00e1llcsontok digit\u00e1lis lek\u00e9pz\u00e9s\u00e9r\u0151l. T\u00f6bbsz\u00f6r\u00f6s sikeres Kari Kutat\u00e1si P\u00e1ly\u00e1zat eredm\u00e9nyek\u00e9nt nemzetk\u00f6zi foly\u00f3iratban publik\u00e1lt els\u0151szerz\u0151s cikkel bizony\u00edtottuk, hogy b\u00e1r az elj\u00e1r\u00e1s m\u0171k\u00f6d\u0151k\u00e9pes, de mindennapi felhaszn\u00e1l\u00e1sban \u00e9s gy\u00f3gy\u00edt\u00f3 tev\u00e9kenys\u00e9g sor\u00e1n az \u00faj eszk\u00f6z\u00f6k haszn\u00e1lata k\u00f6r\u00fcltekint\u00e9st ig\u00e9nyel.<br \/>\nA kutat\u00e1s sor\u00e1n a digit\u00e1lis lenyomatv\u00e9teli elj\u00e1r\u00e1sok \u00e9s eszk\u00f6z\u00f6k pontoss\u00e1g\u00e1ra keress\u00fck a v\u00e1laszt. A Magyarorsz\u00e1gon forgalmazott eszk\u00f6z\u00f6k bevizsg\u00e1l\u00e1s\u00e1t \u00e9s \u00e9rt\u00e9kel\u00e9s\u00e9t t\u0171zt\u00fck ki c\u00e9lul. A pontoss\u00e1gi \u00e9rt\u00e9kek ISO 5725 szabv\u00e1ny szerinti val\u00f3dis\u00e1g \u00e9s precizit\u00e1s \u00e9rt\u00e9kek alapj\u00e1n ker\u00fclnek kisz\u00e1m\u00edt\u00e1sra in vitro k\u00f6r\u00fclm\u00e9nyek k\u00f6z\u00f6tt.<br \/>\nA vizsg\u00e1lattal az \u00faj elj\u00e1r\u00e1sok korl\u00e1tjaira szeretn\u00e9nk r\u00e1vil\u00e1g\u00edtani, hogy ezzel seg\u00edts\u00fck a min\u0151s\u00e9gi betegell\u00e1t\u00e1st, valamint a k\u00e9sz\u00fcl\u00e9kfejleszt\u00e9sek ir\u00e1ny\u00e1t.<\/p>\n","protected":false},"excerpt":{"rendered":"<p>A digit\u00e1lis lenyomatv\u00e9tel \u00e9s az ez alapj\u00e1n k\u00e9sz\u00fcl\u0151 fogp\u00f3tl\u00e1sok ma m\u00e1r nem futurisztikus gondolatok, hanem mindennapjaink r\u00e9sz\u00e9v\u00e9 v\u00e1l\u00f3 eszk\u00f6z\u00f6k \u00e9s lehet\u0151s\u00e9gek. 2011 \u00f3ta a Fogp\u00f3tl\u00e1stani Klinik\u00e1n vizsg\u00e1latokat folytatunk az \u00e1llcsontok digit\u00e1lis lek\u00e9pz\u00e9s\u00e9r\u0151l. T\u00f6bbsz\u00f6r\u00f6s sikeres Kari Kutat\u00e1si P\u00e1ly\u00e1zat eredm\u00e9nyek\u00e9nt nemzetk\u00f6zi foly\u00f3iratban publik\u00e1lt els\u0151szerz\u0151s cikkel bizony\u00edtottuk, hogy b\u00e1r az elj\u00e1r\u00e1s m\u0171k\u00f6d\u0151k\u00e9pes, de mindennapi felhaszn\u00e1l\u00e1sban \u00e9s gy\u00f3gy\u00edt\u00f3 tev\u00e9kenys\u00e9g &hellip;<\/p>\n","protected":false},"author":101231,"featured_media":0,"parent":5097,"menu_order":0,"comment_status":"closed","ping_status":"closed","template":"","meta":{"_acf_changed":false,"footnotes":""},"categories":[],"tags":[],"class_list":["post-6835","page","type-page","status-publish","hentry"],"acf":[],"_links":{"self":[{"href":"https:\/\/semmelweis.hu\/fogpotlastan\/wp-json\/wp\/v2\/pages\/6835","targetHints":{"allow":["GET"]}}],"collection":[{"href":"https:\/\/semmelweis.hu\/fogpotlastan\/wp-json\/wp\/v2\/pages"}],"about":[{"href":"https:\/\/semmelweis.hu\/fogpotlastan\/wp-json\/wp\/v2\/types\/page"}],"author":[{"embeddable":true,"href":"https:\/\/semmelweis.hu\/fogpotlastan\/wp-json\/wp\/v2\/users\/101231"}],"replies":[{"embeddable":true,"href":"https:\/\/semmelweis.hu\/fogpotlastan\/wp-json\/wp\/v2\/comments?post=6835"}],"version-history":[{"count":1,"href":"https:\/\/semmelweis.hu\/fogpotlastan\/wp-json\/wp\/v2\/pages\/6835\/revisions"}],"predecessor-version":[{"id":6836,"href":"https:\/\/semmelweis.hu\/fogpotlastan\/wp-json\/wp\/v2\/pages\/6835\/revisions\/6836"}],"up":[{"embeddable":true,"href":"https:\/\/semmelweis.hu\/fogpotlastan\/wp-json\/wp\/v2\/pages\/5097"}],"wp:attachment":[{"href":"https:\/\/semmelweis.hu\/fogpotlastan\/wp-json\/wp\/v2\/media?parent=6835"}],"wp:term":[{"taxonomy":"category","embeddable":true,"href":"https:\/\/semmelweis.hu\/fogpotlastan\/wp-json\/wp\/v2\/categories?post=6835"},{"taxonomy":"post_tag","embeddable":true,"href":"https:\/\/semmelweis.hu\/fogpotlastan\/wp-json\/wp\/v2\/tags?post=6835"}],"curies":[{"name":"wp","href":"https:\/\/api.w.org\/{rel}","templated":true}]}}