{"id":6763,"date":"2021-02-02T12:25:37","date_gmt":"2021-02-02T11:25:37","guid":{"rendered":"https:\/\/semmelweis.hu\/fogpotlastan\/?page_id=6763"},"modified":"2021-02-09T13:28:29","modified_gmt":"2021-02-09T12:28:29","slug":"dr-joos-kovacs-gellert-levente-digitalis-lenyomatveteli-eljarasok-alkalmazasa-a-fogaszatban","status":"publish","type":"page","link":"https:\/\/semmelweis.hu\/fogpotlastan\/kutatas\/phd-kutatasok\/dr-joos-kovacs-gellert-levente-digitalis-lenyomatveteli-eljarasok-alkalmazasa-a-fogaszatban\/","title":{"rendered":"Dr. Jo\u00f3s \u2013 Kov\u00e1cs Gell\u00e9rt Levente &#8211; Digit\u00e1lis lenyomatv\u00e9teli elj\u00e1r\u00e1sok alkalmaz\u00e1sa a fog\u00e1szatban"},"content":{"rendered":"<p style=\"text-align: justify\">A fogp\u00f3tl\u00e1sok sz\u00e1m\u00edt\u00f3g\u00e9pes tervez\u00e9se \u00e9s gy\u00e1rt\u00e1sa (CAD\/CAM \u2013 Computer Aided Design\/Computer Assisted Manufacturing) a fog\u00e1szat egyik legdinamikusabban fejl\u0151d\u0151 ter\u00fclete. A fogp\u00f3tl\u00e1sok k\u00e9sz\u00edt\u00e9s\u00e9nek legkritikusabb l\u00e9p\u00e9se a pontos lenyomatv\u00e9tel prepar\u00e1lt vagy prepar\u00e1latlan fogr\u00f3l, implant\u00e1tumr\u00f3l, fogatlan \u00e1llcsontr\u00f3l vagy m\u00e1s sz\u00e1jk\u00e9pletekr\u0151l. Hagyom\u00e1nyosan a fogorvos <span style=\"text-decoration: line-through\">a<\/span> p\u00e1ciens sz\u00e1jk\u00e9pleteire vonatkoz\u00f3 inform\u00e1ci\u00f3kat lenyomatanyagban r\u00f6gz\u00edtett negat\u00edvk\u00e9nt tudja a laborat\u00f3riumba juttatni, majd ezt a negat\u00edvot a fogtechnikus pozit\u00edv gipszmint\u00e1v\u00e1 alak\u00edtja. Ezt a gipszmint\u00e1t a technikus extraor\u00e1lis szkennel\u00e9s sor\u00e1n digitaliz\u00e1lja egy laborat\u00f3riumi szkenner seg\u00edts\u00e9g\u00e9vel. A l\u00e9trej\u00f6tt virtu\u00e1lis mint\u00e1n tervezi meg az elk\u00e9sz\u00fcl\u0151 fogp\u00f3tl\u00e1s v\u00e1z\u00e1t, vagy az anat\u00f3mikus fogp\u00f3tl\u00e1st.<\/p>\n<p style=\"text-align: justify\">A CAD\/CAM technol\u00f3gia kiindul\u00f3pontj\u00e1t jelent\u0151 virtu\u00e1lis minta intraor\u00e1lis digit\u00e1lis lenyomatv\u00e9tellel is elk\u00e9sz\u00edthet\u0151. A fogorvos intraor\u00e1lis szkenner seg\u00edts\u00e9g\u00e9vel a sz\u00e1jk\u00e9pleteket digitaliz\u00e1lja, majd a CAD\/CAM rendszerek tervez\u0151 szoftver\u00e9vel a digit\u00e1lis adatok k\u00f6zvetlen\u00fcl feldolgozhat\u00f3ak. \u00a0Azonban ezzel a m\u00f3dszerrel kapcsolatban is sz\u00e1mot k\u00e9rd\u00e9s mer\u00fcl fel. Hagyom\u00e1nyos technik\u00e1val, extraor\u00e1lis szkennerrel, vagy intraor\u00e1lis szkennerekkel k\u00e9sz\u00edthet\u0151 pontosabb fogp\u00f3tl\u00e1s? Cs\u00f6kkenthet\u0151-e a fogp\u00f3tl\u00e1sok elk\u00e9sz\u00edt\u00e9s\u00e9hez sz\u00fcks\u00e9ges id\u0151 a digit\u00e1lis eszk\u00f6z\u00f6kkel? Mennyire neh\u00e9z egy szkenner haszn\u00e1lata, befoly\u00e1solhatja-e az emberi t\u00e9nyez\u0151 a CAD\/CAM munkafolyamatokat? Munkacsoportunk ilyen, \u00e9s ehhez hasonl\u00f3 k\u00e9rd\u00e9sekre keresi a v\u00e1laszokat.<\/p>\n","protected":false},"excerpt":{"rendered":"<p>A fogp\u00f3tl\u00e1sok sz\u00e1m\u00edt\u00f3g\u00e9pes tervez\u00e9se \u00e9s gy\u00e1rt\u00e1sa (CAD\/CAM \u2013 Computer Aided Design\/Computer Assisted Manufacturing) a fog\u00e1szat egyik legdinamikusabban fejl\u0151d\u0151 ter\u00fclete. A fogp\u00f3tl\u00e1sok k\u00e9sz\u00edt\u00e9s\u00e9nek legkritikusabb l\u00e9p\u00e9se a pontos lenyomatv\u00e9tel prepar\u00e1lt vagy prepar\u00e1latlan fogr\u00f3l, implant\u00e1tumr\u00f3l, fogatlan \u00e1llcsontr\u00f3l vagy m\u00e1s sz\u00e1jk\u00e9pletekr\u0151l. Hagyom\u00e1nyosan a fogorvos a p\u00e1ciens sz\u00e1jk\u00e9pleteire vonatkoz\u00f3 inform\u00e1ci\u00f3kat lenyomatanyagban r\u00f6gz\u00edtett negat\u00edvk\u00e9nt tudja a laborat\u00f3riumba juttatni, majd ezt a &hellip;<\/p>\n","protected":false},"author":101231,"featured_media":0,"parent":5097,"menu_order":0,"comment_status":"closed","ping_status":"closed","template":"","meta":{"_acf_changed":false,"footnotes":""},"categories":[],"tags":[],"class_list":["post-6763","page","type-page","status-publish","hentry"],"acf":[],"_links":{"self":[{"href":"https:\/\/semmelweis.hu\/fogpotlastan\/wp-json\/wp\/v2\/pages\/6763","targetHints":{"allow":["GET"]}}],"collection":[{"href":"https:\/\/semmelweis.hu\/fogpotlastan\/wp-json\/wp\/v2\/pages"}],"about":[{"href":"https:\/\/semmelweis.hu\/fogpotlastan\/wp-json\/wp\/v2\/types\/page"}],"author":[{"embeddable":true,"href":"https:\/\/semmelweis.hu\/fogpotlastan\/wp-json\/wp\/v2\/users\/101231"}],"replies":[{"embeddable":true,"href":"https:\/\/semmelweis.hu\/fogpotlastan\/wp-json\/wp\/v2\/comments?post=6763"}],"version-history":[{"count":1,"href":"https:\/\/semmelweis.hu\/fogpotlastan\/wp-json\/wp\/v2\/pages\/6763\/revisions"}],"predecessor-version":[{"id":6764,"href":"https:\/\/semmelweis.hu\/fogpotlastan\/wp-json\/wp\/v2\/pages\/6763\/revisions\/6764"}],"up":[{"embeddable":true,"href":"https:\/\/semmelweis.hu\/fogpotlastan\/wp-json\/wp\/v2\/pages\/5097"}],"wp:attachment":[{"href":"https:\/\/semmelweis.hu\/fogpotlastan\/wp-json\/wp\/v2\/media?parent=6763"}],"wp:term":[{"taxonomy":"category","embeddable":true,"href":"https:\/\/semmelweis.hu\/fogpotlastan\/wp-json\/wp\/v2\/categories?post=6763"},{"taxonomy":"post_tag","embeddable":true,"href":"https:\/\/semmelweis.hu\/fogpotlastan\/wp-json\/wp\/v2\/tags?post=6763"}],"curies":[{"name":"wp","href":"https:\/\/api.w.org\/{rel}","templated":true}]}}