{"id":6689,"date":"2021-02-01T14:20:40","date_gmt":"2021-02-01T13:20:40","guid":{"rendered":"https:\/\/semmelweis.hu\/fogpotlastan\/?page_id=6689"},"modified":"2021-02-01T14:21:41","modified_gmt":"2021-02-01T13:21:41","slug":"dr-geczi-zoltan-polikationos-polimerek-fogorvosi-alkalmazhatosaganak-vizsgalata","status":"publish","type":"page","link":"https:\/\/semmelweis.hu\/fogpotlastan\/kutatas\/phd-kutatasok\/dr-geczi-zoltan-polikationos-polimerek-fogorvosi-alkalmazhatosaganak-vizsgalata\/","title":{"rendered":"Dr. G\u00e9czi Zolt\u00e1n &#8211; Polikationos polimerek fogorvosi alkalmazhat\u00f3s\u00e1g\u00e1nak vizsg\u00e1lata"},"content":{"rendered":"<p style=\"text-align: justify\"><span style=\"font-size: 12pt\">Jelen munka sor\u00e1n v\u00e9gs\u0151 c\u00e9lunk egy \u00faj antimikrobi\u00e1lis tulajdons\u00e1g\u00fa polimer l\u00e9trehoz\u00e1sa volt, amellyel alternat\u00edv lehet\u0151s\u00e9get szerett\u00fcnk volna biztos\u00edtani a fogsor stomatitis kezel\u00e9s\u00e9re. A karakteriz\u00e1l\u00e1s mellett kidolgoztunk egy olyan mechanizmust a szint\u00e9zisre, ami a mai k\u00e9mia trendekhez alkalmazkodva, mell\u0151zi az er\u0151s reduk\u00e1l\u00f3szerek haszn\u00e1lat\u00e1t, mint pl. a NaBH4.<\/span><br \/>\n<span style=\"font-size: 12pt\">Az \u00e1ltalunk szintetiz\u00e1lt ez\u00fcst-polietil\u00e9nimin (Ag-PEI) polimer-komplex alkalmaz\u00e1si met\u00f3dusa nem k\u00f6veti az \u00e1ltal\u00e1noss\u00e1gban haszn\u00e1latos antimikrobi\u00e1lis anyagok alkalmaz\u00e1si met\u00f3dusait. Ez azt jelenti, hogy a konvencion\u00e1lis hat\u00f3anyagokat nem \u00e9p\u00edtj\u00fck be egy felsz\u00edni bevonatba, egy\u00e9b m\u00f3don alkalmazzuk \u0151ket. Jelen vizsg\u00e1latban hat\u00f3anyagk\u00e9nt, egy polikationos polimert a PEI alkalmaztuk. Az ilyen t\u00edpus\u00fa anyagok antimikrobi\u00e1lis hat\u00e9konys\u00e1ga a fel\u00fclet\u00fck\u00f6n l\u00e9v\u0151 nagy mennyis\u00e9g\u0171 pozit\u00edv t\u00f6lt\u00e9sen alapszik. Ezeken a t\u00f6lt\u00e9seken kereszt\u00fcl tudnak k\u00f6zvetlen\u00fcl kapcsolatot l\u00e9tes\u00edteni a k\u00f3rokoz\u00f3k negat\u00edv t\u00f6lt\u00e9s\u0171 felsz\u00edn\u00e9vel. Ha el\u00e9g nagy mennyis\u00e9gben van jelen a pozit\u00edv t\u00f6lt\u00e9s, akkor a patog\u00e9n mikroorganizmus membr\u00e1nj\u00e1t k\u00e9pes dezorganiz\u00e1lni, \u00e9s nekr\u00f3zist vagy apopt\u00f3zist okozni. Amennyiben alacsonyabb a sz\u00e1ma ezeknek a t\u00f6lt\u00e9seknek, akkor a hat\u00f3anyag endocit\u00f3zissal a sejtbe jutva, a mitokondriumot \u00e9s a DNS-t is k\u00e9pes k\u00e1ros\u00edtani. Ez a tulajdons\u00e1g manaps\u00e1g egyre fontosabb\u00e1 v\u00e1lik, amikor vil\u00e1gszerte n\u00f6vekszik a nozokomi\u00e1lis \u00e9s a multirezisztens fert\u0151z\u00e9sek sz\u00e1ma. Az ehhez hasonl\u00f3 bevonatokat a fogorvosl\u00e1son k\u00edv\u00fcl a k\u00f3rh\u00e1zakban haszn\u00e1latos m\u0171szerek \u00e9s eszk\u00f6z\u00f6k fel\u00fcletkezel\u00e9s\u00e9re is alkalmasak.<\/span><br \/>\n<span style=\"font-size: 12pt\">A fogsorok ny\u00e1lkah\u00e1rtya felsz\u00edn\u00e9nek bevon\u00e1s\u00e1nak l\u00e9nyege, hogy a nano Ag-PEI polimer-komplexet, ami az antimikrobi\u00e1lis hat\u00e1s\u00e9rt felel, viszont v\u00edzold\u00e9konys\u00e1g\u00e1b\u00f3l ad\u00f3d\u00f3an nem k\u00e9pez egy tart\u00f3s bevonatot, kloroformban oldott PLA-val k\u00f6tj\u00fck \u00f6ssze. Az oldat kloroform tartalma k\u00e9pes a mucosa fel\u00e9 tekint\u0151 akril\u00e1t felsz\u00ednek fels\u0151 n\u00e9h\u00e1ny mikrom\u00e9teres r\u00e9sz\u00e9t feloldani \u00e9s ez\u00e1ltal k\u00e9pes a hat\u00f3anyag infiltr\u00e1l\u00f3dni a fogsor anyag\u00e1ba. A kloroform old\u00f3 hat\u00e1sa mellett meg kell eml\u00edteni a permeabiliz\u00e1l\u00f3 hat\u00e1s\u00e1t is. Ennek eredm\u00e9nyek\u00e9pp, a fogsor mikroporozit\u00e1saiban l\u00e9v\u0151 k\u00f3rokoz\u00f3k, de f\u0151leg a C. albicans ellen direkt toxikus hat\u00e1st fejt ki. Az old\u00f3szer elp\u00e1rolg\u00e1sa ut\u00e1n a fogsor felsz\u00edn\u00e9n egy homog\u00e9n, Ag-PEI-PLA r\u00e9teg alakul ki. A kialakult r\u00e9teg p\u00e1r t\u00edz mikrom\u00e9ter vastags\u00e1g\u00fa, \u00edgy nem befoly\u00e1solja a fogsor stabilit\u00e1s\u00e1t. Sz\u00edn\u00e9t tekintve, a v\u00e9konys\u00e1g\u00e1b\u00f3l is ad\u00f3d\u00f3an \u00e1ttetsz\u0151. Ez a r\u00e9teg egyr\u00e9szt kontakthat\u00e1s seg\u00edts\u00e9g\u00e9vel k\u00e9pes a jelen l\u00e9v\u0151 mikroorganizmusokat elpuszt\u00edtani. M\u00e1sfel\u0151l az id\u0151 el\u0151rehaladt\u00e1val \u00e9s a ny\u00e1l hidrolitikus hat\u00e1s\u00e1nak k\u00f6vetkezt\u00e9ben, a PLA degrad\u00e1l\u00f3dik \u00e9s \u00fajabb hat\u00f3anyag molekul\u00e1k szabadulnak fel, \u00edgy egy id\u0151ben elh\u00faz\u00f3d\u00f3bb hat\u00e1st tudunk el\u00e9rni.<\/span><br \/>\n<span style=\"font-size: 12pt\">Vizsg\u00e1lataink alapj\u00e1n kijelenthet\u0151, hogy az \u00e1ltalunk l\u00e9trehozott polimer-komplex nano m\u00e9rettartom\u00e1nyban van. G\u00f6mbszer\u0171 form\u00e1val rendelkezik, ami jelent\u0151s mennyis\u00e9g\u0171 fesz\u00edni pozit\u00edv t\u00f6lt\u00e9st jelent. Ennek a sz\u00e1mnak a nagys\u00e1ga pedig a molekula hat\u00e9konys\u00e1g\u00e1val van \u00f6sszef\u00fcgg\u00e9sben. Antimikrobi\u00e1lis tulajdons\u00e1g\u00e1t tekintve az \u00e1ltalunk vizsg\u00e1lt k\u00f3rokoz\u00f3kkal eset\u00e9ben a leghat\u00e9konyabb a C. albicans ellen volt, ami az els\u0151dlegesen megnevezett k\u00f3rokoz\u00f3 a fogsor stomatitis eset\u00e9n. Az \u00e1ltalunk hozz\u00e1adott nano ez\u00fcst enyh\u00e9n cs\u00f6kkentette az anyag hat\u00e9konys\u00e1g\u00e1t, viszont sokkal nagyobb m\u00e9rt\u00e9kben cs\u00f6kkentette, az alapb\u00f3l is m\u00e9rs\u00e9kelt citotoxicit\u00e1st. Ez a m\u00f3dszer nem hivatott a kor\u00e1bbi kezel\u00e9si m\u00f3dokat kiv\u00e1ltani, ink\u00e1bb egy \u00faj alternat\u00edv\u00e1t \u00e9s egy \u00faj lehet\u0151s\u00e9get pr\u00f3b\u00e1l mutatni a j\u00f6v\u0151re tekintve. <\/span><br \/>\n<span style=\"font-size: 12pt\">\u00d6sszess\u00e9g\u00e9ben az elv\u00e9gzett vizsg\u00e1latok alapj\u00e1n kijelenthetj\u00fck, hogy a klinikai gyakorlatban haszn\u00e1lt rezin alap\u00fa anyagok \u00e9s akril\u00e1tok PEI-vel, vagy Ag-PEI-vel val\u00f3 kombin\u00e1l\u00e1sa, hat\u00e9kony fegyver lehet az or\u00e1lis gyullad\u00e1sokkal szemben.<\/span><\/p>\n","protected":false},"excerpt":{"rendered":"<p>Jelen munka sor\u00e1n v\u00e9gs\u0151 c\u00e9lunk egy \u00faj antimikrobi\u00e1lis tulajdons\u00e1g\u00fa polimer l\u00e9trehoz\u00e1sa volt, amellyel alternat\u00edv lehet\u0151s\u00e9get szerett\u00fcnk volna biztos\u00edtani a fogsor stomatitis kezel\u00e9s\u00e9re. A karakteriz\u00e1l\u00e1s mellett kidolgoztunk egy olyan mechanizmust a szint\u00e9zisre, ami a mai k\u00e9mia trendekhez alkalmazkodva, mell\u0151zi az er\u0151s reduk\u00e1l\u00f3szerek haszn\u00e1lat\u00e1t, mint pl. a NaBH4. Az \u00e1ltalunk szintetiz\u00e1lt ez\u00fcst-polietil\u00e9nimin (Ag-PEI) polimer-komplex alkalmaz\u00e1si met\u00f3dusa nem &hellip;<\/p>\n","protected":false},"author":101231,"featured_media":0,"parent":5097,"menu_order":0,"comment_status":"closed","ping_status":"closed","template":"","meta":{"_acf_changed":false,"footnotes":""},"categories":[],"tags":[],"class_list":["post-6689","page","type-page","status-publish","hentry"],"acf":[],"_links":{"self":[{"href":"https:\/\/semmelweis.hu\/fogpotlastan\/wp-json\/wp\/v2\/pages\/6689","targetHints":{"allow":["GET"]}}],"collection":[{"href":"https:\/\/semmelweis.hu\/fogpotlastan\/wp-json\/wp\/v2\/pages"}],"about":[{"href":"https:\/\/semmelweis.hu\/fogpotlastan\/wp-json\/wp\/v2\/types\/page"}],"author":[{"embeddable":true,"href":"https:\/\/semmelweis.hu\/fogpotlastan\/wp-json\/wp\/v2\/users\/101231"}],"replies":[{"embeddable":true,"href":"https:\/\/semmelweis.hu\/fogpotlastan\/wp-json\/wp\/v2\/comments?post=6689"}],"version-history":[{"count":1,"href":"https:\/\/semmelweis.hu\/fogpotlastan\/wp-json\/wp\/v2\/pages\/6689\/revisions"}],"predecessor-version":[{"id":6690,"href":"https:\/\/semmelweis.hu\/fogpotlastan\/wp-json\/wp\/v2\/pages\/6689\/revisions\/6690"}],"up":[{"embeddable":true,"href":"https:\/\/semmelweis.hu\/fogpotlastan\/wp-json\/wp\/v2\/pages\/5097"}],"wp:attachment":[{"href":"https:\/\/semmelweis.hu\/fogpotlastan\/wp-json\/wp\/v2\/media?parent=6689"}],"wp:term":[{"taxonomy":"category","embeddable":true,"href":"https:\/\/semmelweis.hu\/fogpotlastan\/wp-json\/wp\/v2\/categories?post=6689"},{"taxonomy":"post_tag","embeddable":true,"href":"https:\/\/semmelweis.hu\/fogpotlastan\/wp-json\/wp\/v2\/tags?post=6689"}],"curies":[{"name":"wp","href":"https:\/\/api.w.org\/{rel}","templated":true}]}}