{"id":6685,"date":"2021-02-01T14:16:51","date_gmt":"2021-02-01T13:16:51","guid":{"rendered":"https:\/\/semmelweis.hu\/fogpotlastan\/?page_id=6685"},"modified":"2025-03-26T09:52:28","modified_gmt":"2025-03-26T08:52:28","slug":"dr-nemeth-anna","status":"publish","type":"page","link":"https:\/\/semmelweis.hu\/fogpotlastan\/munkatarsak-terv\/dr-nemeth-anna\/","title":{"rendered":"Dr. N\u00e9meth Anna"},"content":{"rendered":"<p style=\"text-align: justify\"><strong><span style=\"font-size: 12pt\">Tanulm\u00e1nyok, szakk\u00e9pes\u00edt\u00e9s<img loading=\"lazy\" decoding=\"async\" class=\" wp-image-6978 alignright\" src=\"https:\/\/semmelweis.hu\/fogpotlastan\/files\/2021\/03\/Dr.-N\u00e9meth-Anna-267x400.jpg\" alt=\"\" width=\"200\" height=\"300\" srcset=\"https:\/\/semmelweis.hu\/fogpotlastan\/files\/2021\/03\/Dr.-N\u00e9meth-Anna-267x400.jpg 267w, https:\/\/semmelweis.hu\/fogpotlastan\/files\/2021\/03\/Dr.-N\u00e9meth-Anna-683x1024.jpg 683w, https:\/\/semmelweis.hu\/fogpotlastan\/files\/2021\/03\/Dr.-N\u00e9meth-Anna-768x1152.jpg 768w, https:\/\/semmelweis.hu\/fogpotlastan\/files\/2021\/03\/Dr.-N\u00e9meth-Anna-1024x1536.jpg 1024w, https:\/\/semmelweis.hu\/fogpotlastan\/files\/2021\/03\/Dr.-N\u00e9meth-Anna-1365x2048.jpg 1365w, https:\/\/semmelweis.hu\/fogpotlastan\/files\/2021\/03\/Dr.-N\u00e9meth-Anna-753x1130.jpg 753w, https:\/\/semmelweis.hu\/fogpotlastan\/files\/2021\/03\/Dr.-N\u00e9meth-Anna-scaled.jpg 1707w\" sizes=\"auto, (max-width: 200px) 100vw, 200px\" \/><\/span><\/strong><br \/>\n<span style=\"font-size: 12pt\">2023 Fogp\u00f3tl\u00e1stan szakvizsga<br \/>\n2020 Fogorvos diploma \u2013 Semmelweis Egyetem Fogorvostudom\u00e1nyi Kar<br \/>\n<\/span><br \/>\n<strong><span style=\"font-size: 12pt\">Szakmai tapasztalat \/ klinikai el\u0151menetel<\/span><\/strong><br \/>\n<span style=\"font-size: 12pt\">2023- Fogp\u00f3tl\u00e1stan Klinika \u2013 klinikai szakorvos<br \/>\n2020-2023. Fogp\u00f3tl\u00e1stan Klinika \u2013 klinikai orvos<br \/>\n<\/span><br \/>\n<strong><span style=\"font-size: 12pt\">Tudom\u00e1nyos tev\u00e9kenys\u00e9g<\/span><\/strong><br \/>\n<span style=\"font-size: 12pt\">munkacsoport: Digit\u00e1lis Fog\u00e1szati Munkacsoport<\/span><\/p>\n<p style=\"text-align: justify\"><strong><span style=\"font-size: 12pt\">El\u0151ad\u00e1sok<\/span><\/strong><br \/>\n<span style=\"font-size: 12pt\">Semmelweis Egyetem TDK Konferencia 2020: Fog\u00e1szati 3D nyomtatott mint\u00e1k pontoss\u00e1g\u00e1nak \u00f6sszehasonl\u00edt\u00f3 \u00e9rt\u00e9kel\u00e9se<br \/>\n<\/span><span style=\"font-size: 12pt\">Marosv\u00e1s\u00e1rhelyi Tudom\u00e1nyos Di\u00e1kk\u00f6ri Konferencia 2020: Fog\u00e1szati 3D nyomtatott mint\u00e1k pontoss\u00e1g\u00e1nak \u00f6sszehasonl\u00edt\u00f3 \u00e9rt\u00e9kel\u00e9se<br \/>\n<\/span><br \/>\n<span style=\"font-size: 12pt\"><strong>Szakmai szervezeti tags\u00e1gok<\/strong><br \/>\n<\/span><span style=\"font-size: 12pt\">2020- Magyar Orvosi Kamara Fogorvosi Tagozat<\/span><br \/>\n<span style=\"font-size: 12pt\">2020- Gnatol\u00f3giai T\u00e1rsas\u00e1g<\/span><br \/>\n<span style=\"font-size: 12pt\"><br \/>\n<strong>Nyelvismeret<\/strong><\/span><br \/>\n<span style=\"font-size: 12pt\">magyar &#8211; anyanyelv<\/span><br \/>\n<span style=\"font-size: 12pt\">n\u00e9met &#8211; k\u00f6z\u00e9pfok<\/span><br \/>\n<span style=\"font-size: 12pt\">angol &#8211; k\u00f6z\u00e9pfok<\/span><\/p>\n<p><a href=\"https:\/\/m2.mtmt.hu\/gui2\/?type=authors&amp;mode=browse&amp;sel=authors10074120\"><span style=\"font-size: 12pt\">Tudom\u00e1nyos k\u00f6zlem\u00e9nyek<\/span><\/a><\/p>\n<p><span style=\"font-size: 10pt\"><em>Az el\u00e9rhet\u0151s\u00e9gi adatok nem haszn\u00e1lhat\u00f3k fel az 1995. \u00e9vi CXIX. t\u00f6rv\u00e9ny szerinti kutat\u00e1s \u00e9s k\u00f6zvetlen \u00fczletszerz\u00e9s c\u00e9lj\u00e1ra.<\/em><\/span><\/p>\n","protected":false},"excerpt":{"rendered":"<p>Tanulm\u00e1nyok, szakk\u00e9pes\u00edt\u00e9s 2023 Fogp\u00f3tl\u00e1stan szakvizsga 2020 Fogorvos diploma \u2013 Semmelweis Egyetem Fogorvostudom\u00e1nyi Kar Szakmai tapasztalat \/ klinikai el\u0151menetel 2023- Fogp\u00f3tl\u00e1stan Klinika \u2013 klinikai szakorvos 2020-2023. Fogp\u00f3tl\u00e1stan Klinika \u2013 klinikai orvos Tudom\u00e1nyos tev\u00e9kenys\u00e9g munkacsoport: Digit\u00e1lis Fog\u00e1szati Munkacsoport El\u0151ad\u00e1sok Semmelweis Egyetem TDK Konferencia 2020: Fog\u00e1szati 3D nyomtatott mint\u00e1k pontoss\u00e1g\u00e1nak \u00f6sszehasonl\u00edt\u00f3 \u00e9rt\u00e9kel\u00e9se Marosv\u00e1s\u00e1rhelyi Tudom\u00e1nyos Di\u00e1kk\u00f6ri Konferencia 2020: Fog\u00e1szati &hellip;<\/p>\n","protected":false},"author":101231,"featured_media":0,"parent":9019,"menu_order":1,"comment_status":"closed","ping_status":"closed","template":"","meta":{"_acf_changed":false,"footnotes":""},"categories":[],"tags":[],"class_list":["post-6685","page","type-page","status-publish","hentry"],"acf":[],"_links":{"self":[{"href":"https:\/\/semmelweis.hu\/fogpotlastan\/wp-json\/wp\/v2\/pages\/6685","targetHints":{"allow":["GET"]}}],"collection":[{"href":"https:\/\/semmelweis.hu\/fogpotlastan\/wp-json\/wp\/v2\/pages"}],"about":[{"href":"https:\/\/semmelweis.hu\/fogpotlastan\/wp-json\/wp\/v2\/types\/page"}],"author":[{"embeddable":true,"href":"https:\/\/semmelweis.hu\/fogpotlastan\/wp-json\/wp\/v2\/users\/101231"}],"replies":[{"embeddable":true,"href":"https:\/\/semmelweis.hu\/fogpotlastan\/wp-json\/wp\/v2\/comments?post=6685"}],"version-history":[{"count":5,"href":"https:\/\/semmelweis.hu\/fogpotlastan\/wp-json\/wp\/v2\/pages\/6685\/revisions"}],"predecessor-version":[{"id":9557,"href":"https:\/\/semmelweis.hu\/fogpotlastan\/wp-json\/wp\/v2\/pages\/6685\/revisions\/9557"}],"up":[{"embeddable":true,"href":"https:\/\/semmelweis.hu\/fogpotlastan\/wp-json\/wp\/v2\/pages\/9019"}],"wp:attachment":[{"href":"https:\/\/semmelweis.hu\/fogpotlastan\/wp-json\/wp\/v2\/media?parent=6685"}],"wp:term":[{"taxonomy":"category","embeddable":true,"href":"https:\/\/semmelweis.hu\/fogpotlastan\/wp-json\/wp\/v2\/categories?post=6685"},{"taxonomy":"post_tag","embeddable":true,"href":"https:\/\/semmelweis.hu\/fogpotlastan\/wp-json\/wp\/v2\/tags?post=6685"}],"curies":[{"name":"wp","href":"https:\/\/api.w.org\/{rel}","templated":true}]}}