{"id":6630,"date":"2021-02-01T10:46:13","date_gmt":"2021-02-01T09:46:13","guid":{"rendered":"https:\/\/semmelweis.hu\/fogpotlastan\/?page_id=6630"},"modified":"2025-03-26T10:51:35","modified_gmt":"2025-03-26T09:51:35","slug":"dr-schmalzl-judit","status":"publish","type":"page","link":"https:\/\/semmelweis.hu\/fogpotlastan\/munkatarsak-terv\/dr-schmalzl-judit\/","title":{"rendered":"Dr. Schmalzl Judit"},"content":{"rendered":"<p style=\"text-align: justify\"><strong><span style=\"font-size: 12pt\">Tanulm\u00e1nyok, szakk\u00e9pes\u00edt\u00e9s<a href=\"https:\/\/semmelweis.hu\/fogpotlastan\/files\/2024\/07\/Dr.-Schmalzl-Judit-scaled.jpg\"><img loading=\"lazy\" decoding=\"async\" class=\" wp-image-9152 alignright\" src=\"https:\/\/semmelweis.hu\/fogpotlastan\/files\/2024\/07\/Dr.-Schmalzl-Judit-267x400.jpg\" alt=\"\" width=\"190\" height=\"285\" srcset=\"https:\/\/semmelweis.hu\/fogpotlastan\/files\/2024\/07\/Dr.-Schmalzl-Judit-267x400.jpg 267w, https:\/\/semmelweis.hu\/fogpotlastan\/files\/2024\/07\/Dr.-Schmalzl-Judit-683x1024.jpg 683w, https:\/\/semmelweis.hu\/fogpotlastan\/files\/2024\/07\/Dr.-Schmalzl-Judit-768x1152.jpg 768w, https:\/\/semmelweis.hu\/fogpotlastan\/files\/2024\/07\/Dr.-Schmalzl-Judit-1024x1536.jpg 1024w, https:\/\/semmelweis.hu\/fogpotlastan\/files\/2024\/07\/Dr.-Schmalzl-Judit-1365x2048.jpg 1365w, https:\/\/semmelweis.hu\/fogpotlastan\/files\/2024\/07\/Dr.-Schmalzl-Judit-753x1130.jpg 753w, https:\/\/semmelweis.hu\/fogpotlastan\/files\/2024\/07\/Dr.-Schmalzl-Judit-scaled.jpg 1707w\" sizes=\"auto, (max-width: 190px) 100vw, 190px\" \/><\/a><\/span><\/strong><br \/>\n<span style=\"font-size: 12pt\">2023 Fogp\u00f3tl\u00e1stan szakvizsga<br \/>\n2020 Fogorvos diploma \u2013 Semmelweis Egyetem Fogorvostudom\u00e1nyi Kar<\/span><br \/>\n<strong><span style=\"font-size: 12pt\"><br \/>\nSzakmai tapasztalat \/ klinikai el\u0151menetel<\/span><\/strong><br \/>\n<span style=\"font-size: 12pt\">2023- Fogp\u00f3tl\u00e1stan Klinika \u2013 klinikai szakorvos<br \/>\n2020-2023. Fogp\u00f3tl\u00e1stan Klinika \u2013 klinikai orvos<\/span><br \/>\n<span style=\"font-size: 12pt\"><br \/>\n<strong>Tudom\u00e1nyos tev\u00e9kenys\u00e9g<\/strong><\/span><br \/>\n<span style=\"font-size: 12pt\">munkacsoport: \u00c1llkapocs\u00edz\u00fcleti munkacsoport, Digit\u00e1lis fog\u00e1szati munkacsoport<\/span><\/p>\n<p style=\"text-align: justify\"><strong><span style=\"font-size: 12pt\">El\u0151ad\u00e1sok<\/span><\/strong><br \/>\n<span style=\"font-size: 12pt\">Semmelweis Egyetem TDK Konferencia 2020: Digit\u00e1lis lenyomatok pontoss\u00e1ga 9 intraor\u00e1lis szkenner vizsg\u00e1lata alapj\u00e1n<br \/>\n<\/span><span style=\"font-size: 12pt\">Marosv\u00e1s\u00e1rhelyi Tudom\u00e1nyos Di\u00e1kk\u00f6ri Konferencia 2020: Digit\u00e1lis lenyomatok pontoss\u00e1ga 9 intraor\u00e1lis szkenner vizsg\u00e1lata alapj\u00e1n<\/span><\/p>\n<p style=\"text-align: justify\"><strong><span style=\"font-size: 12pt\">Szakmai szervezeti tags\u00e1gok<\/span><\/strong><br \/>\n<span style=\"font-size: 12pt\">2020- Magyar Orvosi Kamara Fogorvosi Tagozat<\/span><br \/>\n<span style=\"font-size: 12pt\">2020- Gnatol\u00f3giai T\u00e1rsas\u00e1g<\/span><br \/>\n<span style=\"font-size: 12pt\"><br \/>\n<strong>Nyelvismeret<\/strong><\/span><br \/>\n<span style=\"font-size: 12pt\">magyar anyanyelv<\/span><br \/>\n<span style=\"font-size: 12pt\">angol fels\u0151fok<\/p>\n<p><a href=\"https:\/\/m2.mtmt.hu\/gui2\/?type=authors&amp;mode=browse&amp;sel=10074121\">Tudom\u00e1nyos k\u00f6zlem\u00e9nyek<\/a><\/span><\/p>\n<p><span style=\"font-size: 12pt\"><em>Az el\u00e9rhet\u0151s\u00e9gi adatok nem haszn\u00e1lhat\u00f3k fel az 1995. \u00e9vi CXIX. t\u00f6rv\u00e9ny szerinti kutat\u00e1s \u00e9s k\u00f6zvetlen \u00fczletszerz\u00e9s c\u00e9lj\u00e1ra.<\/em><\/span><\/p>\n","protected":false},"excerpt":{"rendered":"<p>Tanulm\u00e1nyok, szakk\u00e9pes\u00edt\u00e9s <a href=\"https:\/\/semmelweis.hu\/fogpotlastan\/files\/2024\/07\/Dr.-Schmalzl-Judit-scaled.jpg\"><\/a> 2023 Fogp\u00f3tl\u00e1stan szakvizsga 2020 Fogorvos diploma \u2013 Semmelweis Egyetem Fogorvostudom\u00e1nyi Kar Szakmai tapasztalat \/ klinikai el\u0151menetel 2023- Fogp\u00f3tl\u00e1stan Klinika \u2013 klinikai szakorvos 2020-2023. Fogp\u00f3tl\u00e1stan Klinika \u2013 klinikai orvos Tudom\u00e1nyos tev\u00e9kenys\u00e9g munkacsoport: \u00c1llkapocs\u00edz\u00fcleti munkacsoport, Digit\u00e1lis fog\u00e1szati munkacsoport El\u0151ad\u00e1sok Semmelweis Egyetem TDK Konferencia 2020: Digit\u00e1lis lenyomatok pontoss\u00e1ga 9 intraor\u00e1lis szkenner vizsg\u00e1lata alapj\u00e1n Marosv\u00e1s\u00e1rhelyi Tudom\u00e1nyos Di\u00e1kk\u00f6ri &hellip;<\/p>\n","protected":false},"author":101231,"featured_media":0,"parent":9019,"menu_order":1,"comment_status":"closed","ping_status":"closed","template":"","meta":{"_acf_changed":false,"footnotes":""},"categories":[],"tags":[],"class_list":["post-6630","page","type-page","status-publish","hentry"],"acf":[],"_links":{"self":[{"href":"https:\/\/semmelweis.hu\/fogpotlastan\/wp-json\/wp\/v2\/pages\/6630","targetHints":{"allow":["GET"]}}],"collection":[{"href":"https:\/\/semmelweis.hu\/fogpotlastan\/wp-json\/wp\/v2\/pages"}],"about":[{"href":"https:\/\/semmelweis.hu\/fogpotlastan\/wp-json\/wp\/v2\/types\/page"}],"author":[{"embeddable":true,"href":"https:\/\/semmelweis.hu\/fogpotlastan\/wp-json\/wp\/v2\/users\/101231"}],"replies":[{"embeddable":true,"href":"https:\/\/semmelweis.hu\/fogpotlastan\/wp-json\/wp\/v2\/comments?post=6630"}],"version-history":[{"count":10,"href":"https:\/\/semmelweis.hu\/fogpotlastan\/wp-json\/wp\/v2\/pages\/6630\/revisions"}],"predecessor-version":[{"id":9562,"href":"https:\/\/semmelweis.hu\/fogpotlastan\/wp-json\/wp\/v2\/pages\/6630\/revisions\/9562"}],"up":[{"embeddable":true,"href":"https:\/\/semmelweis.hu\/fogpotlastan\/wp-json\/wp\/v2\/pages\/9019"}],"wp:attachment":[{"href":"https:\/\/semmelweis.hu\/fogpotlastan\/wp-json\/wp\/v2\/media?parent=6630"}],"wp:term":[{"taxonomy":"category","embeddable":true,"href":"https:\/\/semmelweis.hu\/fogpotlastan\/wp-json\/wp\/v2\/categories?post=6630"},{"taxonomy":"post_tag","embeddable":true,"href":"https:\/\/semmelweis.hu\/fogpotlastan\/wp-json\/wp\/v2\/tags?post=6630"}],"curies":[{"name":"wp","href":"https:\/\/api.w.org\/{rel}","templated":true}]}}