{"id":6582,"date":"2021-01-26T09:39:04","date_gmt":"2021-01-26T08:39:04","guid":{"rendered":"https:\/\/semmelweis.hu\/fogpotlastan\/?page_id=6582"},"modified":"2025-03-28T11:16:37","modified_gmt":"2025-03-28T10:16:37","slug":"dr-salata-jozsef","status":"publish","type":"page","link":"https:\/\/semmelweis.hu\/fogpotlastan\/munkatarsak-terv\/dr-salata-jozsef\/","title":{"rendered":"Dr. Sal\u00e1ta J\u00f3zsef"},"content":{"rendered":"<p style=\"text-align: justify\"><strong><span style=\"font-size: 12pt\">Tanulm\u00e1nyok, szakk\u00e9pes\u00edt\u00e9s<a href=\"https:\/\/semmelweis.hu\/fogpotlastan\/files\/2024\/07\/Dr.-Salata-Jozsef-scaled.jpg\"><img loading=\"lazy\" decoding=\"async\" class=\" wp-image-9151 alignright\" src=\"https:\/\/semmelweis.hu\/fogpotlastan\/files\/2024\/07\/Dr.-Salata-Jozsef-267x400.jpg\" alt=\"\" width=\"204\" height=\"306\" srcset=\"https:\/\/semmelweis.hu\/fogpotlastan\/files\/2024\/07\/Dr.-Salata-Jozsef-267x400.jpg 267w, https:\/\/semmelweis.hu\/fogpotlastan\/files\/2024\/07\/Dr.-Salata-Jozsef-683x1024.jpg 683w, https:\/\/semmelweis.hu\/fogpotlastan\/files\/2024\/07\/Dr.-Salata-Jozsef-768x1152.jpg 768w, https:\/\/semmelweis.hu\/fogpotlastan\/files\/2024\/07\/Dr.-Salata-Jozsef-1024x1536.jpg 1024w, https:\/\/semmelweis.hu\/fogpotlastan\/files\/2024\/07\/Dr.-Salata-Jozsef-1365x2048.jpg 1365w, https:\/\/semmelweis.hu\/fogpotlastan\/files\/2024\/07\/Dr.-Salata-Jozsef-753x1130.jpg 753w, https:\/\/semmelweis.hu\/fogpotlastan\/files\/2024\/07\/Dr.-Salata-Jozsef-scaled.jpg 1707w\" sizes=\"auto, (max-width: 204px) 100vw, 204px\" \/><\/a><\/span><\/strong><br \/>\n<span style=\"font-size: 12pt\">2022 Fogp\u00f3tl\u00e1stan szakvizsga<br \/>\n2020-2024. PhD-hallgat\u00f3 &#8211; Semmelweis Egyetem, R\u00e1cz K\u00e1roly Klinikai Orvostudom\u00e1nyok Doktori Iskola<\/span><br \/>\n<span style=\"font-size: 12pt\">2019 Fogorvosi diploma (summa cum laude) \u2013 Semmelweis Egyetem, Fogorvostudom\u00e1nyi Kar<\/span><br \/>\n<span style=\"font-size: 12pt\"><br \/>\n<strong>Szakmai tapasztalat \/ klinikai el\u0151menetel<\/strong><\/span><br \/>\n<span style=\"font-size: 12pt\">2023- Fogp\u00f3tl\u00e1stan Klinika &#8211; egyetemi tan\u00e1rseg\u00e9d<br \/>\n2022-2023. Fogp\u00f3tl\u00e1stan Klinika \u2013 klinikai szakorvos<br \/>\n2019-2022. Fogp\u00f3tl\u00e1stan Klinika \u2013 klinikai orvos<\/span><br \/>\n<span style=\"font-size: 12pt\"><br \/>\n<strong>Tudom\u00e1nyos tev\u00e9kenys\u00e9g<\/strong><\/span><br \/>\n<span style=\"font-size: 12pt\">PhD-t\u00e9ma: A korszer\u0171 fog\u00e1szati ker\u00e1miaanyagok optikai tulajdons\u00e1gainak vizsg\u00e1lata<\/span><br \/>\n<span style=\"font-size: 12pt\">Munkacsoport: CAD\/CAM-anyagtani munkacsoport<\/span><\/p>\n<p><strong><span style=\"font-size: 12pt\">Rektori p\u00e1ly\u00e1zat<\/span><\/strong><br \/>\n<span style=\"font-size: 12pt\">Feh\u00e9r D\u00f3ra, Sal\u00e1ta J\u00f3zsef: \u00dcvegker\u00e1mi\u00e1k spektrofotometriai vizsg\u00e1lata (2018) II. hely<\/span><br \/>\n<span style=\"font-size: 12pt\"><br \/>\n<strong>El\u0151ad\u00e1sok<\/strong><\/span><br \/>\n<span style=\"font-size: 12pt\">Orsz\u00e1gos Tudom\u00e1nyos Di\u00e1kk\u00f6ri Konferencia:<\/span><br \/>\n<span style=\"font-size: 12pt\">\u2022 Feh\u00e9r D\u00f3ra, Sal\u00e1ta J\u00f3zsef: Monolitikus cirk\u00f3nium-dioxid fogp\u00f3tl\u00e1sok anyag\u00e1nak spektrofotometriai vizsg\u00e1lata (2019)<br \/>\n<\/span><span style=\"font-size: 12pt\">Semmelweis Egyetem Tudom\u00e1nyos Di\u00e1kk\u00f6ri Konferencia:<\/span><br \/>\n<span style=\"font-size: 12pt\">\u2022 Feh\u00e9r D\u00f3ra, Sal\u00e1ta J\u00f3zsef: \u00dcvegker\u00e1mia fogp\u00f3tl\u00e1sok v\u00e1rhat\u00f3 sz\u00edn\u00e9nek meghat\u00e1roz\u00e1sa szisztematikus spektrofotometriai m\u00e9r\u00e9ssel (2017)<\/span><br \/>\n<span style=\"font-size: 12pt\">\u2022 Sal\u00e1ta J\u00f3zsef, Feh\u00e9r D\u00f3ra: \u00dcvegker\u00e1mi\u00e1k spektrofotometriai vizsg\u00e1lata (2018)<\/span><br \/>\n<span style=\"font-size: 12pt\">\u2022 Feh\u00e9r D\u00f3ra, Sal\u00e1ta J\u00f3zsef: Monolitikus cirk\u00f3nium-dioxid fogp\u00f3tl\u00e1sok anyag\u00e1nak spektrofotometriai vizsg\u00e1lata (2019) I. hely<br \/>\n<\/span><span style=\"font-size: 12pt\">Hazai tudom\u00e1nyos el\u0151ad\u00e1sok:<\/span><br \/>\n<span style=\"font-size: 12pt\">\u2022 Dr. \u00c1br\u00e1m Emese, Feh\u00e9r D\u00f3ra, Sal\u00e1ta J\u00f3zsef, Dr. Ujhelyi Ferenc, Dr. Gajd\u00e1tsy G\u00e1bor, Dr. Borb\u00e9ly Judit, Prof. Dr. Hermann P\u00e9ter: \u00dcvegker\u00e1mi\u00e1k transzmisszi\u00f3s \u00e9s reflexi\u00f3s vizsg\u00e1lata, MA\u00c1SZT-MFE Kongresszus, Debrecen (2017. 09. 28-30.)<\/span><br \/>\n<span style=\"font-size: 12pt\">\u2022 Dr. \u00c1br\u00e1m Emese, Dr. Sal\u00e1ta J\u00f3zsef, Dr. Feh\u00e9r D\u00f3ra, Beleznai Szabolcs, Dr. Gajd\u00e1tsy G\u00e1bor, Prof. Dr. Hermann P\u00e9ter, Dr. Borb\u00e9ly Judit: Colour Determination of Dental Materials, XVII. Lux et Color Vesprimiensis, Veszpr\u00e9m (2019. 10. 10-11.)<\/span><br \/>\n<span style=\"font-size: 12pt\"><br \/>\n<strong>Szakmai tov\u00e1bbk\u00e9pz\u00e9sek r\u00e9szvev\u0151k\u00e9nt<\/strong><\/span><br \/>\n<span style=\"font-size: 12pt\">Dentist of the Future Contest, 3M Oral Care Solutions Division, International Scientific Conference, Seefeld, N\u00e9metorsz\u00e1g (2019. 09. 04-05.)<\/span><br \/>\n<strong><span style=\"font-size: 12pt\"><br \/>\nNyelvismeret<\/span><\/strong><br \/>\n<span style=\"font-size: 12pt\">magyar anyanyelv<\/span><br \/>\n<span style=\"font-size: 12pt\">angol k\u00f6z\u00e9pfok<\/span><br \/>\n<span style=\"font-size: 12pt\">francia k\u00f6z\u00e9pfok<\/span><br \/>\n<span style=\"font-size: 12pt\"><br \/>\n<strong>Egy\u00e9b<\/strong><\/span><br \/>\n<span style=\"font-size: 12pt\">\u2022\u00a0K\u00f6rm\u00f6czi-p\u00e1lyad\u00edj &#8211; Magyar Fogorvosok Egyes\u00fclete (2024) <br \/>\n\u2022\u00a0Balogh K\u00e1roly Eml\u00e9k\u00e9rem &#8211; Semmelweis Egyetem, Fogorvostudom\u00e1nyi Kar (2019)<\/span><br \/>\n<span style=\"font-size: 12pt\">\u2022 M\u00e1th\u00e9 Gyula Alap\u00edtv\u00e1ny D\u00edja \u2013 Semmelweis Egyetem, Fogorvostudom\u00e1nyi Kar (2019)<\/span><br \/>\n<span style=\"font-size: 12pt\">\u2022 MFE Fogp\u00f3tl\u00e1stani T\u00e1rsas\u00e1g d\u00edja az Orsz\u00e1gos Tudom\u00e1nyos Di\u00e1kk\u00f6ri Konferenci\u00e1n ny\u00fajtott teljes\u00edtm\u00e9ny\u00e9rt (2019)<\/span><\/p>\n<p style=\"text-align: justify\"><span style=\"font-size: 12pt\"><a href=\"https:\/\/m2.mtmt.hu\/gui2\/?type=authors&amp;mode=browse&amp;sel=10078347\">Tudom\u00e1nyos k\u00f6zlem\u00e9nyek<\/a><br \/>\n<\/span><\/p>\n<p style=\"text-align: justify\"><span style=\"font-size: 10pt\"><em>Az el\u00e9rhet\u0151s\u00e9gi adatok nem haszn\u00e1lhat\u00f3k fel az 1995. \u00e9vi CXIX. t\u00f6rv\u00e9ny szerinti kutat\u00e1s \u00e9s k\u00f6zvetlen \u00fczletszerz\u00e9s c\u00e9lj\u00e1ra.<\/em><\/span><\/p>\n","protected":false},"excerpt":{"rendered":"<p>Tanulm\u00e1nyok, szakk\u00e9pes\u00edt\u00e9s <a href=\"https:\/\/semmelweis.hu\/fogpotlastan\/files\/2024\/07\/Dr.-Salata-Jozsef-scaled.jpg\"><\/a> 2022 Fogp\u00f3tl\u00e1stan szakvizsga 2020-2024. PhD-hallgat\u00f3 &#8211; Semmelweis Egyetem, R\u00e1cz K\u00e1roly Klinikai Orvostudom\u00e1nyok Doktori Iskola 2019 Fogorvosi diploma (summa cum laude) \u2013 Semmelweis Egyetem, Fogorvostudom\u00e1nyi Kar Szakmai tapasztalat \/ klinikai el\u0151menetel 2023- Fogp\u00f3tl\u00e1stan Klinika &#8211; egyetemi tan\u00e1rseg\u00e9d 2022-2023. Fogp\u00f3tl\u00e1stan Klinika \u2013 klinikai szakorvos 2019-2022. Fogp\u00f3tl\u00e1stan Klinika \u2013 klinikai orvos Tudom\u00e1nyos tev\u00e9kenys\u00e9g PhD-t\u00e9ma: A korszer\u0171 &hellip;<\/p>\n","protected":false},"author":101231,"featured_media":0,"parent":9019,"menu_order":1,"comment_status":"closed","ping_status":"closed","template":"","meta":{"_acf_changed":false,"footnotes":""},"categories":[],"tags":[],"class_list":["post-6582","page","type-page","status-publish","hentry"],"acf":[],"_links":{"self":[{"href":"https:\/\/semmelweis.hu\/fogpotlastan\/wp-json\/wp\/v2\/pages\/6582","targetHints":{"allow":["GET"]}}],"collection":[{"href":"https:\/\/semmelweis.hu\/fogpotlastan\/wp-json\/wp\/v2\/pages"}],"about":[{"href":"https:\/\/semmelweis.hu\/fogpotlastan\/wp-json\/wp\/v2\/types\/page"}],"author":[{"embeddable":true,"href":"https:\/\/semmelweis.hu\/fogpotlastan\/wp-json\/wp\/v2\/users\/101231"}],"replies":[{"embeddable":true,"href":"https:\/\/semmelweis.hu\/fogpotlastan\/wp-json\/wp\/v2\/comments?post=6582"}],"version-history":[{"count":10,"href":"https:\/\/semmelweis.hu\/fogpotlastan\/wp-json\/wp\/v2\/pages\/6582\/revisions"}],"predecessor-version":[{"id":9581,"href":"https:\/\/semmelweis.hu\/fogpotlastan\/wp-json\/wp\/v2\/pages\/6582\/revisions\/9581"}],"up":[{"embeddable":true,"href":"https:\/\/semmelweis.hu\/fogpotlastan\/wp-json\/wp\/v2\/pages\/9019"}],"wp:attachment":[{"href":"https:\/\/semmelweis.hu\/fogpotlastan\/wp-json\/wp\/v2\/media?parent=6582"}],"wp:term":[{"taxonomy":"category","embeddable":true,"href":"https:\/\/semmelweis.hu\/fogpotlastan\/wp-json\/wp\/v2\/categories?post=6582"},{"taxonomy":"post_tag","embeddable":true,"href":"https:\/\/semmelweis.hu\/fogpotlastan\/wp-json\/wp\/v2\/tags?post=6582"}],"curies":[{"name":"wp","href":"https:\/\/api.w.org\/{rel}","templated":true}]}}