{"id":6576,"date":"2021-01-26T09:30:11","date_gmt":"2021-01-26T08:30:11","guid":{"rendered":"https:\/\/semmelweis.hu\/fogpotlastan\/?page_id=6576"},"modified":"2025-03-26T09:45:41","modified_gmt":"2025-03-26T08:45:41","slug":"dr-nagy-lilien","status":"publish","type":"page","link":"https:\/\/semmelweis.hu\/fogpotlastan\/munkatarsak-terv\/dr-nagy-lilien\/","title":{"rendered":"Dr. Nagy Lilien"},"content":{"rendered":"<p><strong><span style=\"font-size: 12pt\">Tanulm\u00e1nyok, szakk\u00e9pes\u00edt\u00e9s:<img loading=\"lazy\" decoding=\"async\" class=\"size-medium wp-image-5582 alignright\" src=\"https:\/\/semmelweis.hu\/fogpotlastan\/files\/2019\/10\/Dr.-Nagy-Lilien-200x300.jpg\" alt=\"\" width=\"200\" height=\"300\" srcset=\"https:\/\/semmelweis.hu\/fogpotlastan\/files\/2019\/10\/Dr.-Nagy-Lilien-200x300.jpg 200w, https:\/\/semmelweis.hu\/fogpotlastan\/files\/2019\/10\/Dr.-Nagy-Lilien.jpg 500w\" sizes=\"auto, (max-width: 200px) 100vw, 200px\" \/><\/span><\/strong><br \/>\n<span style=\"font-size: 12pt\">2022 Fogp\u00f3tl\u00e1stan szakvizsga<br \/>\n2019-2022. Fogp\u00f3tl\u00e1stan rezidens<\/span><br \/>\n<span style=\"font-size: 12pt\">2019 Fogorvos diploma \u2013 Semmelweis Egyetem Fogorvostudom\u00e1nyi Kar<br \/>\n<\/span><br \/>\n<strong><span style=\"font-size: 12pt\">Szakmai tapasztalat \/ klinikai el\u0151menetel:<\/span><\/strong><br \/>\n<span style=\"font-size: 12pt\">2022- Fogp\u00f3tl\u00e1stan Klinika \u2013 klinikai szakorvos<br \/>\n2019-2022. Fogp\u00f3tl\u00e1stan Klinika \u2013 klinikai orvos<\/span><br \/>\n<span style=\"font-size: 12pt\"><br \/>\n<strong>Tudom\u00e1nyos tev\u00e9kenys\u00e9g:<\/strong><\/span><br \/>\n<span style=\"font-size: 12pt\">munkacsoport: Er\u00f3zi\u00f3s munkacsoport<\/span><\/p>\n<p><strong><span style=\"font-size: 12pt\">Nyelvismeret:<\/span><\/strong><br \/>\n<span style=\"font-size: 12pt\">magyar &#8211; anyanyelv<\/span><br \/>\n<span style=\"font-size: 12pt\">angol &#8211; k\u00f6z\u00e9pfok<\/span><br \/>\n<span style=\"font-size: 12pt\">n\u00e9met &#8211; alapszint\u0171 ismeretek<\/span><\/p>\n<p><span style=\"font-size: 10pt\"><em>Az el\u00e9rhet\u0151s\u00e9gi adatok nem haszn\u00e1lhat\u00f3k fel az 1995. \u00e9vi CXIX. t\u00f6rv\u00e9ny szerinti kutat\u00e1s \u00e9s k\u00f6zvetlen \u00fczletszerz\u00e9s c\u00e9lj\u00e1ra.<\/em><\/span><\/p>\n","protected":false},"excerpt":{"rendered":"<p>Tanulm\u00e1nyok, szakk\u00e9pes\u00edt\u00e9s: 2022 Fogp\u00f3tl\u00e1stan szakvizsga 2019-2022. Fogp\u00f3tl\u00e1stan rezidens 2019 Fogorvos diploma \u2013 Semmelweis Egyetem Fogorvostudom\u00e1nyi Kar Szakmai tapasztalat \/ klinikai el\u0151menetel: 2022- Fogp\u00f3tl\u00e1stan Klinika \u2013 klinikai szakorvos 2019-2022. Fogp\u00f3tl\u00e1stan Klinika \u2013 klinikai orvos Tudom\u00e1nyos tev\u00e9kenys\u00e9g: munkacsoport: Er\u00f3zi\u00f3s munkacsoport Nyelvismeret: magyar &#8211; anyanyelv angol &#8211; k\u00f6z\u00e9pfok n\u00e9met &#8211; alapszint\u0171 ismeretek Az el\u00e9rhet\u0151s\u00e9gi adatok nem haszn\u00e1lhat\u00f3k fel &hellip;<\/p>\n","protected":false},"author":101231,"featured_media":0,"parent":9019,"menu_order":1,"comment_status":"closed","ping_status":"closed","template":"","meta":{"_acf_changed":false,"footnotes":""},"categories":[],"tags":[],"class_list":["post-6576","page","type-page","status-publish","hentry"],"acf":[],"_links":{"self":[{"href":"https:\/\/semmelweis.hu\/fogpotlastan\/wp-json\/wp\/v2\/pages\/6576","targetHints":{"allow":["GET"]}}],"collection":[{"href":"https:\/\/semmelweis.hu\/fogpotlastan\/wp-json\/wp\/v2\/pages"}],"about":[{"href":"https:\/\/semmelweis.hu\/fogpotlastan\/wp-json\/wp\/v2\/types\/page"}],"author":[{"embeddable":true,"href":"https:\/\/semmelweis.hu\/fogpotlastan\/wp-json\/wp\/v2\/users\/101231"}],"replies":[{"embeddable":true,"href":"https:\/\/semmelweis.hu\/fogpotlastan\/wp-json\/wp\/v2\/comments?post=6576"}],"version-history":[{"count":5,"href":"https:\/\/semmelweis.hu\/fogpotlastan\/wp-json\/wp\/v2\/pages\/6576\/revisions"}],"predecessor-version":[{"id":9556,"href":"https:\/\/semmelweis.hu\/fogpotlastan\/wp-json\/wp\/v2\/pages\/6576\/revisions\/9556"}],"up":[{"embeddable":true,"href":"https:\/\/semmelweis.hu\/fogpotlastan\/wp-json\/wp\/v2\/pages\/9019"}],"wp:attachment":[{"href":"https:\/\/semmelweis.hu\/fogpotlastan\/wp-json\/wp\/v2\/media?parent=6576"}],"wp:term":[{"taxonomy":"category","embeddable":true,"href":"https:\/\/semmelweis.hu\/fogpotlastan\/wp-json\/wp\/v2\/categories?post=6576"},{"taxonomy":"post_tag","embeddable":true,"href":"https:\/\/semmelweis.hu\/fogpotlastan\/wp-json\/wp\/v2\/tags?post=6576"}],"curies":[{"name":"wp","href":"https:\/\/api.w.org\/{rel}","templated":true}]}}