{"id":6262,"date":"2020-08-27T09:16:21","date_gmt":"2020-08-27T07:16:21","guid":{"rendered":"https:\/\/semmelweis.hu\/fogpotlastan\/?page_id=6262"},"modified":"2025-09-05T15:09:01","modified_gmt":"2025-09-05T13:09:01","slug":"omhv-deutsch","status":"publish","type":"page","link":"https:\/\/semmelweis.hu\/fogpotlastan\/de\/nemet\/omhv-deutsch\/","title":{"rendered":"Feedback der Studierenden"},"content":{"rendered":"<p style=\"text-align: center\">Feedback der Studierenden<\/p>\n<p><strong>2024\/2025 I. Semester<\/strong><\/p>\n<p><a href=\"https:\/\/semmelweis.hu\/fogpotlastan\/files\/2025\/02\/Intezkedesi-terv-nemet.pdf\">Aktionsplan 2024\/2025 II.<\/a><\/p>\n<p><strong>2022\/2023 II. Semester<\/strong><\/p>\n<p><a href=\"https:\/\/semmelweis.hu\/fogpotlastan\/files\/2023\/09\/Intezkedesi-terv-nemet-202223II.pdf\">Aktionsplan 2022\/2023 II.<\/a><\/p>\n<p><strong>2022\/2023 I. Semester<\/strong><\/p>\n<p><a href=\"https:\/\/semmelweis.hu\/fogpotlastan\/files\/2023\/03\/Intezkedesi-terv-nemet-202223I.pdf\">Aktionsplan 2022\/2023 I.<\/a><\/p>\n<p><strong>2021\/2022 I. Semester<\/strong><\/p>\n<p><a href=\"https:\/\/semmelweis.hu\/fogpotlastan\/files\/2022\/03\/Intezkedesi-terv-nemet-202122I.pdf\">Aktionsplan 2021\/2022 I.<\/a><\/p>\n<p><strong>2020\/2021 II. Semester<\/strong><\/p>\n<p><a href=\"https:\/\/semmelweis.hu\/fogpotlastan\/files\/2021\/09\/Int\u00e9zked\u00e9si-terv-n\u00e9met-202122I.pdf\">Aktionsplan 2020\/2021 II.<\/a><\/p>\n<p><strong>2020\/2021 I. Semester<\/strong><\/p>\n<table style=\"width: 89.7285%;height: 154px\">\n<tbody>\n<tr style=\"height: 30px\">\n<td style=\"text-align: center;height: 30px;width: 25.3414%\" width=\"113\">Kode<\/td>\n<td style=\"text-align: center;height: 30px;width: 53.7177%\" width=\"346\">Name des Unterrichtsfaches<\/td>\n<td style=\"text-align: center;height: 30px;width: 20.7891%\" width=\"138\">Klinik<\/td>\n<\/tr>\n<tr style=\"height: 57px\">\n<td style=\"height: 10px;width: 25.3414%\">FOKOFPK050_2N<\/td>\n<td style=\"height: 10px;width: 53.7177%\"><a href=\"https:\/\/semmelweis.hu\/fogpotlastan\/files\/2021\/03\/Fogp\u00f3t-II-DE.pdf\">Zahn\u00e4rztliche Prothetik II.<\/a><\/td>\n<td style=\"height: 10px;width: 20.7891%\">Klinik f\u00fcr Zahn\u00e4rztliche Prothetik<\/td>\n<\/tr>\n<tr style=\"height: 57px\">\n<td style=\"height: 57px;width: 25.3414%\">FOKOFPK154_1N<\/td>\n<td style=\"height: 57px;width: 53.7177%\"><a href=\"https:\/\/semmelweis.hu\/fogpotlastan\/files\/2021\/03\/Odonto-I-DE.pdf\">Odontotechnologie und Prothetische Prop\u00e4deutik I.<\/a><\/td>\n<td style=\"height: 57px;width: 20.7891%\">Klinik f\u00fcr Zahn\u00e4rztliche Prothetik<\/td>\n<\/tr>\n<tr style=\"height: 57px\">\n<td style=\"height: 57px;width: 25.3414%\">FOKOFPK248_1N<\/td>\n<td style=\"height: 57px;width: 53.7177%\"><a href=\"https:\/\/semmelweis.hu\/fogpotlastan\/files\/2021\/03\/Gnatol\u00f3gia-DE.pdf\">Gnathologie<\/a><\/td>\n<td style=\"height: 57px;width: 20.7891%\">Klinik f\u00fcr Zahn\u00e4rztliche Prothetik<\/td>\n<\/tr>\n<\/tbody>\n<\/table>\n<p>\n<a href=\"https:\/\/semmelweis.hu\/fogpotlastan\/files\/2020\/08\/Int\u00e9zked\u00e9si-terv-2020.-n\u00e9met.pdf\">Aktionsplan 2020\/2021 I.<\/a><\/p>\n<p>\n<strong>2019\/2020 II. Semester\u00a0<\/strong><\/p>\n<table style=\"width: 100%;height: 682px\">\n<tbody>\n<tr style=\"height: 57px\">\n<td style=\"text-align: center;width: 147px;height: 10px\">Kode<\/td>\n<td style=\"text-align: center;width: 318px;height: 10px\">Name des Unterrichtsfaches<\/td>\n<td style=\"text-align: center;width: 134px;height: 10px\">Klinik<\/td>\n<td style=\"text-align: center;width: 172px;height: 10px\">OFMSZK Gesamtpunktzahl<\/td>\n<\/tr>\n<tr style=\"height: 84px\">\n<td style=\"width: 147px;height: 84px\">FOKOFPK017_1N<\/td>\n<td style=\"width: 318px;height: 84px\"><a href=\"https:\/\/semmelweis.hu\/fogpotlastan\/files\/2020\/08\/Fog\u00e1szati-\u00e1ltal\u00e1nos-anyagtan-DE.pdf\">Zahn\u00e4rztliche Materialkunde<\/a><\/td>\n<td style=\"width: 134px;height: 84px\">Klinik f\u00fcr Zahn\u00e4rztliche Prothetik<\/td>\n<td style=\"text-align: center;width: 172px;height: 84px\">-22,5<\/td>\n<\/tr>\n<tr style=\"height: 84px\">\n<td style=\"width: 147px;height: 84px\">FOKOFPK050_1N<\/td>\n<td style=\"width: 318px;height: 84px\"><a href=\"https:\/\/semmelweis.hu\/fogpotlastan\/files\/2020\/08\/Fogp\u00f3tl\u00e1stan-I.-DE.pdf\">Zahn\u00e4rztliche Prothetik I.<\/a><\/td>\n<td style=\"width: 134px;height: 84px\">Klinik f\u00fcr Zahn\u00e4rztliche Prothetik<\/td>\n<td style=\"text-align: center;width: 172px;height: 84px\">2<\/td>\n<\/tr>\n<tr style=\"height: 84px\">\n<td style=\"width: 147px;height: 84px\">FOKOFPK050_3N<\/td>\n<td style=\"width: 318px;height: 84px\"><a href=\"https:\/\/semmelweis.hu\/fogpotlastan\/files\/2020\/08\/Fogp\u00f3tl\u00e1stan-III..pdf\">Zahn\u00e4rztliche Prothetik III.<\/a><\/td>\n<td style=\"width: 134px;height: 84px\">Klinik f\u00fcr Zahn\u00e4rztliche Prothetik<\/td>\n<td style=\"text-align: center;width: 172px;height: 84px\">2<\/td>\n<\/tr>\n<tr style=\"height: 84px\">\n<td style=\"width: 147px;height: 84px\">FOKOFPK050_5N<\/td>\n<td style=\"width: 318px;height: 84px\"><a href=\"https:\/\/semmelweis.hu\/fogpotlastan\/files\/2020\/08\/Fogp\u00f3tl\u00e1stan-V.-050DE.pdf\">Zahn\u00e4rztliche Prothetik V.<\/a><\/td>\n<td style=\"width: 134px;height: 84px\">Klinik f\u00fcr Zahn\u00e4rztliche Prothetik<\/td>\n<td style=\"text-align: center;width: 172px;height: 84px\">0<\/td>\n<\/tr>\n<tr style=\"height: 84px\">\n<td style=\"width: 147px;height: 84px\">FOKOFPK154_2N<\/td>\n<td style=\"width: 318px;height: 84px\"><a href=\"https:\/\/semmelweis.hu\/fogpotlastan\/files\/2020\/08\/Odontotechnol\u00f3gia-\u00e9s-Fogp\u00f3tl\u00e1stanipropedeutika-II.-DE.pdf\">Odontotechnologie und Protetische Prop\u00e4deutik II.<\/a><\/td>\n<td style=\"width: 134px;height: 84px\">Klinik f\u00fcr Zahn\u00e4rztliche Prothetik<\/td>\n<td style=\"text-align: center;width: 172px;height: 84px\">-4<\/td>\n<\/tr>\n<tr style=\"height: 84px\">\n<td style=\"width: 147px;height: 84px\">FOKOFPK188_2N<\/td>\n<td style=\"width: 318px;height: 84px\"><a href=\"https:\/\/semmelweis.hu\/fogpotlastan\/files\/2020\/08\/Klinikai-fog\u00e1szat-II.-DE.pdf\">Klinische Zahnheilkunde II.<\/a><\/td>\n<td style=\"width: 134px;height: 84px\">Klinik f\u00fcr Zahn\u00e4rztliche Prothetik<\/td>\n<td style=\"text-align: center;width: 172px;height: 84px\">-5<\/td>\n<\/tr>\n<tr style=\"height: 84px\">\n<td style=\"width: 147px;height: 84px\">FOKOFPK253_5N<\/td>\n<td style=\"width: 318px;height: 84px\"><a href=\"https:\/\/semmelweis.hu\/fogpotlastan\/files\/2020\/08\/Fogp\u00f3tl\u00e1stan-V.-ENG.pdf\">Zahn\u00e4rztliche Prothetik V.<\/a><\/td>\n<td style=\"width: 134px;height: 84px\">Klinik f\u00fcr Zahn\u00e4rztliche Prothetik<\/td>\n<td style=\"text-align: center;width: 172px;height: 84px\">-7,5<\/td>\n<\/tr>\n<tr style=\"height: 84px\">\n<td style=\"width: 147px;height: 84px\">FOKOFPK261_2N<\/td>\n<td style=\"width: 318px;height: 84px\"><a href=\"https:\/\/semmelweis.hu\/fogpotlastan\/files\/2020\/08\/Klinikai-fog\u00e1szat-II.-DE.pdf\">Klinische Zahnheilkunde II.<\/a><\/td>\n<td style=\"width: 134px;height: 84px\">Klinik f\u00fcr Zahn\u00e4rztliche Prothetik<\/td>\n<td style=\"text-align: center;width: 172px;height: 84px\">-5<\/td>\n<\/tr>\n<\/tbody>\n<\/table>\n<p>&nbsp;<\/p>\n<p>&nbsp;<\/p>\n","protected":false},"excerpt":{"rendered":"<p>Feedback der Studierenden 2024\/2025 I. Semester <a href=\"https:\/\/semmelweis.hu\/fogpotlastan\/files\/2025\/02\/Intezkedesi-terv-nemet.pdf\">Aktionsplan 2024\/2025 II.<\/a> 2022\/2023 II. Semester <a href=\"https:\/\/semmelweis.hu\/fogpotlastan\/files\/2023\/09\/Intezkedesi-terv-nemet-202223II.pdf\">Aktionsplan 2022\/2023 II.<\/a> 2022\/2023 I. Semester <a href=\"https:\/\/semmelweis.hu\/fogpotlastan\/files\/2023\/03\/Intezkedesi-terv-nemet-202223I.pdf\">Aktionsplan 2022\/2023 I.<\/a> 2021\/2022 I. Semester <a href=\"https:\/\/semmelweis.hu\/fogpotlastan\/files\/2022\/03\/Intezkedesi-terv-nemet-202122I.pdf\">Aktionsplan 2021\/2022 I.<\/a> 2020\/2021 II. Semester <a href=\"https:\/\/semmelweis.hu\/fogpotlastan\/files\/2021\/09\/Int\u00e9zked\u00e9si-terv-n\u00e9met-202122I.pdf\">Aktionsplan 2020\/2021 II.<\/a> 2020\/2021 I. Semester Kode Name des Unterrichtsfaches Klinik FOKOFPK050_2N <a href=\"https:\/\/semmelweis.hu\/fogpotlastan\/files\/2021\/03\/Fogp\u00f3t-II-DE.pdf\">Zahn\u00e4rztliche Prothetik II.<\/a> Klinik f\u00fcr Zahn\u00e4rztliche Prothetik FOKOFPK154_1N <a href=\"https:\/\/semmelweis.hu\/fogpotlastan\/files\/2021\/03\/Odonto-I-DE.pdf\">Odontotechnologie und Prothetische Prop\u00e4deutik I.<\/a> Klinik f\u00fcr Zahn\u00e4rztliche Prothetik FOKOFPK248_1N <a href=\"https:\/\/semmelweis.hu\/fogpotlastan\/files\/2021\/03\/Gnatol\u00f3gia-DE.pdf\">Gnathologie<\/a> Klinik f\u00fcr Zahn\u00e4rztliche Prothetik <a href=\"https:\/\/semmelweis.hu\/fogpotlastan\/files\/2020\/08\/Int\u00e9zked\u00e9si-terv-2020.-n\u00e9met.pdf\">Aktionsplan 2020\/2021 I.<\/a> 2019\/2020 II. Semester\u00a0 Kode Name des Unterrichtsfaches Klinik OFMSZK Gesamtpunktzahl FOKOFPK017_1N <a href=\"https:\/\/semmelweis.hu\/fogpotlastan\/files\/2020\/08\/Fog\u00e1szati-\u00e1ltal\u00e1nos-anyagtan-DE.pdf\">Zahn\u00e4rztliche Materialkunde<\/a> Klinik f\u00fcr Zahn\u00e4rztliche &hellip;<\/p>\n","protected":false},"author":101231,"featured_media":0,"parent":221,"menu_order":7,"comment_status":"closed","ping_status":"closed","template":"","meta":{"_acf_changed":false,"footnotes":""},"categories":[],"tags":[],"class_list":["post-6262","page","type-page","status-publish","hentry"],"acf":[],"_links":{"self":[{"href":"https:\/\/semmelweis.hu\/fogpotlastan\/wp-json\/wp\/v2\/pages\/6262","targetHints":{"allow":["GET"]}}],"collection":[{"href":"https:\/\/semmelweis.hu\/fogpotlastan\/wp-json\/wp\/v2\/pages"}],"about":[{"href":"https:\/\/semmelweis.hu\/fogpotlastan\/wp-json\/wp\/v2\/types\/page"}],"author":[{"embeddable":true,"href":"https:\/\/semmelweis.hu\/fogpotlastan\/wp-json\/wp\/v2\/users\/101231"}],"replies":[{"embeddable":true,"href":"https:\/\/semmelweis.hu\/fogpotlastan\/wp-json\/wp\/v2\/comments?post=6262"}],"version-history":[{"count":11,"href":"https:\/\/semmelweis.hu\/fogpotlastan\/wp-json\/wp\/v2\/pages\/6262\/revisions"}],"predecessor-version":[{"id":9471,"href":"https:\/\/semmelweis.hu\/fogpotlastan\/wp-json\/wp\/v2\/pages\/6262\/revisions\/9471"}],"up":[{"embeddable":true,"href":"https:\/\/semmelweis.hu\/fogpotlastan\/wp-json\/wp\/v2\/pages\/221"}],"wp:attachment":[{"href":"https:\/\/semmelweis.hu\/fogpotlastan\/wp-json\/wp\/v2\/media?parent=6262"}],"wp:term":[{"taxonomy":"category","embeddable":true,"href":"https:\/\/semmelweis.hu\/fogpotlastan\/wp-json\/wp\/v2\/categories?post=6262"},{"taxonomy":"post_tag","embeddable":true,"href":"https:\/\/semmelweis.hu\/fogpotlastan\/wp-json\/wp\/v2\/tags?post=6262"}],"curies":[{"name":"wp","href":"https:\/\/api.w.org\/{rel}","templated":true}]}}