{"id":6194,"date":"2020-08-25T13:10:31","date_gmt":"2020-08-25T11:10:31","guid":{"rendered":"https:\/\/semmelweis.hu\/fogpotlastan\/?page_id=6194"},"modified":"2025-02-25T10:22:47","modified_gmt":"2025-02-25T09:22:47","slug":"omhv","status":"publish","type":"page","link":"https:\/\/semmelweis.hu\/fogpotlastan\/oktatas\/omhv\/","title":{"rendered":"OMHV"},"content":{"rendered":"<p style=\"text-align: center\">Oktat\u00f3i Munka Hallgat\u00f3i V\u00e9lem\u00e9nyez\u00e9se<\/p>\n<p><a href=\"https:\/\/semmelweis.hu\/fogpotlastan\/files\/2025\/02\/Intezkedesi-terv-magyar.pdf\">Int\u00e9zked\u00e9si terv 2024\/2025 I.<\/a><\/p>\n<p><strong>2024\/2025 I. f\u00e9l\u00e9v<\/strong><\/p>\n<p><a href=\"https:\/\/semmelweis.hu\/fogpotlastan\/files\/2023\/09\/Intezkedesi-terv-magyar-202223II.pdf\">Int\u00e9zked\u00e9si terv 2022\/2023 II.<\/a><\/p>\n<p><strong>2022\/2023 I. f\u00e9l\u00e9v<\/strong><\/p>\n<p><a href=\"https:\/\/semmelweis.hu\/fogpotlastan\/files\/2023\/03\/Intezkedesi-terv-magyar-2021223I.pdf\">Int\u00e9zked\u00e9si terv 2022\/2023 I.<\/a><\/p>\n<p><strong>2021\/2022 I. f\u00e9l\u00e9v<\/strong><\/p>\n<p><a href=\"https:\/\/semmelweis.hu\/fogpotlastan\/files\/2022\/03\/Intezkedesi-terv-magyar-202122I.pdf\">Int\u00e9zked\u00e9si terv 2021\/2022 I.<\/a><\/p>\n<p><strong>2020\/2021 II. f\u00e9l\u00e9v<\/strong><\/p>\n<p><a href=\"https:\/\/semmelweis.hu\/fogpotlastan\/files\/2021\/09\/Int\u00e9zked\u00e9si-terv-magyar-202122I.pdf\">Int\u00e9zked\u00e9si terv 2020\/2021 II.<\/a><\/p>\n<p><strong>2020\/2021 I. f\u00e9l\u00e9v<\/strong><\/p>\n<table style=\"width: 89.7285%;height: 309px\">\n<tbody>\n<tr style=\"height: 30px\">\n<td style=\"text-align: center;height: 30px;width: 25.3414%\" width=\"113\">A t\u00e1rgy k\u00f3dja<\/td>\n<td style=\"text-align: center;height: 30px;width: 53.7177%\" width=\"346\">A t\u00e1rgy neve<\/td>\n<td style=\"text-align: center;height: 30px;width: 20.7891%\" width=\"138\">Szervezeti egys\u00e9g<\/td>\n<\/tr>\n<tr style=\"height: 57px\">\n<td style=\"height: 10px;width: 25.3414%\">FOKOFPK253_2M<\/td>\n<td style=\"height: 10px;width: 53.7177%\"><a href=\"https:\/\/semmelweis.hu\/fogpotlastan\/files\/2021\/03\/Fogp\u00f3t-II-HU.pdf\">Fogp\u00f3tl\u00e1stan II.<\/a><\/td>\n<td style=\"height: 10px;width: 20.7891%\">Fogp\u00f3tl\u00e1stani Klinika<\/td>\n<\/tr>\n<tr style=\"height: 57px\">\n<td style=\"height: 57px;width: 25.3414%\">FOKOFPK253_4M<\/td>\n<td style=\"height: 57px;width: 53.7177%\"><a href=\"https:\/\/semmelweis.hu\/fogpotlastan\/files\/2021\/03\/Fogp\u00f3t-IV-HU.pdf\">Fogp\u00f3tl\u00e1stan IV.<\/a><\/td>\n<td style=\"height: 57px;width: 20.7891%\">Fogp\u00f3tl\u00e1stani Klinika<\/td>\n<\/tr>\n<tr style=\"height: 57px\">\n<td style=\"height: 57px;width: 25.3414%\">FOKOFPK154_1M<\/td>\n<td style=\"height: 57px;width: 53.7177%\"><a href=\"https:\/\/semmelweis.hu\/fogpotlastan\/files\/2021\/03\/Odonto-I-HU.pdf\">Odontotechnol\u00f3gia \u00e9s Fogp\u00f3tl\u00e1stani propedeutika I.<\/a><\/td>\n<td style=\"height: 57px;width: 20.7891%\">Fogp\u00f3tl\u00e1stani Klinika<\/td>\n<\/tr>\n<tr style=\"height: 57px\">\n<td style=\"height: 57px;width: 25.3414%\">FOKOFPK154_3M<\/td>\n<td style=\"height: 57px;width: 53.7177%\"><a href=\"https:\/\/semmelweis.hu\/fogpotlastan\/files\/2021\/03\/Odonto-III-HU.pdf\">Odontotechnol\u00f3gia \u00e9s Fogp\u00f3tl\u00e1stani propedeutika III.<\/a><\/td>\n<td style=\"height: 57px;width: 20.7891%\">Fogp\u00f3tl\u00e1stani Klinika<\/td>\n<\/tr>\n<tr style=\"height: 57px\">\n<td style=\"height: 57px;width: 25.3414%\">FOKOFPK261_1M<\/td>\n<td style=\"height: 57px;width: 53.7177%\"><a href=\"https:\/\/semmelweis.hu\/fogpotlastan\/files\/2021\/03\/Klinikai-fog\u00e1szat-I-HU.pdf\">Klinikai fog\u00e1szat I.<\/a><\/td>\n<td style=\"height: 57px;width: 20.7891%\">Fogp\u00f3tl\u00e1stani Klinika<\/td>\n<\/tr>\n<tr style=\"height: 41px\">\n<td style=\"width: 25.3414%;height: 41px\">FOSDFPK122_1M<\/td>\n<td style=\"width: 53.7177%;height: 41px\"><a href=\"https:\/\/semmelweis.hu\/fogpotlastan\/files\/2021\/03\/Doh\u00e1nyz\u00e1s-III-\u00e9v-HU.pdf\">Doh\u00e1nyz\u00e1sr\u00f3l leszoktat\u00f3 program<\/a><\/td>\n<td style=\"width: 20.7891%;height: 41px\">Fogp\u00f3tl\u00e1stani Klinika<\/td>\n<\/tr>\n<\/tbody>\n<\/table>\n<p>\n<a href=\"https:\/\/semmelweis.hu\/fogpotlastan\/files\/2020\/08\/Int\u00e9zked\u00e9si-terv-2020.-magyar.pdf\">Int\u00e9zked\u00e9si terv 2020\/2021 I.<\/a><\/p>\n<p>&nbsp;<\/p>\n<p><strong>2019\/2020 II. f\u00e9l\u00e9v<\/strong><\/p>\n<table width=\"772\">\n<tbody>\n<tr>\n<td style=\"text-align: center\" width=\"113\">A t\u00e1rgy k\u00f3dja<\/td>\n<td style=\"text-align: center\" width=\"346\">A t\u00e1rgy neve<\/td>\n<td style=\"text-align: center\" width=\"138\">Szervezeti egys\u00e9g<\/td>\n<td style=\"text-align: center\" width=\"175\">OFMSZK \u00d6SSZPONTSZ\u00c1M<\/td>\n<\/tr>\n<tr>\n<td>FOKOFPK017_1M<\/td>\n<td><a href=\"https:\/\/semmelweis.hu\/fogpotlastan\/files\/2020\/08\/Fog\u00e1szati-\u00e1ltal\u00e1nos-anyagtan.pdf\">Fog\u00e1szati \u00e1ltal\u00e1nos anyagtan<\/a><\/td>\n<td>Fogp\u00f3tl\u00e1stani Klinika<\/td>\n<td style=\"text-align: center\">3,5<\/td>\n<\/tr>\n<tr>\n<td>FOKOFPK050_1M<\/td>\n<td><a href=\"https:\/\/semmelweis.hu\/fogpotlastan\/files\/2020\/08\/Fogp\u00f3tl\u00e1stan-I..pdf\">Fogp\u00f3tl\u00e1stan I.<\/a><\/td>\n<td>Fogp\u00f3tl\u00e1stani Klinika<\/td>\n<td style=\"text-align: center\">15<\/td>\n<\/tr>\n<tr>\n<td>FOKOFPK154_2M<\/td>\n<td><a href=\"https:\/\/semmelweis.hu\/fogpotlastan\/files\/2020\/08\/Odontotechnol\u00f3gia-\u00e9s-Fogp\u00f3tl\u00e1stani-propedeutika-II..pdf\">Odontotechnol\u00f3gia \u00e9s Fogp\u00f3tl\u00e1stani propedeutika II.<\/a><\/td>\n<td>Fogp\u00f3tl\u00e1stani Klinika<\/td>\n<td style=\"text-align: center\">-8,5<\/td>\n<\/tr>\n<tr>\n<td>FOKOFPK248_1M<\/td>\n<td><a href=\"https:\/\/semmelweis.hu\/fogpotlastan\/files\/2020\/08\/Gnatol\u00f3gia.pdf\">Gnatol\u00f3gia<\/a><\/td>\n<td>Fogp\u00f3tl\u00e1stani Klinika<\/td>\n<td style=\"text-align: center\">26,5<\/td>\n<\/tr>\n<tr>\n<td>FOKOFPK253_3M<\/td>\n<td><a href=\"https:\/\/semmelweis.hu\/fogpotlastan\/files\/2020\/08\/Fogp\u00f3tl\u00e1stan-III..pdf\">Fogp\u00f3tl\u00e1stan III.<\/a><\/td>\n<td>Fogp\u00f3tl\u00e1stani Klinika<\/td>\n<td style=\"text-align: center\">13,5<\/td>\n<\/tr>\n<tr>\n<td>FOKOFPK253_5M<\/td>\n<td><a href=\"https:\/\/semmelweis.hu\/fogpotlastan\/files\/2020\/08\/Fogp\u00f3tl\u00e1stan-V..pdf\">Fogp\u00f3tl\u00e1stan V.<\/a><\/td>\n<td>Fogp\u00f3tl\u00e1stani Klinika<\/td>\n<td style=\"text-align: center\">9<\/td>\n<\/tr>\n<tr>\n<td>FOSVFPK170_1M<\/td>\n<td><a href=\"https:\/\/semmelweis.hu\/fogpotlastan\/files\/2020\/08\/Betegjogok-elm\u00e9lete-\u00e9s-gyakorlata.pdf\">Betegjogok elm\u00e9lete \u00e9s gyakorlata<\/a><\/td>\n<td>Fogp\u00f3tl\u00e1stani Klinika<\/td>\n<td style=\"text-align: center\">8<\/td>\n<\/tr>\n<tr>\n<td>FOSVFPK214_1M<\/td>\n<td><a href=\"https:\/\/semmelweis.hu\/fogpotlastan\/files\/2020\/08\/Basic-Restorative-Digital-Dentistry.pdf\">Basic Restorative Digital Dentistry<\/a><\/td>\n<td>Fogp\u00f3tl\u00e1stani Klinika<\/td>\n<td style=\"text-align: center\">4<\/td>\n<\/tr>\n<\/tbody>\n<\/table>\n<p>&nbsp;<\/p>\n<p>&nbsp;<\/p>\n","protected":false},"excerpt":{"rendered":"<p>Oktat\u00f3i Munka Hallgat\u00f3i V\u00e9lem\u00e9nyez\u00e9se <a href=\"https:\/\/semmelweis.hu\/fogpotlastan\/files\/2025\/02\/Intezkedesi-terv-magyar.pdf\">Int\u00e9zked\u00e9si terv 2024\/2025 I.<\/a> 2024\/2025 I. f\u00e9l\u00e9v <a href=\"https:\/\/semmelweis.hu\/fogpotlastan\/files\/2023\/09\/Intezkedesi-terv-magyar-202223II.pdf\">Int\u00e9zked\u00e9si terv 2022\/2023 II.<\/a> 2022\/2023 I. f\u00e9l\u00e9v <a href=\"https:\/\/semmelweis.hu\/fogpotlastan\/files\/2023\/03\/Intezkedesi-terv-magyar-2021223I.pdf\">Int\u00e9zked\u00e9si terv 2022\/2023 I.<\/a> 2021\/2022 I. f\u00e9l\u00e9v <a href=\"https:\/\/semmelweis.hu\/fogpotlastan\/files\/2022\/03\/Intezkedesi-terv-magyar-202122I.pdf\">Int\u00e9zked\u00e9si terv 2021\/2022 I.<\/a> 2020\/2021 II. f\u00e9l\u00e9v <a href=\"https:\/\/semmelweis.hu\/fogpotlastan\/files\/2021\/09\/Int\u00e9zked\u00e9si-terv-magyar-202122I.pdf\">Int\u00e9zked\u00e9si terv 2020\/2021 II.<\/a> 2020\/2021 I. f\u00e9l\u00e9v A t\u00e1rgy k\u00f3dja A t\u00e1rgy neve Szervezeti egys\u00e9g FOKOFPK253_2M <a href=\"https:\/\/semmelweis.hu\/fogpotlastan\/files\/2021\/03\/Fogp\u00f3t-II-HU.pdf\">Fogp\u00f3tl\u00e1stan II.<\/a> Fogp\u00f3tl\u00e1stani Klinika FOKOFPK253_4M <a href=\"https:\/\/semmelweis.hu\/fogpotlastan\/files\/2021\/03\/Fogp\u00f3t-IV-HU.pdf\">Fogp\u00f3tl\u00e1stan IV.<\/a> Fogp\u00f3tl\u00e1stani Klinika FOKOFPK154_1M <a href=\"https:\/\/semmelweis.hu\/fogpotlastan\/files\/2021\/03\/Odonto-I-HU.pdf\">Odontotechnol\u00f3gia \u00e9s Fogp\u00f3tl\u00e1stani propedeutika I.<\/a> Fogp\u00f3tl\u00e1stani Klinika FOKOFPK154_3M <a href=\"https:\/\/semmelweis.hu\/fogpotlastan\/files\/2021\/03\/Odonto-III-HU.pdf\">Odontotechnol\u00f3gia \u00e9s Fogp\u00f3tl\u00e1stani propedeutika III.<\/a> Fogp\u00f3tl\u00e1stani Klinika FOKOFPK261_1M <a href=\"https:\/\/semmelweis.hu\/fogpotlastan\/files\/2021\/03\/Klinikai-fog\u00e1szat-I-HU.pdf\">Klinikai fog\u00e1szat I.<\/a> Fogp\u00f3tl\u00e1stani Klinika FOSDFPK122_1M <a href=\"https:\/\/semmelweis.hu\/fogpotlastan\/files\/2021\/03\/Doh\u00e1nyz\u00e1s-III-\u00e9v-HU.pdf\">Doh\u00e1nyz\u00e1sr\u00f3l leszoktat\u00f3 program<\/a> Fogp\u00f3tl\u00e1stani Klinika <a href=\"https:\/\/semmelweis.hu\/fogpotlastan\/files\/2020\/08\/Int\u00e9zked\u00e9si-terv-2020.-magyar.pdf\">Int\u00e9zked\u00e9si terv 2020\/2021 I.<\/a> &nbsp; 2019\/2020 II. f\u00e9l\u00e9v A t\u00e1rgy k\u00f3dja A t\u00e1rgy neve &hellip;<\/p>\n","protected":false},"author":101231,"featured_media":0,"parent":8,"menu_order":7,"comment_status":"closed","ping_status":"closed","template":"","meta":{"_acf_changed":false,"footnotes":""},"categories":[],"tags":[],"class_list":["post-6194","page","type-page","status-publish","hentry"],"acf":[],"_links":{"self":[{"href":"https:\/\/semmelweis.hu\/fogpotlastan\/wp-json\/wp\/v2\/pages\/6194","targetHints":{"allow":["GET"]}}],"collection":[{"href":"https:\/\/semmelweis.hu\/fogpotlastan\/wp-json\/wp\/v2\/pages"}],"about":[{"href":"https:\/\/semmelweis.hu\/fogpotlastan\/wp-json\/wp\/v2\/types\/page"}],"author":[{"embeddable":true,"href":"https:\/\/semmelweis.hu\/fogpotlastan\/wp-json\/wp\/v2\/users\/101231"}],"replies":[{"embeddable":true,"href":"https:\/\/semmelweis.hu\/fogpotlastan\/wp-json\/wp\/v2\/comments?post=6194"}],"version-history":[{"count":10,"href":"https:\/\/semmelweis.hu\/fogpotlastan\/wp-json\/wp\/v2\/pages\/6194\/revisions"}],"predecessor-version":[{"id":9469,"href":"https:\/\/semmelweis.hu\/fogpotlastan\/wp-json\/wp\/v2\/pages\/6194\/revisions\/9469"}],"up":[{"embeddable":true,"href":"https:\/\/semmelweis.hu\/fogpotlastan\/wp-json\/wp\/v2\/pages\/8"}],"wp:attachment":[{"href":"https:\/\/semmelweis.hu\/fogpotlastan\/wp-json\/wp\/v2\/media?parent=6194"}],"wp:term":[{"taxonomy":"category","embeddable":true,"href":"https:\/\/semmelweis.hu\/fogpotlastan\/wp-json\/wp\/v2\/categories?post=6194"},{"taxonomy":"post_tag","embeddable":true,"href":"https:\/\/semmelweis.hu\/fogpotlastan\/wp-json\/wp\/v2\/tags?post=6194"}],"curies":[{"name":"wp","href":"https:\/\/api.w.org\/{rel}","templated":true}]}}