{"id":6086,"date":"2020-04-07T09:42:44","date_gmt":"2020-04-07T07:42:44","guid":{"rendered":"http:\/\/semmelweis.hu\/fogpotlastan\/?page_id=6086"},"modified":"2024-05-14T09:07:48","modified_gmt":"2024-05-14T07:07:48","slug":"allkapocsizuleti-rendelesre-varo-pacienseink-reszere","status":"publish","type":"page","link":"https:\/\/semmelweis.hu\/fogpotlastan\/betegellatas\/allkapocsizuleti-rendelesre-varo-pacienseink-reszere\/","title":{"rendered":"\u00c1llkapocs\u00edz\u00fcleti rendel\u00e9sre v\u00e1r\u00f3 p\u00e1cienseink r\u00e9sz\u00e9re"},"content":{"rendered":"<p style=\"text-align: justify\">B\u00e1r egy\u00e1ltal\u00e1n nem t\u00e1mogatjuk a t\u00e1vgy\u00f3gy\u00edt\u00e1st, de ezzel a vide\u00f3val seg\u00edts\u00e9get szeretn\u00e9nk ny\u00fajtani abban a helyzetben, amikor valakinek az \u00e1llkapocs\u00edz\u00fclet\u00e9vel van panasza, k\u00e9rd\u00e9se. Szeretn\u00e9nk hangs\u00falyozni, hogy ez a vide\u00f3 a szem\u00e9lyes konzult\u00e1ci\u00f3t, \u00e9s betegvizsg\u00e1latot nem helyettes\u00edtheti, hiszen sz\u00fcks\u00e9ges a helyes diagn\u00f3zisalkot\u00e1s, ami a t\u00e1volb\u00f3l nem lehets\u00e9ges.<\/p>\n<p style=\"text-align: justify\">M\u00e9gis \u00fagy d\u00f6nt\u00f6tt\u00fcnk, hogy k\u00f6zz\u00e9tessz\u00fck ezt a vide\u00f3t, mert lehet, hogy valaki az esetleges k\u00e9rd\u00e9s\u00e9re a vide\u00f3t megn\u00e9zve v\u00e1laszt kap, \u00e9s \u00edgy rem\u00e9nyeink szerint valamelyest seg\u00edteni tudunk sok p\u00e1ciens panasz\u00e1n \u2013 b\u00e1r biztosan nem mindenki\u00e9n.<\/p>\n<p style=\"text-align: justify\">Ha tov\u00e1bbi k\u00e9rd\u00e9se mer\u00fclne fel, az a k\u00e9r\u00e9s\u00fcnk, hogy pr\u00f3b\u00e1lja meg a vide\u00f3 instrukci\u00f3it k\u00f6vetni, \u00e9s ha van m\u00e9g k\u00e9rd\u00e9se, keressen meg minket e-mailen. Szeretn\u00e9nk t\u00fcrelmet k\u00e9rni, mert biztosan nem fogjuk tudni az \u00f6sszes levelet azonnal megv\u00e1laszolni.<\/p>\n<p style=\"text-align: justify\">A vide\u00f3hoz hozz\u00e1f\u00e9r\u00e9st k\u00e9rhet az al\u00e1bbi e-mail c\u00edmen vagy a 0620\/885-93-56-os telefonsz\u00e1mon.<\/p>\n<p style=\"text-align: justify\">Az \u00c1llkapocs\u00edz\u00fcleti Munkacsoport nev\u00e9ben<\/p>\n<p style=\"text-align: justify\">Dr. Ambrus Szilvia<br \/>\n<a href=\"mailto:ambrus.szilvia@semmelweis.hu\">ambrus.szilvia@semmelweis.hu<\/a><\/p>\n<p><a href=\"https:\/\/semmelweis.hu\/fogpotlastan\/betegellatas\/allkapocsizuleti-rendelesre-varo-pacienseink-reszere\/tmd-video\/\">Vide\u00f3<\/a><\/p>\n<p style=\"text-align: justify\">Klinik\u00e1nkon a p\u00e1ciensek panaszait ezeknek a k\u00e9rd\u0151\u00edveknek a seg\u00edts\u00e9g\u00e9vel k\u00f6vetj\u00fck (ezek egy r\u00e9sz\u00e9nek valid\u00e1l\u00e1sa m\u00e9g folyamatban van a P\u00e9csi Egyetemmel val\u00f3 k\u00f6zrem\u0171k\u00f6d\u00e9sben). <br \/>\nA panaszok v\u00e1ltoz\u00e1s\u00e1t \u00e9rdemes hetente napl\u00f3zni ezen \u00f6nkit\u00f6lt\u0151s k\u00e9rd\u0151\u00edvek mindegyik\u00e9nek alkalmaz\u00e1s\u00e1val.<\/p>\n<p><a href=\"https:\/\/semmelweis.hu\/fogpotlastan\/files\/2020\/04\/k\u00e9rd\u0151\u00edvek_\u00e1llkapocs\u00edz\u00fcleti_munkacsoport.pdf\">K\u00e9rd\u0151\u00edvek let\u00f6lt\u00e9se<\/a><\/p>\n<p>&nbsp;<\/p>\n","protected":false},"excerpt":{"rendered":"<p>B\u00e1r egy\u00e1ltal\u00e1n nem t\u00e1mogatjuk a t\u00e1vgy\u00f3gy\u00edt\u00e1st, de ezzel a vide\u00f3val seg\u00edts\u00e9get szeretn\u00e9nk ny\u00fajtani abban a helyzetben, amikor valakinek az \u00e1llkapocs\u00edz\u00fclet\u00e9vel van panasza, k\u00e9rd\u00e9se. Szeretn\u00e9nk hangs\u00falyozni, hogy ez a vide\u00f3 a szem\u00e9lyes konzult\u00e1ci\u00f3t, \u00e9s betegvizsg\u00e1latot nem helyettes\u00edtheti, hiszen sz\u00fcks\u00e9ges a helyes diagn\u00f3zisalkot\u00e1s, ami a t\u00e1volb\u00f3l nem lehets\u00e9ges. M\u00e9gis \u00fagy d\u00f6nt\u00f6tt\u00fcnk, hogy k\u00f6zz\u00e9tessz\u00fck ezt a vide\u00f3t, mert &hellip;<\/p>\n","protected":false},"author":101231,"featured_media":0,"parent":7,"menu_order":1,"comment_status":"closed","ping_status":"closed","template":"","meta":{"_acf_changed":false,"footnotes":""},"categories":[],"tags":[],"class_list":["post-6086","page","type-page","status-publish","hentry"],"acf":[],"_links":{"self":[{"href":"https:\/\/semmelweis.hu\/fogpotlastan\/wp-json\/wp\/v2\/pages\/6086","targetHints":{"allow":["GET"]}}],"collection":[{"href":"https:\/\/semmelweis.hu\/fogpotlastan\/wp-json\/wp\/v2\/pages"}],"about":[{"href":"https:\/\/semmelweis.hu\/fogpotlastan\/wp-json\/wp\/v2\/types\/page"}],"author":[{"embeddable":true,"href":"https:\/\/semmelweis.hu\/fogpotlastan\/wp-json\/wp\/v2\/users\/101231"}],"replies":[{"embeddable":true,"href":"https:\/\/semmelweis.hu\/fogpotlastan\/wp-json\/wp\/v2\/comments?post=6086"}],"version-history":[{"count":10,"href":"https:\/\/semmelweis.hu\/fogpotlastan\/wp-json\/wp\/v2\/pages\/6086\/revisions"}],"predecessor-version":[{"id":9104,"href":"https:\/\/semmelweis.hu\/fogpotlastan\/wp-json\/wp\/v2\/pages\/6086\/revisions\/9104"}],"up":[{"embeddable":true,"href":"https:\/\/semmelweis.hu\/fogpotlastan\/wp-json\/wp\/v2\/pages\/7"}],"wp:attachment":[{"href":"https:\/\/semmelweis.hu\/fogpotlastan\/wp-json\/wp\/v2\/media?parent=6086"}],"wp:term":[{"taxonomy":"category","embeddable":true,"href":"https:\/\/semmelweis.hu\/fogpotlastan\/wp-json\/wp\/v2\/categories?post=6086"},{"taxonomy":"post_tag","embeddable":true,"href":"https:\/\/semmelweis.hu\/fogpotlastan\/wp-json\/wp\/v2\/tags?post=6086"}],"curies":[{"name":"wp","href":"https:\/\/api.w.org\/{rel}","templated":true}]}}