{"id":5130,"date":"2019-02-06T12:50:31","date_gmt":"2019-02-06T11:50:31","guid":{"rendered":"http:\/\/semmelweis.hu\/fogpotlastan\/?page_id=5130"},"modified":"2025-09-08T11:00:50","modified_gmt":"2025-09-08T09:00:50","slug":"oktatasi-segedanyagok","status":"publish","type":"page","link":"https:\/\/semmelweis.hu\/fogpotlastan\/oktatas\/oktatasi-segedanyagok\/","title":{"rendered":"Oktat\u00e1si seg\u00e9danyagok"},"content":{"rendered":"<p><a href=\"https:\/\/semmelweis.hu\/fogpotlastan\/files\/2025\/09\/Esetbemutatas-HUN_PPT-1.pptx\">Esetbemutat\u00e1si protokoll<\/a><\/p>\n<p><a href=\"https:\/\/semmelweis.hu\/fogpotlastan\/files\/2025\/09\/Szigorlati-esethez-nyilatkozat-HU.docx\">Nyilatkozat<\/a><\/p>\n<p><a href=\"https:\/\/semmelweis.hu\/fogpotlastan\/files\/2023\/09\/Medit_HowTo.pdf\">Szkennerek &#8211; t\u00e1j\u00e9koztat\u00f3<\/a><\/p>\n<h5>Kaltura vide\u00f3k:<\/h5>\n<p><a href=\"https:\/\/kaltura.semmelweis.hu\/media\/Medit+unboxing+V%C3%89GL\/1_mejjb6ns\">Medit unboxing<\/a><\/p>\n<p><a href=\"https:\/\/kaltura.semmelweis.hu\/media\/%C3%96sszeszerel%C3%A9s%2Ckalibr%C3%A1l%C3%A1s_V%C3%89GL\/1_lq8qh6uq\">\u00d6sszeszerel\u00e9s, kalibr\u00e1l\u00e1s<\/a><\/p>\n<p><a href=\"https:\/\/kaltura.semmelweis.hu\/media\/Szkenstrat%C3%A9gia+HUN_V%C3%89GL\/1_cff4d693\">Szkenstrat\u00e9gia<\/a><\/p>\n<p><a href=\"https:\/\/kaltura.semmelweis.hu\/media\/Minta+OKTAT%C3%93_HUN+%281%29\/1_hk3onp8j\">Szoftveres tervez\u00e9s &#8211; minta<\/a><\/p>\n<p><a href=\"https:\/\/kaltura.semmelweis.hu\/media\/Ideiglenes_OKTAT%C3%93_HUN\/1_f5cm2il4\">Szoftveres tervez\u00e9s &#8211; ideiglenes fogp\u00f3tl\u00e1s<\/a><\/p>\n","protected":false},"excerpt":{"rendered":"<p><a href=\"https:\/\/semmelweis.hu\/fogpotlastan\/files\/2025\/09\/Esetbemutatas-HUN_PPT-1.pptx\">Esetbemutat\u00e1si protokoll<\/a><br \/>\n<a href=\"https:\/\/semmelweis.hu\/fogpotlastan\/files\/2025\/09\/Szigorlati-esethez-nyilatkozat-HU.docx\">Nyilatkozat<\/a><br \/>\n<a href=\"https:\/\/semmelweis.hu\/fogpotlastan\/files\/2023\/09\/Medit_HowTo.pdf\">Szkennerek &#8211; t\u00e1j\u00e9koztat\u00f3<\/a><br \/>\nKaltura vide\u00f3k:<br \/>\n<a href=\"https:\/\/kaltura.semmelweis.hu\/media\/Medit+unboxing+V%C3%89GL\/1_mejjb6ns\">Medit unboxing<\/a><br \/>\n<a href=\"https:\/\/kaltura.semmelweis.hu\/media\/%C3%96sszeszerel%C3%A9s%2Ckalibr%C3%A1l%C3%A1s_V%C3%89GL\/1_lq8qh6uq\">\u00d6sszeszerel\u00e9s, kalibr\u00e1l\u00e1s<\/a><br \/>\n<a href=\"https:\/\/kaltura.semmelweis.hu\/media\/Szkenstrat%C3%A9gia+HUN_V%C3%89GL\/1_cff4d693\">Szkenstrat\u00e9gia<\/a><br \/>\n<a href=\"https:\/\/kaltura.semmelweis.hu\/media\/Minta+OKTAT%C3%93_HUN+%281%29\/1_hk3onp8j\">Szoftveres tervez\u00e9s &#8211; minta<\/a><br \/>\n<a href=\"https:\/\/kaltura.semmelweis.hu\/media\/Ideiglenes_OKTAT%C3%93_HUN\/1_f5cm2il4\">Szoftveres tervez\u00e9s &#8211; ideiglenes fogp\u00f3tl\u00e1s<\/a><\/p>\n","protected":false},"author":101231,"featured_media":0,"parent":8,"menu_order":6,"comment_status":"closed","ping_status":"closed","template":"","meta":{"_acf_changed":false,"footnotes":""},"categories":[],"tags":[],"class_list":["post-5130","page","type-page","status-publish","hentry"],"acf":[],"_links":{"self":[{"href":"https:\/\/semmelweis.hu\/fogpotlastan\/wp-json\/wp\/v2\/pages\/5130","targetHints":{"allow":["GET"]}}],"collection":[{"href":"https:\/\/semmelweis.hu\/fogpotlastan\/wp-json\/wp\/v2\/pages"}],"about":[{"href":"https:\/\/semmelweis.hu\/fogpotlastan\/wp-json\/wp\/v2\/types\/page"}],"author":[{"embeddable":true,"href":"https:\/\/semmelweis.hu\/fogpotlastan\/wp-json\/wp\/v2\/users\/101231"}],"replies":[{"embeddable":true,"href":"https:\/\/semmelweis.hu\/fogpotlastan\/wp-json\/wp\/v2\/comments?post=5130"}],"version-history":[{"count":11,"href":"https:\/\/semmelweis.hu\/fogpotlastan\/wp-json\/wp\/v2\/pages\/5130\/revisions"}],"predecessor-version":[{"id":9810,"href":"https:\/\/semmelweis.hu\/fogpotlastan\/wp-json\/wp\/v2\/pages\/5130\/revisions\/9810"}],"up":[{"embeddable":true,"href":"https:\/\/semmelweis.hu\/fogpotlastan\/wp-json\/wp\/v2\/pages\/8"}],"wp:attachment":[{"href":"https:\/\/semmelweis.hu\/fogpotlastan\/wp-json\/wp\/v2\/media?parent=5130"}],"wp:term":[{"taxonomy":"category","embeddable":true,"href":"https:\/\/semmelweis.hu\/fogpotlastan\/wp-json\/wp\/v2\/categories?post=5130"},{"taxonomy":"post_tag","embeddable":true,"href":"https:\/\/semmelweis.hu\/fogpotlastan\/wp-json\/wp\/v2\/tags?post=5130"}],"curies":[{"name":"wp","href":"https:\/\/api.w.org\/{rel}","templated":true}]}}