{"id":5099,"date":"2019-02-04T14:05:28","date_gmt":"2019-02-04T13:05:28","guid":{"rendered":"http:\/\/semmelweis.hu\/fogpotlastan\/?page_id=5099"},"modified":"2024-02-01T09:11:13","modified_gmt":"2024-02-01T08:11:13","slug":"munkacsoportok","status":"publish","type":"page","link":"https:\/\/semmelweis.hu\/fogpotlastan\/kutatas\/munkacsoportok\/","title":{"rendered":"Munkacsoportok"},"content":{"rendered":"<p><strong>A Fogp\u00f3tl\u00e1stani Klinik\u00e1n m\u0171k\u00f6d\u0151 munkacsoportok:<\/strong><\/p>\n<p><a href=\"https:\/\/semmelweis.hu\/fogpotlastan\/allkapocsizuleti-munkacsoport\/\">\u00c1llkapocs\u00edz\u00fcleti munkacsoport<\/a><br \/>\n<a href=\"https:\/\/semmelweis.hu\/fogpotlastan\/kutatas\/cad-cam-anyagtan\/\">CAD\/CAM anyagtan munkacsoport<\/a><br \/>\n<a href=\"https:\/\/semmelweis.hu\/fogpotlastan\/diabetes-fogaszati-munkacsoport\/\">Diab\u00e9teszes fog\u00e1szati munkacsoport<\/a><br \/>\n<a href=\"https:\/\/semmelweis.hu\/fogpotlastan\/digitalis-fogaszati-munkacsoport\/\">Digit\u00e1lis fog\u00e1szati munkacsoport<\/a>\u00a0<br \/>\n<a href=\"https:\/\/semmelweis.hu\/fogpotlastan\/kutatas\/digitalis-lenyomatvetel\/\">Digit\u00e1lis lenyomatv\u00e9tel munkacsoport<\/a><br \/>\n<a href=\"https:\/\/semmelweis.hu\/fogpotlastan\/elektronikus-cigaretta-munkacsoport\/\">Elektronikus cigaretta munkacsoport<\/a><br \/>\n<a href=\"https:\/\/semmelweis.hu\/fogpotlastan\/fogerozios-munkacsoport\/\">Foger\u00f3zi\u00f3s munkacsoport<\/a><br \/>\n<a href=\"https:\/\/semmelweis.hu\/fogpotlastan\/kutatas\/fogszin-meghatarozas\/\">Fogsz\u00edn meghat\u00e1roz\u00e1s munkacsoport<\/a>\u00a0\u00a0<br \/>\n<a href=\"https:\/\/semmelweis.hu\/fogpotlastan\/implantacios-protetika-munkacsoport\/\">Implant\u00e1ci\u00f3s-protetika munkacsoport<\/a><br \/>\n<a href=\"https:\/\/semmelweis.hu\/fogpotlastan\/maxillofacialis-helyreallito-protetika-munkacsoport\/\">Maxillofacialis helyre\u00e1ll\u00edt\u00f3 protetikai munkacsoport<\/a><br \/>\n<a href=\"https:\/\/semmelweis.hu\/fogpotlastan\/navigacios-implantaciot-vizsgalo-protetikai-munkacsoport\/\">Navig\u00e1ci\u00f3s implant\u00e1ci\u00f3t vizsg\u00e1l\u00f3 protetikai munkacsoport<\/a><br \/>\n<a href=\"https:\/\/semmelweis.hu\/fogpotlastan\/neurologiailag-kompromittalt-betegek-ellatasa-munkacsoport\/\">Neurol\u00f3giailag kompromitt\u00e1lt betegek ell\u00e1t\u00e1s\u00e1val foglalkoz\u00f3 munkacsoport<\/a><br \/>\n<a href=\"https:\/\/semmelweis.hu\/fogpotlastan\/polimerkutato-munkacsoport\/\">Polimerkutat\u00f3 munkacsoport<\/a><br \/>\n<a href=\"https:\/\/semmelweis.hu\/fogpotlastan\/kutatas\/munkacsoportok\/teljes-protetika-munkacsoport\/\">Teljes protetika munkacsoport<\/a><\/p>\n","protected":false},"excerpt":{"rendered":"<p>A Fogp\u00f3tl\u00e1stani Klinik\u00e1n m\u0171k\u00f6d\u0151 munkacsoportok:<br \/>\n<a href=\"https:\/\/semmelweis.hu\/fogpotlastan\/allkapocsizuleti-munkacsoport\/\">\u00c1llkapocs\u00edz\u00fcleti munkacsoport<\/a><br \/>\n<a href=\"https:\/\/semmelweis.hu\/fogpotlastan\/kutatas\/cad-cam-anyagtan\/\">CAD\/CAM anyagtan munkacsoport<\/a><br \/>\n<a href=\"https:\/\/semmelweis.hu\/fogpotlastan\/diabetes-fogaszati-munkacsoport\/\">Diab\u00e9teszes fog\u00e1szati munkacsoport<\/a><br \/>\n<a href=\"https:\/\/semmelweis.hu\/fogpotlastan\/digitalis-fogaszati-munkacsoport\/\">Digit\u00e1lis fog\u00e1szati munkacsoport<\/a>\u00a0<br \/>\n<a href=\"https:\/\/semmelweis.hu\/fogpotlastan\/kutatas\/digitalis-lenyomatvetel\/\">Digit\u00e1lis lenyomatv\u00e9tel munkacsoport<\/a><br \/>\n<a href=\"https:\/\/semmelweis.hu\/fogpotlastan\/elektronikus-cigaretta-munkacsoport\/\">Elektronikus cigaretta munkacsoport<\/a><br \/>\n<a href=\"https:\/\/semmelweis.hu\/fogpotlastan\/fogerozios-munkacsoport\/\">Foger\u00f3zi\u00f3s munkacsoport<\/a><br \/>\n<a href=\"https:\/\/semmelweis.hu\/fogpotlastan\/kutatas\/fogszin-meghatarozas\/\">Fogsz\u00edn meghat\u00e1roz\u00e1s munkacsoport<\/a>\u00a0\u00a0<br \/>\n<a href=\"https:\/\/semmelweis.hu\/fogpotlastan\/implantacios-protetika-munkacsoport\/\">Implant\u00e1ci\u00f3s-protetika munkacsoport<\/a><br \/>\n<a href=\"https:\/\/semmelweis.hu\/fogpotlastan\/maxillofacialis-helyreallito-protetika-munkacsoport\/\">Maxillofacialis helyre\u00e1ll\u00edt\u00f3 protetikai munkacsoport<\/a><br \/>\n<a href=\"https:\/\/semmelweis.hu\/fogpotlastan\/navigacios-implantaciot-vizsgalo-protetikai-munkacsoport\/\">Navig\u00e1ci\u00f3s implant\u00e1ci\u00f3t vizsg\u00e1l\u00f3 protetikai munkacsoport<\/a><br \/>\n<a href=\"https:\/\/semmelweis.hu\/fogpotlastan\/neurologiailag-kompromittalt-betegek-ellatasa-munkacsoport\/\">Neurol\u00f3giailag kompromitt\u00e1lt betegek ell\u00e1t\u00e1s\u00e1val foglalkoz\u00f3 munkacsoport<\/a><br \/>\n<a href=\"https:\/\/semmelweis.hu\/fogpotlastan\/polimerkutato-munkacsoport\/\">Polimerkutat\u00f3 munkacsoport<\/a><br \/>\n<a href=\"https:\/\/semmelweis.hu\/fogpotlastan\/kutatas\/munkacsoportok\/teljes-protetika-munkacsoport\/\">Teljes protetika munkacsoport<\/a><\/p>\n","protected":false},"author":101231,"featured_media":0,"parent":9,"menu_order":0,"comment_status":"closed","ping_status":"closed","template":"","meta":{"_acf_changed":false,"footnotes":""},"categories":[],"tags":[],"class_list":["post-5099","page","type-page","status-publish","hentry"],"acf":[],"_links":{"self":[{"href":"https:\/\/semmelweis.hu\/fogpotlastan\/wp-json\/wp\/v2\/pages\/5099","targetHints":{"allow":["GET"]}}],"collection":[{"href":"https:\/\/semmelweis.hu\/fogpotlastan\/wp-json\/wp\/v2\/pages"}],"about":[{"href":"https:\/\/semmelweis.hu\/fogpotlastan\/wp-json\/wp\/v2\/types\/page"}],"author":[{"embeddable":true,"href":"https:\/\/semmelweis.hu\/fogpotlastan\/wp-json\/wp\/v2\/users\/101231"}],"replies":[{"embeddable":true,"href":"https:\/\/semmelweis.hu\/fogpotlastan\/wp-json\/wp\/v2\/comments?post=5099"}],"version-history":[{"count":9,"href":"https:\/\/semmelweis.hu\/fogpotlastan\/wp-json\/wp\/v2\/pages\/5099\/revisions"}],"predecessor-version":[{"id":8955,"href":"https:\/\/semmelweis.hu\/fogpotlastan\/wp-json\/wp\/v2\/pages\/5099\/revisions\/8955"}],"up":[{"embeddable":true,"href":"https:\/\/semmelweis.hu\/fogpotlastan\/wp-json\/wp\/v2\/pages\/9"}],"wp:attachment":[{"href":"https:\/\/semmelweis.hu\/fogpotlastan\/wp-json\/wp\/v2\/media?parent=5099"}],"wp:term":[{"taxonomy":"category","embeddable":true,"href":"https:\/\/semmelweis.hu\/fogpotlastan\/wp-json\/wp\/v2\/categories?post=5099"},{"taxonomy":"post_tag","embeddable":true,"href":"https:\/\/semmelweis.hu\/fogpotlastan\/wp-json\/wp\/v2\/tags?post=5099"}],"curies":[{"name":"wp","href":"https:\/\/api.w.org\/{rel}","templated":true}]}}