{"id":5097,"date":"2019-02-04T14:04:28","date_gmt":"2019-02-04T13:04:28","guid":{"rendered":"http:\/\/semmelweis.hu\/fogpotlastan\/?page_id=5097"},"modified":"2026-02-09T08:14:13","modified_gmt":"2026-02-09T07:14:13","slug":"phd-kutatasok","status":"publish","type":"page","link":"https:\/\/semmelweis.hu\/fogpotlastan\/kutatas\/phd-kutatasok\/","title":{"rendered":"PhD kutat\u00e1sok"},"content":{"rendered":"<p style=\"text-align: justify\"><strong>A Fogp\u00f3tl\u00e1stani Klinik\u00e1n folytatott PhD kutat\u00e1sok:<\/strong><\/p>\n<p><a href=\"https:\/\/semmelweis.hu\/fogpotlastan\/dr-antal-melinda-fogaszati-keramiak-optikai-es-mechanikai-tulajdonsagainak-vizsgalata\/\">Dr. Antal Melinda &#8211; Fog\u00e1szati ker\u00e1mi\u00e1k optikai \u00e9s mechanikai tulajdons\u00e1gainak vizsg\u00e1lata (t\u00e9mavezet\u0151: Dr. \u00c1br\u00e1m Emese)<\/a><\/p>\n<p style=\"text-align: justify\"><a href=\"https:\/\/semmelweis.hu\/fogpotlastan\/dr-abram-emese-keramiak-spektrofotometriai-vizsgalata\/\">Dr. \u00c1br\u00e1m Emese \u2013 Ker\u00e1mi\u00e1k spektrofotometriai vizsg\u00e1lata (t\u00e9mavezet\u0151: Dr. Borb\u00e9ly Judit)<\/a><\/p>\n<p style=\"text-align: justify\"><a href=\"https:\/\/semmelweis.hu\/fogpotlastan\/dr-banyai-dorottya-cukorbeteg-gyermekek-fogorvosi-szurovizsgalata-es-ellatasa\/\">Dr. B\u00e1nyai Dorottya &#8211; Cukorbeteg gyermekek fogorvosi sz\u0171r\u0151vizsg\u00e1lata \u00e9s ell\u00e1t\u00e1sa (t\u00e9mavezet\u0151: Prof. Dr. Hermann P\u00e9ter)<\/a><\/p>\n<p style=\"text-align: justify\">Dr. Bencze Bulcs\u00fa \u2013 Cukorbeteg p\u00e1ciensek sz\u00e1j\u00fcregi vizsg\u00e1lata, a cukorbetegs\u00e9g sz\u00f6v\u0151dm\u00e9nyei \u00e9s or\u00e1lis elv\u00e1ltoz\u00e1sok \u00f6sszef\u00fcgg\u00e9sei (t\u00e9mavezet\u0151: Dr. V\u00e9gh D\u00e1niel)<\/p>\n<p style=\"text-align: justify\"><a href=\"https:\/\/semmelweis.hu\/fogpotlastan\/dr-berze-ildiko-a-dentalis-erozio-in-vivo-vizsgalata\/\">Dr. Berze Ildik\u00f3 &#8211; A dent\u00e1lis er\u00f3zi\u00f3 in vivo vizsg\u00e1lata \u00faj protokoll alapj\u00e1n (t\u00e9mavezet\u0151: Prof. Dr. Hermann P\u00e9ter)<\/a><\/p>\n<p style=\"text-align: justify\"><a href=\"https:\/\/semmelweis.hu\/fogpotlastan\/kutatas\/phd-kutatasok\/dr-feher-dora-kombinalt-egyedi-fogszinkulcsos-vizualis-es-digitalis-fogszin-meghatarozasi-protokoll\/\">Dr. Feh\u00e9r D\u00f3ra &#8211; Kombin\u00e1lt egyedi fogsz\u00ednkulcsos vizu\u00e1lis \u00e9s digit\u00e1lis fogsz\u00edn-meghat\u00e1roz\u00e1si protokoll (t\u00e9mavezet\u0151: Prof. Dr. Borb\u00e9ly Judit)<\/a><\/p>\n<p style=\"text-align: justify\"><a href=\"https:\/\/semmelweis.hu\/fogpotlastan\/dr-geczi-zoltan-polikationos-polimerek-fogorvosi-alkalmazhatosaganak-vizsgalata\/\">Dr. G\u00e9czi Zolt\u00e1n &#8211; Polikationos polimerek fogorvosi felhaszn\u00e1lhat\u00f3s\u00e1g\u00e1nak vizsg\u00e1lata (t\u00e9mavezet\u0151: Prof. Dr. Hermann P\u00e9ter)<\/a><\/p>\n<p style=\"text-align: justify\"><a href=\"https:\/\/semmelweis.hu\/fogpotlastan\/kutatas\/phd-kutatasok\/dr-hauzer-abafalvi-lilla-elektromos-cigarettafogyasztas-epidemiologiai-vizsgalata\/\">Dr. Hauzer \u2013 Abafalvi Lilla \u2013 Elektromos cigarettafogyaszt\u00e1s epidemiol\u00f3giai vizsg\u00e1lata (t\u00e9mavezet\u0151: Prof. Dr. Hermann P\u00e9ter \u00e9s Dr. Kisp\u00e9lyi Barbara)<\/a><\/p>\n<p style=\"text-align: justify\">Dr. Heged\u00fcs Tam\u00e1s &#8211; Ciszt\u00e1s fibr\u00f3zisban szenved\u0151 betegek fog\u00e1szati ell\u00e1t\u00e1s\u00e1nak vizsg\u00e1lata (t\u00e9mavezet\u0151: Prof. Dr. Hermann P\u00e9ter \u00e9s Dr. Zsembery \u00c1kos)<\/p>\n<p style=\"text-align: justify\"><a href=\"https:\/\/semmelweis.hu\/fogpotlastan\/dr-joos-kovacs-gellert-levente-digitalis-lenyomatveteli-eljarasok-alkalmazasa-a-fogaszatban\/\">Dr. Jo\u00f3s \u2013 Kov\u00e1cs Gell\u00e9rt Levente &#8211; Digit\u00e1lis lenyomatv\u00e9teli elj\u00e1r\u00e1sok alkalmaz\u00e1sa a fog\u00e1szatban (t\u00e9mavezet\u0151: Prof. Dr. Hermann P\u00e9ter)<\/a><\/p>\n<p style=\"text-align: justify\">Dr. Kelemen Kata \u2013 Conservative therapeutic possibilities for temporomandibular disorders (t\u00e9mavezet\u0151: Prof. Dr. Hermann P\u00e9ter)<\/p>\n<p><a href=\"https:\/\/semmelweis.hu\/fogpotlastan\/kutatas\/phd-kutatasok\/dr-keskeny-gyorgy-arpad-digitalis-megoldasok-szerepe-a-fogpotlastani-ellatas-fejleszteseben-es-a-klinikai-precizitas-noveleseben\/\">Dr. Keskeny Gy\u00f6rgy \u00c1rp\u00e1d &#8211; Digit\u00e1lis megold\u00e1sok szerepe a fogp\u00f3tl\u00e1stani ell\u00e1t\u00e1s fejleszt\u00e9s\u00e9ben \u00e9s a klinikai precizit\u00e1s n\u00f6vel\u00e9s\u00e9ben (t\u00e9mavezet\u0151: Dr. R\u00f3th Ivett \u00e9s Dr. Jo\u00f3s-Kov\u00e1cs Gell\u00e9rt)<\/a><\/p>\n<p>Dr. Kisgergely Mirjam &#8211; A chairside CAD\/CAM rendszerekkel k\u00e9sz\u00edthet\u0151 fogp\u00f3tl\u00e1sok pontoss\u00e1ga (t\u00e9mavezet\u0151: Dr. Jo\u00f3s-Kov\u00e1cs Gell\u00e9rt)<\/p>\n<p style=\"text-align: justify\"><a href=\"https:\/\/semmelweis.hu\/fogpotlastan\/dr-konig-janos-kezelesi-lehetosegek-az-oro-maxillo-facialis-rehabilitacioban\/\">Dr. K\u00f6nig J\u00e1nos &#8211; Kezel\u00e9si lehet\u0151s\u00e9gek az oro-maxillo-facialis rehabilit\u00e1ci\u00f3ban<\/a><\/p>\n<p style=\"text-align: justify\"><a href=\"https:\/\/semmelweis.hu\/fogpotlastan\/kutatas\/phd-kutatasok\/dr-czigola-alexandra-monolitikus-keramia-restauraciok-optikai-tulajdonsagainak-vizsgalata\/\">Dr. Laki-Czigola Alexandra \u2013 Monolitikus ker\u00e1mia restaur\u00e1ci\u00f3k optikai tulajdons\u00e1gainak vizsg\u00e1lata (t\u00e9mavezet\u0151: Prof. Dr. Borb\u00e9ly Judit)<\/a><\/p>\n<p style=\"text-align: justify\"><a href=\"https:\/\/semmelweis.hu\/fogpotlastan\/dr-liptak-klaudia-cukorbeteg-paciensek-szajuregi-vizsgalata-a-cukorbetegseg-szovodmenyei-es-oralis-elvaltozasok-osszefuggesei\/\">Dr. Lipt\u00e1k Klaudia \u2013 Cukorbeteg p\u00e1ciensek sz\u00e1j\u00fcregi vizsg\u00e1lata, a cukorbetegs\u00e9g sz\u00f6v\u0151dm\u00e9nyei \u00e9s or\u00e1lis elv\u00e1ltoz\u00e1sok \u00f6sszef\u00fcgg\u00e9sei (t\u00e9mavezet\u0151: Dr. V\u00e9gh D\u00e1niel)<\/a><\/p>\n<p style=\"text-align: justify\"><a href=\"https:\/\/semmelweis.hu\/fogpotlastan\/kutatas\/phd-kutatasok\/dr-mikulas-krisztina-a-fogaszatban-szeles-korben-alkalmazott-restaurativ-anyagokban-elofordulo-monomerek-biologiai-hatasa\/\">Dr. Mikul\u00e1s Krisztina \u2013 A fog\u00e1szatban sz\u00e9les k\u00f6rben alkalmazott restaurat\u00edv anyagokban el\u0151fordul\u00f3 monomerek biol\u00f3giai hat\u00e1sa (t\u00e9mavezet\u0151: Dr. Tretter L\u00e1szl\u00f3)<\/a><\/p>\n<p style=\"text-align: justify\"><a href=\"https:\/\/semmelweis.hu\/fogpotlastan\/kutatas\/phd-kutatasok\/dr-nemeth-anna-3d-nyomtatas-az-esztetikai-fogaszatban\/\">Dr. N\u00e9meth Anna: 3D nyomtat\u00e1s az eszt\u00e9tikai fog\u00e1szatban (t\u00e9mavezet\u0151: Prof. Dr. Borb\u00e9ly Judit)<\/a><\/p>\n<p style=\"text-align: justify\">Dr. Qian Xinyi \u2013 Az emergencia profil kialak\u00edt\u00e1sa \u00e9s a hagyom\u00e1nyos vs digit\u00e1lis lenyomatoz\u00e1s\u00e1nak \u00f6sszehasonl\u00edt\u00e1sa. Konvencion\u00e1lis-digit\u00e1lis, szemi-digit\u00e1lis \u00e9s teljesen digit\u00e1lis munkafolyamattal k\u00e9sz\u00fcl\u0151 restaur\u00e1tumok klinikai eredm\u00e9nyeinek \u00e9s pontoss\u00e1g\u00e1nak \u00f6sszehasonl\u00edt\u00e1sa \u00e9s hat\u00e1suk a supracrestalis komplexre (t\u00e9mavezet\u0151: Dr. Mikul\u00e1s Krisztina)<\/p>\n<p style=\"text-align: justify\"><a href=\"https:\/\/semmelweis.hu\/fogpotlastan\/kutatas\/phd-kutatasok\/dr-rona-virag-antibakterialis-polimerek-fogorvosi-felhasznalhatosaganak-vizsgalata\/\">Dr. R\u00f3na Vir\u00e1g \u2013 Antibakteri\u00e1lis polimerek fogorvosi felhaszn\u00e1lhat\u00f3s\u00e1g\u00e1nak vizsg\u00e1lata (t\u00e9mavezet\u0151: Dr. G\u00e9czi Zolt\u00e1n)<\/a><\/p>\n<p style=\"text-align: justify\"><a href=\"https:\/\/semmelweis.hu\/fogpotlastan\/kutatas\/phd-kutatasok\/dr-roth-ivett-intraoralis-szkennerek-fogpotlastani-alkalmazasa-temavezeto-dr-borbely-judit\/\">Dr. R\u00f3th Ivett \u2013 Intraor\u00e1lis szkennerek fogp\u00f3tl\u00e1stani alkalmaz\u00e1sa (t\u00e9mavezet\u0151: Prof. Dr. Hermann P\u00e9ter \u00e9s Prof. Dr. Borb\u00e9ly Judit)<\/a><\/p>\n<p style=\"text-align: justify\"><a href=\"https:\/\/semmelweis.hu\/fogpotlastan\/kutatas\/phd-kutatasok\/dr-salata-jozsef-a-korszeru-fogaszati-keramiaanyagok-optikai-tulajdonsagainak-vizsgalata\/\">Dr. Sal\u00e1ta J\u00f3zsef &#8211; A korszer\u0171 fog\u00e1szati ker\u00e1miaanyagok optikai tulajdons\u00e1gainak vizsg\u00e1lata (t\u00e9mavezet\u0151: Prof. Dr. Borb\u00e9ly Judit)<\/a><\/p>\n<p style=\"text-align: justify\"><a href=\"https:\/\/semmelweis.hu\/fogpotlastan\/dr-schmalzl-judit-a-szoftverfrissites-hatasa-az-intraoralis-szkennerek-pontossagara\/\">Dr. Schmalzl Judit \u2013 A szoftverfriss\u00edt\u00e9s hat\u00e1sa az intraor\u00e1lis szkennerek pontoss\u00e1g\u00e1ra (t\u00e9mavezet\u0151: Prof. Dr. Borb\u00e9ly Judit)<\/a><\/p>\n<p>Dr. Sz\u00e9ll Adrienn &#8211; Ev\u00e9szavarok sz\u00e1j\u00fcregi vonatkoz\u00e1sai (t\u00e9mavezet\u0151: Dr. G\u00e9czi Zolt\u00e1n)<\/p>\n<p style=\"text-align: justify\"><a href=\"https:\/\/semmelweis.hu\/fogpotlastan\/kutatas\/phd-kutatasok\/dr-tajti-peter-bioanyagok-es-a-protetikai-design-hatasa-a-periimplantalis-lagy-es-kemenyszovetre-sebeszi-es-protetikai-aspektusok\/\">Dr. Tajti P\u00e9ter \u2013 Bioanyagok \u00e9s a protetikai design hat\u00e1sa a periimplant\u00e1lis l\u00e1gy- \u00e9s kem\u00e9nysz\u00f6vetre \u2013 seb\u00e9szi \u00e9s protetikai aspektusok (t\u00e9mavezet\u0151: Dr. Mikul\u00e1s Krisztina)<\/a><\/p>\n<p style=\"text-align: justify\"><a href=\"https:\/\/semmelweis.hu\/fogpotlastan\/dr-vamos-orsolya-hagyomanyos-es-alternativ-dohanytermekek-szajuregi-hatasanak-vizsgalata\/\">Dr. V\u00e1mos Orsolya \u2013 Hagyom\u00e1nyos \u00e9s alternat\u00edv doh\u00e1nyterm\u00e9kek sz\u00e1j\u00fcregi hat\u00e1s\u00e1nak vizsg\u00e1lata (t\u00e9mavezet\u0151: Dr. Kisp\u00e9lyi Barbara)<\/a><\/p>\n<p style=\"text-align: justify\">Dr. V\u00e1nkos Boldizs\u00e1r \u2013 Multifunkci\u00f3s implant\u00e1ci\u00f3s fejek, digit\u00e1lis anal\u00f3gok \u00e9s 3D nyomtatott implant\u00e1ci\u00f3s modellek \u00f6sszehasonl\u00edt\u00e1sa \u00e9s pontoss\u00e1g\u00e1nak vizsg\u00e1lata (t\u00e9mavezet\u0151: Dr. Kisp\u00e9lyi Barbara)<\/p>\n<p style=\"text-align: justify\"><a href=\"https:\/\/semmelweis.hu\/fogpotlastan\/dr-vecsei-balint-a-digitalis-lenyomatvetel-pontossaga\/\">Dr. Vecsei B\u00e1lint \u2013 A digit\u00e1lis lenyomatv\u00e9tel pontoss\u00e1ga (t\u00e9mavezet\u0151: Prof. Dr. Hermann P\u00e9ter \u00e9s Prof. Dr. Borb\u00e9ly Judit)<\/a><\/p>\n<p style=\"text-align: justify\"><a href=\"https:\/\/semmelweis.hu\/fogpotlastan\/kutatas\/phd-kutatasok\/dr-vegh-daniel-a-cukorbeteg-paciensek-fogaszati-ellatasanak-sajatossagai\/\">Dr. V\u00e9gh D\u00e1niel &#8211; A cukorbeteg p\u00e1ciensek fog\u00e1szati ell\u00e1t\u00e1s\u00e1nak saj\u00e1toss\u00e1gai (t\u00e9mavezet\u0151: Prof. Dr. Hermann P\u00e9ter \u00e9s Prof. Dr. Vizi E. Szilveszter)<\/a><\/p>\n<p style=\"text-align: justify\"><a href=\"https:\/\/semmelweis.hu\/fogpotlastan\/kutatas\/phd-kutatasok\/dr-torok-greta-a-fogaszati-navigacios-implantologiaban-hasznalt-furosablonok-in-vitro-vizsgalata-temavezeto-prof-dr-hermann-peter-es-dr-kispelyi-barbara\/\">Klopfern\u00e9 Dr. T\u00f6r\u00f6k Gr\u00e9ta &#8211; A fog\u00e1szati navig\u00e1ci\u00f3s implantol\u00f3gi\u00e1ban haszn\u00e1lt f\u00far\u00f3sablonok in vitro vizsg\u00e1lata (t\u00e9mavezet\u0151: Prof. Dr. Hermann P\u00e9ter \u00e9s Dr. Kisp\u00e9lyi Barbara)<\/a><\/p>\n<p>Kov\u00e1csn\u00e9 Dr. Somogyi Andrea &#8211; A craniomandibul\u00e1ris diszfunkci\u00f3 \u00e9s az \u00e1ltal\u00e1nos eg\u00e9szs\u00e9g kapcsolata (t\u00e9mavezet\u0151k: Prof. Dr. Hermann P\u00e9ter \u00e9s Dr. V\u00e9gh D\u00e1niel)<\/p>\n","protected":false},"excerpt":{"rendered":"<p>A Fogp\u00f3tl\u00e1stani Klinik\u00e1n folytatott PhD kutat\u00e1sok: <a href=\"https:\/\/semmelweis.hu\/fogpotlastan\/dr-antal-melinda-fogaszati-keramiak-optikai-es-mechanikai-tulajdonsagainak-vizsgalata\/\">Dr. Antal Melinda &#8211; Fog\u00e1szati ker\u00e1mi\u00e1k optikai \u00e9s mechanikai tulajdons\u00e1gainak vizsg\u00e1lata (t\u00e9mavezet\u0151: Dr. \u00c1br\u00e1m Emese)<\/a> <a href=\"https:\/\/semmelweis.hu\/fogpotlastan\/dr-abram-emese-keramiak-spektrofotometriai-vizsgalata\/\">Dr. \u00c1br\u00e1m Emese \u2013 Ker\u00e1mi\u00e1k spektrofotometriai vizsg\u00e1lata (t\u00e9mavezet\u0151: Dr. Borb\u00e9ly Judit)<\/a> <a href=\"https:\/\/semmelweis.hu\/fogpotlastan\/dr-banyai-dorottya-cukorbeteg-gyermekek-fogorvosi-szurovizsgalata-es-ellatasa\/\">Dr. B\u00e1nyai Dorottya &#8211; Cukorbeteg gyermekek fogorvosi sz\u0171r\u0151vizsg\u00e1lata \u00e9s ell\u00e1t\u00e1sa (t\u00e9mavezet\u0151: Prof. Dr. Hermann P\u00e9ter)<\/a> Dr. Bencze Bulcs\u00fa \u2013 Cukorbeteg p\u00e1ciensek sz\u00e1j\u00fcregi vizsg\u00e1lata, a cukorbetegs\u00e9g sz\u00f6v\u0151dm\u00e9nyei \u00e9s or\u00e1lis elv\u00e1ltoz\u00e1sok \u00f6sszef\u00fcgg\u00e9sei (t\u00e9mavezet\u0151: Dr. V\u00e9gh D\u00e1niel) <a href=\"https:\/\/semmelweis.hu\/fogpotlastan\/dr-berze-ildiko-a-dentalis-erozio-in-vivo-vizsgalata\/\">Dr. Berze Ildik\u00f3 &#8211; A dent\u00e1lis er\u00f3zi\u00f3 in vivo vizsg\u00e1lata \u00faj protokoll alapj\u00e1n (t\u00e9mavezet\u0151: Prof. Dr. Hermann P\u00e9ter)<\/a> <a href=\"https:\/\/semmelweis.hu\/fogpotlastan\/kutatas\/phd-kutatasok\/dr-feher-dora-kombinalt-egyedi-fogszinkulcsos-vizualis-es-digitalis-fogszin-meghatarozasi-protokoll\/\">Dr. Feh\u00e9r D\u00f3ra &#8211; Kombin\u00e1lt egyedi fogsz\u00ednkulcsos vizu\u00e1lis \u00e9s digit\u00e1lis fogsz\u00edn-meghat\u00e1roz\u00e1si protokoll (t\u00e9mavezet\u0151: Prof. Dr. Borb\u00e9ly Judit)<\/a> <a href=\"https:\/\/semmelweis.hu\/fogpotlastan\/dr-geczi-zoltan-polikationos-polimerek-fogorvosi-alkalmazhatosaganak-vizsgalata\/\">Dr. G\u00e9czi Zolt\u00e1n &#8211; Polikationos polimerek fogorvosi felhaszn\u00e1lhat\u00f3s\u00e1g\u00e1nak vizsg\u00e1lata (t\u00e9mavezet\u0151: Prof. Dr. Hermann P\u00e9ter)<\/a> <a href=\"https:\/\/semmelweis.hu\/fogpotlastan\/kutatas\/phd-kutatasok\/dr-hauzer-abafalvi-lilla-elektromos-cigarettafogyasztas-epidemiologiai-vizsgalata\/\">Dr. Hauzer \u2013 Abafalvi Lilla \u2013 Elektromos cigarettafogyaszt\u00e1s epidemiol\u00f3giai vizsg\u00e1lata (t\u00e9mavezet\u0151: Prof. Dr. Hermann P\u00e9ter \u00e9s Dr. Kisp\u00e9lyi Barbara)<\/a> Dr. Heged\u00fcs Tam\u00e1s &#8211; Ciszt\u00e1s fibr\u00f3zisban szenved\u0151 betegek fog\u00e1szati ell\u00e1t\u00e1s\u00e1nak vizsg\u00e1lata (t\u00e9mavezet\u0151: Prof. Dr. Hermann P\u00e9ter \u00e9s Dr. Zsembery \u00c1kos) <a href=\"https:\/\/semmelweis.hu\/fogpotlastan\/dr-joos-kovacs-gellert-levente-digitalis-lenyomatveteli-eljarasok-alkalmazasa-a-fogaszatban\/\">Dr. Jo\u00f3s \u2013 Kov\u00e1cs Gell\u00e9rt Levente &#8211; Digit\u00e1lis lenyomatv\u00e9teli elj\u00e1r\u00e1sok alkalmaz\u00e1sa a fog\u00e1szatban (t\u00e9mavezet\u0151: Prof. Dr. Hermann P\u00e9ter)<\/a> Dr. Kelemen Kata \u2013 Conservative therapeutic possibilities for temporomandibular disorders &hellip;<\/p>\n","protected":false},"author":101231,"featured_media":0,"parent":9,"menu_order":0,"comment_status":"closed","ping_status":"closed","template":"","meta":{"_acf_changed":false,"footnotes":""},"categories":[],"tags":[],"class_list":["post-5097","page","type-page","status-publish","hentry"],"acf":[],"_links":{"self":[{"href":"https:\/\/semmelweis.hu\/fogpotlastan\/wp-json\/wp\/v2\/pages\/5097","targetHints":{"allow":["GET"]}}],"collection":[{"href":"https:\/\/semmelweis.hu\/fogpotlastan\/wp-json\/wp\/v2\/pages"}],"about":[{"href":"https:\/\/semmelweis.hu\/fogpotlastan\/wp-json\/wp\/v2\/types\/page"}],"author":[{"embeddable":true,"href":"https:\/\/semmelweis.hu\/fogpotlastan\/wp-json\/wp\/v2\/users\/101231"}],"replies":[{"embeddable":true,"href":"https:\/\/semmelweis.hu\/fogpotlastan\/wp-json\/wp\/v2\/comments?post=5097"}],"version-history":[{"count":10,"href":"https:\/\/semmelweis.hu\/fogpotlastan\/wp-json\/wp\/v2\/pages\/5097\/revisions"}],"predecessor-version":[{"id":9900,"href":"https:\/\/semmelweis.hu\/fogpotlastan\/wp-json\/wp\/v2\/pages\/5097\/revisions\/9900"}],"up":[{"embeddable":true,"href":"https:\/\/semmelweis.hu\/fogpotlastan\/wp-json\/wp\/v2\/pages\/9"}],"wp:attachment":[{"href":"https:\/\/semmelweis.hu\/fogpotlastan\/wp-json\/wp\/v2\/media?parent=5097"}],"wp:term":[{"taxonomy":"category","embeddable":true,"href":"https:\/\/semmelweis.hu\/fogpotlastan\/wp-json\/wp\/v2\/categories?post=5097"},{"taxonomy":"post_tag","embeddable":true,"href":"https:\/\/semmelweis.hu\/fogpotlastan\/wp-json\/wp\/v2\/tags?post=5097"}],"curies":[{"name":"wp","href":"https:\/\/api.w.org\/{rel}","templated":true}]}}