{"id":5,"date":"2012-01-26T11:46:38","date_gmt":"2012-01-26T11:46:38","guid":{"rendered":"http:\/\/semmelweis-egyetem.hu\/fogpotlastan\/?page_id=5"},"modified":"2021-03-05T14:22:55","modified_gmt":"2021-03-05T13:22:55","slug":"altalanos-informaciok","status":"publish","type":"page","link":"https:\/\/semmelweis.hu\/fogpotlastan\/altalanos-informaciok\/","title":{"rendered":"A Fogp\u00f3tl\u00e1stani Klinik\u00e1r\u00f3l"},"content":{"rendered":"<figure id=\"attachment_4590\" aria-describedby=\"caption-attachment-4590\" style=\"width: 199px\" class=\"wp-caption alignright\"><a href=\"https:\/\/semmelweis.hu\/fogpotlastan\/files\/2019\/01\/RS15113_Moln\u00e1r-L\u00e1szl\u00f3-scr.jpg\"><img loading=\"lazy\" decoding=\"async\" class=\"size-medium wp-image-4590\" src=\"https:\/\/semmelweis.hu\/fogpotlastan\/files\/2019\/01\/RS15113_Moln\u00e1r-L\u00e1szl\u00f3-scr-199x300.jpg\" alt=\"\" width=\"199\" height=\"300\" srcset=\"https:\/\/semmelweis.hu\/fogpotlastan\/files\/2019\/01\/RS15113_Moln\u00e1r-L\u00e1szl\u00f3-scr-199x300.jpg 199w, https:\/\/semmelweis.hu\/fogpotlastan\/files\/2019\/01\/RS15113_Moln\u00e1r-L\u00e1szl\u00f3-scr.jpg 497w\" sizes=\"auto, (max-width: 199px) 100vw, 199px\" \/><\/a><figcaption id=\"caption-attachment-4590\" class=\"wp-caption-text\">Moln\u00e1r L\u00e1szl\u00f3 &#8211; a Fogp\u00f3tl\u00e1stani Int\u00e9zet mb. tansz\u00e9kvezet\u0151je, 1961-69 k\u00f6z\u00f6tt az igazgat\u00f3ja<\/figcaption><\/figure>\n<p style=\"text-align: justify\">A Budapesti Orvostudom\u00e1nyi Egyetem Fogp\u00f3tl\u00e1stani Klinik\u00e1ja 1959. szeptember 1-\u00e9n j\u00f6tt l\u00e9tre, a Kar h\u00e1rom m\u00e1sik klinik\u00e1j\u00e1val egyidej\u0171leg. A tansz\u00e9k vezet\u00e9s\u00e9vel az addig a Stomatol\u00f3giai Klinika Fogp\u00f3tl\u00e1stani Oszt\u00e1ly\u00e1t vezet\u0151 Moln\u00e1r L\u00e1szl\u00f3 docenst, mag\u00e1ntan\u00e1rt b\u00edzt\u00e1k meg.<\/p>\n<p style=\"text-align: justify\">A klinika elhelyez\u00e9s\u00e9re az Egyetem a Miksz\u00e1th K\u00e1lm\u00e1n t\u00e9r 5. alatti \u00e9p\u00fcletet jel\u00f6lte ki, melyben kor\u00e1bban a K\u00f6zleked\u00e9si \u00e9s Posta\u00fcgyi Mi\u00adniszt\u00e9rium Posta\u00fcgyi Tervez\u0151 Int\u00e9zete m\u0171k\u00f6d\u00f6tt. A ter\u00fclethi\u00e1ny miatt a Gyermekfog\u00e1szati \u00e9s Fogszab\u00e1lyoz\u00e1si valamint a Konzerv\u00e1l\u00f3 Fog\u00e1szati Klinik\u00e1kkal t\u00e1rsb\u00e9rletben foglalhatta el az \u00e9p\u00fcletet. Ekkor m\u00e9g a K\u00f6z\u00adponti Stomatol\u00f3giai Int\u00e9zettel is osztoznia kellett a III. emeleten.<\/p>\n<p style=\"text-align: justify\">A Fogp\u00f3tl\u00e1stani Klinika a III. emelet udvari r\u00e9sz\u00e9n 1963-ban kezdte meg az oktat\u00e1st, a II. emeleti oktat\u00f3term\u00e9nek kialak\u00edt\u00e1s\u00e1ra pedig 1970-ben ker\u00fclt sor.\u00a0Az eredetileg nem fog\u00e1szati klinika c\u00e9ljaira tervezett \u00e9p\u00fclet f\u00f6d\u00e9m\u00adszerkezete a fogorvosi kezel\u0151egys\u00e9gek folyamatos \u00e9s t\u00falzott ig\u00e9nybe\u00adv\u00e9tel\u00e9t\u0151l \u00e9letvesz\u00e9lyes helyzetbe ker\u00fclt. Statikai meger\u0151s\u00edt\u00e9s\u00e9re az 1980-as \u00e9vek elej\u00e9n ker\u00fclt sor.<\/p>\n<p style=\"text-align: justify\">A Fogp\u00f3tl\u00e1stani Klinika meg\u00fajul\u00e1s\u00e1ra 1998-ban ker\u00fclt sor. A Fogtech\u00adnikai Laborat\u00f3rium elk\u00f6lt\u00f6z\u00e9s\u00e9vel valamelyest javultak az infrastruk\u00adtur\u00e1lis felt\u00e9telek. Az alagsorban K\u00f6zponti Steriliz\u00e1l\u00f3 \u00e9s szoci\u00e1lis hely\u00adis\u00e9gek, a f\u00f6ldszinten a meg\u00fajult hallgat\u00f3i ruhat\u00e1r, K\u00f6nyvt\u00e1r \u00e9s T\u00e1rgyal\u00f3\u00adterem kialak\u00edt\u00e1s\u00e1ra ker\u00fclt sor, melyet az \u00e9p\u00fcletben elhelyezked\u0151 k\u00e9t klinika k\u00f6z\u00f6sen \u00fczemeltet \u00e9s haszn\u00e1l. Meg\u00fajultak az oktat\u00f3termek \u00e9s p\u00e1ly\u00e1zati p\u00e9nzekb\u0151l (TEMPUS) az egys\u00e9gk\u00e9sz\u00fcl\u00e9kek cser\u00e9je is folyam\u00adatosan t\u00f6rt\u00e9nt. A kor dikt\u00e1lta k\u00f6vetelm\u00e9nyeknek megfelel\u0151en a Klinik\u00e1n els\u0151k k\u00f6z\u00f6tt alkalmazt\u00e1k sz\u00e9les k\u00f6rben a sz\u00e1m\u00edt\u00f3g\u00e9p adta lehet\u0151s\u00e9ge\u00adket, m\u00e1r 1990-ben lok\u00e1lis h\u00e1l\u00f3zat seg\u00edtette az oktat\u00e1st \u00e9s a betegell\u00e1t\u00e1st. M\u00e1ra h\u00e1la a folyamatos korszer\u0171s\u00edt\u00e9snek a legmodernebb eszk\u00f6z\u00f6k biz\u00adtos\u00edtj\u00e1k az adminisztr\u00e1ci\u00f3t, a m\u00falti m\u00e9di\u00e1s oktat\u00e1st, a k\u00e9pi betegdoku\u00adment\u00e1ci\u00f3t \u00e9s a tudom\u00e1nyos kutat\u00e1st.<\/p>\n<p style=\"text-align: justify\">Az oktat\u00e1st szolg\u00e1l\u00f3 ter\u00fclet nagys\u00e1ga azonban nem n\u0151tt, a zs\u00fafolt\u00ads\u00e1g tov\u00e1bbra is megmaradt. A helyzeten n\u00e9mileg jav\u00edtott az idegen nyelv\u0171 oktat\u00e1s bevezet\u00e9s\u00e9vel egy id\u0151ben a M\u00e1ria utca 40. sz\u00e1m\u00fa \u00e9p\u00fclet f\u00f6ldszintj\u00e9n kialak\u00edtott \u00faj kezel\u0151helyis\u00e9gek, melyek 2000-\u00f3ta a Fog\u00adp\u00f3tl\u00e1stani Klinika \u201eD&#8221; Oszt\u00e1lyak\u00e9nt m\u0171k\u00f6dnek.<\/p>\n<p style=\"text-align: justify\">A klinika berendez\u00e9se eredetileg a magyar gy\u00e1rtm\u00e1ny\u00fa \u201eDoriot&#8221; meghajt\u00e1s\u00fa Dentafom Super g\u00e9pekkel t\u00f6rt\u00e9nt, melyeket az 1970-es \u00e9vekt\u0151l fokozatosan v\u00e1ltottak fel a csehszlov\u00e1k Chirana g\u00e9pek, majd a 1990-es k\u00f6zep\u00e9n-v\u00e9g\u00e9n Anthos \u00e9s KaVo g\u00e9pek k\u00f6vetkeztek. Az \u00fajonnan alakult klinika munkat\u00e1rsai, alap\u00edt\u00f3 tagjai a Stomatol\u00f3giai Klinika Prothetikai Oszt\u00e1ly\u00e1nak \u00e9s az Odontotechnikai Laborat\u00f3\u00adrium\u00e1nak \u00e1llom\u00e1ny\u00e1b\u00f3l ker\u00fclt ki. Moln\u00e1r L\u00e1szl\u00f3n, F\u00f6ldv\u00e1ri Imr\u00e9n \u00e9s Husz\u00e1r Gy\u00f6rgy\u00f6n k\u00edv\u00fcl a klinik\u00e1ra ker\u00fclt Dimitrov Athan\u00e1z adjunk\u00adtus, Papp L\u00e1szl\u00f3, Gergely \u00c9va, Katona Istv\u00e1n, Kov\u00e1cs D. G\u00e9za, Szirm\u00e1k Ferenc, Hercska Veronika tan\u00e1rseg\u00e9dek, Kiss Dezs\u0151 \u00e9s Csuk\u00e1s S\u00e1ndor egyetemi gyakornokok valamint Trischler M\u00e1ria, Feh\u00e9r Tibor, Sz\u0151ke \u00c1gnes, G\u00f6tz Gy\u00f6rgy k\u00f6zponti gyakornokok.<\/p>\n<p style=\"text-align: justify\">A megalakult Klinika szervezeti r\u00e9szek\u00e9nt m\u0171k\u00f6d\u00f6tt a &#8211; Kari K\u00f6z\u00adponti Fogtechnikai Laborat\u00f3rium megalakul\u00e1s\u00e1ig &#8211; a Fogtechnikai Labo\u00adrat\u00f3rium, mely els\u0151sorban a hallgat\u00f3k gyakorlati oktat\u00e1s\u00e1nak kiszol\u00adg\u00e1l\u00e1s\u00e1ban \u00e9s az odontotechnol\u00f3giai oktat\u00e1sban vett r\u00e9szt. Az alap\u00edt\u00f3 fogtechnikusok k\u00f6r\u00e9t Babai J\u00e1nos fogtechnikus mester vezet\u00e9s\u00e9vel Heged\u0171s Ferencn\u00e9, Horv\u00e1th Csaba, K\u00e1l\u00f3cz L\u00e1szl\u00f3, Kov\u00e1cs B\u00e9la, L\u00e1szai Ede, L\u0151rincz L\u00e1szl\u00f3, M\u00e1th\u00e9 G\u00e1bor, Moln\u00e1r Istv\u00e1n, Moln\u00e1r Mih\u00e1ly, Pint\u00e9r Ern\u0151, Sarudi Gyula, T\u00f3th Tivadar, T\u00f6tt\u00f6s Gizella, Wellinger Istv\u00e1n alkott\u00e1k.<\/p>\n<p style=\"text-align: justify\">A Klinika szerves r\u00e9sz\u00e9t k\u00e9pezi a megalakul\u00e1skor hozz\u00e1csatolt \u00e9s a m\u00e1r 1953-ban az I. sz. Pathol\u00f3giai Int\u00e9zet \u00e9p\u00fclet\u00e9ben, a valamikori Seb\u00e9\u00adszeti Anat\u00f3miai \u00e9s M\u0171t\u00e9ttani Int\u00e9zet helyis\u00e9geiben kialak\u00edtott Odonto\u00adtechnikai Tanlaborat\u00f3rium. Els\u0151 vezet\u0151je F\u00f6ldv\u00e1ri Imre adjunktus volt. Az elavultnak \u00e9s szeg\u00e9nyesnek nevezhet\u0151 berendez\u00e9sek a honv\u00e9ds\u00e9g tartal\u00e9k keret\u00e9b\u0151l sz\u00e1rmaztak. M\u00e1r ekkor felszerelt\u00e9k azonban magyar gy\u00e1rtm\u00e1ny\u00fa fantomfejekkel, melyek k\u00f6zel 30 \u00e9vig b\u00edrt\u00e1k a megpr\u00f3b\u00e1l\u00adtat\u00e1sokat. A \u201eTanlaborat\u00f3rium&#8221; mellett kapott helyet az Anyagtani Lab\u00adorat\u00f3rium is, melyet l\u00e9trehoz\u00e1sakor Husz\u00e1r Gy\u00f6rgy m\u0171k\u00f6dtetett. Sajnos e helyis\u00e9gek 1978-ban elker\u00fcltek a Klinik\u00e1t\u00f3l.<\/p>\n<p style=\"text-align: justify\"><a href=\"https:\/\/semmelweis.hu\/fogpotlastan\/files\/2019\/01\/RS62301_IMG_2970-scr.jpg\"><img loading=\"lazy\" decoding=\"async\" class=\"aligncenter size-full wp-image-4591\" src=\"https:\/\/semmelweis.hu\/fogpotlastan\/files\/2019\/01\/RS62301_IMG_2970-scr.jpg\" alt=\"\" width=\"950\" height=\"633\" srcset=\"https:\/\/semmelweis.hu\/fogpotlastan\/files\/2019\/01\/RS62301_IMG_2970-scr.jpg 950w, https:\/\/semmelweis.hu\/fogpotlastan\/files\/2019\/01\/RS62301_IMG_2970-scr-300x200.jpg 300w, https:\/\/semmelweis.hu\/fogpotlastan\/files\/2019\/01\/RS62301_IMG_2970-scr-768x512.jpg 768w, https:\/\/semmelweis.hu\/fogpotlastan\/files\/2019\/01\/RS62301_IMG_2970-scr-450x300.jpg 450w\" sizes=\"auto, (max-width: 950px) 100vw, 950px\" \/><\/a><\/p>\n<p style=\"text-align: justify\">A \u201ePropedeutikai \u00e9s Anyagtani R\u00e9szleg&#8221; n\u00e9ven m\u0171k\u00f6d\u0151 egys\u00e9g teljes fel\u00faj\u00edt\u00e1s\u00e1ra &#8211; szint\u00e9n p\u00e1ly\u00e1zati p\u00e9nzekb\u0151l &#8211; a &#8217;90-es \u00e9vek\u00adben ker\u00fclt sor. Elk\u00e9sz\u00fcltekor K\u00f6z\u00e9p-Eur\u00f3pa egyik legkorszer\u0171bb \u201efan\u00adtom gyakorl\u00f3ja&#8221; volt.<\/p>\n<p style=\"text-align: justify\"><strong>A Fogp\u00f3tl\u00e1stani Klinika tansz\u00e9kvezet\u0151i<\/strong><\/p>\n<p style=\"text-align: justify\">1959-1968 \u00a0Moln\u00e1r L\u00e1szl\u00f3 egyetemi docens, mb. tansz\u00e9kvezet\u0151 egyetemi tan\u00e1r \u00a0(1931-1969*)<br \/>\n1968-1969 \u00a0Ber\u00e9nyi B\u00e9la egyetemi tan\u00e1r, mb. tansz\u00e9kvezet\u0151\u00a0<br \/>\n1969-1975 \u00a0Schranz D\u00e9nes egyetemi tan\u00e1r (1935-1975*)<br \/>\n1975-1999 \u00a0F\u00e1bi\u00e1n Tibor egyetemi tan\u00e1r (1962-2004*)<br \/>\n1999-2010 \u00a0Fej\u00e9rdy P\u00e1l egyetemi tan\u00e1r (1969-2015*)<br \/>\n2010- \u00a0 \u00a0 \u00a0 \u00a0 \u00a0 Hermann P\u00e9ter egyetemi tan\u00e1r (1987-*)<\/p>\n<p style=\"text-align: justify\"><em>\u00a0 *klinik\u00e1n elt\u00f6lt\u00f6tt id\u0151<\/em><\/p>\n<p style=\"text-align: justify\"><strong>Oktat\u00e1s<\/strong><\/p>\n<p style=\"text-align: justify\">A Fogp\u00f3tl\u00e1stani Klinika oktatta &#8211; az akkori curriculumb\u00f3l &#8211; a II. \u00e9vfolya\u00admon az odontotechnol\u00f3gi\u00e1t (F\u00f6ldv\u00e1ri Imre), a fog\u00e1szati f\u00e9mtant \u00e9s anyagismeretet (Husz\u00e1r Gy\u00f6rgy), valamint III.-IV.-V. \u00e9ven a fog\u00adp\u00f3tl\u00e1stant {Moln\u00e1r L\u00e1szl\u00f3), viszonylag alacsony gyakorlati \u00f3rasz\u00e1m\u00adban.<\/p>\n<p style=\"text-align: justify\">1961-ben megsz\u0171nt \u00d6n\u00e1ll\u00f3 tant\u00e1rgyk\u00e9nt a \u201efog\u00e1szati f\u00e9mtan \u00e9s anyag\u00adismeret&#8221;, s az odontotechnol\u00f3gi\u00e1val \u00f6sszevonva, fogp\u00f3tl\u00e1stani tech\u00adnol\u00f3gia n\u00e9ven ker\u00fclt az els\u0151 \u00e9vben oktat\u00e1sra. A klinikai fogp\u00f3tl\u00e1stan oktat\u00e1sa e tanterv szerint csak a IV. \u00e9vben kezd\u0151d\u00f6tt el.\u00a0A fogp\u00f3tl\u00e1stani ismeretek ellen\u0151rz\u00e9s\u00e9re &#8211; az 1965-\u00f6s oktat\u00e1si refor\u00admig &#8211; csup\u00e1n szigorlat szolg\u00e1lt. A t\u00e1rgyak elnevez\u00e9se \u00e9s \u00f3rasz\u00e1ma eg\u00e9\u00adszen az 1996-97-ben bevezetett, ma is \u00e9rv\u00e9nyes tantervi reformig nem v\u00e1ltozott. Ekkor ism\u00e9t visszaker\u00fclt a curriculumba az \u00e1ltal\u00e1nos fog\u00e1sza\u00adti anyagtan, az odontotechnol\u00f3gia \u00e9s \u00faj t\u00e1rgyk\u00e9nt a fogp\u00f3tl\u00e1stani pro- pedeutika. A Fogp\u00f3tl\u00e1stani Klinika r\u00e9szt vesz a klinikai fog\u00e1szat, az or\u00e1lis diagnosztika \u00e9s 2004-ig a fog\u00e1szati radiol\u00f3gia oktat\u00e1sban is.\u00a0<\/p>\n<p style=\"text-align: justify\">A tantermi el\u0151ad\u00e1sokra \u00e9p\u00fcl\u0151 gyakorlati oktat\u00e1sa \u00fan. kiscsoportos k\u00e9pz\u00e9s keret\u00e9n bel\u00fcl val\u00f3sul meg. A szemeszterenk\u00e9nt meghat\u00e1rozott tanmenet szerint kell a hallgat\u00f3knak az el\u0151\u00edrt \u201epenzum&#8221;-nak megfelel\u0151 eseteket megoldani.\u00a0<\/p>\n<p style=\"text-align: justify\"><a href=\"https:\/\/semmelweis.hu\/fogpotlastan\/files\/2019\/01\/RS87528_IMG_6939-scr.jpg\"><img loading=\"lazy\" decoding=\"async\" class=\"alignright wp-image-4575 size-medium\" src=\"https:\/\/semmelweis.hu\/fogpotlastan\/files\/2019\/01\/RS87528_IMG_6939-scr-300x200.jpg\" alt=\"\" width=\"300\" height=\"200\" srcset=\"https:\/\/semmelweis.hu\/fogpotlastan\/files\/2019\/01\/RS87528_IMG_6939-scr-300x200.jpg 300w, https:\/\/semmelweis.hu\/fogpotlastan\/files\/2019\/01\/RS87528_IMG_6939-scr-768x512.jpg 768w, https:\/\/semmelweis.hu\/fogpotlastan\/files\/2019\/01\/RS87528_IMG_6939-scr-450x300.jpg 450w, https:\/\/semmelweis.hu\/fogpotlastan\/files\/2019\/01\/RS87528_IMG_6939-scr.jpg 950w\" sizes=\"auto, (max-width: 300px) 100vw, 300px\" \/><\/a>A gradu\u00e1lis k\u00e9pz\u00e9s mellett klinik\u00e1nk jelent\u0151s szerepet v\u00e1llal a szak- \u00e9s tov\u00e1bbk\u00e9pz\u00e9sb\u0151l is. A rezidens k\u00e9pz\u00e9s bevezet\u00e9se \u00f3ta a szakvizsg\u00e1ra k\u00e9sz\u00fcl\u0151 jel\u00f6ltek sz\u00e1ma minden \u00e9vben messze meghaladta a fogad\u00f3\u00adk\u00e9pess\u00e9g\u00fcnk hat\u00e1r\u00e1t. Rezidenseink legkiv\u00e1l\u00f3bbjai szakvizsg\u00e1ja ut\u00e1n a klinikai oktat\u00f3g\u00e1rda ut\u00e1np\u00f3tl\u00e1sak\u00e9nt maradtak n\u00e1lunk.\u00a0A klinik\u00e1n 1989 \u00f3ta, \u00e9vente k\u00e9tszeri rendszeress\u00e9ggel tov\u00e1bbk\u00e9pz\u0151 tanfolyamot tartunk a fogorvosl\u00e1s aktu\u00e1lis k\u00e9rd\u00e9seivel kapcsolatban. A meghirdetett el\u0151ad\u00e1ssorozat nagy \u00e9rdekl\u0151d\u00e9sre tart sz\u00e1mot a szak\u00adm\u00e1n bel\u00fcl. A klinika orvosai sz\u00e1mos tov\u00e1bbk\u00e9pz\u00e9sen, megh\u00edvott el\u0151\u00adad\u00f3k\u00e9nt tartanak el\u0151ad\u00e1sokat, illetve \u00f6n\u00e1ll\u00f3 tov\u00e1bbk\u00e9pz\u00e9si kurzusokat hirdetnek.<\/p>\n<p style=\"text-align: justify\">A Fogp\u00f3tl\u00e1stani Klinik\u00e1n az oktat\u00e1s, gy\u00f3gy\u00edt\u00e1s \u00e9s kutat\u00e1s tev\u00e9keny\u00ads\u00e9g ir\u00e1ny\u00edt\u00e1sa &#8211; 2001-\u00f3ta &#8211; ISO 9001:2000 Min\u0151s\u00e9g\u00fcgyi Rendszer szerint m\u0171k\u00f6dik.\u00a0Az oktat\u00e1s-tanul\u00e1s folyamat\u00e1t seg\u00edtett\u00e9k a klinika orvosai \u00e1ltal \u00edrt tank\u00f6nyvek \u00e9s jegyzetek. Ezek k\u00f6z\u00fcl m\u00e9g az \u00f6n\u00e1ll\u00f3 k\u00e9pz\u00e9s megindul\u00e1sa el\u0151tt 1950-ben ker\u00fclt kiad\u00e1sra. Moln\u00e1r L\u00e1szl\u00f3, Schranz D\u00e9nes, Husz\u00e1r Gy\u00f6rgy: Fogp\u00f3tl\u00e1stan c\u00edm\u0171 k\u00f6nyve, valamint F\u00f6ldv\u00e1ri I: Odontotech- nika c\u00edm\u0171 m\u0171ve.\u00a01959-ben hivatalos tank\u00f6nyvk\u00e9nt jelent meg F\u00f6ldv\u00e1ri Imre \u00e9s Husz\u00e1r Gy\u00f6rgy munk\u00e1ja Fogp\u00f3tl\u00e1s technol\u00f3gi\u00e1ja c\u00edmmel.<\/p>\n<p style=\"text-align: justify\">A k\u00f6vetkez\u0151 tank\u00f6nyv kiad\u00e1s\u00e1ra csup\u00e1n egy \u00e9vet kellett v\u00e1rni, ekkor jelent meg Moln\u00e1r L\u00e1szl\u00f3 Fogp\u00f3tl\u00e1stan c\u00edm\u0171 k\u00f6nyve. A szakmai k\u00f6z\u00adnyelv csak \u201ekis Moln\u00e1r&#8221;-k\u00e9nt emlegette.<br \/>\nA tank\u00f6nyvkiad\u00e1sban jelentkez\u0151 neh\u00e9zs\u00e9gek \u00e1thidal\u00e1s\u00e1ra k\u00f6nyv helyett egyetemi jegyzetek megjelentet\u00e9s\u00e9re ker\u00fclt sor. Ezek k\u00f6zt els\u0151k\u00e9nt eml\u00edtend\u0151 a Schranz D\u00e9nes \u00e9s Ka\u00e1n Mikl\u00f3s \u00e1ltal 1973-ban \u00edrt A klinikai fogp\u00f3tl\u00e1stani gyakorlatok vez\u00e9rfonala c\u00edm\u0171, majd ezt k\u00f6vette 1981-ben a Klinikai fogp\u00f3tl\u00e1stan F\u00e1bi\u00e1n Tibor \u00e9s Ka\u00e1n Mikl\u00f3s toll\u00e1b\u00f3l.\u00a0Azonos c\u00edmmel jelent meg 1989-ben a F\u00e1bi\u00e1n Tibor, Ka\u00e1n Mikl\u00f3s \u00e9s Szab\u00f3 Imre \u00e1ltal jegyzett \u00faj tank\u00f6nyv. A legutols\u00f3 protetikai t\u00e1rgy\u00adk\u00f6rben \u00edr\u00f3dott tank\u00f6nyv kiad\u00e1s\u00e1ra 1997-ben ker\u00fclt sor. C\u00edme A fog\u00adp\u00f3tl\u00e1stan alapjai, szerz\u0151i F\u00e1bi\u00e1n Tibor, G\u00f6tz Gy\u00f6rgy, Ka\u00e1n Mikl\u00f3s \u00e9s Szab\u00f3 Imre.\u00a0\u00daj tank\u00f6nyv \u00edr\u00e1s\u00e1ra 2004-ben kaptunk megb\u00edz\u00e1st.<\/p>\n<p style=\"text-align: justify\"><strong>Tudom\u00e1nyos tev\u00e9kenys\u00e9g<\/strong><\/p>\n<p style=\"text-align: justify\">A klinika munkat\u00e1rsai a tank\u00f6nyvek meg\u00edr\u00e1s\u00e1n t\u00falmen\u0151en sz\u00e1mos dol\u00adgozatban, el\u0151ad\u00e1sban tett\u00e9k \u00e9s teszik k\u00f6zz\u00e9 kutat\u00e1si eredm\u00e9nyeiket. A t\u00e9m\u00e1k k\u00f6z\u00f6tt mind az alapkutat\u00e1sok, mind az alkalmazott kutat\u00e1sok egyes ter\u00fcletei megtal\u00e1lhat\u00f3ak. Az 1970-80-as \u00e9vekben az alapkutat\u00e1\u00adsok a t\u00e1pl\u00e1l\u00e9k feh\u00e9rjetartalma a fog-kem\u00e9nysz\u00f6vetekre &#8211; a nyomelemek kem\u00e9nysz\u00f6vetekre gyakorolt hat\u00e1s\u00e1ra ir\u00e1nyultak. Az alkalmazott kuta\u00adt\u00e1sok a hangk\u00e9pz\u00e9s, az implantol\u00f3gia, gerostomatol\u00f3gia, epidemiol\u00f3\u00adgia, sziszt\u00e9m\u00e1s betegs\u00e9gek \u00e9s a fogp\u00f3tl\u00e1stan \u00f6sszef\u00fcgg\u00e9sei mellett a pszichikum fog\u00e1szati vonatkoz\u00e1sainak k\u00e9rd\u00e9sk\u00f6re folyamatosan \u00e9rdek\u00adl\u0151d\u00e9s\u00fcnk homlokter\u00e9ben \u00e1ll.<\/p>\n<p style=\"text-align: justify\">A hazai \u00e9s nemzetk\u00f6zi irodalomban a \u201eR\u00e9szleges foghi\u00e1nyok pro\u00adtetikai oszt\u00e1lyoz\u00e1sa&#8221; c\u00edmmel is ismertt\u00e9 v\u00e1lt a r\u00e9szleges fogp\u00f3tl\u00e1sok tervez\u00e9s\u00e9t \u00e9s kivitelez\u00e9s\u00e9t \u00faj elm\u00e9leti alapokra helyez\u0151 tudom\u00e1nyos diagnosztikus rendszer, seg\u00edti a ter\u00e1pi\u00e1s lehet\u0151s\u00e9gek megv\u00e1laszt\u00e1s\u00e1t, \u00fatmutat\u00e1st ad a r\u00e9szleges foghi\u00e1nyok rehabilit\u00e1ci\u00f3j\u00e1ra. Mind a \u201eM\u00f3d\u00adszertani k\u00f6rlevel&#8221;-ek, mind a finansz\u00edroz\u00e1si jogszab\u00e1lyok e rendszert alkalmazz\u00e1k.\u00a0A hallgat\u00f3k kutat\u00f3munka ir\u00e1nti \u00e9rdekl\u0151d\u00e9s\u00e9t felkeltend\u0151 TDK m\u0171\u00adk\u00f6dik klinik\u00e1nkon. B\u00e1r v\u00e1ltoz\u00f3 intenzit\u00e1ssal \u00e9s eredm\u00e9nyess\u00e9ggel, de hallgat\u00f3ink mindig ott vannak az egyetemi \u00e9s orsz\u00e1gos megm\u00e9rettet\u00e9sen.<\/p>\n<p style=\"text-align: justify\"><strong>Betegell\u00e1t\u00f3-gy\u00f3gy\u00edt\u00f3 tev\u00e9kenys\u00e9g<\/strong><\/p>\n<p style=\"text-align: justify\">Az oktat\u00e1s keret\u00e9n bel\u00fcl a kiscsoportos gyakorlati k\u00e9pz\u00e9s megval\u00f3\u00ads\u00edt\u00e1sak\u00e9nt hallgat\u00f3ink a komplex betegell\u00e1t\u00e1s szab\u00e1lyai szerint, szigor\u00fa oktat\u00f3i ir\u00e1ny\u00edt\u00e1ssal \u00e9s fel\u00fcgyelettel v\u00e9gzik tev\u00e9kenys\u00e9g\u00fcket az \u00fan. \u201etanc\u00e9los betegell\u00e1t\u00e1s&#8221; keretein bel\u00fcl. A preklinikai k\u00e9pz\u00e9st k\u00f6vet\u0151en m\u00e1r a III. \u00e9vfolyamon kezd\u0151dik ez a tev\u00e9kenys\u00e9g, mely kapcs\u00e1n a klinika \u00e1ltal meghat\u00e1rozott fogp\u00f3tl\u00e1sokat (penzum) kell a hallgat\u00f3knak tel\u00adjes\u00edteni\u00fck. A gyakorlati k\u00e9pz\u00e9s a teljes lemezes fogp\u00f3tl\u00e1sok k\u00e9sz\u00edt\u00e9s\u00e9\u00advel kezd\u0151dik, s folyamatosan jutnak el a hallgat\u00f3k a \u201ekombin\u00e1lt&#8221; fogp\u00f3t\u00adl\u00e1sok k\u00e9sz\u00edt\u00e9s\u00e9hez. A hallgat\u00f3k sz\u00e1m\u00e1ra a beteg-anyag szervezett biz\u00adtos\u00edt\u00e1s\u00e1r\u00f3l a klinika gondoskodik.<\/p>\n<p style=\"text-align: justify\"><a href=\"https:\/\/semmelweis.hu\/fogpotlastan\/files\/2019\/01\/RS87541_IMG_7039-scr.jpg\"><img loading=\"lazy\" decoding=\"async\" class=\"alignleft size-medium wp-image-4577\" src=\"https:\/\/semmelweis.hu\/fogpotlastan\/files\/2019\/01\/RS87541_IMG_7039-scr-300x200.jpg\" alt=\"\" width=\"300\" height=\"200\" srcset=\"https:\/\/semmelweis.hu\/fogpotlastan\/files\/2019\/01\/RS87541_IMG_7039-scr-300x200.jpg 300w, https:\/\/semmelweis.hu\/fogpotlastan\/files\/2019\/01\/RS87541_IMG_7039-scr-768x512.jpg 768w, https:\/\/semmelweis.hu\/fogpotlastan\/files\/2019\/01\/RS87541_IMG_7039-scr-450x300.jpg 450w, https:\/\/semmelweis.hu\/fogpotlastan\/files\/2019\/01\/RS87541_IMG_7039-scr.jpg 950w\" sizes=\"auto, (max-width: 300px) 100vw, 300px\" \/><\/a>Az infrastrukt\u00far\u00e1lis kapacit\u00e1sokat jelent\u0151s m\u00e9rt\u00e9kben lek\u00f6t\u0151 hallga\u00adt\u00f3i betegell\u00e1t\u00e1s mellett a klinika orvosai sz\u00e1mos, speci\u00e1lis ismereteket ig\u00e9nyl\u0151, az orsz\u00e1gban egyed\u00fclinek tekinthet\u0151 kezel\u00e9st v\u00e9geznek. Ezek k\u00f6z\u00e9 sorolhat\u00f3k t\u00f6bbek k\u00f6z\u00f6tt az arc- \u00e9s arct\u00e1j\u00e9k postoper\u00e1ci\u00f3s helyre\u00ad\u00e1ll\u00edt\u00f3 beavatkoz\u00e1sai, a sz\u00e1jpadhasad\u00e9kosok protetikai ell\u00e1t\u00e1sa, az epilepszi\u00e1sok \u00e9s a pszich\u00e9sen \u00e9rintettek kiemelt ell\u00e1t\u00e1sa. Az \u201eemelt szint\u0171&#8221; betegell\u00e1t\u00e1son bel\u00fcl p\u00e1cienseink az eg\u00e9sz orsz\u00e1gb\u00f3l \u00e9rkeznek hozz\u00e1nk.<\/p>\n","protected":false},"excerpt":{"rendered":"<p>A hi\u00e1nyz\u00f3 fogak p\u00f3tl\u00e1sa mind funkcion\u00e1lis, mind eszt\u00e9tikai szempontb\u00f3l kiemelked\u0151en fontos feladata a fogorvosl\u00e1snak. Az eg\u00e9sz emberi szervezetre \u2013 t\u00e1pl\u00e1lkoz\u00e1s, munkak\u00e9pess\u00e9g, pszich\u00e9 \u2013 fontos, pozit\u00edv hat\u00e1ssal b\u00edr a sz\u00e1j megfelel\u0151 \u00e1llapota. Az id\u0151ben \u00e9s megfelel\u0151en elk\u00e9sz\u00edtett fogp\u00f3tl\u00e1ssal megg\u00e1tolhat\u00f3ak a foghi\u00e1ny k\u00e1ros hat\u00e1sai \u00e9s helyre\u00e1ll\u00edthat\u00f3 a r\u00e1g\u00f3appar\u00e1tus eg\u00e9szs\u00e9ges m\u0171k\u00f6d\u00e9se. Klinik\u00e1nkon a legmodernebb technik\u00e1val \u00e9s a szakma leg\u00fajabb kutat\u00e1si eredm\u00e9nyeit alkalmaz\u00f3 megold\u00e1sokkal t\u00f6rt\u00e9nnek a kezel\u00e9sek.<\/p>\n","protected":false},"author":8,"featured_media":4591,"parent":0,"menu_order":0,"comment_status":"closed","ping_status":"closed","template":"","meta":{"_acf_changed":false,"footnotes":""},"categories":[],"tags":[],"class_list":["post-5","page","type-page","status-publish","has-post-thumbnail","hentry"],"acf":[],"_links":{"self":[{"href":"https:\/\/semmelweis.hu\/fogpotlastan\/wp-json\/wp\/v2\/pages\/5","targetHints":{"allow":["GET"]}}],"collection":[{"href":"https:\/\/semmelweis.hu\/fogpotlastan\/wp-json\/wp\/v2\/pages"}],"about":[{"href":"https:\/\/semmelweis.hu\/fogpotlastan\/wp-json\/wp\/v2\/types\/page"}],"author":[{"embeddable":true,"href":"https:\/\/semmelweis.hu\/fogpotlastan\/wp-json\/wp\/v2\/users\/8"}],"replies":[{"embeddable":true,"href":"https:\/\/semmelweis.hu\/fogpotlastan\/wp-json\/wp\/v2\/comments?post=5"}],"version-history":[{"count":10,"href":"https:\/\/semmelweis.hu\/fogpotlastan\/wp-json\/wp\/v2\/pages\/5\/revisions"}],"predecessor-version":[{"id":7060,"href":"https:\/\/semmelweis.hu\/fogpotlastan\/wp-json\/wp\/v2\/pages\/5\/revisions\/7060"}],"wp:featuredmedia":[{"embeddable":true,"href":"https:\/\/semmelweis.hu\/fogpotlastan\/wp-json\/wp\/v2\/media\/4591"}],"wp:attachment":[{"href":"https:\/\/semmelweis.hu\/fogpotlastan\/wp-json\/wp\/v2\/media?parent=5"}],"wp:term":[{"taxonomy":"category","embeddable":true,"href":"https:\/\/semmelweis.hu\/fogpotlastan\/wp-json\/wp\/v2\/categories?post=5"},{"taxonomy":"post_tag","embeddable":true,"href":"https:\/\/semmelweis.hu\/fogpotlastan\/wp-json\/wp\/v2\/tags?post=5"}],"curies":[{"name":"wp","href":"https:\/\/api.w.org\/{rel}","templated":true}]}}