{"id":4663,"date":"2019-01-25T13:32:29","date_gmt":"2019-01-25T12:32:29","guid":{"rendered":"http:\/\/semmelweis.hu\/fogpotlastan\/?page_id=4663"},"modified":"2019-01-25T14:31:04","modified_gmt":"2019-01-25T13:31:04","slug":"uber-die-klinik","status":"publish","type":"page","link":"https:\/\/semmelweis.hu\/fogpotlastan\/de\/uber-die-klinik\/","title":{"rendered":"\u00dcber die Klinik"},"content":{"rendered":"<p style=\"text-align: justify\"><span style=\"font-size: 12pt\">Die Klinik f\u00fcr Zahn\u00e4rztliche Prothetik ist schon seit 60 Jahren eine des f\u00fchrenden Behandlungs-, Forschungs- und Lehre Zentrums nicht nur in Ungarn, sondern auch in Mittel-Europa.<\/span><\/p>\n<p style=\"text-align: justify\"><span style=\"font-size: 12pt\">In der Lehre bilden wir Zahnmedizin-Studenten in drei Sprachen (Ungarisch, Englisch und Deutsch) sowohl wissenschaftlich, als auch praktisch nach den neuesten Behandlungsverfahren. Wir bieten Studentenkurse &#8211; die durch die Mitarbeiter der Klinik f\u00fcr zahn\u00e4rztliche Prothetik gehalten werden &#8211; \u00a0im Bereich der Werkstoffkunde, zahn\u00e4rztlichen Prop\u00e4deutik, zahn\u00e4rztlichen Prothetik und Gnathologie. Unter der Rubrik \u201eLehre\u201c finden Sie Informationen zu Ablauf und Inhalt der deutschsprachigen Studentenkurse.<\/span><\/p>\n<p><a href=\"https:\/\/semmelweis.hu\/fogpotlastan\/files\/2019\/01\/RS62301_IMG_2970-scr.jpg\"><img loading=\"lazy\" decoding=\"async\" class=\"alignnone  wp-image-4591\" src=\"https:\/\/semmelweis.hu\/fogpotlastan\/files\/2019\/01\/RS62301_IMG_2970-scr-300x200.jpg\" alt=\"\" width=\"723\" height=\"482\" srcset=\"https:\/\/semmelweis.hu\/fogpotlastan\/files\/2019\/01\/RS62301_IMG_2970-scr-300x200.jpg 300w, https:\/\/semmelweis.hu\/fogpotlastan\/files\/2019\/01\/RS62301_IMG_2970-scr-768x512.jpg 768w, https:\/\/semmelweis.hu\/fogpotlastan\/files\/2019\/01\/RS62301_IMG_2970-scr-450x300.jpg 450w, https:\/\/semmelweis.hu\/fogpotlastan\/files\/2019\/01\/RS62301_IMG_2970-scr.jpg 950w\" sizes=\"auto, (max-width: 723px) 100vw, 723px\" \/><\/a><\/p>\n","protected":false},"excerpt":{"rendered":"<p>Die Klinik f\u00fcr Zahn\u00e4rztliche Prothetik ist schon seit 60 Jahren eine des f\u00fchrenden Behandlungs-, Forschungs- und Lehre Zentrums nicht nur in Ungarn, sondern auch in Mittel-Europa. In der Lehre bilden wir Zahnmedizin-Studenten in drei Sprachen (Ungarisch, Englisch und Deutsch) sowohl wissenschaftlich, als auch praktisch nach den neuesten Behandlungsverfahren. Wir bieten Studentenkurse &#8211; die durch die &hellip;<\/p>\n","protected":false},"author":101231,"featured_media":0,"parent":0,"menu_order":0,"comment_status":"closed","ping_status":"closed","template":"","meta":{"_acf_changed":false,"footnotes":""},"categories":[],"tags":[],"class_list":["post-4663","page","type-page","status-publish","hentry"],"acf":[],"_links":{"self":[{"href":"https:\/\/semmelweis.hu\/fogpotlastan\/wp-json\/wp\/v2\/pages\/4663","targetHints":{"allow":["GET"]}}],"collection":[{"href":"https:\/\/semmelweis.hu\/fogpotlastan\/wp-json\/wp\/v2\/pages"}],"about":[{"href":"https:\/\/semmelweis.hu\/fogpotlastan\/wp-json\/wp\/v2\/types\/page"}],"author":[{"embeddable":true,"href":"https:\/\/semmelweis.hu\/fogpotlastan\/wp-json\/wp\/v2\/users\/101231"}],"replies":[{"embeddable":true,"href":"https:\/\/semmelweis.hu\/fogpotlastan\/wp-json\/wp\/v2\/comments?post=4663"}],"version-history":[{"count":3,"href":"https:\/\/semmelweis.hu\/fogpotlastan\/wp-json\/wp\/v2\/pages\/4663\/revisions"}],"predecessor-version":[{"id":4693,"href":"https:\/\/semmelweis.hu\/fogpotlastan\/wp-json\/wp\/v2\/pages\/4663\/revisions\/4693"}],"wp:attachment":[{"href":"https:\/\/semmelweis.hu\/fogpotlastan\/wp-json\/wp\/v2\/media?parent=4663"}],"wp:term":[{"taxonomy":"category","embeddable":true,"href":"https:\/\/semmelweis.hu\/fogpotlastan\/wp-json\/wp\/v2\/categories?post=4663"},{"taxonomy":"post_tag","embeddable":true,"href":"https:\/\/semmelweis.hu\/fogpotlastan\/wp-json\/wp\/v2\/tags?post=4663"}],"curies":[{"name":"wp","href":"https:\/\/api.w.org\/{rel}","templated":true}]}}