{"id":4501,"date":"2018-12-05T09:30:08","date_gmt":"2018-12-05T08:30:08","guid":{"rendered":"http:\/\/semmelweis.hu\/fogpotlastan\/?page_id=4501"},"modified":"2019-02-04T15:25:43","modified_gmt":"2019-02-04T14:25:43","slug":"dr-hauzer-abafalvi-lilla-elektromos-cigarettafogyasztas-epidemiologiai-vizsgalata","status":"publish","type":"page","link":"https:\/\/semmelweis.hu\/fogpotlastan\/kutatas\/phd-kutatasok\/dr-hauzer-abafalvi-lilla-elektromos-cigarettafogyasztas-epidemiologiai-vizsgalata\/","title":{"rendered":"Dr. Hauzer-Abafalvi Lilla &#8211; Elektromos cigarettafogyaszt\u00e1s epidemiol\u00f3giai vizsg\u00e1lata"},"content":{"rendered":"<p style=\"text-align: justify\"><strong>Dr. Hauzer-Abafalvi Lilla &#8211; Elektromos cigarettafogyaszt\u00e1s epidemiol\u00f3giai vizsg\u00e1lata<\/strong><\/p>\n<p style=\"text-align: justify\">Vil\u00e1gviszonylatban \u00e9s Magyarorsz\u00e1gon is egyre elterjedtebb az e-cigaretta haszn\u00e1lata. Az elektronikus cigaretta a gy\u00e1rt\u00f3k szerint a hagyom\u00e1nyos doh\u00e1nyz\u00e1ssal szemben eg\u00e9szs\u00e9gesebb \u00e9s a k\u00f6rnyezetre vesz\u00e9lytelenebb alternat\u00edv\u00e1t k\u00edn\u00e1l\u00f3 eszk\u00f6z. A f\u00fcstmentes e-cigaretta m\u00e1sik vitathatatlan el\u0151nye a passz\u00edv doh\u00e1nyz\u00e1s teljes kik\u00fcsz\u00f6b\u00f6l\u00e9se. Az e-cigaretta leszok\u00e1sban j\u00e1tszott szerepe nem t\u00e1maszthat\u00f3 al\u00e1 egy\u00e9rtelm\u0171en, de szinte bizonyos, hogy a kor\u00e1bbi megold\u00e1sokn\u00e1l, mint p\u00e9ld\u00e1ul a nikotin tapasz, nem kisebb m\u00e9rt\u00e9k\u0171. Azonban a tal\u00e1lm\u00e1ny m\u00e9g &#8222;fiatal&#8221;, meg\u00edt\u00e9l\u00e9se egyel\u0151re ellentmond\u00e1sos, a hozz\u00e1 kapcsol\u00f3d\u00f3 kutat\u00e1sok \u00e9s irodalom pedig hi\u00e1nyos. A tudom\u00e1nyos irodalmat v\u00e9gigolvasva nem tal\u00e1ltunk Magyarorsz\u00e1gra vonatkoz\u00f3 epidemiol\u00f3giai felm\u00e9r\u00e9st.<\/p>\n<p>C\u00e9lunk ez\u00e9rt az volt, hogy a hazai e-cigaretta haszn\u00e1l\u00f3k k\u00f6r\u00e9r\u0151l statisztikailag megalapozott inform\u00e1ci\u00f3k \u00e1lljanak rendelkez\u00e9s\u00fcnkre, \u00edgy hiteles \u00e9s hi\u00e1nyp\u00f3tl\u00f3 epidemiol\u00f3gia vizsg\u00e1latot k\u00e9sz\u00edts\u00fcnk.<\/p>\n<p>Az epidemiol\u00f3giai vizsg\u00e1latot elektromos form\u00e1ban k\u00e9sz\u00edtett k\u00e9rd\u0151\u00edvek seg\u00edts\u00e9g\u00e9vel v\u00e9gezt\u00fck 2015-ben(n=1455; 86.7% f\u00e9rfi, \u00e1tlag \u00e9letkor 37.9 \u00e9v.) A k\u00e9rd\u00e9ssort k\u00fcl\u00f6nb\u00f6z\u0151 e-cigaretta \u00e1rus\u00edt\u00f3 weboldalakon \u00e9s a t\u00e9m\u00e1val foglalkoz\u00f3 f\u00f3rumokon tett\u00fck k\u00f6zz\u00e9 \u00e9s csak e-cigarett\u00e1t valamint elektronikus \u00e9s hagyom\u00e1nyos cigarett\u00e1t is haszn\u00e1l\u00f3k t\u00f6lt\u00f6tt\u00e9k ki. A k\u00e9rd\u0151\u00edv f\u0151 t\u00e9mak\u00f6rei: \u00e1ltal\u00e1nos inform\u00e1ci\u00f3k, doh\u00e1nyz\u00e1si szok\u00e1sok, hagyom\u00e1nyos \u00e9s e-cigaretta k\u00e1ross\u00e1g\u00e1nak meg\u00edt\u00e9l\u00e9se, sz\u00e1jhigi\u00e9ne, e-cigaretta mell\u00e9khat\u00e1sai, v\u00e1ltoz\u00e1sok az e-cigaretta haszn\u00e1lata \u00f3ta.<\/p>\n<p>A v\u00e1laszok ki\u00e9rt\u00e9kel\u00e9se sor\u00e1n v\u00e9g\u00fcl k\u00e9t t\u00e9mak\u00f6rt elemezt\u00fcnk ki m\u00e9lyrehat\u00f3an. Az els\u0151n\u00e9l \u00f6sszehasonl\u00edtottuk a kett\u0151s \u00e9s csak e-cigaretta haszn\u00e1l\u00f3kat abban, hogy milyen k\u00e1ros hat\u00e1st \u00e9reztek hagyom\u00e1nyos cigaretta sz\u00edv\u00e1s illetve e-cigaretta haszn\u00e1lat k\u00f6zben , illetve hogy \u00e9reztek-e v\u00e1ltoz\u00e1st bizonyos fizikai \u00e1llapotjelz\u0151ben az e-cigi haszn\u00e1latnak kezdete \u00f3ta. A m\u00e1sodikn\u00e1l a csak e-cigaretta haszn\u00e1l\u00f3kat \u00e9s kett\u0151s haszn\u00e1l\u00f3k sz\u00e1jhigi\u00e9n\u00e9s szok\u00e1sait vizsg\u00e1ltuk.<\/p>\n<p>A ki\u00e9rt\u00e9kel\u00e9s sor\u00e1n a k\u00f6vetkez\u0151 eredm\u00e9nyeket kaptunk: a tapasztalt k\u00e1ros hat\u00e1sok szignifik\u00e1nsan magasabb sz\u00e1mban fordultak el\u0151 a vegyes felhaszn\u00e1l\u00f3kn\u00e1l, mint a csak e-cigarett\u00e1z\u00f3kn\u00e1l. El\u0151bbiekn\u00e9l leggyakrabban a k\u00f6h\u00f6g\u00e9s, m\u00edg ut\u00f3bbiakn\u00e1l a sz\u00e1jsz\u00e1razs\u00e1g \u00e9s torokf\u00e1j\u00e1s jelentkezett. A vizsg\u00e1lat alanyok t\u00f6bbs\u00e9ge jobb l\u00e9gz\u0151, szagl\u00f3 \u00e9s \u00edz\u00e9rz\u00e9kel\u0151 funkci\u00f3kr\u00f3l sz\u00e1molt be az e-cigarett\u00e1ra val\u00f3 \u00e1tt\u00e9r\u00e9s ut\u00e1n, m\u00edg az \u00e9tv\u00e1gy, szexu\u00e1lis teljes\u00edtm\u00e9ny \u00e9s mem\u00f3ria ter\u00e9n t\u00f6rt\u00e9nt javul\u00e1s\u00e1r\u00f3l kev\u00e9sb\u00e9 sz\u00e1moltak be. A csak e-cigaretta haszn\u00e1l\u00f3k j\u00f3val jobb sz\u00e1jhigi\u00e9ni\u00e1val rendelkeznek, mint a kett\u0151s haszn\u00e1l\u00f3k.<\/p>\n<p>T\u00e9m\u00e1ban megjelent k\u00f6zlem\u00e9nyek:<\/p>\n<p>1. Abafalvi Lilla, Ka\u00e1n R\u00e9ka, P\u00e9nzes Melinda, Foley Kristie, Maiyaleh Petra, Szab\u00f3 Szilvia, Kisp\u00e9lyi Barbara, Hermann P\u00e9ter<br \/>\nPerceived beneficial and adverse health effects of vaping: A survey of Hungarian e-cigarette users<br \/>\nIn: Society for Research on Nicotine &amp; Tobacco (szerk.)<br \/>\n23rd Annual Meeting of the Society for Research on Nicotine &amp; Tobacco. 360 p. <br \/>\nKonferencia helye, ideje: Firenze, Olaszorsz\u00e1g, 2017.03.08-2017.03.11.p. 9. 1 p.<\/p>\n<p>2. Abafalvi Lilla, P\u00e9nzes Melinda, Ka\u00e1n R\u00e9ka, Kisp\u00e9lyi Barbara, Hermann P\u00e9ter<br \/>\nOral hygiene practices of e-cigarette users<br \/>\nIn: 48th Meeting of the Continental European Division of the International Association for Dental Research (CED-IADR) with the Scandinavian Division. Konferencia helye, ideje: B\u00e9cs, Ausztria, 2017.09.21-2017.09.23. B\u00e9cs: p. 34. 1 p.<\/p>\n<p>3. Ka\u00e1n R\u00e9ka, P\u00e9nzes Melinda, Abafalvi Lilla, Czegl\u00e9di Edit, V\u00e1g J\u00e1nos, Kisp\u00e9lyi Barbara, Hermann P\u00e9ter<br \/>\nAcute effects of vaping on general and oral hemodynamic parameters<br \/>\nIn: 48th Meeting of the Continental European Division of the International Association for Dental Research (CED-IADR) with the Scandinavian Division. Konferencia helye, ideje: B\u00e9cs, Ausztria, 2017.09.21-2017.09.23. B\u00e9cs: pp. 33-34.<\/p>\n","protected":false},"excerpt":{"rendered":"<p>Dr. Hauzer-Abafalvi Lilla &#8211; Elektromos cigarettafogyaszt\u00e1s epidemiol\u00f3giai vizsg\u00e1lata Vil\u00e1gviszonylatban \u00e9s Magyarorsz\u00e1gon is egyre elterjedtebb az e-cigaretta haszn\u00e1lata. Az elektronikus cigaretta a gy\u00e1rt\u00f3k szerint a hagyom\u00e1nyos doh\u00e1nyz\u00e1ssal szemben eg\u00e9szs\u00e9gesebb \u00e9s a k\u00f6rnyezetre vesz\u00e9lytelenebb alternat\u00edv\u00e1t k\u00edn\u00e1l\u00f3 eszk\u00f6z. A f\u00fcstmentes e-cigaretta m\u00e1sik vitathatatlan el\u0151nye a passz\u00edv doh\u00e1nyz\u00e1s teljes kik\u00fcsz\u00f6b\u00f6l\u00e9se. Az e-cigaretta leszok\u00e1sban j\u00e1tszott szerepe nem t\u00e1maszthat\u00f3 al\u00e1 egy\u00e9rtelm\u0171en, &hellip;<\/p>\n","protected":false},"author":101231,"featured_media":0,"parent":5097,"menu_order":0,"comment_status":"closed","ping_status":"closed","template":"","meta":{"_acf_changed":false,"footnotes":""},"categories":[],"tags":[],"class_list":["post-4501","page","type-page","status-publish","hentry"],"acf":[],"_links":{"self":[{"href":"https:\/\/semmelweis.hu\/fogpotlastan\/wp-json\/wp\/v2\/pages\/4501","targetHints":{"allow":["GET"]}}],"collection":[{"href":"https:\/\/semmelweis.hu\/fogpotlastan\/wp-json\/wp\/v2\/pages"}],"about":[{"href":"https:\/\/semmelweis.hu\/fogpotlastan\/wp-json\/wp\/v2\/types\/page"}],"author":[{"embeddable":true,"href":"https:\/\/semmelweis.hu\/fogpotlastan\/wp-json\/wp\/v2\/users\/101231"}],"replies":[{"embeddable":true,"href":"https:\/\/semmelweis.hu\/fogpotlastan\/wp-json\/wp\/v2\/comments?post=4501"}],"version-history":[{"count":2,"href":"https:\/\/semmelweis.hu\/fogpotlastan\/wp-json\/wp\/v2\/pages\/4501\/revisions"}],"predecessor-version":[{"id":5119,"href":"https:\/\/semmelweis.hu\/fogpotlastan\/wp-json\/wp\/v2\/pages\/4501\/revisions\/5119"}],"up":[{"embeddable":true,"href":"https:\/\/semmelweis.hu\/fogpotlastan\/wp-json\/wp\/v2\/pages\/5097"}],"wp:attachment":[{"href":"https:\/\/semmelweis.hu\/fogpotlastan\/wp-json\/wp\/v2\/media?parent=4501"}],"wp:term":[{"taxonomy":"category","embeddable":true,"href":"https:\/\/semmelweis.hu\/fogpotlastan\/wp-json\/wp\/v2\/categories?post=4501"},{"taxonomy":"post_tag","embeddable":true,"href":"https:\/\/semmelweis.hu\/fogpotlastan\/wp-json\/wp\/v2\/tags?post=4501"}],"curies":[{"name":"wp","href":"https:\/\/api.w.org\/{rel}","templated":true}]}}