{"id":4499,"date":"2018-12-05T09:24:05","date_gmt":"2018-12-05T08:24:05","guid":{"rendered":"http:\/\/semmelweis.hu\/fogpotlastan\/?page_id=4499"},"modified":"2019-02-04T15:26:49","modified_gmt":"2019-02-04T14:26:49","slug":"dr-mikulas-krisztina-a-fogaszatban-szeles-korben-alkalmazott-restaurativ-anyagokban-elofordulo-monomerek-biologiai-hatasa","status":"publish","type":"page","link":"https:\/\/semmelweis.hu\/fogpotlastan\/kutatas\/phd-kutatasok\/dr-mikulas-krisztina-a-fogaszatban-szeles-korben-alkalmazott-restaurativ-anyagokban-elofordulo-monomerek-biologiai-hatasa\/","title":{"rendered":"Dr. Mikul\u00e1s Krisztina &#8211; A fog\u00e1szatban sz\u00e9les k\u00f6rben alkalmazott restaurat\u00edv anyagokban el\u0151fordul\u00f3 monomerek biol\u00f3giai hat\u00e1sa"},"content":{"rendered":"<p style=\"text-align: justify\"><strong>Dr. Mikul\u00e1s Krisztina &#8211; A fog\u00e1szatban sz\u00e9les k\u00f6rben alkalmazott restaurat\u00edv anyagokban el\u0151fordul\u00f3 monomerek biol\u00f3giai hat\u00e1sa<\/strong><\/p>\n<p style=\"text-align: justify\">A fog\u00e1szatban sz\u00e9les k\u00f6rben alkalmazott kompozitok biokompatibilit\u00e1sa megk\u00e9rd\u0151jelezhet\u0151 az inkomplett polimeriz\u00e1ci\u00f3juk miatt. Ennek k\u00f6vetkezm\u00e9nye az anyag szerves rezin m\u00e1trix\u00e1ban jelen lev\u0151 monomerek felszabadul\u00e1sa a sz\u00e1j\u00fcregben, amely biol\u00f3giai degrad\u00e1ci\u00f3hoz vezethet. A monomerek k\u00f6z\u00fcl a 10-50%-ban el\u0151fordul\u00f3 trietil\u00e9n-glikol-dimetakril\u00e1t (TEGDMA) rendelkezik a legmagasabb kiold\u00f3d\u00e1ssal, amely a limfocit\u00e1kban, a pulpa \u00e9s gingiva sejtekben a reakt\u00edv oxig\u00e9n sz\u00e1rmaz\u00e9kok (ROS) k\u00e9pz\u0151d\u00e9s\u00e9t fokozza, az intracellul\u00e1ris antioxid\u00e1ns glutation (GSH) szintet pedig cs\u00f6kkenti. Emellett a TEGDMA genotoxikus \u00e9s mutag\u00e9n hat\u00e1ssal is b\u00edr val\u00f3sz\u00edn\u0171leg a ROS induk\u00e1lt DNS k\u00e1rosod\u00e1s miatt. El\u0151zetes vizsg\u00e1lataink sor\u00e1n a TEGDMA toxicit\u00e1s\u00e1ban mitokondri\u00e1lis c\u00e9lpontokat kerest\u00fcnk, ez\u00e9rt izol\u00e1lt k\u00f6zponti idegrendszeri mitokondriumokon vizsg\u00e1ltuk bioenergetikai hat\u00e1sait. Eredm\u00e9nyeink azt mutatt\u00e1k, hogy toxikus hat\u00e1sai\u00e9rt a l\u00e9gz\u00e9si l\u00e1ncban a komplex I. a felel\u0151s.<\/p>\n<p style=\"text-align: justify\">Eddig megjelent k\u00f6zlem\u00e9nyek:<\/p>\n<p>Mikul\u00e1s K, Hermann P, Gera I, Koml\u00f3di T, Horv\u00e1th G, Ambrus A, Tretter L. .Triethylene glycol dimethacrylate impairs bioenergetic functions and induces oxidative stress in mitochondria via inhibiting respiratory Complex I. Dent Mater. 2018 Jul;34(7):e166-e181. doi: 10.1016\/j.dental.2018.03.012. Epub 2018 Apr 16.<\/p>\n<p>Mikul\u00e1s K, Linninger M, Tak\u00e1cs E, Kisp\u00e9lyi B, Nagy K, Fej\u00e9rdy P, Hermann P. Paradigmav\u00e1lt\u00e1s a fogmegtart\u00f3 kezel\u00e9sben: az amalg\u00e1m korszak v\u00e9ge. Elfogadva 2018.08.23-\u00e1n az Orvosi Hetilapban.<\/p>\n","protected":false},"excerpt":{"rendered":"<p>Dr. Mikul\u00e1s Krisztina &#8211; A fog\u00e1szatban sz\u00e9les k\u00f6rben alkalmazott restaurat\u00edv anyagokban el\u0151fordul\u00f3 monomerek biol\u00f3giai hat\u00e1sa A fog\u00e1szatban sz\u00e9les k\u00f6rben alkalmazott kompozitok biokompatibilit\u00e1sa megk\u00e9rd\u0151jelezhet\u0151 az inkomplett polimeriz\u00e1ci\u00f3juk miatt. Ennek k\u00f6vetkezm\u00e9nye az anyag szerves rezin m\u00e1trix\u00e1ban jelen lev\u0151 monomerek felszabadul\u00e1sa a sz\u00e1j\u00fcregben, amely biol\u00f3giai degrad\u00e1ci\u00f3hoz vezethet. A monomerek k\u00f6z\u00fcl a 10-50%-ban el\u0151fordul\u00f3 trietil\u00e9n-glikol-dimetakril\u00e1t (TEGDMA) rendelkezik a legmagasabb &hellip;<\/p>\n","protected":false},"author":101231,"featured_media":0,"parent":5097,"menu_order":0,"comment_status":"closed","ping_status":"closed","template":"","meta":{"_acf_changed":false,"footnotes":""},"categories":[],"tags":[],"class_list":["post-4499","page","type-page","status-publish","hentry"],"acf":[],"_links":{"self":[{"href":"https:\/\/semmelweis.hu\/fogpotlastan\/wp-json\/wp\/v2\/pages\/4499","targetHints":{"allow":["GET"]}}],"collection":[{"href":"https:\/\/semmelweis.hu\/fogpotlastan\/wp-json\/wp\/v2\/pages"}],"about":[{"href":"https:\/\/semmelweis.hu\/fogpotlastan\/wp-json\/wp\/v2\/types\/page"}],"author":[{"embeddable":true,"href":"https:\/\/semmelweis.hu\/fogpotlastan\/wp-json\/wp\/v2\/users\/101231"}],"replies":[{"embeddable":true,"href":"https:\/\/semmelweis.hu\/fogpotlastan\/wp-json\/wp\/v2\/comments?post=4499"}],"version-history":[{"count":2,"href":"https:\/\/semmelweis.hu\/fogpotlastan\/wp-json\/wp\/v2\/pages\/4499\/revisions"}],"predecessor-version":[{"id":5121,"href":"https:\/\/semmelweis.hu\/fogpotlastan\/wp-json\/wp\/v2\/pages\/4499\/revisions\/5121"}],"up":[{"embeddable":true,"href":"https:\/\/semmelweis.hu\/fogpotlastan\/wp-json\/wp\/v2\/pages\/5097"}],"wp:attachment":[{"href":"https:\/\/semmelweis.hu\/fogpotlastan\/wp-json\/wp\/v2\/media?parent=4499"}],"wp:term":[{"taxonomy":"category","embeddable":true,"href":"https:\/\/semmelweis.hu\/fogpotlastan\/wp-json\/wp\/v2\/categories?post=4499"},{"taxonomy":"post_tag","embeddable":true,"href":"https:\/\/semmelweis.hu\/fogpotlastan\/wp-json\/wp\/v2\/tags?post=4499"}],"curies":[{"name":"wp","href":"https:\/\/api.w.org\/{rel}","templated":true}]}}