{"id":4429,"date":"2018-12-03T13:24:50","date_gmt":"2018-12-03T12:24:50","guid":{"rendered":"http:\/\/semmelweis.hu\/fogpotlastan\/?page_id=4429"},"modified":"2019-02-04T15:27:25","modified_gmt":"2019-02-04T14:27:25","slug":"dr-roth-ivett-intraoralis-szkennerek-fogpotlastani-alkalmazasa-temavezeto-dr-borbely-judit","status":"publish","type":"page","link":"https:\/\/semmelweis.hu\/fogpotlastan\/kutatas\/phd-kutatasok\/dr-roth-ivett-intraoralis-szkennerek-fogpotlastani-alkalmazasa-temavezeto-dr-borbely-judit\/","title":{"rendered":"Dr. R\u00f3th Ivett &#8211; Intraor\u00e1lis szkennerek fogp\u00f3tl\u00e1stani alkalmaz\u00e1sa"},"content":{"rendered":"<p style=\"text-align: justify\"><strong>Dr. R\u00f3th Ivett &#8211; Intraor\u00e1lis szkennerek fogp\u00f3tl\u00e1stani alkalmaz\u00e1sa<\/strong><\/p>\n<p style=\"text-align: justify\">Az intraor\u00e1lis szkennerek a sz\u00e1jk\u00e9pletek direkt optikai lenyomatoz\u00e1s\u00e1ra alkalmas, fogorvosi haszn\u00e1latra kifejlesztett eszk\u00f6z\u00f6k. A CAD\/CAM technol\u00f3gia t\u00e9rh\u00f3d\u00edt\u00e1s\u00e1val egyre nagyobb ig\u00e9ny mutatkozik ezen korszer\u0171 lenyomatv\u00e9teli eszk\u00f6z mindennapi rutinba val\u00f3 beilleszt\u00e9s\u00e9re. A technol\u00f3gia \u00fajszer\u0171s\u00e9g\u00e9re \u00e9s gyors fejl\u0151d\u00e9s\u00e9re val\u00f3 tekintettel, szakirodalmi h\u00e1ttere csek\u00e9ly, sok m\u00e9g a felt\u00e9rk\u00e9pezetlen ter\u00fclet. A digit\u00e1lis lenyomatv\u00e9tel irodalma f\u0151k\u00e9nt az elj\u00e1r\u00e1s alkalmaz\u00e1si ter\u00fcleteinek elm\u00e9leti lehet\u0151s\u00e9geire, illetve a hagyom\u00e1nyos lenyomatv\u00e9tellel val\u00f3 \u00f6sszehasonl\u00edt\u00e1s\u00e1n \u00e1t a digit\u00e1lis technika pontoss\u00e1g\u00e1nak meg\u00edt\u00e9l\u00e9s\u00e9re koncentr\u00e1l. Sz\u00e1mos, a gyakorlati alkalmaz\u00e1ssal kapcsolatos k\u00e9rd\u00e9s megv\u00e1laszolatlan. A j\u00f3l kidolgozott \u00e9s hossz\u00fa \u00e9vek \u00f3ta sikeresen alkalmazott hagyom\u00e1nyos lenyomatv\u00e9teli elj\u00e1r\u00e1shoz k\u00e9pest ez az \u00faj elj\u00e1r\u00e1s m\u00e9g kev\u00e9ss\u00e9 haszn\u00e1lt. A digit\u00e1lis lenyomatv\u00e9teli eszk\u00f6z\u00f6k elterjed\u00e9s\u00e9nek a magas k\u00f6lts\u00e9g\u00fck\u00f6n t\u00fal, a hossz\u00fa \u00e9s kev\u00e9sb\u00e9 ismert tanul\u00e1si folyamat is akad\u00e1lya, amely a magabiztos szkennerhaszn\u00e1latot megel\u0151zi. Sz\u00fcks\u00e9g van olyan vizsg\u00e1latokra is, amelyek a t\u00f6bbfunkci\u00f3s digit\u00e1lis eszk\u00f6z\u00f6k lenyomatv\u00e9telt kieg\u00e9sz\u00edt\u0151 egy\u00e9b funkci\u00f3it is \u00e9rt\u00e9kelik. <br \/>\nA Semmelweis Egyetem Fogp\u00f3tl\u00e1stani Klinika digit\u00e1lis munkacsoportja 2011 \u00f3ta \u00e9rt\u00e9keli a digit\u00e1lis lenyomatv\u00e9teli rendszereket, 2015-ben csatlakoztam a vizsg\u00e1latokhoz.<\/p>\n<p style=\"text-align: justify\">V\u00e1lasztott kutat\u00e1si ter\u00fcletem az intraor\u00e1lis szkenner gyakorlati alkalmaz\u00e1s\u00e1nak in vivo \u00e9rt\u00e9kel\u00e9se. A c\u00e9l a digit\u00e1lis lenyomatv\u00e9telt jellemz\u0151 tanul\u00e1si g\u00f6rb\u00e9t a szkennel\u00e9shez sz\u00fcks\u00e9ges id\u0151 \u00e9s a lenyomatoz\u00e1s k\u00e9psz\u00e1ma alapj\u00e1n fel\u00e1ll\u00edtani. Az eszk\u00f6z fogsz\u00edn-meghat\u00e1roz\u00e1si funkci\u00f3j\u00e1t vizu\u00e1lis \u00e9s digit\u00e1lis fogsz\u00edn-meghat\u00e1roz\u00e1si m\u00f3dszerekkel \u00f6sszehasonl\u00edtani.<\/p>\n","protected":false},"excerpt":{"rendered":"<p>Dr. R\u00f3th Ivett &#8211; Intraor\u00e1lis szkennerek fogp\u00f3tl\u00e1stani alkalmaz\u00e1sa Az intraor\u00e1lis szkennerek a sz\u00e1jk\u00e9pletek direkt optikai lenyomatoz\u00e1s\u00e1ra alkalmas, fogorvosi haszn\u00e1latra kifejlesztett eszk\u00f6z\u00f6k. A CAD\/CAM technol\u00f3gia t\u00e9rh\u00f3d\u00edt\u00e1s\u00e1val egyre nagyobb ig\u00e9ny mutatkozik ezen korszer\u0171 lenyomatv\u00e9teli eszk\u00f6z mindennapi rutinba val\u00f3 beilleszt\u00e9s\u00e9re. A technol\u00f3gia \u00fajszer\u0171s\u00e9g\u00e9re \u00e9s gyors fejl\u0151d\u00e9s\u00e9re val\u00f3 tekintettel, szakirodalmi h\u00e1ttere csek\u00e9ly, sok m\u00e9g a felt\u00e9rk\u00e9pezetlen ter\u00fclet. A digit\u00e1lis &hellip;<\/p>\n","protected":false},"author":101231,"featured_media":0,"parent":5097,"menu_order":0,"comment_status":"closed","ping_status":"closed","template":"","meta":{"_acf_changed":false,"footnotes":""},"categories":[],"tags":[],"class_list":["post-4429","page","type-page","status-publish","hentry"],"acf":[],"_links":{"self":[{"href":"https:\/\/semmelweis.hu\/fogpotlastan\/wp-json\/wp\/v2\/pages\/4429","targetHints":{"allow":["GET"]}}],"collection":[{"href":"https:\/\/semmelweis.hu\/fogpotlastan\/wp-json\/wp\/v2\/pages"}],"about":[{"href":"https:\/\/semmelweis.hu\/fogpotlastan\/wp-json\/wp\/v2\/types\/page"}],"author":[{"embeddable":true,"href":"https:\/\/semmelweis.hu\/fogpotlastan\/wp-json\/wp\/v2\/users\/101231"}],"replies":[{"embeddable":true,"href":"https:\/\/semmelweis.hu\/fogpotlastan\/wp-json\/wp\/v2\/comments?post=4429"}],"version-history":[{"count":4,"href":"https:\/\/semmelweis.hu\/fogpotlastan\/wp-json\/wp\/v2\/pages\/4429\/revisions"}],"predecessor-version":[{"id":5122,"href":"https:\/\/semmelweis.hu\/fogpotlastan\/wp-json\/wp\/v2\/pages\/4429\/revisions\/5122"}],"up":[{"embeddable":true,"href":"https:\/\/semmelweis.hu\/fogpotlastan\/wp-json\/wp\/v2\/pages\/5097"}],"wp:attachment":[{"href":"https:\/\/semmelweis.hu\/fogpotlastan\/wp-json\/wp\/v2\/media?parent=4429"}],"wp:term":[{"taxonomy":"category","embeddable":true,"href":"https:\/\/semmelweis.hu\/fogpotlastan\/wp-json\/wp\/v2\/categories?post=4429"},{"taxonomy":"post_tag","embeddable":true,"href":"https:\/\/semmelweis.hu\/fogpotlastan\/wp-json\/wp\/v2\/tags?post=4429"}],"curies":[{"name":"wp","href":"https:\/\/api.w.org\/{rel}","templated":true}]}}