{"id":4421,"date":"2018-12-03T13:11:16","date_gmt":"2018-12-03T12:11:16","guid":{"rendered":"http:\/\/semmelweis.hu\/fogpotlastan\/?page_id=4421"},"modified":"2019-02-04T15:24:42","modified_gmt":"2019-02-04T14:24:42","slug":"dr-czigola-alexandra-monolitikus-keramia-restauraciok-optikai-tulajdonsagainak-vizsgalata","status":"publish","type":"page","link":"https:\/\/semmelweis.hu\/fogpotlastan\/kutatas\/phd-kutatasok\/dr-czigola-alexandra-monolitikus-keramia-restauraciok-optikai-tulajdonsagainak-vizsgalata\/","title":{"rendered":"Dr. Czigola Alexandra &#8211; Monolitikus ker\u00e1mia restaur\u00e1ci\u00f3k optikai tulajdons\u00e1gainak vizsg\u00e1lata"},"content":{"rendered":"<p style=\"text-align: justify\"><strong>Dr. Czigola Alexandra &#8211; Monolitikus ker\u00e1mia restaur\u00e1ci\u00f3k optikai tulajdons\u00e1gainak vizsg\u00e1lata<\/strong><\/p>\n<p style=\"text-align: justify\">A ma fogorvosa sz\u00e1m\u00e1ra a fogorvostudom\u00e1ny \u00e9s a fogtechnika ter\u00fclet\u00e9nek szakmai tud\u00e1s\u00e1n t\u00fal k\u00f6vetelm\u00e9nny\u00e9 v\u00e1lt a digit\u00e1lis technika ismerete \u00e9s modern anyagok haszn\u00e1lata, illetve azok optikai tulajdons\u00e1gainak ismerete is. Ez\u00e9rt tartom fontosnak, hogy kutat\u00e1saim sor\u00e1n a korszer\u0171 sz\u00ednelm\u00e9leteken t\u00fal, korszer\u0171 anyagok \u00e9s korszer\u0171 digit\u00e1lis technikai megold\u00e1sokat alkalmazzak.<\/p>\n<p style=\"text-align: justify\">III. \u00e9vfolyamos hallgat\u00f3k\u00e9nt kezdve 2013 \u00f3ta vizsg\u00e1lom az \u00fcvegker\u00e1mi\u00e1k optikai tulajdons\u00e1gait \u00e9s a v\u00e9gleges sz\u00edn\u00fcket befoly\u00e1sol\u00f3 t\u00e9nyez\u0151it. Munkacsoportunk c\u00e9lja meghat\u00e1rozni a ker\u00e1mi\u00e1k felhaszn\u00e1lhat\u00f3s\u00e1g\u00e1nak indik\u00e1ci\u00f3s ter\u00fclet\u00e9t is. In vitro vizsg\u00e1latom c\u00e9lkit\u0171z\u00e9se volt a k\u00fcl\u00f6nb\u00f6z\u0151 sz\u00edn\u0171 \u00e9s anyag\u00fa csonkok, a ker\u00e1mia r\u00e9tegvastags\u00e1g \u00e9s transzlucencia, illetve a ragaszt\u00f3 cement sz\u00edn\u00e9nek hat\u00e1s\u00e1t m\u00e9rni a CAD\/CAM technol\u00f3gi\u00e1val k\u00e9sz\u00fclt monol\u00edtikus \u00fcvegker\u00e1mia restaur\u00e1ci\u00f3k v\u00e9gleges sz\u00edn\u00e9re.<\/p>\n<p style=\"text-align: justify\">A kidolgozott vizsg\u00e1lati protokollt kezdetben a VITA c\u00e9g \u00e1ltal forgalmazott cirk\u00f3nium-dioxid er\u0151s\u00edt\u00e9s\u0171 Suprinity ker\u00e1mi\u00e1kkal v\u00e9gezt\u00fck el, majd a m\u00e1r ismert \u00e9s bev\u00e1lt protokollt az Ivoclar Vivadent \u00e1ltal forgalmazott IPS e.max l\u00edtium-diszilik\u00e1t ker\u00e1mi\u00e1val is elv\u00e9gezt\u00fck.<\/p>\n<p style=\"text-align: justify\">Az in vitro vizsg\u00e1lattal p\u00e1rhuzamosan, melyben a sz\u00ednm\u00e9r\u00e9shez spektrofotom\u00e9tert alkalmaztam, a fogsz\u00ednkulcsokkal t\u00f6rt\u00e9n\u0151 fogsz\u00edn-meghat\u00e1roz\u00e1st is vizsg\u00e1lom. R\u00e9szt veszek a k\u00fcl\u00f6nb\u00f6z\u0151 hagyom\u00e1nyos \u00e9s digit\u00e1lis fogsz\u00edn-meghat\u00e1roz\u00f3 m\u00f3dszerek \u00f6sszehasonl\u00edt\u00e1s\u00e1r\u00f3l sz\u00f3l\u00f3 vizsg\u00e1latokban is.<\/p>\n","protected":false},"excerpt":{"rendered":"<p>Dr. Czigola Alexandra &#8211; Monolitikus ker\u00e1mia restaur\u00e1ci\u00f3k optikai tulajdons\u00e1gainak vizsg\u00e1lata A ma fogorvosa sz\u00e1m\u00e1ra a fogorvostudom\u00e1ny \u00e9s a fogtechnika ter\u00fclet\u00e9nek szakmai tud\u00e1s\u00e1n t\u00fal k\u00f6vetelm\u00e9nny\u00e9 v\u00e1lt a digit\u00e1lis technika ismerete \u00e9s modern anyagok haszn\u00e1lata, illetve azok optikai tulajdons\u00e1gainak ismerete is. Ez\u00e9rt tartom fontosnak, hogy kutat\u00e1saim sor\u00e1n a korszer\u0171 sz\u00ednelm\u00e9leteken t\u00fal, korszer\u0171 anyagok \u00e9s korszer\u0171 digit\u00e1lis technikai &hellip;<\/p>\n","protected":false},"author":101231,"featured_media":0,"parent":5097,"menu_order":0,"comment_status":"closed","ping_status":"closed","template":"","meta":{"_acf_changed":false,"footnotes":""},"categories":[],"tags":[],"class_list":["post-4421","page","type-page","status-publish","hentry"],"acf":[],"_links":{"self":[{"href":"https:\/\/semmelweis.hu\/fogpotlastan\/wp-json\/wp\/v2\/pages\/4421","targetHints":{"allow":["GET"]}}],"collection":[{"href":"https:\/\/semmelweis.hu\/fogpotlastan\/wp-json\/wp\/v2\/pages"}],"about":[{"href":"https:\/\/semmelweis.hu\/fogpotlastan\/wp-json\/wp\/v2\/types\/page"}],"author":[{"embeddable":true,"href":"https:\/\/semmelweis.hu\/fogpotlastan\/wp-json\/wp\/v2\/users\/101231"}],"replies":[{"embeddable":true,"href":"https:\/\/semmelweis.hu\/fogpotlastan\/wp-json\/wp\/v2\/comments?post=4421"}],"version-history":[{"count":5,"href":"https:\/\/semmelweis.hu\/fogpotlastan\/wp-json\/wp\/v2\/pages\/4421\/revisions"}],"predecessor-version":[{"id":5118,"href":"https:\/\/semmelweis.hu\/fogpotlastan\/wp-json\/wp\/v2\/pages\/4421\/revisions\/5118"}],"up":[{"embeddable":true,"href":"https:\/\/semmelweis.hu\/fogpotlastan\/wp-json\/wp\/v2\/pages\/5097"}],"wp:attachment":[{"href":"https:\/\/semmelweis.hu\/fogpotlastan\/wp-json\/wp\/v2\/media?parent=4421"}],"wp:term":[{"taxonomy":"category","embeddable":true,"href":"https:\/\/semmelweis.hu\/fogpotlastan\/wp-json\/wp\/v2\/categories?post=4421"},{"taxonomy":"post_tag","embeddable":true,"href":"https:\/\/semmelweis.hu\/fogpotlastan\/wp-json\/wp\/v2\/tags?post=4421"}],"curies":[{"name":"wp","href":"https:\/\/api.w.org\/{rel}","templated":true}]}}