{"id":4384,"date":"2018-12-03T09:52:15","date_gmt":"2018-12-03T08:52:15","guid":{"rendered":"http:\/\/semmelweis.hu\/fogpotlastan\/?page_id=4384"},"modified":"2019-02-04T14:33:56","modified_gmt":"2019-02-04T13:33:56","slug":"hagyomanyos-lenyomatvetel","status":"publish","type":"page","link":"https:\/\/semmelweis.hu\/fogpotlastan\/kutatas\/munkacsoportok\/hagyomanyos-lenyomatvetel\/","title":{"rendered":"Hagyom\u00e1nyos lenyomatv\u00e9tel"},"content":{"rendered":"<p style=\"text-align: justify\">Bemutatkoz\u00e1s:<br \/>\nA digit\u00e1lis fog\u00e1szat fejl\u0151d\u00e9se \u00e9s t\u00e9rnyer\u00e9se mellett is fontos vizsg\u00e1lni a hagyom\u00e1nyos prec\u00edzi\u00f3s-szitu\u00e1ci\u00f3s lenyomatok pontoss\u00e1g\u00e1t, r\u00e9szletvisszaad\u00f3 k\u00e9pess\u00e9g\u00e9t, dimenzi\u00f3 stabilit\u00e1s\u00e1t. Nem csup\u00e1n az\u00e9rt fontos ez a ter\u00fclet, mert az indirekt CAD\/CAM \u00fatvonal kiindul\u00f3 l\u00e9p\u00e9se a hagyom\u00e1nyos lenyomat, \u00edgy nagyban befoly\u00e1solja ennek az elj\u00e1r\u00e1snak a pontoss\u00e1g\u00e1t \u00e9s sikeress\u00e9g\u00e9t, de az\u00e9rt is, mert ugyan a digit\u00e1lis technika t\u00e9rh\u00f3d\u00edt\u00e1sa vitathatatlan \u00e9s egyre lend\u00fcletesebb, de ma m\u00e9g a prec\u00edzi\u00f3s-szitu\u00e1ci\u00f3s lenyomatok d\u00f6nt\u0151 t\u00f6bbs\u00e9g\u00e9t a vil\u00e1g minden t\u00e1j\u00e1n hagyom\u00e1nyos \u00faton k\u00e9sz\u00edtik.<\/p>\n<p style=\"text-align: justify\">\n<a href=\"https:\/\/semmelweis.hu\/fogpotlastan\/files\/2019\/02\/RS87449_IMG_6550-scr.jpg\"><img loading=\"lazy\" decoding=\"async\" class=\" wp-image-5071 alignleft\" src=\"https:\/\/semmelweis.hu\/fogpotlastan\/files\/2019\/02\/RS87449_IMG_6550-scr-300x200.jpg\" alt=\"\" width=\"350\" height=\"233\" srcset=\"https:\/\/semmelweis.hu\/fogpotlastan\/files\/2019\/02\/RS87449_IMG_6550-scr-300x200.jpg 300w, https:\/\/semmelweis.hu\/fogpotlastan\/files\/2019\/02\/RS87449_IMG_6550-scr-768x512.jpg 768w, https:\/\/semmelweis.hu\/fogpotlastan\/files\/2019\/02\/RS87449_IMG_6550-scr-753x502.jpg 753w, https:\/\/semmelweis.hu\/fogpotlastan\/files\/2019\/02\/RS87449_IMG_6550-scr-203x135.jpg 203w, https:\/\/semmelweis.hu\/fogpotlastan\/files\/2019\/02\/RS87449_IMG_6550-scr.jpg 950w\" sizes=\"auto, (max-width: 350px) 100vw, 350px\" \/><\/a>A gyakorl\u00f3 fogorvos el\u0151sz\u00f6r egy a sz\u00e1j viszonyokhoz legjobbnak gondolt lenyomatv\u00e9teli technik\u00e1t, majd egy ehhez a technik\u00e1hoz ill\u0151 lenyomatv\u00e9teli anyagot \u00e9s lenyomatkanalat v\u00e1laszt.<\/p>\n<p>&nbsp;<\/p>\n<p>&nbsp;<\/p>\n<p style=\"text-align: justify\">Kutat\u00f3csoportunk ezen prec\u00edzi\u00f3s-szitu\u00e1ci\u00f3s lenyomatv\u00e9teli technik\u00e1k \u00f6sszehasonl\u00edt\u00f3 \u00e9rt\u00e9kel\u00e9s\u00e9vel foglalkozik in vitro k\u00f6r\u00fclm\u00e9nyek k\u00f6z\u00f6tt, valamint a magyar fogorvosok prec\u00edzi\u00f3s szitu\u00e1ci\u00f3s lenyomatv\u00e9teli szok\u00e1sait is vizsg\u00e1ljuk. Ebben az al\u00e1bbi teszt kit\u00f6lt\u00e9s\u00e9vel seg\u00edtheti munk\u00e1nkat:<\/p>\n<p style=\"text-align: justify\"><a href=\"http:\/\/lenyomat.weebly.com\/\">http:\/\/lenyomat.weebly.com\/<\/a><\/p>\n<p>Cikkek:<br \/>\n\u25cf J\u00e1sz M\u00e1t\u00e9: Prec\u00edzi\u00f3s-szitu\u00e1ci\u00f3s lenyomat &#8211; mikor, hogyan? Magyar Fogorvos 2010; 19:232-234<\/p>\n<p style=\"text-align: justify\">Rektori p\u00e1lyamunk\u00e1k:<br \/>\n\u25cf J\u00e1sz B\u00e1lint (FOK IV.): A prec\u00edzi\u00f3s-szitu\u00e1ci\u00f3s lenyomatv\u00e9teli technik\u00e1k \u00f6sszehasonl\u00edt\u00f3 \u00e9rt\u00e9kel\u00e9se (Dr. K\u00f6rmendi Szandra) 2017\/2018. \u00e9v &#8211; III. helyez\u00e9s<\/p>\n<p style=\"text-align: justify\">TDK el\u0151ad\u00e1sok:<br \/>\n\u25cf J\u00e1sz B\u00e1lint (FOK IV.): Prec\u00edzi\u00f3s-szitu\u00e1ci\u00f3s lenyomatv\u00e9teli szok\u00e1sok a magyar fogorvosok k\u00f6r\u00e9ben (Dr. K\u00f6rmendi Szandra) 2018<\/p>\n","protected":false},"excerpt":{"rendered":"<p>Bemutatkoz\u00e1s: A digit\u00e1lis fog\u00e1szat fejl\u0151d\u00e9se \u00e9s t\u00e9rnyer\u00e9se mellett is fontos vizsg\u00e1lni a hagyom\u00e1nyos prec\u00edzi\u00f3s-szitu\u00e1ci\u00f3s lenyomatok pontoss\u00e1g\u00e1t, r\u00e9szletvisszaad\u00f3 k\u00e9pess\u00e9g\u00e9t, dimenzi\u00f3 stabilit\u00e1s\u00e1t. Nem csup\u00e1n az\u00e9rt fontos ez a ter\u00fclet, mert az indirekt CAD\/CAM \u00fatvonal kiindul\u00f3 l\u00e9p\u00e9se a hagyom\u00e1nyos lenyomat, \u00edgy nagyban befoly\u00e1solja ennek az elj\u00e1r\u00e1snak a pontoss\u00e1g\u00e1t \u00e9s sikeress\u00e9g\u00e9t, de az\u00e9rt is, mert ugyan a digit\u00e1lis technika &hellip;<\/p>\n","protected":false},"author":101231,"featured_media":0,"parent":5099,"menu_order":0,"comment_status":"closed","ping_status":"closed","template":"","meta":{"_acf_changed":false,"footnotes":""},"categories":[],"tags":[],"class_list":["post-4384","page","type-page","status-publish","hentry"],"acf":[],"_links":{"self":[{"href":"https:\/\/semmelweis.hu\/fogpotlastan\/wp-json\/wp\/v2\/pages\/4384","targetHints":{"allow":["GET"]}}],"collection":[{"href":"https:\/\/semmelweis.hu\/fogpotlastan\/wp-json\/wp\/v2\/pages"}],"about":[{"href":"https:\/\/semmelweis.hu\/fogpotlastan\/wp-json\/wp\/v2\/types\/page"}],"author":[{"embeddable":true,"href":"https:\/\/semmelweis.hu\/fogpotlastan\/wp-json\/wp\/v2\/users\/101231"}],"replies":[{"embeddable":true,"href":"https:\/\/semmelweis.hu\/fogpotlastan\/wp-json\/wp\/v2\/comments?post=4384"}],"version-history":[{"count":4,"href":"https:\/\/semmelweis.hu\/fogpotlastan\/wp-json\/wp\/v2\/pages\/4384\/revisions"}],"predecessor-version":[{"id":5092,"href":"https:\/\/semmelweis.hu\/fogpotlastan\/wp-json\/wp\/v2\/pages\/4384\/revisions\/5092"}],"up":[{"embeddable":true,"href":"https:\/\/semmelweis.hu\/fogpotlastan\/wp-json\/wp\/v2\/pages\/5099"}],"wp:attachment":[{"href":"https:\/\/semmelweis.hu\/fogpotlastan\/wp-json\/wp\/v2\/media?parent=4384"}],"wp:term":[{"taxonomy":"category","embeddable":true,"href":"https:\/\/semmelweis.hu\/fogpotlastan\/wp-json\/wp\/v2\/categories?post=4384"},{"taxonomy":"post_tag","embeddable":true,"href":"https:\/\/semmelweis.hu\/fogpotlastan\/wp-json\/wp\/v2\/tags?post=4384"}],"curies":[{"name":"wp","href":"https:\/\/api.w.org\/{rel}","templated":true}]}}