{"id":4381,"date":"2018-12-03T09:49:52","date_gmt":"2018-12-03T08:49:52","guid":{"rendered":"http:\/\/semmelweis.hu\/fogpotlastan\/?page_id=4381"},"modified":"2019-02-04T14:22:30","modified_gmt":"2019-02-04T13:22:30","slug":"cad-cam-anyagtan","status":"publish","type":"page","link":"https:\/\/semmelweis.hu\/fogpotlastan\/kutatas\/munkacsoportok\/cad-cam-anyagtan\/","title":{"rendered":"CAD\/CAM anyagtan"},"content":{"rendered":"<p style=\"text-align: justify\">Bemutatkoz\u00e1s:<br \/>\nA CAD\/CAM technol\u00f3gia rohamos fejl\u0151d\u00e9se \u00e9s t\u00e9rh\u00f3d\u00edt\u00e1sa lehet\u0151v\u00e9 tette, hogy \u00faj, ellen\u00e1ll\u00f3 \u00e9s eszt\u00e9tikus ker\u00e1mi\u00e1k jelenjenek meg a fog\u00e1szatban; ez\u00e9rt sz\u00fcks\u00e9gess\u00e9 v\u00e1lt ezen anyagok megismer\u00e9se, komplex optikai \u00e9s anyagtudom\u00e1nyi vizsg\u00e1lata.<br \/>\nMunkacsoportunk a ker\u00e1mi\u00e1k f\u00e9nydinamikai param\u00e9tereit, sz\u00edn\u00e9t, fel\u00fcleti \u00e9rdess\u00e9g\u00e9t, szerkezet\u00e9t \u00e9s szil\u00e1rds\u00e1g\u00e1t vizsg\u00e1lja a ma fellelhet\u0151 legmodernebb m\u00e9r\u0151m\u0171szerekkel, t\u00f6bb t\u00e1rsegyetemmel egy\u00fcttm\u0171k\u00f6dve (BME Atomfizika Tansz\u00e9k, Stockolm University).<a href=\"https:\/\/semmelweis.hu\/fogpotlastan\/files\/2019\/02\/RS87505_IMG_6799-scr-1.jpg\"><img loading=\"lazy\" decoding=\"async\" class=\"wp-image-5080 aligncenter\" src=\"https:\/\/semmelweis.hu\/fogpotlastan\/files\/2019\/02\/RS87505_IMG_6799-scr-1-300x200.jpg\" alt=\"\" width=\"618\" height=\"412\" srcset=\"https:\/\/semmelweis.hu\/fogpotlastan\/files\/2019\/02\/RS87505_IMG_6799-scr-1-300x200.jpg 300w, https:\/\/semmelweis.hu\/fogpotlastan\/files\/2019\/02\/RS87505_IMG_6799-scr-1-768x512.jpg 768w, https:\/\/semmelweis.hu\/fogpotlastan\/files\/2019\/02\/RS87505_IMG_6799-scr-1-753x502.jpg 753w, https:\/\/semmelweis.hu\/fogpotlastan\/files\/2019\/02\/RS87505_IMG_6799-scr-1-203x135.jpg 203w, https:\/\/semmelweis.hu\/fogpotlastan\/files\/2019\/02\/RS87505_IMG_6799-scr-1.jpg 950w\" sizes=\"auto, (max-width: 618px) 100vw, 618px\" \/><\/a><\/p>\n<p style=\"text-align: justify\">K\u00f6nyvfejezetek:<br \/>\n\u25cf Borb\u00e9ly J, R\u00f3th L: Front restaur\u00e1ci\u00f3 hybridker\u00e1mi\u00e1val : R\u00f3th L. (szerk.)Fogp\u00f3tl\u00e1s.tan 2018<br \/>\n\u25cf Borb\u00e9ly J, Hajdu Z, Whiteman YY, Gerl\u00f3czy P, McLaren EA Ker\u00e1mia In: K\u00f3bor A, Kivovics P, Hermann P (szerk.) Fogp\u00f3tl\u00e1stani anyagtan \u00e9s odontotechnol\u00f3gia. 192 p. Budapest: Semmelweis Kiad\u00f3 \u00e9s Multim\u00e9dia St\u00fadi\u00f3, 2015. pp. 107-140. <br \/>\n\u25cf Borb\u00e9ly J, Hajdu Z Cirkonium-dioxid v\u00e1zas restaur\u00e1ci\u00f3 k\u00e9sz\u00edt\u00e9se CAD\/CAM technol\u00f3gi\u00e1val: Balogh Zs, Hajd. Z (szerk.)CAD\/CAM technol\u00f3gia a fog\u00e1szatban Budapest: Dental Press Hungary Kft, 2007. pp. 150-155.(Fogtechnika sorozat)(ISBN:978-963-86809-6-9)<\/p>\n<p style=\"text-align: justify\">Cikkek: <br \/>\n\u25cf Emese Abram, Gabor Gajdatsy, Peter Hermann, Ferenc Ujhelyi, Judit Borbely &amp; James Shen Zhijian: The colour of monolithic zirconia restorations determined by spectrophotometric examination (2018), DOI:10.1080\/17436753.2018.1464271<br \/>\n\u25cf A. Czigola, E. Abram, Z.I. Kovacs, K. Marton, P. Hermann, J.Borbely: Effects of substrate, ceramic thickness, translucency and cement shade on the color of CAD\/CAM lithium-disilicate crowns. JERD Under submission<\/p>\n<p style=\"text-align: justify\">Poszterek:<br \/>\n\u25cf A. Czigola, E. \u00c1br\u00e1m, J. Borb\u00e9ly, P. Hermann: Optical properties of Monolithic Cad\/Cam Lithium-disilicate Crown. CED-IADR\/NOF Oral Health Research Congress. B\u00e9cs, Ausztria, 2017 <br \/>\n\u25cf E. Abram, J. Borb\u00e9ly, A. Czigola, F. \u00dajhelyi, G. Gajd\u00e1tsy ,P. Hermann: Determining the color of glass-ceramic restorations with spectrophotometric examination. CED-IADR\/NOF Oral Health Research Congress. B\u00e9cs, Ausztria, 2017<\/p>\n<p style=\"text-align: justify\">Rektori p\u00e1lyamunk\u00e1k: <br \/>\n\u25cf Feh\u00e9r D\u00f3ra, Sal\u00e1ta J\u00f3zsef (FOK IV.): \u00dcvegker\u00e1mi\u00e1k spektrofotometriai vizsg\u00e1lata (Dr. \u00c1br\u00e1m Emese, Dr. Borb\u00e9ly Judit) 2017\/2018. \u00e9v &#8211; II. helyez\u00e9s<br \/>\n\u25cf Egyed Petra, Palaszk\u00f3 D\u00e9nes: \u00dcvegker\u00e1mia fogp\u00f3tl\u00e1sok az eszt\u00e9tikai fog\u00e1szatban (Dr. Borb\u00e9ly Judit) 2015\/2016. \u00e9v &#8211; I. helyez\u00e9s<\/p>\n<p style=\"text-align: justify\">TDK kongresszusi el\u0151ad\u00e1sok:<br \/>\n\u25cf Sal\u00e1ta J\u00f3zsef, Feh\u00e9r D\u00f3ra (FOK IV.): \u00dcvegker\u00e1mi\u00e1k spektrofotometriai vizsg\u00e1lata (Dr. \u00c1br\u00e1m Emese, Dr. Borb\u00e9ly Judit) 2018 <br \/>\n\u25cf Feh\u00e9r D\u00f3ra, Sal\u00e1ta J\u00f3zsef (FOK III.): \u00dcvegker\u00e1mia fogp\u00f3tl\u00e1sok v\u00e1rhat\u00f3 sz\u00edn\u00e9nek meghat\u00e1roz\u00e1sa szisztematikus spektrofotometriai m\u00e9r\u00e9ssel (Dr. \u00c1br\u00e1m Emese, Dr. Borb\u00e9ly Judit) 2017<br \/>\n\u25cf Egyed Petra, Palaszk\u00f3 D\u00e9nes: L\u00edtium diszilik\u00e1t ker\u00e1mia koron\u00e1k optikai tulajdons\u00e1gainak vizsg\u00e1lata (Dr. Borb\u00e9ly Judit) 2016<br \/>\n\u25cf Czigola Alexandra,P\u00e1l Eszter: \u00dcvegker\u00e1mia fogp\u00f3tl\u00e1sok sz\u00edn\u00e9t befoly\u00e1sol\u00f3 t\u00e9nyez\u0151k (Dr. Borb\u00e9ly Judit \u00e9s Dr. Kov\u00e1cs Zolt\u00e1n Imre) 2015<\/p>\n<p style=\"text-align: justify\">Szakdolgozatok:<br \/>\n\u25cf Czigola Alexandra: \u00dcvegker\u00e1mia restaur\u00e1ci\u00f3k szerepe az eszt\u00e9tikai fog\u00e1szatban (Dr. Borb\u00e9ly Judit) 2015<\/p>\n","protected":false},"excerpt":{"rendered":"<p>Bemutatkoz\u00e1s: A CAD\/CAM technol\u00f3gia rohamos fejl\u0151d\u00e9se \u00e9s t\u00e9rh\u00f3d\u00edt\u00e1sa lehet\u0151v\u00e9 tette, hogy \u00faj, ellen\u00e1ll\u00f3 \u00e9s eszt\u00e9tikus ker\u00e1mi\u00e1k jelenjenek meg a fog\u00e1szatban; ez\u00e9rt sz\u00fcks\u00e9gess\u00e9 v\u00e1lt ezen anyagok megismer\u00e9se, komplex optikai \u00e9s anyagtudom\u00e1nyi vizsg\u00e1lata. Munkacsoportunk a ker\u00e1mi\u00e1k f\u00e9nydinamikai param\u00e9tereit, sz\u00edn\u00e9t, fel\u00fcleti \u00e9rdess\u00e9g\u00e9t, szerkezet\u00e9t \u00e9s szil\u00e1rds\u00e1g\u00e1t vizsg\u00e1lja a ma fellelhet\u0151 legmodernebb m\u00e9r\u0151m\u0171szerekkel, t\u00f6bb t\u00e1rsegyetemmel egy\u00fcttm\u0171k\u00f6dve (BME Atomfizika Tansz\u00e9k, Stockolm &hellip;<\/p>\n","protected":false},"author":101231,"featured_media":0,"parent":5099,"menu_order":0,"comment_status":"closed","ping_status":"closed","template":"","meta":{"_acf_changed":false,"footnotes":""},"categories":[],"tags":[],"class_list":["post-4381","page","type-page","status-publish","hentry"],"acf":[],"_links":{"self":[{"href":"https:\/\/semmelweis.hu\/fogpotlastan\/wp-json\/wp\/v2\/pages\/4381","targetHints":{"allow":["GET"]}}],"collection":[{"href":"https:\/\/semmelweis.hu\/fogpotlastan\/wp-json\/wp\/v2\/pages"}],"about":[{"href":"https:\/\/semmelweis.hu\/fogpotlastan\/wp-json\/wp\/v2\/types\/page"}],"author":[{"embeddable":true,"href":"https:\/\/semmelweis.hu\/fogpotlastan\/wp-json\/wp\/v2\/users\/101231"}],"replies":[{"embeddable":true,"href":"https:\/\/semmelweis.hu\/fogpotlastan\/wp-json\/wp\/v2\/comments?post=4381"}],"version-history":[{"count":2,"href":"https:\/\/semmelweis.hu\/fogpotlastan\/wp-json\/wp\/v2\/pages\/4381\/revisions"}],"predecessor-version":[{"id":5093,"href":"https:\/\/semmelweis.hu\/fogpotlastan\/wp-json\/wp\/v2\/pages\/4381\/revisions\/5093"}],"up":[{"embeddable":true,"href":"https:\/\/semmelweis.hu\/fogpotlastan\/wp-json\/wp\/v2\/pages\/5099"}],"wp:attachment":[{"href":"https:\/\/semmelweis.hu\/fogpotlastan\/wp-json\/wp\/v2\/media?parent=4381"}],"wp:term":[{"taxonomy":"category","embeddable":true,"href":"https:\/\/semmelweis.hu\/fogpotlastan\/wp-json\/wp\/v2\/categories?post=4381"},{"taxonomy":"post_tag","embeddable":true,"href":"https:\/\/semmelweis.hu\/fogpotlastan\/wp-json\/wp\/v2\/tags?post=4381"}],"curies":[{"name":"wp","href":"https:\/\/api.w.org\/{rel}","templated":true}]}}