{"id":4378,"date":"2018-12-03T09:48:20","date_gmt":"2018-12-03T08:48:20","guid":{"rendered":"http:\/\/semmelweis.hu\/fogpotlastan\/?page_id=4378"},"modified":"2019-04-11T11:58:12","modified_gmt":"2019-04-11T09:58:12","slug":"fogszin-meghatarozas","status":"publish","type":"page","link":"https:\/\/semmelweis.hu\/fogpotlastan\/kutatas\/munkacsoportok\/fogszin-meghatarozas\/","title":{"rendered":"Fogsz\u00edn-meghat\u00e1roz\u00e1s"},"content":{"rendered":"<p style=\"text-align: justify\">Bemutatkoz\u00e1s:<br \/>\n<a href=\"https:\/\/semmelweis.hu\/fogpotlastan\/files\/2019\/02\/RS87484_IMG_6704-scr.jpg\"><img loading=\"lazy\" decoding=\"async\" class=\"wp-image-5047 alignright\" src=\"https:\/\/semmelweis.hu\/fogpotlastan\/files\/2019\/02\/RS87484_IMG_6704-scr-300x200.jpg\" alt=\"\" width=\"332\" height=\"221\" srcset=\"https:\/\/semmelweis.hu\/fogpotlastan\/files\/2019\/02\/RS87484_IMG_6704-scr-300x200.jpg 300w, https:\/\/semmelweis.hu\/fogpotlastan\/files\/2019\/02\/RS87484_IMG_6704-scr-768x512.jpg 768w, https:\/\/semmelweis.hu\/fogpotlastan\/files\/2019\/02\/RS87484_IMG_6704-scr-753x502.jpg 753w, https:\/\/semmelweis.hu\/fogpotlastan\/files\/2019\/02\/RS87484_IMG_6704-scr-203x135.jpg 203w, https:\/\/semmelweis.hu\/fogpotlastan\/files\/2019\/02\/RS87484_IMG_6704-scr.jpg 950w\" sizes=\"auto, (max-width: 332px) 100vw, 332px\" \/><\/a>A p\u00e1ciensek n\u00f6vekv\u0151 eszt\u00e9tikai ig\u00e9nyeinek kiel\u00e9g\u00edt\u00e9s\u00e9nek elengedhetetlen r\u00e9sze a megfelel\u0151 fogsz\u00edn kiv\u00e1laszt\u00e1sa. Ez\u00e9rt a vizu\u00e1lis fogsz\u00ednkulcsos (Vita Classical A1-D4, 3D Master elm\u00e9leten alapul\u00f3 Linearguide fogsz\u00ednkulcs) \u00e9s a digit\u00e1lis fogsz\u00ednm\u00e9r\u0151 eszk\u00f6z\u00f6k (Vita Easyshade spektrofotom\u00e9ter, Trios intraor\u00e1lis szkennerbe be\u00e9p\u00edtett spektrofotm\u00e9ter) \u00f6sszehasonl\u00edt\u00e1sa egyik f\u0151 c\u00e9lkit\u0171z\u00e9s\u00fcnk. A fogsz\u00edn-meghat\u00e1roz\u00e1s oktat\u00e1s\u00e1ra a Color Matching Curriculum oktat\u00f3 programot vezetj\u00fck be a gradu\u00e1lis \u00e9s postgradu\u00e1lis oktat\u00e1sba.<\/p>\n<p style=\"text-align: center\"><a href=\"https:\/\/semmelweis.hu\/fogpotlastan\/files\/2019\/02\/RS87488_IMG_6716-scr.jpg\"><img loading=\"lazy\" decoding=\"async\" class=\"alignnone size-medium wp-image-5078\" src=\"https:\/\/semmelweis.hu\/fogpotlastan\/files\/2019\/02\/RS87488_IMG_6716-scr-300x200.jpg\" alt=\"\" width=\"300\" height=\"200\" srcset=\"https:\/\/semmelweis.hu\/fogpotlastan\/files\/2019\/02\/RS87488_IMG_6716-scr-300x200.jpg 300w, https:\/\/semmelweis.hu\/fogpotlastan\/files\/2019\/02\/RS87488_IMG_6716-scr-768x512.jpg 768w, https:\/\/semmelweis.hu\/fogpotlastan\/files\/2019\/02\/RS87488_IMG_6716-scr-753x502.jpg 753w, https:\/\/semmelweis.hu\/fogpotlastan\/files\/2019\/02\/RS87488_IMG_6716-scr-203x135.jpg 203w, https:\/\/semmelweis.hu\/fogpotlastan\/files\/2019\/02\/RS87488_IMG_6716-scr.jpg 950w\" sizes=\"auto, (max-width: 300px) 100vw, 300px\" \/><\/a> <a href=\"https:\/\/semmelweis.hu\/fogpotlastan\/files\/2019\/02\/RS87487_IMG_6715-scr.jpg\"><img loading=\"lazy\" decoding=\"async\" class=\"alignnone size-medium wp-image-5059\" src=\"https:\/\/semmelweis.hu\/fogpotlastan\/files\/2019\/02\/RS87487_IMG_6715-scr-300x200.jpg\" alt=\"\" width=\"300\" height=\"200\" srcset=\"https:\/\/semmelweis.hu\/fogpotlastan\/files\/2019\/02\/RS87487_IMG_6715-scr-300x200.jpg 300w, https:\/\/semmelweis.hu\/fogpotlastan\/files\/2019\/02\/RS87487_IMG_6715-scr-768x512.jpg 768w, https:\/\/semmelweis.hu\/fogpotlastan\/files\/2019\/02\/RS87487_IMG_6715-scr-753x502.jpg 753w, https:\/\/semmelweis.hu\/fogpotlastan\/files\/2019\/02\/RS87487_IMG_6715-scr-203x135.jpg 203w, https:\/\/semmelweis.hu\/fogpotlastan\/files\/2019\/02\/RS87487_IMG_6715-scr.jpg 950w\" sizes=\"auto, (max-width: 300px) 100vw, 300px\" \/><\/a><\/p>\n<p style=\"text-align: justify\">Oktat\u00f3vide\u00f3k: <br \/>\n\u25cf Fogsz\u00edn-meghat\u00e1roz\u00e1s oktat\u00f3 vide\u00f3<\/p>\n<p style=\"text-align: justify\">Cikkek:<br \/>\n\u25cf Borb\u00e9ly J, Jakstat H A, B\u00e1thory E, Marada Gy, Hermann P Oktat\u00e1s \u00e9s kutat\u00e1s a \u201eToothguide Training Box\u201d fogsz\u00ednkulcs k\u00e9szlettel MAGYAR FOGORVOS 19:(1) pp. 16-21. (2010)<br \/>\n\u25cf Borb\u00e9ly J, Fej\u00e9rdy P, Vars\u00e1nyi B, Jakstat HA, Hermann P A s\u00falyos v\u00f6r\u00f6s-\u00f6.ld sz\u00ednt\u00e9veszt\u00e9s fogsz\u00ednv\u00e1laszt\u00e1st befoly\u00e1sol\u00f3 hat\u00e1sa MAGYAR FOGORVOS 19:(5) pp. 205-212. (2010)<br \/>\n\u25cf Borb\u00e9ly J, Vars\u00e1nyi B, Fej\u00e9rdy P, Hermann P, Jakstat H A Toothguide Trainer tests with color vision deficiency simulation monitor JOURNAL OF DENTISTRY 38:(SUPPL. 2) pp. 41-49. (2010)<br \/>\n\u25cf Bratner SR, Vichi A, Borb\u00e9ly J, Jakstat HADer Ishihara-Test als Beamerprojektion zum Screening der Farbtu\u0308chtigkeit in der ZahnmedizinDEUTSCHE ZAHNARZTLICHE ZEITSCHRIFT 65:(1) pp. 29-33. (2010)<br \/>\n\u25cf Haddad H J, Jakstat H A, Arnetzl G, Borbely J, Vichi A, Dumfahrt H, Renault P, Corcodel N, Pohlen B, Marada G, de Parga J,Reshad M, Klinke T, Hannak W, Paravina R D Does gender and experience influence shade matching quality?JOURNAL OF DENTISTRY 37:(SUPPL. 1) pp. e40-e44. (2009)<\/p>\n<p style=\"text-align: justify\">TDK kongresszusi el\u0151ad\u00e1sok:<br \/>\n\u25cf Varga Vikt\u00f3ria, Kap\u00e1s D\u00e1niel: K\u00fcl\u00f6nb\u00f6z\u0151 fogsz\u00edn-meghat\u00e1roz\u00f3 m\u00f3dszerek \u00f6sszehasonl\u00edt\u00f3 \u00e9rt\u00e9kel\u00e9se (Dr. Borb\u00e9ly Judit) 2017 <br \/>\n\u25cf N\u00e9meth Fruzsina Anna: Vizu\u00e1lis \u00e9s digit\u00e1lis fogsz\u00edn meghat\u00e1roz\u00e1si technik\u00e1k \u00f6sszehasonl\u00edt\u00e1sa (Dr. Borb\u00e9ly Judit, Dr. Kisp\u00e9lyi Barbara) 2015 OTDK I. helyez\u00e9s<\/p>\n<p style=\"text-align: justify\">Szakdolgozatok:<br \/>\n\u25cf N\u00e9meth Fruzsina Anna: Vizu\u00e1lis \u00e9s digit\u00e1lis fogsz\u00edn-meghat\u00e1roz\u00e1si lehet\u0151s\u00e9gek \u00f6sszehasonl\u00edt\u00e1sa (Dr. Borb\u00e9ly Judit) 2015<br \/>\n\u25cf R\u00e1cz L\u00e1szl\u00f3: A fogsz\u00edn meghat\u00e1roz\u00e1s \u00e9s a kommunik\u00e1ci\u00f3 szerepe az eszt\u00e9tikai fog\u00e1szatban (Dr. Borb\u00e9ly Judit) 2014<br \/>\n\u25cf Zur\u00e1nyi Anna: A fogsz\u00edn meghat\u00e1roz\u00e1s korszer\u0171 m\u00f3dszerei (Dr. Borb\u00e9ly Judit) 2014<br \/>\n\u25cf T. B\u00e1thory Edit: A vizu\u00e1lis fogsz\u00edn-meghat\u00e1roz\u00e1s befoly\u00e1sol\u00f3 t\u00e9nyez\u0151inek vizsg\u00e1lata a Toothguide Training Box oktat\u00f3programmal (Dr. Borb\u00e9ly Judit) 2012<\/p>\n<p><a href=\"https:\/\/semmelweis.hu\/fogpotlastan\/files\/2019\/04\/Integr\u00e1lt-ir\u00e1ny\u00edt\u00e1si-rendszer-munkautas\u00edt\u00e1s-Vizu\u00e1lis-\u00e9s-digit\u00e1lis-fedlap.pdf\">Integr\u00e1lt ir\u00e1ny\u00edt\u00e1si rendszer munkautas\u00edt\u00e1s &#8211; Vizu\u00e1lis \u00e9s digit\u00e1lis &#8211; fedlap<\/a><\/p>\n<p><a href=\"https:\/\/semmelweis.hu\/fogpotlastan\/files\/2019\/04\/Integr\u00e1lt-ir\u00e1ny\u00edt\u00e1si-rendszer-munkautas\u00edt\u00e1s-Vizu\u00e1lis-\u00e9s-digit\u00e1lis-adatr\u00f6gz\u00edt\u0151-lap.pdf\">Integr\u00e1lt ir\u00e1ny\u00edt\u00e1si rendszer munkautas\u00edt\u00e1s &#8211; Vizu\u00e1lis \u00e9s digit\u00e1lis adatr\u00f6gz\u00edt\u0151 lap<\/a><\/p>\n<p><a href=\"https:\/\/semmelweis.hu\/fogpotlastan\/files\/2019\/04\/Integr\u00e1lt-ir\u00e1ny\u00edt\u00e1si-rendszer-munkautas\u00edt\u00e1s-Vizu\u00e1lis-\u00e9s-digit\u00e1lis.pdf\">Integr\u00e1lt ir\u00e1ny\u00edt\u00e1si rendszer munkautas\u00edt\u00e1s &#8211; Vizu\u00e1lis \u00e9s digit\u00e1lis<\/a><\/p>\n","protected":false},"excerpt":{"rendered":"<p>Bemutatkoz\u00e1s: <a href=\"https:\/\/semmelweis.hu\/fogpotlastan\/files\/2019\/02\/RS87484_IMG_6704-scr.jpg\"><\/a> A p\u00e1ciensek n\u00f6vekv\u0151 eszt\u00e9tikai ig\u00e9nyeinek kiel\u00e9g\u00edt\u00e9s\u00e9nek elengedhetetlen r\u00e9sze a megfelel\u0151 fogsz\u00edn kiv\u00e1laszt\u00e1sa. Ez\u00e9rt a vizu\u00e1lis fogsz\u00ednkulcsos (Vita Classical A1-D4, 3D Master elm\u00e9leten alapul\u00f3 Linearguide fogsz\u00ednkulcs) \u00e9s a digit\u00e1lis fogsz\u00ednm\u00e9r\u0151 eszk\u00f6z\u00f6k (Vita Easyshade spektrofotom\u00e9ter, Trios intraor\u00e1lis szkennerbe be\u00e9p\u00edtett spektrofotm\u00e9ter) \u00f6sszehasonl\u00edt\u00e1sa egyik f\u0151 c\u00e9lkit\u0171z\u00e9s\u00fcnk. A fogsz\u00edn-meghat\u00e1roz\u00e1s oktat\u00e1s\u00e1ra a Color Matching Curriculum oktat\u00f3 programot vezetj\u00fck be a &hellip;<\/p>\n","protected":false},"author":101231,"featured_media":0,"parent":5099,"menu_order":0,"comment_status":"closed","ping_status":"closed","template":"","meta":{"_acf_changed":false,"footnotes":""},"categories":[],"tags":[],"class_list":["post-4378","page","type-page","status-publish","hentry"],"acf":[],"_links":{"self":[{"href":"https:\/\/semmelweis.hu\/fogpotlastan\/wp-json\/wp\/v2\/pages\/4378","targetHints":{"allow":["GET"]}}],"collection":[{"href":"https:\/\/semmelweis.hu\/fogpotlastan\/wp-json\/wp\/v2\/pages"}],"about":[{"href":"https:\/\/semmelweis.hu\/fogpotlastan\/wp-json\/wp\/v2\/types\/page"}],"author":[{"embeddable":true,"href":"https:\/\/semmelweis.hu\/fogpotlastan\/wp-json\/wp\/v2\/users\/101231"}],"replies":[{"embeddable":true,"href":"https:\/\/semmelweis.hu\/fogpotlastan\/wp-json\/wp\/v2\/comments?post=4378"}],"version-history":[{"count":7,"href":"https:\/\/semmelweis.hu\/fogpotlastan\/wp-json\/wp\/v2\/pages\/4378\/revisions"}],"predecessor-version":[{"id":5241,"href":"https:\/\/semmelweis.hu\/fogpotlastan\/wp-json\/wp\/v2\/pages\/4378\/revisions\/5241"}],"up":[{"embeddable":true,"href":"https:\/\/semmelweis.hu\/fogpotlastan\/wp-json\/wp\/v2\/pages\/5099"}],"wp:attachment":[{"href":"https:\/\/semmelweis.hu\/fogpotlastan\/wp-json\/wp\/v2\/media?parent=4378"}],"wp:term":[{"taxonomy":"category","embeddable":true,"href":"https:\/\/semmelweis.hu\/fogpotlastan\/wp-json\/wp\/v2\/categories?post=4378"},{"taxonomy":"post_tag","embeddable":true,"href":"https:\/\/semmelweis.hu\/fogpotlastan\/wp-json\/wp\/v2\/tags?post=4378"}],"curies":[{"name":"wp","href":"https:\/\/api.w.org\/{rel}","templated":true}]}}