{"id":4375,"date":"2018-12-03T09:44:02","date_gmt":"2018-12-03T08:44:02","guid":{"rendered":"http:\/\/semmelweis.hu\/fogpotlastan\/?page_id=4375"},"modified":"2021-04-06T15:31:48","modified_gmt":"2021-04-06T13:31:48","slug":"digitalis-lenyomatvetel","status":"publish","type":"page","link":"https:\/\/semmelweis.hu\/fogpotlastan\/kutatas\/munkacsoportok\/digitalis-lenyomatvetel\/","title":{"rendered":"Digit\u00e1lis lenyomatv\u00e9tel"},"content":{"rendered":"<p style=\"text-align: justify\"><strong>Bemutatkoz\u00e1s:<\/strong> <br \/>\nA protetikai elj\u00e1r\u00e1sok ter\u00e9n napjaink legmeghat\u00e1roz\u00f3bb innov\u00e1ci\u00f3ja egy\u00e9rtelm\u0171en az intraor\u00e1lis szkennerek megjelen\u00e9se. A digit\u00e1lis lenyomatv\u00e9teli technika alkalmaz\u00e1s\u00e1val \u00faj lehet\u0151s\u00e9gek, \u00faj anyagok \u00e9s m\u00f3dszerek \u00e1llnak a gyakorl\u00f3 fogorvos rendelkez\u00e9s\u00e9re. Azonban egy \u00faj rendszer klinikai alkalmaz\u00e1sa el\u0151tt elengedhetetlen annak r\u00e9szletes vizsg\u00e1lata, haszn\u00e1lat\u00e1nak \u00e9rt\u00e9kel\u00e9se. Munkacsoportunk 2011 \u00f3ta \u00e9rt\u00e9keli a digit\u00e1lis lenyomatv\u00e9teli rendszereket. Sz\u00e1mos kutat\u00e1st, vizsg\u00e1latot v\u00e9gezt\u00fcnk a szkennerek pontoss\u00e1g\u00e1nak, klinikai alkalmazhat\u00f3s\u00e1g\u00e1nak felt\u00e9rk\u00e9pez\u00e9s\u00e9re. Oktat\u00f3programot dolgozunk ki a digit\u00e1lis lenyomatv\u00e9teli rendszerek \u00e9s a hozz\u00e1juk kapcsol\u00f3d\u00f3 CAD\/CAM munkafolyamatok ismereteir\u0151l. Eredm\u00e9nyeinkr\u0151l \u00e9ves TDK konferenci\u00e1n hallgat\u00f3ink \u00e9s tudom\u00e1nyos konferenci\u00e1kon PhD hallgat\u00f3ink, orvosaink rendszeresen besz\u00e1molnak.<\/p>\n<p style=\"text-align: center\">\u00a0 <a href=\"https:\/\/semmelweis.hu\/fogpotlastan\/files\/2019\/02\/RS87537_IMG_7013-scr.jpg\"><img loading=\"lazy\" decoding=\"async\" class=\"alignnone size-medium wp-image-5087\" src=\"https:\/\/semmelweis.hu\/fogpotlastan\/files\/2019\/02\/RS87537_IMG_7013-scr-300x185.jpg\" alt=\"\" width=\"300\" height=\"185\" srcset=\"https:\/\/semmelweis.hu\/fogpotlastan\/files\/2019\/02\/RS87537_IMG_7013-scr-300x185.jpg 300w, https:\/\/semmelweis.hu\/fogpotlastan\/files\/2019\/02\/RS87537_IMG_7013-scr-768x475.jpg 768w, https:\/\/semmelweis.hu\/fogpotlastan\/files\/2019\/02\/RS87537_IMG_7013-scr-753x465.jpg 753w, https:\/\/semmelweis.hu\/fogpotlastan\/files\/2019\/02\/RS87537_IMG_7013-scr-620x380.jpg 620w, https:\/\/semmelweis.hu\/fogpotlastan\/files\/2019\/02\/RS87537_IMG_7013-scr.jpg 950w\" sizes=\"auto, (max-width: 300px) 100vw, 300px\" \/><\/a> <a href=\"https:\/\/semmelweis.hu\/fogpotlastan\/files\/2019\/02\/RS87529_IMG_6975-scr.jpg\"><img loading=\"lazy\" decoding=\"async\" class=\"alignnone size-medium wp-image-5086\" src=\"https:\/\/semmelweis.hu\/fogpotlastan\/files\/2019\/02\/RS87529_IMG_6975-scr-300x183.jpg\" alt=\"\" width=\"300\" height=\"183\" srcset=\"https:\/\/semmelweis.hu\/fogpotlastan\/files\/2019\/02\/RS87529_IMG_6975-scr-300x183.jpg 300w, https:\/\/semmelweis.hu\/fogpotlastan\/files\/2019\/02\/RS87529_IMG_6975-scr-768x469.jpg 768w, https:\/\/semmelweis.hu\/fogpotlastan\/files\/2019\/02\/RS87529_IMG_6975-scr-753x460.jpg 753w, https:\/\/semmelweis.hu\/fogpotlastan\/files\/2019\/02\/RS87529_IMG_6975-scr-620x380.jpg 620w, https:\/\/semmelweis.hu\/fogpotlastan\/files\/2019\/02\/RS87529_IMG_6975-scr.jpg 950w\" sizes=\"auto, (max-width: 300px) 100vw, 300px\" \/><\/a><\/p>\n<p style=\"text-align: justify\"><strong>Oktat\u00f3vide\u00f3k:<\/strong> <br \/>\n\u25cf <a href=\"https:\/\/www.youtube.com\/watch?v=hoL4SPHAgTg\">Trios oktat\u00f3 vide\u00f3<\/a>\u00a0<\/p>\n<p style=\"text-align: justify\"><strong>K\u00f6nyvfejezetek:<\/strong><br \/>\n\u25cf Borb\u00e9ly J, R\u00f3th L: Monolitikus cirk\u00f3nium-dioxid restaur\u00e1ci\u00f3 k\u00e9sz\u00edt\u00e9se Cad\/Cam technol\u00f3gi\u00e1val, digit\u00e1lis lenyomatra: R\u00f3th L. (szerk.)Fogp\u00f3tl\u00e1s.tan 2018<br \/>\n\u25cf R\u00f3th I, Borb\u00e9ly J: Cad\/Cam t\u00f6rt\u00e9neti \u00e1ttekint\u00e9s : R\u00f3th L. (szerk.)Fogp\u00f3tl\u00e1s.tan 2018<br \/>\n\u25cf Borb\u00e9ly J, Hajdu Z, R\u00f3th L, K\u00f3bor A Fog\u00e1szatban alkalmazott CAD\/CAM technol\u00f3gi\u00e1k In: K\u00f3bor A, Kivovics P, Hermann P (szerk.)Fogp\u00f3tl\u00e1stani anyagtan \u00e9s odontotechnol\u00f3gia. 192 p.Budapest: Semmelweis Kiad\u00f3 \u00e9s Multim\u00e9dia St\u00fadi\u00f3, 2015. pp. 167-184.<\/p>\n<p style=\"text-align: justify\"><strong>Cikkek:<\/strong> <br \/>\n\u25cf B. Vecsei, G. Joos-Kovacs, J. Borbely, P. Hermann :Comparison of the accuracy of direct and indirect three-dimensional digitizing processes for CAD\/CAM systems \u2013 An in vitro study J Prosthodont Res. 2017 Apr;61(2):177-184. doi:10.1016\/j.jpor.2016.07.001<br \/>\n\u25cf J. Borb\u00e9ly, M. D\u00f3r\u00f3 G.Jo\u00f3s-Kov\u00e1cs, B Vecsei, P. Hermann: Okoslenyomat \u2013 a sz\u00e1jk\u00e9pletek digit\u00e1lis m\u00e1solata I. Magyar Fogorvos vol.:25, issue.:5, p.:222-229.<br \/>\n\u25cf J. Borb\u00e9ly, M. D\u00f3r\u00f3, G.Jo\u00f3s-Kov\u00e1cs, B Vecsei, P. Hermann: Okoslenyomat \u2013 a sz\u00e1jk\u00e9pletek digit\u00e1lis m\u00e1solata II. Magyar Fogorvos vol.:25, issue.:6, p.:274-281. <br \/>\n\u25cf J.Borb\u00e9ly, A. Czigola, V.Vitai, I.R\u00f3th, P. Hermann: Intraoral scans for Cad\/Cam application Stoma Edu J. 2018;5(2):106-112 doi:10.25241\/stomaeduj.2018.5(2).art.5<br \/>\n\u25cf G. Joos-Kovacs, B. Vecsei, Sz. K\u00f6rmendi, V. A. Gyarmathy, J. Borbely, P. Hermann: An evaluation of the accuracy of optical indirect CAD\/CAM digitalization of virtual models. Under submission<\/p>\n<p style=\"text-align: justify\"><strong>Poszterek:<\/strong> <br \/>\n\u25cf G. Jo\u00f3s-Kov\u00e1cs, Sz. K\u00f6rmendi, B Vecsei, J Borb\u00e9ly, P Hermann: Laboratory Scanner Method- Accuracy of Indirect Cad\/Cam Digitalization CED-IADR\/NOF Oral Health Research Congress. B\u00e9cs, Ausztria, 2017 <br \/>\n\u25cf I. R\u00f3th , A. Czigola , Z. Kov\u00e1cs ,G. Jo\u00f3s-Kov\u00e1cs , J. Borb\u00e9ly , P. Hermann: Increasing Efficiency in Practical Digital Impression Taking CED-IADR\/NOF Oral Health Research Congress. B\u00e9cs, Ausztria, 2017<\/p>\n<p style=\"text-align: justify\"><strong>Rektori p\u00e1lyamunk\u00e1k:<\/strong> <br \/>\n\u25cf G\u00e1bor Vir\u00e1g: A Magyarorsz\u00e1gon el\u00e9rhet\u0151 digit\u00e1lis lenyomat v\u00e9teli eszk\u00f6z\u00f6k \u00f6sszehasonl\u00edt\u00e1sa egys\u00e9ges szempontrendszer alapj\u00e1n weblap seg\u00edts\u00e9g\u00e9vel (Prof.Dr. Hermann P\u00e9ter) 2020 &#8211; II. helyez\u00e9s<br \/>\n\u25cf K\u00e1lm\u00e1n Marcell: Cirk\u00f3nium-dioxidok spektrofotometriai vizsg\u00e1lata &#8211; Pr\u00f3kai G\u00e1borral (Dr. \u00c1br\u00e1m Emese) 2019 &#8211; I. helyez\u00e9s<br \/>\n\u25cf Pr\u00f3kai G\u00e1bor: Cirk\u00f3nium-dioxidok spektrofotometriai vizsg\u00e1lata &#8211; K\u00e1lm\u00e1n Marcellel (Dr. \u00c1br\u00e1m Emese) 2019 &#8211; I. helyez\u00e9s<br \/>\n\u25cf R\u00f3th Ivett: Intraor\u00e1lis szkenner rendszerek protetikai alkalmaz\u00e1sa (Dr. Borb\u00e9ly Judit, Prof. Dr. Hermann P\u00e9ter) 2016\/2017. \u00e9v &#8211; I. helyez\u00e9s<br \/>\n\u25cf Dank\u00f3 Mariann: Protetikai tervez\u00e9s sz\u00f3l\u00f3 foghi\u00e1ny eset\u00e9n a Semmelweis Egyetem Fogp\u00f3tl\u00e1stani Klinik\u00e1n alkalmazott implant\u00e1ci\u00f3s rendszerekben. (Prof. Dr. Hermann P\u00e9ter) 2016\/2017. \u00e9v &#8211; dics\u00e9ret<\/p>\n<p style=\"text-align: justify\"><strong>TDK kongresszusi el\u0151ad\u00e1sok:<\/strong><strong><br \/>\n<\/strong>\u25cfR\u00f3na Vir\u00e1g: A Magyarorsz\u00e1gon el\u00e9rhet\u0151 t\u00f6bbgener\u00e1ci\u00f3s intraor\u00e1lis szkennerek \u00f6sszehasonl\u00edt\u00f3 \u00e9rt\u00e9kel\u00e9se (Dr. Czigola Alexandra, Dr. R\u00f3th Ivett) 2021 I. helyez\u00e9s, OTDK konferencia 2021<br \/>\n\u25cf V\u00e1mos Orsolya: A digit\u00e1lis lenyomatok pontoss\u00e1ga 9 intraor\u00e1lis szkenner alapj\u00e1n &#8211; Schmalzl Judittal (Dr. Vecsei B\u00e1lint, Dr. Borb\u00e9ly Judit) 2020 I. helyez\u00e9s, OTDK konferencia 2021, Marosv\u00e1s\u00e1rhelyi TDK Konferencia 2020 k\u00fcl\u00f6nd\u00edj<br \/>\n\u25cf V\u00e1mos Orsolya: A szoftverfriss\u00edt\u00e9s hat\u00e1sa az intraor\u00e1lis szkennerek pontoss\u00e1g\u00e1ra (Dr. Vecsei B\u00e1lint, Dr. Schmalzl Judit) 2021 &#8211; II. helyez\u00e9s <br \/>\n\u25cfG\u00e1bor Vir\u00e1g: A hazai piacon el\u00e9rhet\u0151 intraor\u00e1lis szkennerek \u00f6sszehasonl\u00edt\u00e1sa online fel\u00fclet seg\u00edts\u00e9g\u00e9vel &#8211; Bencze Bulcs\u00faval (Dr. Vitai Vikt\u00f3ria, Prof. Dr. Hermann P\u00e9ter) 2021 <br \/>\n\u25cfBencze Bulcs\u00fa: A hazai piacon el\u00e9rhet\u0151 intraor\u00e1lis szkennerek \u00f6sszehasonl\u00edt\u00e1sa online fel\u00fclet seg\u00edts\u00e9g\u00e9vel &#8211; G\u00e1bor Vir\u00e1ggal (Dr. Vitai Vikt\u00f3ria, Prof. Dr. Hermann P\u00e9ter) 2021<br \/>\n\u25cfN\u00e9meth Anna: Fog\u00e1szati 3D nyomtatott mint\u00e1k pontoss\u00e1g\u00e1nak \u00f6sszehasonl\u00edt\u00f3 \u00e9rt\u00e9kel\u00e9se (Dr. Kisp\u00e9lyi Barbara, Dr. T\u00f6r\u00f6k Gr\u00e9ta) 2020 &#8211; III. helyez\u00e9s<br \/>\n\u25cf R\u00f3na Vir\u00e1g: A Magyarorsz\u00e1gon el\u00e9rhet\u0151 intraor\u00e1lis szkennerek \u00f6sszehasonl\u00edt\u00f3 \u00e9rt\u00e9kel\u00e9se &#8211; M\u00f3dos Dominik\u00e1val (Dr. Borb\u00e9ly Judit, Dr. Jo\u00f3s-Kov\u00e1cs Gell\u00e9rt) 2020 &#8211; II. helyez\u00e9s <br \/>\n\u25cf K\u00e1lm\u00e1n Marcell: Cirk\u00f3nium-dioxidok spektrofotometriai vizsg\u00e1lata &#8211; Pr\u00f3kai G\u00e1borral (Dr. \u00c1br\u00e1m Emese) 2020 &#8211; I. helyez\u00e9s, OTDK konferencia 2021 <br \/>\n\u25cf Pr\u00f3kai G\u00e1bor: Cirk\u00f3nium-dioxidok spektrofotometriai vizsg\u00e1lata &#8211; K\u00e1lm\u00e1n Marcellel (Dr. \u00c1br\u00e1m Emese) 2020 &#8211; I. helyez\u00e9s, OTDK konferencia 2021 <br \/>\n\u25cfMohaghegh Ahmad Reza, Keskeny Gy\u00f6rgy \u00c1rp\u00e1d: The effect of chemical disinfectants and everyday usage on the color of VITA Classical shade tabs (Dr. Feh\u00e9r D\u00f3ra, Dr. Borb\u00e9ly Judit) 2021 &#8211; III. helyez\u00e9s<br \/>\n\u25cf Schmalzl Judit: A digit\u00e1lis lenyomatok pontoss\u00e1ga 9 intraor\u00e1lis szkenner alapj\u00e1n &#8211; V\u00e1mos Orsoly\u00e1val (Dr. Vecsei B\u00e1lint, Dr. Borb\u00e9ly Judit) 2020 I. helyez\u00e9s, OTDK konferencia 2021, Marosv\u00e1s\u00e1rhelyi TDK Konferencia 2020 k\u00fcl\u00f6nd\u00edj<br \/>\n\u25cfV\u00e1mos Orsolya: L\u00edtium-diszilik\u00e1t ker\u00e1mia restaur\u00e1ci\u00f3k k\u00e9sz\u00edt\u00e9s\u00e9nek hagyom\u00e1nyos \u00e9s digit\u00e1lis \u00fatvonata (Dr. Borb\u00e9ly Judit, Dr. R\u00f3th Ivett) 2019<br \/>\n\u25cf R\u00f3th Ivett: Intraor\u00e1lis szkennerrel t\u00f6rt\u00e9n\u0151 digit\u00e1lis lenyomatv\u00e9tel \u00e9s fogsz\u00edn-meghat\u00e1roz\u00e1s in vivo vizsg\u00e1lata (Dr. Borb\u00e9ly Judit) 2018 &#8211; I. helyez\u00e9s<br \/>\n\u25cf R\u00f3th Ivett, Dalos Magdolna: Az intraor\u00e1lis szkennel\u00e9s idej\u00e9nek \u00e9s k\u00e9psz\u00e1m\u00e1nak v\u00e1ltoz\u00e1sa a gyakorl\u00e1ssal \u00f6sszef\u00fcgg\u00e9sben- in vivo vizsg\u00e1lat (Dr. Borb\u00e9ly Judit) 2017 &#8211; III. helyez\u00e9s<br \/>\n\u25cf R\u00f3th Ivett: A CAD\/CAM virtu\u00e1lis minta pontoss\u00e1g\u00e1nak vizsg\u00e1lata (Dr. Borb\u00e9ly Judit) 2016<br \/>\n\u25cf Dalos Magdolna: R\u00f6gz\u00edtett fogp\u00f3tl\u00e1sok k\u00e9sz\u00edt\u00e9sekor alkalmazott lenyomatv\u00e9teli technik\u00e1k \u00f6sszehasonl\u00edt\u00f3 \u00e9rt\u00e9kel\u00e9se (Dr. Borb\u00e9ly Judit) 2016<br \/>\n\u25cf Kov\u00e1cs Gell\u00e9rt: Hagyom\u00e1nyos \u00e9s digit\u00e1lis lenyomatv\u00e9teli technik\u00e1k \u00f6sszehasonl\u00edt\u00f3 \u00e9rt\u00e9kel\u00e9se (Prof. Dr. Hermann P\u00e9ter, Dr. Moln\u00e1r B\u00e1lint) 2013<\/p>\n<p style=\"text-align: justify\"><strong>Szakdolgozatok:<\/strong><br \/>\n\u25cf Bencze Bulcs\u00fa: Monolitikus cirk\u00f3nium-dioxid restaur\u00e1ci\u00f3k (Dr. Borb\u00e9ly Judit) 2021<br \/>\n\u25cf Benedek Patrik: Hibridker\u00e1mi\u00e1k a fogp\u00f3tl\u00e1stanban (Dr. Borb\u00e9ly Judit) 2021<br \/>\n\u25cf R\u00f3na Vir\u00e1g: CAD\/CAM technol\u00f3gi\u00e1hoz alkalmazhat\u00f3 fog\u00e1szati szkennerek (Dr. Borb\u00e9ly Judit) 2021<br \/>\n\u25cf S\u00f3s \u00c1d\u00e1m: Digit\u00e1lis implantol\u00f3gia (Dr. Mikul\u00e1s Krisztina) 2021<br \/>\n\u25cf V\u00e1mos Orsolya: 3D nyomtatott f\u00far\u00f3sablonok alkalmaz\u00e1si ter\u00fcletei a fog\u00e1szatban (Dr. Kisp\u00e9lyi Barbara) 2021<br \/>\n\u25cf V\u00e1nkos Boldizs\u00e1r: Szken-strat\u00e9gia digit\u00e1lis lenyomatv\u00e9telt befoly\u00e1sol\u00f3 szerepe (Dr. Borb\u00e9ly Judit) 2021<br \/>\n\u25cf Mitropoulou Maria Veloudo: Chairside CAD\/CAM restorations (Dr. Czigola Alexandra) 2021<br \/>\n\u25cf N\u00e9meth Anna: Fog\u00e1szati 3D nyomtatott mint\u00e1k \u00f6sszehasonl\u00edt\u00f3 \u00e9rt\u00e9kel\u00e9se (Dr. Kisp\u00e9lyi Barbara) 2020<br \/>\n\u25cf Schmalzl Judit: A digit\u00e1lis lenyomatok pontoss\u00e1ga (Dr. Vecsei B\u00e1lint) 2020<br \/>\n\u25cf Bakucz M\u00e1rton: Intraor\u00e1lis szkennerek klinikai alkalmazhat\u00f3s\u00e1g\u00e1nak \u00f6sszehasonl\u00edt\u00e1si protokollja (Dr. Vecsei B\u00e1lint) 2018<br \/>\n\u25cfDalos Magdolna: Sz\u00e9k melletti-, laborat\u00f3riumi-, centraliz\u00e1lt CAD\/CAM rendszerek \u00f6sszehasonl\u00edt\u00e1sa (Dr. Borb\u00e9ly Judit) 2017<br \/>\n\u25cf Varga Vikt\u00f3ria: Digit\u00e1lis technol\u00f3gi\u00e1val k\u00e9sz\u00fcl\u0151 r\u00f6gz\u00edtett v\u00e9gleges fogp\u00f3tl\u00e1sok (Dr. Kov\u00e1cs Zolt\u00e1n Imre) 2017<br \/>\n\u25cf L\u00e9n\u00e1rt Rita: Intraor\u00e1lis szkennerek alkalmaz\u00e1sa fix fogp\u00f3tl\u00e1sok k\u00e9sz\u00edt\u00e9sekor (Dr. Borb\u00e9ly Judit) 2015<br \/>\n\u25cf Csillag Eszter: Hagyom\u00e1nyos \u00e9s digit\u00e1lis lenyomatv\u00e9teli technik\u00e1k \u00f6sszehasonl\u00edt\u00f3 elemz\u00e9se (Dr. Borb\u00e9ly Judit) 2014<br \/>\n\u25cf Kaddory Selam Saad: Digital impressions in dentistry (Dr. Borb\u00e9ly Judit) 2013<\/p>\n","protected":false},"excerpt":{"rendered":"<p>Bemutatkoz\u00e1s: A protetikai elj\u00e1r\u00e1sok ter\u00e9n napjaink legmeghat\u00e1roz\u00f3bb innov\u00e1ci\u00f3ja egy\u00e9rtelm\u0171en az intraor\u00e1lis szkennerek megjelen\u00e9se. A digit\u00e1lis lenyomatv\u00e9teli technika alkalmaz\u00e1s\u00e1val \u00faj lehet\u0151s\u00e9gek, \u00faj anyagok \u00e9s m\u00f3dszerek \u00e1llnak a gyakorl\u00f3 fogorvos rendelkez\u00e9s\u00e9re. Azonban egy \u00faj rendszer klinikai alkalmaz\u00e1sa el\u0151tt elengedhetetlen annak r\u00e9szletes vizsg\u00e1lata, haszn\u00e1lat\u00e1nak \u00e9rt\u00e9kel\u00e9se. Munkacsoportunk 2011 \u00f3ta \u00e9rt\u00e9keli a digit\u00e1lis lenyomatv\u00e9teli rendszereket. Sz\u00e1mos kutat\u00e1st, vizsg\u00e1latot v\u00e9gezt\u00fcnk a &hellip;<\/p>\n","protected":false},"author":101231,"featured_media":0,"parent":5099,"menu_order":0,"comment_status":"closed","ping_status":"closed","template":"","meta":{"_acf_changed":false,"footnotes":""},"categories":[],"tags":[],"class_list":["post-4375","page","type-page","status-publish","hentry"],"acf":[],"_links":{"self":[{"href":"https:\/\/semmelweis.hu\/fogpotlastan\/wp-json\/wp\/v2\/pages\/4375","targetHints":{"allow":["GET"]}}],"collection":[{"href":"https:\/\/semmelweis.hu\/fogpotlastan\/wp-json\/wp\/v2\/pages"}],"about":[{"href":"https:\/\/semmelweis.hu\/fogpotlastan\/wp-json\/wp\/v2\/types\/page"}],"author":[{"embeddable":true,"href":"https:\/\/semmelweis.hu\/fogpotlastan\/wp-json\/wp\/v2\/users\/101231"}],"replies":[{"embeddable":true,"href":"https:\/\/semmelweis.hu\/fogpotlastan\/wp-json\/wp\/v2\/comments?post=4375"}],"version-history":[{"count":10,"href":"https:\/\/semmelweis.hu\/fogpotlastan\/wp-json\/wp\/v2\/pages\/4375\/revisions"}],"predecessor-version":[{"id":7185,"href":"https:\/\/semmelweis.hu\/fogpotlastan\/wp-json\/wp\/v2\/pages\/4375\/revisions\/7185"}],"up":[{"embeddable":true,"href":"https:\/\/semmelweis.hu\/fogpotlastan\/wp-json\/wp\/v2\/pages\/5099"}],"wp:attachment":[{"href":"https:\/\/semmelweis.hu\/fogpotlastan\/wp-json\/wp\/v2\/media?parent=4375"}],"wp:term":[{"taxonomy":"category","embeddable":true,"href":"https:\/\/semmelweis.hu\/fogpotlastan\/wp-json\/wp\/v2\/categories?post=4375"},{"taxonomy":"post_tag","embeddable":true,"href":"https:\/\/semmelweis.hu\/fogpotlastan\/wp-json\/wp\/v2\/tags?post=4375"}],"curies":[{"name":"wp","href":"https:\/\/api.w.org\/{rel}","templated":true}]}}