{"id":4371,"date":"2018-12-01T14:20:02","date_gmt":"2018-12-01T13:20:02","guid":{"rendered":"http:\/\/semmelweis.hu\/fogpotlastan\/?page_id=4371"},"modified":"2019-02-04T14:35:16","modified_gmt":"2019-02-04T13:35:16","slug":"polimerkutato-munkacsoport","status":"publish","type":"page","link":"https:\/\/semmelweis.hu\/fogpotlastan\/kutatas\/munkacsoportok\/polimerkutato-munkacsoport\/","title":{"rendered":"Polimerkutat\u00f3 munkacsoport"},"content":{"rendered":"<p style=\"text-align: justify\">Manaps\u00e1g a tudom\u00e1nyos kutat\u00e1sok ter\u00e9n a nanotechnol\u00f3gia egyre nagyobb teret h\u00f3d\u00edt. Ez az ir\u00e1nyvonal \u00faj dimenzi\u00f3t nyitott a biol\u00f3gia, k\u00e9mia, fizika \u00e9s eg\u00e9szs\u00e9g\u00fcgy ter\u00fclet\u00e9n is. A nanotechnol\u00f3gia seg\u00edts\u00e9g\u00e9vel \u00faj t\u00edpus\u00fa anyagok szint\u00e9zise, a m\u00e1r r\u00e9gebbr\u0151l ismert technik\u00e1k finom\u00edt\u00e1sa, alaposabb meg\u00e9rt\u00e9se \u00e9s tanulm\u00e1nyoz\u00e1sa is el\u00e9rhet\u0151v\u00e9 v\u00e1lik. Ezek a kutat\u00e1sok sz\u00e1mos tudom\u00e1nyter\u00fcletet \u00e9rintenek, egyfajta hat\u00e1rtudom\u00e1nynak is tekinthet\u0151ek. V\u00e9gs\u0151 c\u00e9ljuk az, hogy a mindennapi gy\u00f3gy\u00edt\u00e1sban haszn\u00e1lhat\u00f3 anyagokat \u00e9s m\u00f3dszereket fejlesszenek ki, fejlesszenek tov\u00e1bb.<br \/>\nKutat\u00f3csoportunk els\u0151dleges c\u00e9lja, hogy a modern, fogorvosl\u00e1sban is haszn\u00e1latos nanotechnol\u00f3giai kutat\u00e1sokban a Semmelweis Egyetem h\u00edrnev\u00e9nek megfelel\u0151en, meghat\u00e1roz\u00f3 szerepet t\u00f6lts\u00f6n be. F\u0151 ir\u00e1nyvonala az \u00faj t\u00edpus\u00fa kopolimerek, polimerkomplexek felhaszn\u00e1lhat\u00f3s\u00e1g\u00e1nak a vizsg\u00e1lata fogorvosi ter\u00fcleteken. Ezen folyamatok az \u00faj t\u00edpus\u00fa polimerek szint\u00e9zis\u00e9t\u0151l kezdve, azok komplex fizikok\u00e9miai vizsg\u00e1lat\u00e1n \u00e1t, a sejtbiol\u00f3giai \u00e9s mikrobiol\u00f3giai vizsg\u00e1latokon kereszt\u00fcl, eg\u00e9szen a klinikai felhaszn\u00e1lhat\u00f3s\u00e1gig terjednek.<\/p>\n<p style=\"text-align: justify\">Tagok: <br \/>\n\u27a2 Prof. Dr. Hermann P\u00e9ter <br \/>\n\u27a2 Prof. Dr. Zelles Tivadar (SE &#8211; Or\u00e1lbiol\u00f3gia Tansz\u00e9k)<br \/>\n\u27a2 Dr. G\u00e9czi Zolt\u00e1n <br \/>\n\u27a2 Dr. T\u00f3th Vikt\u00f3ria <br \/>\n\u27a2 Dr. V\u00e9gh D\u00e1niel<\/p>\n<p style=\"text-align: justify\">Cikkek: <br \/>\n\u25cf Zolt\u00e1n G\u00e9czi, Tivadar Zelles, Orsolya Heged\u0171s, D\u00e1niel V\u00e9gh, P\u00e9ter Hermann &#8211; Novel Nanocomposite for the Treatment of Denture Stomatitis INTERNATIONAL DENTAL JOURNAL: Volume 68, Issue S2<br \/>\n\u25cf Zolt\u00e1n G\u00e9czi, Peter Hermann, Laszlo K\u0151hidai, Orsolya Lang, Zsofia Kohidai, Tamas Meszaros, Attila Barocsi, S\u00e1ndor Lenk,Tivadar Zelles &#8211; Antimicrobial silver-polyethyleneimine-polylactic acid polymer composite film for coating methacrylate-based denture surfaces JOURNAL OF NANOMATERIALS https:\/\/www.hindawi.com\/journals\/jnm\/aip\/1048734\/<br \/>\n\u25cf Dr. G\u00e9czi Zolt\u00e1n, Dr. Kisp\u00e9lyi Barbara, Dr. P\u00e1l K\u00e1roly, Dr. Hermann P\u00e9ter &#8211; Bakt\u00e9rium- \u00e9s gomba\u00f6l\u0151 polimerek a fog\u00e1szatban Egy \u00faj, hat\u00e9kony antibakteri\u00e1lis, antifung\u00e1lis, kationos polimer, a polietil\u00e9nimin fogorvosi felhaszn\u00e1l\u00e1s\u00e1nak lehet\u0151s\u00e9gei FOGORVOSI SZEMLE: 109(2): 56\u201360 2016<\/p>\n","protected":false},"excerpt":{"rendered":"<p>Manaps\u00e1g a tudom\u00e1nyos kutat\u00e1sok ter\u00e9n a nanotechnol\u00f3gia egyre nagyobb teret h\u00f3d\u00edt. Ez az ir\u00e1nyvonal \u00faj dimenzi\u00f3t nyitott a biol\u00f3gia, k\u00e9mia, fizika \u00e9s eg\u00e9szs\u00e9g\u00fcgy ter\u00fclet\u00e9n is. A nanotechnol\u00f3gia seg\u00edts\u00e9g\u00e9vel \u00faj t\u00edpus\u00fa anyagok szint\u00e9zise, a m\u00e1r r\u00e9gebbr\u0151l ismert technik\u00e1k finom\u00edt\u00e1sa, alaposabb meg\u00e9rt\u00e9se \u00e9s tanulm\u00e1nyoz\u00e1sa is el\u00e9rhet\u0151v\u00e9 v\u00e1lik. Ezek a kutat\u00e1sok sz\u00e1mos tudom\u00e1nyter\u00fcletet \u00e9rintenek, egyfajta hat\u00e1rtudom\u00e1nynak is tekinthet\u0151ek. &hellip;<\/p>\n","protected":false},"author":101231,"featured_media":0,"parent":5099,"menu_order":0,"comment_status":"closed","ping_status":"closed","template":"","meta":{"_acf_changed":false,"footnotes":""},"categories":[],"tags":[],"class_list":["post-4371","page","type-page","status-publish","hentry"],"acf":[],"_links":{"self":[{"href":"https:\/\/semmelweis.hu\/fogpotlastan\/wp-json\/wp\/v2\/pages\/4371","targetHints":{"allow":["GET"]}}],"collection":[{"href":"https:\/\/semmelweis.hu\/fogpotlastan\/wp-json\/wp\/v2\/pages"}],"about":[{"href":"https:\/\/semmelweis.hu\/fogpotlastan\/wp-json\/wp\/v2\/types\/page"}],"author":[{"embeddable":true,"href":"https:\/\/semmelweis.hu\/fogpotlastan\/wp-json\/wp\/v2\/users\/101231"}],"replies":[{"embeddable":true,"href":"https:\/\/semmelweis.hu\/fogpotlastan\/wp-json\/wp\/v2\/comments?post=4371"}],"version-history":[{"count":2,"href":"https:\/\/semmelweis.hu\/fogpotlastan\/wp-json\/wp\/v2\/pages\/4371\/revisions"}],"predecessor-version":[{"id":4453,"href":"https:\/\/semmelweis.hu\/fogpotlastan\/wp-json\/wp\/v2\/pages\/4371\/revisions\/4453"}],"up":[{"embeddable":true,"href":"https:\/\/semmelweis.hu\/fogpotlastan\/wp-json\/wp\/v2\/pages\/5099"}],"wp:attachment":[{"href":"https:\/\/semmelweis.hu\/fogpotlastan\/wp-json\/wp\/v2\/media?parent=4371"}],"wp:term":[{"taxonomy":"category","embeddable":true,"href":"https:\/\/semmelweis.hu\/fogpotlastan\/wp-json\/wp\/v2\/categories?post=4371"},{"taxonomy":"post_tag","embeddable":true,"href":"https:\/\/semmelweis.hu\/fogpotlastan\/wp-json\/wp\/v2\/tags?post=4371"}],"curies":[{"name":"wp","href":"https:\/\/api.w.org\/{rel}","templated":true}]}}