{"id":4367,"date":"2018-12-01T14:11:00","date_gmt":"2018-12-01T13:11:00","guid":{"rendered":"http:\/\/semmelweis.hu\/fogpotlastan\/?page_id=4367"},"modified":"2023-09-26T15:23:13","modified_gmt":"2023-09-26T13:23:13","slug":"neurologiailag-kompromittalt-betegek-ellatasa-munkacsoport","status":"publish","type":"page","link":"https:\/\/semmelweis.hu\/fogpotlastan\/kutatas\/munkacsoportok\/neurologiailag-kompromittalt-betegek-ellatasa-munkacsoport\/","title":{"rendered":"Neurol\u00f3giailag kompromitt\u00e1lt betegek ell\u00e1t\u00e1sa munkacsoport"},"content":{"rendered":"<p>A munkacsoport vezet\u0151je:<br \/>\n\u27a2 <strong>dr. K\u00e1rolyh\u00e1zy Katalin PhD.<\/strong> &#8211; kapcsolattart\u00f3<\/p>\n<p style=\"text-align: justify\">A munkacsoport neurol\u00f3giailag kompromitt\u00e1lt p\u00e1ciensek &#8211; \u00edgy az epilepszi\u00e1s betegek, stroke-ot elszenvedett betegek, Wilson syndr\u00f3m\u00e1ban, Parkinson k\u00f3rban \u00e9s Myastenia Gravisban szenved\u0151 betegek &#8211; teljes k\u00f6r\u0171 (sz\u00e1jseb\u00e9szeti, konzerv\u00e1l\u00f3 fog\u00e1szati, parodontol\u00f3giai, fogp\u00f3tl\u00e1stani) fog\u00e1szati ell\u00e1t\u00e1s\u00e1val foglalkozik, valamint t\u00f6bb ter\u00fcleten v\u00e9gez kutat\u00e1sokat is.<\/p>\n<p style=\"text-align: justify\">Kutatott t\u00e9m\u00e1k: <br \/>\n\u25cf epilepszi\u00e1s betegek fog\u00e1szati ell\u00e1that\u00f3s\u00e1ga, valamint fogazati \u00e1llapota<br \/>\n\u25cf epidemiol\u00f3giai sz\u0171r\u0151vizsg\u00e1lat, majd k\u00f6vet\u00e9ses vizsg\u00e1lat alapj\u00e1n<br \/>\n\u25cfepilepszi\u00e1s betegek k\u00f6r\u00e9ben a temporomandibularis \u00edz\u00fcleti diszfunkci\u00f3 el\u0151fordul\u00e1sa epidemiol\u00f3giai sz\u0171r\u0151vizsg\u00e1lat seg\u00edts\u00e9g\u00e9vel<br \/>\n\u25cf stroke-ot elszenvedett betegek fog\u00e1szati ell\u00e1t\u00e1s\u00e1nak specifikumai, valamint fogazati \u00e1llapota epidemiol\u00f3giai sz\u0171r\u0151vizsg\u00e1lat alapj\u00e1n<br \/>\n\u25cf ebola v\u00edrus fert\u0151z\u00e9sr\u0151l alkotott ismeretek fiatal londoni orvosok \u00e9s Magyarorsz\u00e1gon tanul\u00f3 egyetemi hallgat\u00f3k k\u00f6r\u00e9ben<br \/>\n\u25cf k\u00fcl\u00f6nb\u00f6z\u0151 t\u00edpus\u00fa antipszichotikus \u00e9s antidepressz\u00e1ns szerek ny\u00e1lelv\u00e1laszt\u00e1sra gyakorolt hat\u00e1sa, epidemiol\u00f3giai sz\u0171r\u0151vizsg\u00e1lat alapj\u00e1n<br \/>\n\u25cf Advocate Eur\u00f3pai Uni\u00f3s Program keretei k\u00f6z\u00f6tt a fogorvosok szeml\u00e9let\u00e9nek fejleszt\u00e9se<\/p>\n<p style=\"text-align: justify\">TDK t\u00e9ma: <br \/>\nTemporomandibul\u00e1ris \u00edz\u00fcleti diszfunkci\u00f3 el\u0151fordul\u00e1sa epilepszi\u00e1s betegek k\u00f6r\u00e9ben. Epidemiol\u00f3giai sz\u0171r\u0151vizsg\u00e1lat (Dr. K\u00e1rolyh\u00e1zy Katalin)<\/p>\n<p>A munkacsoport tagjai: <br \/>\n\u27a2 dr. N\u00e9meth Fanni<br \/>\n\u27a2 Prof. Dr. M\u00e1rton Krisztina Med. Habil.<br \/>\n\u27a2 dr. Ar\u00e1nyi Zsuzsanna Med. Habil.<br \/>\n\u27a2 dr. Vastagh Ildik\u00f3 PhD. <br \/>\n\u27a2 dr. Csillik Anita egyetemi tan\u00e1rseg\u00e9d<\/p>\n","protected":false},"excerpt":{"rendered":"<p>A munkacsoport vezet\u0151je: \u27a2 dr. K\u00e1rolyh\u00e1zy Katalin PhD. &#8211; kapcsolattart\u00f3 A munkacsoport neurol\u00f3giailag kompromitt\u00e1lt p\u00e1ciensek &#8211; \u00edgy az epilepszi\u00e1s betegek, stroke-ot elszenvedett betegek, Wilson syndr\u00f3m\u00e1ban, Parkinson k\u00f3rban \u00e9s Myastenia Gravisban szenved\u0151 betegek &#8211; teljes k\u00f6r\u0171 (sz\u00e1jseb\u00e9szeti, konzerv\u00e1l\u00f3 fog\u00e1szati, parodontol\u00f3giai, fogp\u00f3tl\u00e1stani) fog\u00e1szati ell\u00e1t\u00e1s\u00e1val foglalkozik, valamint t\u00f6bb ter\u00fcleten v\u00e9gez kutat\u00e1sokat is. Kutatott t\u00e9m\u00e1k: \u25cf epilepszi\u00e1s betegek fog\u00e1szati &hellip;<\/p>\n","protected":false},"author":101231,"featured_media":0,"parent":5099,"menu_order":0,"comment_status":"closed","ping_status":"closed","template":"","meta":{"_acf_changed":false,"footnotes":""},"categories":[],"tags":[],"class_list":["post-4367","page","type-page","status-publish","hentry"],"acf":[],"_links":{"self":[{"href":"https:\/\/semmelweis.hu\/fogpotlastan\/wp-json\/wp\/v2\/pages\/4367","targetHints":{"allow":["GET"]}}],"collection":[{"href":"https:\/\/semmelweis.hu\/fogpotlastan\/wp-json\/wp\/v2\/pages"}],"about":[{"href":"https:\/\/semmelweis.hu\/fogpotlastan\/wp-json\/wp\/v2\/types\/page"}],"author":[{"embeddable":true,"href":"https:\/\/semmelweis.hu\/fogpotlastan\/wp-json\/wp\/v2\/users\/101231"}],"replies":[{"embeddable":true,"href":"https:\/\/semmelweis.hu\/fogpotlastan\/wp-json\/wp\/v2\/comments?post=4367"}],"version-history":[{"count":5,"href":"https:\/\/semmelweis.hu\/fogpotlastan\/wp-json\/wp\/v2\/pages\/4367\/revisions"}],"predecessor-version":[{"id":8734,"href":"https:\/\/semmelweis.hu\/fogpotlastan\/wp-json\/wp\/v2\/pages\/4367\/revisions\/8734"}],"up":[{"embeddable":true,"href":"https:\/\/semmelweis.hu\/fogpotlastan\/wp-json\/wp\/v2\/pages\/5099"}],"wp:attachment":[{"href":"https:\/\/semmelweis.hu\/fogpotlastan\/wp-json\/wp\/v2\/media?parent=4367"}],"wp:term":[{"taxonomy":"category","embeddable":true,"href":"https:\/\/semmelweis.hu\/fogpotlastan\/wp-json\/wp\/v2\/categories?post=4367"},{"taxonomy":"post_tag","embeddable":true,"href":"https:\/\/semmelweis.hu\/fogpotlastan\/wp-json\/wp\/v2\/tags?post=4367"}],"curies":[{"name":"wp","href":"https:\/\/api.w.org\/{rel}","templated":true}]}}