{"id":4364,"date":"2018-12-01T13:58:58","date_gmt":"2018-12-01T12:58:58","guid":{"rendered":"http:\/\/semmelweis.hu\/fogpotlastan\/?page_id=4364"},"modified":"2019-04-11T11:53:23","modified_gmt":"2019-04-11T09:53:23","slug":"navigacios-implantaciot-vizsgalo-protetikai-munkacsoport","status":"publish","type":"page","link":"https:\/\/semmelweis.hu\/fogpotlastan\/kutatas\/munkacsoportok\/navigacios-implantaciot-vizsgalo-protetikai-munkacsoport\/","title":{"rendered":"Navig\u00e1ci\u00f3s implant\u00e1ci\u00f3t vizsg\u00e1l\u00f3 protetikai munkacsoport"},"content":{"rendered":"<p>Munkacsoport vezet\u0151je: <br \/>\n\u27a2 <strong>Dr. Kisp\u00e9lyi Barbara PhD<\/strong><\/p>\n<p style=\"text-align: justify\">Kutat\u00e1si le\u00edr\u00e1sa: <br \/>\nA fog\u00e1szati navig\u00e1ci\u00f3s implantol\u00f3gia dinamikusan fejl\u0151d\u0151 ter\u00fclet. A modern h\u00e1romdimenzi\u00f3s k\u00e9palkot\u00f3i technik\u00e1k, \u00e9s ezen adatok feldolgoz\u00e1s\u00e1ra alkalmas sz\u00e1m\u00edt\u00f3g\u00e9pes szoftverek m\u00e1r sz\u00e9les k\u00f6rben rendelkez\u00e9sre \u00e1llnak. A modern navig\u00e1ci\u00f3s rendszerek f\u0151 eleme a sz\u00e1m\u00edt\u00f3g\u00e9p \u00e1ltal vez\u00e9relt virtu\u00e1lis tervez\u00e9s. A virtu\u00e1lis implant\u00e1ci\u00f3 lehet\u0151s\u00e9get ny\u00fajt az implant\u00e1tum ide\u00e1lis h\u00e1romdimenzi\u00f3s elhelyez\u00e9s\u00e9re az anat\u00f3miai \u00e9s a protetikai k\u00f6vetelm\u00e9nyeknek megfelel\u0151en. A leg\u00fajabb fog\u00e1szati implant\u00e1ci\u00f3s navig\u00e1ci\u00f3s rendszerek lehet\u0151v\u00e9 teszik, hogy a tervez\u00e9s teljes folyamat\u00e1t digitaliz\u00e1ljuk. Az implant\u00e1tum poz\u00edci\u00f3j\u00e1nak tervez\u00e9se a p\u00e1ciensr\u0151l k\u00e9sz\u00edtett CBCT felv\u00e9tel \u00e9s digit\u00e1lis intraor\u00e1lis lenyomat alapj\u00e1n t\u00f6rt\u00e9nik. A f\u00far\u00f3sablon tervez\u00e9se ugyancsak a program ir\u00e1ny\u00edt\u00e1sa alatt zajlik, majd a tervezett adatok alapj\u00e1n 3D nyomtat\u00f3 seg\u00edts\u00e9g\u00e9vel ker\u00fcl el\u0151\u00e1ll\u00edt\u00e1sra. A virtu\u00e1lis tervet az implant\u00e1ci\u00f3s f\u00far\u00f3sablon viszi \u00e1t a m\u0171t\u00e9ti ter\u00fcletre. Az implant\u00e1ci\u00f3s f\u00far\u00f3sablont az \u00e1llcsontra helyezve, meghat\u00e1rozza az implant\u00e1tum poz\u00edci\u00f3j\u00e1t, ugyanis a f\u00far\u00f3sablonba \u00e9p\u00edtett tit\u00e1n persely vezeti a f\u00far\u00f3t a csont\u00fcreg kialak\u00edt\u00e1s\u00e1n\u00e1l \u00e9s ezen kereszt\u00fcl t\u00f6rt\u00e9nik az implant\u00e1tum becsavar\u00e1sa is. A f\u00far\u00f3sablonnal szemben t\u00e1masztott egyik k\u00f6vetelm\u00e9ny, hogy a sz\u00e1jban a kezel\u00e9s sor\u00e1n ne deform\u00e1l\u00f3djon \u00e9s stabilan r\u00f6gz\u00fclj\u00f6n, ugyanis csak \u00edgy val\u00f3s\u00edthat\u00f3 meg, hogy t\u00e9nylegesen a k\u00edv\u00e1nt helyre ker\u00fclj\u00f6n be\u00fcltet\u00e9sre az implant\u00e1tum. Kutat\u00e1sunk sor\u00e1n a 3D technol\u00f3gi\u00e1val nyomtatott fog\u00e1szati implant\u00e1ci\u00f3s f\u00far\u00f3sablonok \u00e1tfog\u00f3 vizsg\u00e1lat\u00e1val foglalkozunk. Arra a k\u00e9rd\u00e9sre keress\u00fck a v\u00e1lasz, hogy a m\u0171t\u00e9ti protokoll sor\u00e1n mely l\u00e9p\u00e9sek \u00e9s beavatkoz\u00e1sok befoly\u00e1solhatj\u00e1k a seb\u00e9sz \u00e1ltal kialak\u00edtott implant\u00e1tum\u00e1gyat a tervezett, ide\u00e1lis implant\u00e1tum poz\u00edci\u00f3t\u00f3l. Kutat\u00e1sunk egyik f\u0151 c\u00e9lkit\u0171z\u00e9se, a fog\u00e1szati implantol\u00f3gi\u00e1ban haszn\u00e1lt seb\u00e9szi f\u00far\u00f3sablonok deform\u00e1ci\u00f3j\u00e1nak vizsg\u00e1lata fert\u0151tlen\u00edt\u00e9s \u00e9s steriliz\u00e1l\u00e1s hat\u00e1s\u00e1ra. C\u00e9lunk megtal\u00e1lni azt a m\u00f3dszert, amelynek seg\u00edts\u00e9g\u00e9vel a sablonok steriliz\u00e1lhat\u00f3ak an\u00e9lk\u00fcl, hogy azok k\u00e1rosodn\u00e1nak, deform\u00e1l\u00f3dn\u00e1nak. Eredm\u00e9nyeinkkel, a manaps\u00e1g egyre sz\u00e9lesebb k\u00f6rben haszn\u00e1lt 3D nyomtatott f\u00far\u00f3sablonok \u2013 hi\u00e1nyp\u00f3tl\u00f3 \u2013 steriliz\u00e1l\u00e1si protokollj\u00e1t k\u00edv\u00e1njuk kidolgozni. Kutat\u00e1sunk tov\u00e1bbi c\u00e9lkit\u0171z\u00e9se a Cone Beam CT \u00e9s intraor\u00e1lis digit\u00e1lis lenyomat alapj\u00e1n m\u0171k\u00f6d\u0151 implant\u00e1ci\u00f3s tervez\u0151 programok \u00e1ltal megtervezett, majd 3D nyomtatott f\u00far\u00f3sablonok seg\u00edts\u00e9g\u00e9vel behelyezett implant\u00e1tumok pontoss\u00e1g\u00e1nak meghat\u00e1roz\u00e1sa kutat\u00f3csoportunk \u00e1ltal kidolgozott in vitro kutat\u00e1si modell seg\u00edts\u00e9g\u00e9vel. Vizsg\u00e1lataink sor\u00e1n arra vagyunk k\u00edv\u00e1ncsiak, hogy a virtu\u00e1lisan megtervezett implant\u00e1tum poz\u00edci\u00f3 mennyiben t\u00e9r el a 3D nyomtatott f\u00far\u00f3sablonok seg\u00edts\u00e9g\u00e9vel behelyezett implant\u00e1tum helyzet\u00e9t\u0151l a k\u00fcl\u00f6nb\u00f6z\u0151 klinikai esetek szimul\u00e1ci\u00f3ja sor\u00e1n (foghi\u00e1ny lokaliz\u00e1ci\u00f3ja, csontmin\u0151s\u00e9g, stb.).<\/p>\n<p>Tagok list\u00e1ja: <br \/>\n\u27a2 Prof. Dr. Hermann P\u00e9ter<br \/>\n\u27a2 Dr. Kisp\u00e9lyi Barbara<br \/>\n\u27a2 Dr. T\u00f6r\u00f6k Gr\u00e9ta &#8211; kapcsolattart\u00f3 (torok.greta@dent.semmelweis-univ.hu)<br \/>\n\u27a2 Dr. Jo\u00f3s-Kov\u00e1cs Gell\u00e9rt<br \/>\n\u27a2 Dr. Szab\u00f3 G\u00e1bor<\/p>\n<p style=\"text-align: justify\">Publik\u00e1ci\u00f3k\/Poszterek:<br \/>\n1. G.T\u00f6r\u00f6k, P. Gombocz, E. Bogn\u00e1r, P. Nagy, B. Kisp\u00e9lyi, P. Hermann: Comparison of sterilization procedures in 3D-printed dental implant drill guide templates In: 48th Meeting of the Continental European Division of the International Association for Dental Research (CED-IADR) with the Scandinavian Division. Konferencia helye, ideje: B\u00e9cs, Ausztria, 2017.09.21-2017.09.23. B\u00e9cs<br \/>\n2. Kiss P, Varga D, Kisp\u00e9lyi B: A 3D nyomtat\u00f3k fog\u00e1szati felhaszn\u00e1l\u00e1sa. Magyar Fogorvos 23:(3) pp. 132-136. (2014)<br \/>\n3. 3.T\u00f6r\u00f6k G., Gombocz P., Bogn\u00e1r E., Nagy P., Dinya E., Kisp\u00e9lyi B., Hermann P.Comparison of sterilization procedures in 3D-printed dental implant drill guide templates: Pilot study. BMC Oral Health (2018) [k\u00f6zl\u00e9s alatt]<\/p>\n<p style=\"text-align: justify\">El\u0151ad\u00e1sok: <br \/>\n1. 2015. szeptember. Magyar Fogorvosok Egyes\u00fclet\u00e9nek Fogp\u00f3tl\u00e1stani T\u00e1rsas\u00e1g\u00e1nak XXI. Kongresszus\u00e1n Steriliz\u00e1ci\u00f3s elj\u00e1r\u00e1sok anyagszerkezettani vizsg\u00e1lata k\u00fcl\u00f6n\u00f6s tekintettel a 3D technol\u00f3gi\u00e1val nyomtatott fog\u00e1szati implant\u00e1ci\u00f3s f\u00far\u00f3sablonokra c\u00edmmel, szerz\u0151k: Dr. T\u00f6r\u00f6k Gr\u00e9ta, Dr. Gombocz P\u00e9ter, Dr. Bogn\u00e1r Eszter, Dr. Nagy P\u00e9ter, Dr. Kisp\u00e9lyi Barbara, Dr. Hermann P\u00e9ter<br \/>\n2. 2016. m\u00e1jus. \u00c1rk\u00f6vy v\u00e1ndorgy\u0171l\u00e9s, poszter szekci\u00f3: Steriliz\u00e1ci\u00f3s elj\u00e1r\u00e1sok anyagszerkezettani vizsg\u00e1lata k\u00fcl\u00f6n\u00f6s tekintettel a 3D technol\u00f3gi\u00e1val nyomtatott fog\u00e1szati implant\u00e1ci\u00f3s f\u00far\u00f3sablonokra (Dr. T\u00f6r\u00f6k Gr\u00e9ta, Dr. Gombocz P\u00e9ter, Dr. Bogn\u00e1r Eszter, Dr. Nagy P\u00e9ter, Dr. Kisp\u00e9lyi Barbara, Dr. Hermann P\u00e9ter)<br \/>\n3. 2017.szeptember. Magyar Fogorvosok Egyes\u00fclete Fogp\u00f3tl\u00e1stani T\u00e1rsas\u00e1g\u00e1nak XXII. Kongresszus\u00e1n el\u0151ad\u00e1s Fog\u00e1szati navig\u00e1ci\u00f3s implant\u00e1ci\u00f3s rendszer pontoss\u00e1g\u00e1nak vizsg\u00e1lata c\u00edmmel el\u0151ad\u00e1s (Dr. T\u00f6r\u00f6k Gr\u00e9ta, Dr. Jo\u00f3s-Kov\u00e1cs Gell\u00e9rt, Dr. Szab\u00f3 G\u00e1bor, Dr. Kisp\u00e9lyi Barbara, Prof. Dr. Hermann P\u00e9ter)<br \/>\n4. 2017. szeptember CED-IADR\/NOF Oral Health Research Congress (B\u00e9cs), poszter szekci\u00f3: Comparison of sterilization procedures in 3D-printed dental implant drill guide templates, (G.T\u00f6r\u00f6k, P. Gombocz, E. Bogn\u00e1r, P. Nagy, B. Kisp\u00e9lyi, P. Hermann)<br \/>\n5. 2018. Magyar Orvosi Kamara Fogorvosok Ter\u00fcleti Szervezete \u00e1ltal rendezett \u201eA fogorvostudom\u00e1ny aktu\u00e1lis k\u00e9rd\u00e9sei\u201d tov\u00e1bbk\u00e9pz\u00e9sen (Gy\u0151r, Miskolc) el\u0151ad\u00e1s \u201eFog\u00e1szati navig\u00e1ci\u00f3s implantol\u00f3gia napjainkban\u201d t\u00e9m\u00e1ban (Dr. T\u00f6r\u00f6k Gr\u00e9ta)<\/p>\n<p style=\"text-align: justify\">PhD kutat\u00e1s: <br \/>\n1. \u2013A fog\u00e1szati navig\u00e1ci\u00f3s implantol\u00f3gi\u00e1ban haszn\u00e1lt f\u00far\u00f3sablonok in vitro vizsg\u00e1lata &#8211; Dr. T\u00f6r\u00f6k Gr\u00e9ta<\/p>\n<p style=\"text-align: justify\">Gradu\u00e1lis k\u00e9pz\u00e9s: <br \/>\nSzabadon v\u00e1laszthat\u00f3 tant\u00e1rgy: Basic Restorative Digital Dentistry (bevezet\u00e9s alatt) angol \u00e9s magyar nyelv\u0171 IV. \u00e9s V. \u00e9ves hallgat\u00f3k r\u00e9sz\u00e9re \u2013 tant\u00e1rgyi el\u0151ad\u00f3: Dr. Borb\u00e9ly Judit \u00e9s Dr. V\u00e1g J\u00e1nos<br \/>\nSzakdolgozat t\u00e9m\u00e1k:<br \/>\n1. Gombocz P\u00e9ter Tam\u00e1s: Fog\u00e1szati 3D technol\u00f3gi\u00e1val nyomtatott implant\u00e1ci\u00f3s f\u00far\u00f3sablonok steriliz\u00e1l\u00e1s\u00e1nak hat\u00e1sa \u2013 roncsol\u00e1smentes anyagtani vizsg\u00e1latok Konzulens: Dr. Kisp\u00e9lyi Barbara<br \/>\n2. T\u00f6r\u00f6k Gr\u00e9ta: Steriliz\u00e1ci\u00f3s elj\u00e1r\u00e1sok roncsol\u00e1sos anyagtani vizsg\u00e1lata k\u00fcl\u00f6n\u00f6s tekintettel a fog\u00e1szati 3D technol\u00f3gi\u00e1val nyomtatott implant\u00e1ci\u00f3s f\u00far\u00f3sablonokra Konzulens: Dr. Kisp\u00e9lyi Barbara<\/p>\n<p style=\"text-align: justify\">TDK t\u00e9m\u00e1k<br \/>\n1. Steriliz\u00e1ci\u00f3s elj\u00e1r\u00e1sok roncsol\u00e1sos anyagtani vizsg\u00e1lata k\u00fcl\u00f6n\u00f6s tekintettel a 3D technol\u00f3gi\u00e1val nyomtatott implant\u00e1ci\u00f3s f\u00far\u00f3sablonokra T\u00e9mavezet\u0151: Dr. Kisp\u00e9lyi Barbara<br \/>\n2. Fog\u00e1szati 3D technol\u00f3gi\u00e1val nyomtatott implant\u00e1ci\u00f3s f\u00far\u00f3sablonok steriliz\u00e1l\u00e1s\u00e1nak hat\u00e1sa &#8211; roncsol\u00e1s mentes anyagtani vizsg\u00e1latok T\u00e9mavezet\u0151: Dr. Kisp\u00e9lyi Barbara<br \/>\n3. Fog\u00e1szati navig\u00e1ci\u00f3s implant\u00e1ci\u00f3s rendszer pontoss\u00e1g\u00e1nak vizsg\u00e1lata T\u00e9mavezet\u0151: Dr. Kisp\u00e9lyi Barbara<\/p>\n<p><a href=\"https:\/\/semmelweis.hu\/fogpotlastan\/files\/2019\/04\/Integr\u00e1lt-ir\u00e1ny\u00edt\u00e1si-rendszer-munkautas\u00edt\u00e1s-Fog\u00e1szati-3D-fedlap.pdf\">Integr\u00e1lt ir\u00e1ny\u00edt\u00e1si rendszer munkautas\u00edt\u00e1s &#8211; Fog\u00e1szati 3D &#8211; fedlap<\/a><\/p>\n<p><a href=\"https:\/\/semmelweis.hu\/fogpotlastan\/files\/2019\/04\/Integr\u00e1lt-ir\u00e1ny\u00edt\u00e1si-rendszer-munkautas\u00edt\u00e1s-Fog\u00e1szati-3D.pdf\">Integr\u00e1lt ir\u00e1ny\u00edt\u00e1si rendszer munkautas\u00edt\u00e1s &#8211; Fog\u00e1szati 3D<\/a><\/p>\n","protected":false},"excerpt":{"rendered":"<p>Munkacsoport vezet\u0151je: \u27a2 Dr. Kisp\u00e9lyi Barbara PhD Kutat\u00e1si le\u00edr\u00e1sa: A fog\u00e1szati navig\u00e1ci\u00f3s implantol\u00f3gia dinamikusan fejl\u0151d\u0151 ter\u00fclet. A modern h\u00e1romdimenzi\u00f3s k\u00e9palkot\u00f3i technik\u00e1k, \u00e9s ezen adatok feldolgoz\u00e1s\u00e1ra alkalmas sz\u00e1m\u00edt\u00f3g\u00e9pes szoftverek m\u00e1r sz\u00e9les k\u00f6rben rendelkez\u00e9sre \u00e1llnak. A modern navig\u00e1ci\u00f3s rendszerek f\u0151 eleme a sz\u00e1m\u00edt\u00f3g\u00e9p \u00e1ltal vez\u00e9relt virtu\u00e1lis tervez\u00e9s. A virtu\u00e1lis implant\u00e1ci\u00f3 lehet\u0151s\u00e9get ny\u00fajt az implant\u00e1tum ide\u00e1lis h\u00e1romdimenzi\u00f3s elhelyez\u00e9s\u00e9re &hellip;<\/p>\n","protected":false},"author":101231,"featured_media":0,"parent":5099,"menu_order":0,"comment_status":"closed","ping_status":"closed","template":"","meta":{"_acf_changed":false,"footnotes":""},"categories":[],"tags":[],"class_list":["post-4364","page","type-page","status-publish","hentry"],"acf":[],"_links":{"self":[{"href":"https:\/\/semmelweis.hu\/fogpotlastan\/wp-json\/wp\/v2\/pages\/4364","targetHints":{"allow":["GET"]}}],"collection":[{"href":"https:\/\/semmelweis.hu\/fogpotlastan\/wp-json\/wp\/v2\/pages"}],"about":[{"href":"https:\/\/semmelweis.hu\/fogpotlastan\/wp-json\/wp\/v2\/types\/page"}],"author":[{"embeddable":true,"href":"https:\/\/semmelweis.hu\/fogpotlastan\/wp-json\/wp\/v2\/users\/101231"}],"replies":[{"embeddable":true,"href":"https:\/\/semmelweis.hu\/fogpotlastan\/wp-json\/wp\/v2\/comments?post=4364"}],"version-history":[{"count":5,"href":"https:\/\/semmelweis.hu\/fogpotlastan\/wp-json\/wp\/v2\/pages\/4364\/revisions"}],"predecessor-version":[{"id":5236,"href":"https:\/\/semmelweis.hu\/fogpotlastan\/wp-json\/wp\/v2\/pages\/4364\/revisions\/5236"}],"up":[{"embeddable":true,"href":"https:\/\/semmelweis.hu\/fogpotlastan\/wp-json\/wp\/v2\/pages\/5099"}],"wp:attachment":[{"href":"https:\/\/semmelweis.hu\/fogpotlastan\/wp-json\/wp\/v2\/media?parent=4364"}],"wp:term":[{"taxonomy":"category","embeddable":true,"href":"https:\/\/semmelweis.hu\/fogpotlastan\/wp-json\/wp\/v2\/categories?post=4364"},{"taxonomy":"post_tag","embeddable":true,"href":"https:\/\/semmelweis.hu\/fogpotlastan\/wp-json\/wp\/v2\/tags?post=4364"}],"curies":[{"name":"wp","href":"https:\/\/api.w.org\/{rel}","templated":true}]}}