{"id":4355,"date":"2018-12-01T13:47:07","date_gmt":"2018-12-01T12:47:07","guid":{"rendered":"http:\/\/semmelweis.hu\/fogpotlastan\/?page_id=4355"},"modified":"2025-01-13T09:03:38","modified_gmt":"2025-01-13T08:03:38","slug":"fogerozios-munkacsoport","status":"publish","type":"page","link":"https:\/\/semmelweis.hu\/fogpotlastan\/kutatas\/munkacsoportok\/fogerozios-munkacsoport\/","title":{"rendered":"Foger\u00f3zi\u00f3s munkacsoport"},"content":{"rendered":"<p style=\"text-align: justify\">Tev\u00e9kenys\u00e9gi k\u00f6r: A fogkop\u00e1sok, azon bel\u00fcl k\u00fcl\u00f6n\u00f6sen a savak okozta fogkop\u00e1s (azaz foger\u00f3zi\u00f3) epidemiol\u00f3giai in vitro valamint in vivo vizsg\u00e1lata. Speci\u00e1lis k\u00e9rd\u0151\u00edv \u00e9s r\u00e9szletes fizik\u00e1lis vizsg\u00e1lat alapj\u00e1n igyeksz\u00fcnk felt\u00e1rni a k\u00f3rk\u00e9p eredet\u00e9t, s\u00falyoss\u00e1g\u00e1t. Mindezek alapj\u00e1n szem\u00e9lyre szabott tan\u00e1csad\u00e1st biztos\u00edtunk, valamint sz\u00fcks\u00e9g eset\u00e9n kezel\u00e9si javaslatot tesz\u00fcnk.<\/p>\n<p style=\"text-align: justify\">Munkacsoportunk els\u0151dleges feladata a foger\u00f3zi\u00f3val kapcsolatos kutat\u00e1si projektek tervez\u00e9se, \u00f6sszehangol\u00e1sa, kivitelez\u00e9se, valamint a fogkop\u00e1s, miatt speci\u00e1lis ell\u00e1t\u00e1st ig\u00e9nyl\u0151 p\u00e1ciensek kezel\u00e9se.<\/p>\n<p>Tagok list\u00e1ja:\u00a0<br \/>\nDr. J\u00e1sz M\u00e1t\u00e9\u00a0\u00e1ltal\u00e1nos orvos, fogorvos, PhD<br \/>\nDr. Berze Ildik\u00f3 \u2013 kapcsolattart\u00f3<br \/>\nDr. G\u00e9czi Zolt\u00e1n<br \/>\nDr. Sz\u00e9ll Adrienn<\/p>\n<p>Tudom\u00e1nyos tev\u00e9kenys\u00e9g:<\/p>\n<ul>\n<li>A dent\u00e1lis er\u00f3zi\u00f3 in vitro vizsg\u00e1lata<\/li>\n<li>A dent\u00e1lis er\u00f3zi\u00f3 in vivo vizsg\u00e1lata gasztroesophagealis reflux betegs\u00e9g vonatkoz\u00e1s\u00e1ban<\/li>\n<li>A dentalis er\u00f3zi\u00f3 epidemiol\u00f3gi\u00e1ja<\/li>\n<li>Az uszodav\u00edz dentalis er\u00f3zi\u00f3t kelt\u0151 hat\u00e1sa<\/li>\n<li>Dent\u00e1lis er\u00f3zi\u00f3 el\u0151fordul\u00e1sa \u00e9tkez\u00e9si zavarban szenved\u0151 p\u00e1ciensekn\u00e9l<\/li>\n<\/ul>\n","protected":false},"excerpt":{"rendered":"<p>Tev\u00e9kenys\u00e9gi k\u00f6r: A fogkop\u00e1sok, azon bel\u00fcl k\u00fcl\u00f6n\u00f6sen a savak okozta fogkop\u00e1s (azaz foger\u00f3zi\u00f3) epidemiol\u00f3giai in vitro valamint in vivo vizsg\u00e1lata. Speci\u00e1lis k\u00e9rd\u0151\u00edv \u00e9s r\u00e9szletes fizik\u00e1lis vizsg\u00e1lat alapj\u00e1n igyeksz\u00fcnk felt\u00e1rni a k\u00f3rk\u00e9p eredet\u00e9t, s\u00falyoss\u00e1g\u00e1t. Mindezek alapj\u00e1n szem\u00e9lyre szabott tan\u00e1csad\u00e1st biztos\u00edtunk, valamint sz\u00fcks\u00e9g eset\u00e9n kezel\u00e9si javaslatot tesz\u00fcnk. Munkacsoportunk els\u0151dleges feladata a foger\u00f3zi\u00f3val kapcsolatos kutat\u00e1si projektek tervez\u00e9se, \u00f6sszehangol\u00e1sa, &hellip;<\/p>\n","protected":false},"author":101231,"featured_media":0,"parent":5099,"menu_order":0,"comment_status":"closed","ping_status":"closed","template":"","meta":{"_acf_changed":false,"footnotes":""},"categories":[],"tags":[],"class_list":["post-4355","page","type-page","status-publish","hentry"],"acf":[],"_links":{"self":[{"href":"https:\/\/semmelweis.hu\/fogpotlastan\/wp-json\/wp\/v2\/pages\/4355","targetHints":{"allow":["GET"]}}],"collection":[{"href":"https:\/\/semmelweis.hu\/fogpotlastan\/wp-json\/wp\/v2\/pages"}],"about":[{"href":"https:\/\/semmelweis.hu\/fogpotlastan\/wp-json\/wp\/v2\/types\/page"}],"author":[{"embeddable":true,"href":"https:\/\/semmelweis.hu\/fogpotlastan\/wp-json\/wp\/v2\/users\/101231"}],"replies":[{"embeddable":true,"href":"https:\/\/semmelweis.hu\/fogpotlastan\/wp-json\/wp\/v2\/comments?post=4355"}],"version-history":[{"count":4,"href":"https:\/\/semmelweis.hu\/fogpotlastan\/wp-json\/wp\/v2\/pages\/4355\/revisions"}],"predecessor-version":[{"id":9334,"href":"https:\/\/semmelweis.hu\/fogpotlastan\/wp-json\/wp\/v2\/pages\/4355\/revisions\/9334"}],"up":[{"embeddable":true,"href":"https:\/\/semmelweis.hu\/fogpotlastan\/wp-json\/wp\/v2\/pages\/5099"}],"wp:attachment":[{"href":"https:\/\/semmelweis.hu\/fogpotlastan\/wp-json\/wp\/v2\/media?parent=4355"}],"wp:term":[{"taxonomy":"category","embeddable":true,"href":"https:\/\/semmelweis.hu\/fogpotlastan\/wp-json\/wp\/v2\/categories?post=4355"},{"taxonomy":"post_tag","embeddable":true,"href":"https:\/\/semmelweis.hu\/fogpotlastan\/wp-json\/wp\/v2\/tags?post=4355"}],"curies":[{"name":"wp","href":"https:\/\/api.w.org\/{rel}","templated":true}]}}