{"id":4350,"date":"2018-12-01T13:42:40","date_gmt":"2018-12-01T12:42:40","guid":{"rendered":"http:\/\/semmelweis.hu\/fogpotlastan\/?page_id=4350"},"modified":"2019-04-11T11:56:15","modified_gmt":"2019-04-11T09:56:15","slug":"elektronikus-cigaretta-munkacsoport","status":"publish","type":"page","link":"https:\/\/semmelweis.hu\/fogpotlastan\/kutatas\/munkacsoportok\/elektronikus-cigaretta-munkacsoport\/","title":{"rendered":"Elektronikus cigaretta munkacsoport"},"content":{"rendered":"<p style=\"text-align: justify\">Munkacsoport vezet\u0151je: <br \/>\n\u27a2 <strong>Dr. Kisp\u00e9lyi Barbara PhD<\/strong>, egyetemi docens<\/p>\n<p style=\"text-align: justify\">Kutat\u00e1s le\u00edr\u00e1sa:<br \/>\nVil\u00e1gviszonylatban \u00e9s Magyarorsz\u00e1gon is egyre n\u0151 az e-cigaretta t\u00e9rh\u00f3d\u00edt\u00e1sa. T\u00e1mogat\u00f3i szerint az eszk\u00f6z seg\u00edthet a doh\u00e1nyz\u00e1sr\u00f3l val\u00f3 leszok\u00e1sban \u00e9s \u00e1rtalmatlanabb a cigarett\u00e1n\u00e1l. Haszn\u00e1lata k\u00f6zben nem megy v\u00e9gbe \u00e9g\u00e9sfolyamat, \u00edgy a nikotinon k\u00edv\u00fcl nem visz be a szervezetbe egy\u00e9b, a cigarettaf\u00fcstben megtal\u00e1lhat\u00f3, jellemz\u0151en a doh\u00e1ny \u00e9s a pap\u00edr \u00e9g\u00e9se sor\u00e1n keletkez\u0151, k\u00f6zismerten m\u00e9rgez\u0151 vagy r\u00e1kkelt\u0151 anyagokat, \u00edgy a hagyom\u00e1nyos cigaretta \u00e1ltal el\u0151id\u00e9zett l\u00e9gz\u0151szervi \u00e9s sz\u00edv-, \u00e9rrendszeri, valamint daganatos megbeteged\u00e9sek kialakul\u00e1s\u00e1nak kock\u00e1zata kisebb; illetve a passz\u00edv doh\u00e1nyz\u00e1s lehet\u0151s\u00e9ge is kiz\u00e1rt. Ellenz\u0151i szerint viszont k\u00e1ros \u00e9s kapudrog a doh\u00e1nyz\u00e1s fel\u00e9.<br \/>\nAz elektronikus cigarett\u00e1hoz kapcsol\u00f3d\u00f3 kutat\u00e1sok hi\u00e1nyosak, sz\u00e1j\u00fcregi hat\u00e1saira kiterjed\u0151 vizsg\u00e1latot egy\u00e1ltal\u00e1n nem tal\u00e1ltunk a szakirodalomban.\u00a0<br \/>\nKutat\u00e1sunk hi\u00e1nyp\u00f3tl\u00f3 vizsg\u00e1latnak tekinthet\u0151, valamint az itthoni \u00e9s Eur\u00f3pai Uni\u00f3s hi\u00e1nyos \u00e9s nem egys\u00e9ges szab\u00e1lyoz\u00e1s rendez\u00e9s\u00e9nek tudom\u00e1nyos alapj\u00e1ul szolg\u00e1lhat.<br \/>\nEgyik c\u00e9lunk az volt, hogy a hazai e-cigaretta haszn\u00e1l\u00f3k k\u00f6r\u00e9r\u0151l statisztikailag megalapozott inform\u00e1ci\u00f3k \u00e1lljanak rendelkez\u00e9s\u00fcnkre, \u00edgy hiteles \u00e9s hi\u00e1nyp\u00f3tl\u00f3 epidemiol\u00f3gia vizsg\u00e1latot k\u00e9sz\u00edts\u00fcnk. Az epidemiol\u00f3giai vizsg\u00e1latot elektromos form\u00e1ban k\u00e9sz\u00edtett k\u00e9rd\u0151\u00edvek seg\u00edts\u00e9g\u00e9vel v\u00e9gezt\u00fck.<br \/>\nA k\u00e9rd\u0151\u00edvek f\u0151 t\u00e9mak\u00f6rei a k\u00f6vetkez\u0151k voltak: \u00e1ltal\u00e1nos inform\u00e1ci\u00f3k, doh\u00e1nyz\u00e1si szok\u00e1sok, hagyom\u00e1nyos \u00e9s e-cigaretta k\u00e1ross\u00e1g\u00e1nak meg\u00edt\u00e9l\u00e9se, sz\u00e1jhigi\u00e9ne, e-cigaretta mell\u00e9khat\u00e1sai, v\u00e1ltoz\u00e1sok az e-cigaretta haszn\u00e1lata \u00f3ta.<br \/>\nM\u00e1sik c\u00e9lunk az akut sz\u00e1j\u00fcregi hat\u00e1sok m\u00e9r\u00e9se \u00e9s \u00f6sszehasonl\u00edt\u00e1sa hagyom\u00e1nyos cigarett\u00e1val.<br \/>\nA sz\u00e1j\u00fcregi hat\u00e1sokat elektronikus \u00e9s\/vagy hagyom\u00e1nyos cigarett\u00e1t haszn\u00e1l\u00f3k k\u00f6r\u00e9ben v\u00e9gezz\u00fck. Az egyes vizitek alkalm\u00e1val az alanyok a n\u00e9gy vizsg\u00e1lati eszk\u00f6z k\u00f6z\u00fcl egyet-egyet haszn\u00e1lnak. A vizsg\u00e1lati eszk\u00f6z\u00f6k a k\u00f6vetkez\u0151k: nikotintartalm\u00fa \u00e9s nikotinmentes e-cigaretta, hagyom\u00e1nyos cigaretta; illetve hagyom\u00e1nyos cigaretta szipk\u00e1ja, mint placebo.<br \/>\nA k\u00f6vetkez\u0151 m\u00e9r\u00e9seket v\u00e9gezz\u00fck a vizsg\u00e1lati eszk\u00f6z haszn\u00e1lata el\u0151tt \u00e9s ut\u00e1n:<\/p>\n<ul style=\"text-align: justify\">\n<li>A kil\u00e9legzett CO szint m\u00e9r\u00e9se Smokerlyzer piCO m\u0171szer seg\u00edts\u00e9g\u00e9vel.<\/li>\n<li>Ny\u00e1lmennyis\u00e9g, -pH \u00e9s -pufferkapacit\u00e1s m\u00e9r\u00e9se stimul\u00e1lt \u00e9s nyugalmi ny\u00e1lban Saliva Check Buffer Kit seg\u00edts\u00e9g\u00e9vel (GC).<\/li>\n<li>Sz\u00e1jny\u00e1lkah\u00e1rtya v\u00e9r\u00e1raml\u00e1s v\u00e1ltoz\u00e1s\u00e1nak m\u00e9r\u00e9se Perilem PSI System High Resolution seg\u00edts\u00e9g\u00e9vel, mely LASCA (laser speckle contrast analysis) m\u00f3dszer elv\u00e9n m\u0171k\u00f6dik.<\/li>\n<li>Ny\u00e1l Matrix-Metallo Proteinase-8 m\u00e9r\u00e9se Perio Safe Home seg\u00edts\u00e9g\u00e9vel.<\/li>\n<\/ul>\n<p style=\"text-align: justify\">Tagok list\u00e1ja:<br \/>\n\u27a2 Prof. Dr. Hermann P\u00e9ter<a href=\"https:\/\/semmelweis.hu\/fogpotlastan\/files\/2018\/12\/Doh\u00e1nyz\u00e1sr\u00f3l-leszoktat\u00f3-program-csapat-e1543833537687.jpg\"><img loading=\"lazy\" decoding=\"async\" class=\"wp-image-4390 alignleft\" src=\"https:\/\/semmelweis.hu\/fogpotlastan\/files\/2018\/12\/Doh\u00e1nyz\u00e1sr\u00f3l-leszoktat\u00f3-program-csapat-e1543833537687-300x133.jpg\" alt=\"\" width=\"361\" height=\"160\" srcset=\"https:\/\/semmelweis.hu\/fogpotlastan\/files\/2018\/12\/Doh\u00e1nyz\u00e1sr\u00f3l-leszoktat\u00f3-program-csapat-e1543833537687-300x133.jpg 300w, https:\/\/semmelweis.hu\/fogpotlastan\/files\/2018\/12\/Doh\u00e1nyz\u00e1sr\u00f3l-leszoktat\u00f3-program-csapat-e1543833537687-768x342.jpg 768w, https:\/\/semmelweis.hu\/fogpotlastan\/files\/2018\/12\/Doh\u00e1nyz\u00e1sr\u00f3l-leszoktat\u00f3-program-csapat-e1543833537687-580x258.jpg 580w, https:\/\/semmelweis.hu\/fogpotlastan\/files\/2018\/12\/Doh\u00e1nyz\u00e1sr\u00f3l-leszoktat\u00f3-program-csapat-e1543833537687.jpg 832w\" sizes=\"auto, (max-width: 361px) 100vw, 361px\" \/><\/a><br \/>\n\u27a2 <strong>Dr. Kisp\u00e9lyi Barbara<\/strong><br \/>\n\u27a2 Dr. Abafalvi Lilla <br \/>\n\u27a2 <em>Dr. Ka\u00e1n R\u00e9ka &#8211; kapcsolattart\u00f3<\/em>\u00a0<br \/>\n\u27a2 Dr. Viszlai-Kov\u00e1cs M\u00e1ria<br \/>\n\u27a2 Dr. Maiyaleh Petra<\/p>\n<p>&nbsp;<\/p>\n<p style=\"text-align: justify\">Publik\u00e1ci\u00f3k\/Poszterek:<\/p>\n<p style=\"text-align: justify\">1. Abafalvi Lilla, Ka\u00e1n R\u00e9ka, P\u00e9nzes Melinda, Foley Kristie, Maiyaleh Petra, Szab\u00f3 Szilvia, Kisp\u00e9lyi Barbara, Hermann P\u00e9ter:<br \/>\nPerceived beneficial and adverse health effects of vaping: A survey of Hungarian e-cigarette users<br \/>\nIn: Society for Research on Nicotine &amp; Tobacco \u202823rd Annual Meeting of the Society for Research <br \/>\non Nicotine &amp; Tobacco. 360 p. \u2028Konferencia helye, ideje: Firenze, Olaszorsz\u00e1g, <br \/>\n2017.03.08-2017.03.11.p. 9. 1 p.<br \/>\n2. Abafalvi Lilla, P\u00e9nzes Melinda, Ka\u00e1n R\u00e9ka, Kisp\u00e9lyi Barbara, Hermann P\u00e9ter<br \/>\nOral hygiene practices of e-cigarette users<br \/>\nIn: 48th Meeting of the Continental European Division of the International Association for <br \/>\nDental Research (CED-IADR) with the Scandinavian Division.<br \/>\nKonferencia helye, ideje: B\u00e9cs, Ausztria, 2017.09.21-2017.09.23. B\u00e9cs: p. 34. 1 p<br \/>\n3. Ka\u00e1n R\u00e9ka, P\u00e9nzes Melinda, Abafalvi Lilla, Czegl\u00e9di Edit, V\u00e1g J\u00e1nos, Kisp\u00e9lyi Barbara, Hermann P\u00e9ter<br \/>\nAcute effects of vaping on general and oral hemodynamic parameters<br \/>\nIn: 48th Meeting of the Continental European Division of the International Association for Dental <br \/>\nResearch (CED-IADR) with the Scandinavian Division.<br \/>\nKonferencia helye, ideje: B\u00e9cs, Ausztria, 2017.09.21-2017.09.23. B\u00e9cs: pp. 33-34.<br \/>\n4. Ka\u00e1n R\u00e9ka, V\u00e1g J\u00e1nos, P\u00e9nzes Melinda, Abafalvi Lilla, Kisp\u00e9lyi Barbara, Hermann P\u00e9ter<br \/>\nAcute effects of vaping on salivary parameters<br \/>\nIn: 18th Annual Conference of the Society for Research on Nicotine and Tobacco Europe.<br \/>\nKonferencia helye, ideje: M\u00fcnchen, N\u00e9metorsz\u00e1g, 2018. 09.06.-2017. 09.08.<br \/>\n5. Szab\u00f3 Szilvia, Maiyaleh Petra, Ka\u00e1n R\u00e9ka, Abafalvi Lilla, Kisp\u00e9lyi Barbara: Az elektronikus <br \/>\ncigaretta akut sz\u00e1j\u00fcregi hat\u00e1sai \u00e9s \u00f6sszehasonl\u00edt\u00e1sa a hagyom\u00e1nyos cigarett\u00e1val <br \/>\nMagyar Fogorvos \u2013 k\u00f6zl\u00e9s alatt (2018)<\/p>\n<p style=\"text-align: justify\">El\u0151ad\u00e1sok:<br \/>\n1. Magyar Fogorvosok Egyes\u00fclete Fogp\u00f3tl\u00e1stani T\u00e1rsas\u00e1g\u00e1nak XXII. Kongresszusa (2017):<br \/>\nAz e-cigaretta sz\u00e1j\u00fcregi v\u00e9r\u00e1raml\u00e1sra kifejtett akut hat\u00e1sai \u2013 Dr. Ka\u00e1n R\u00e9ka<br \/>\nAz e-cigaretta haszn\u00e1lat kedvez\u0151 \u00e9s \u00e1rtalmas hat\u00e1sai \u2013 Dr. Abafalvi Lilla<br \/>\n2. \u00c1rk\u00f6vy V\u00e1ndorgy\u0171l\u00e9s &#8211; Perspekt\u00edv\u00e1k a Paro-Implantol\u00f3gi\u00e1ban \u00e9s a Komprehenz\u00edv<br \/>\nFog\u00e1szatban c. tudom\u00e1nyos tov\u00e1bbk\u00e9pz\u0151 konferencia (2016):<br \/>\nAz elektromos cigaretta hazai epidemiol\u00f3gi\u00e1ja \u2013 Dr. Abafalvi Lilla<br \/>\n3. Doh\u00e1nyz\u00e1sr\u00f3l leszoktat\u00f3 program:<br \/>\nA doh\u00e1nyz\u00e1s epidemiol\u00f3gi\u00e1ja Magyarorsz\u00e1gon &#8211; Dr. Abafalvi Lilla<br \/>\nA doh\u00e1nyz\u00e1s sz\u00e1j\u00fcregi hat\u00e1sai &#8211; Dr. Abafalvi Lilla<br \/>\nAz e-cigaretta sz\u00e1j\u00fcregi v\u00e9r\u00e1raml\u00e1sra kifejtett akut hat\u00e1sai \u2013 Dr. Ka\u00e1n R\u00e9ka<\/p>\n<p style=\"text-align: justify\">PhD KUTAT\u00c1SOK:<br \/>\n1. Elektromos cigarettafogyaszt\u00e1s epidemiol\u00f3giai vizsg\u00e1lata \u2013 Dr. Abafalvi Lilla<br \/>\n2. Az elektromos cigaretta akut sz\u00e1j\u00fcregi hat\u00e1sainak vizsg\u00e1lata \u00f6sszehasonl\u00edtva hagyom\u00e1nyos cigarett\u00e1\u00e9val \u2013 Dr. Ka\u00e1n R\u00e9ka<\/p>\n<p style=\"text-align: justify\">P\u00c1LY\u00c1ZATOK:<br \/>\n1. 2015-\u00f6s Semmelweis Kari Kutat\u00e1si P\u00e1ly\u00e1zat elnyer\u00e9se<br \/>\n2. T\u00c1MOP 4.2.6-15\/1-0006 nev\u0171 p\u00e1ly\u00e1zat elnyer\u00e9se a Sz\u00e9chenyi 2020 program keretein bel\u00fcl:<\/p>\n<p style=\"text-align: justify\">GRADU\u00c1LIS K\u00c9PZ\u00c9S: <br \/>\nSzabadon v\u00e1laszthat\u00f3 tant\u00e1rgy: Doh\u00e1nyz\u00e1sr\u00f3l leszoktat\u00f3 program 2013-t\u00f3l III., IV. \u00e9s V. \u00e9ves magyar hallgat\u00f3k r\u00e9sz\u00e9re \u2013 tant\u00e1rgyi el\u0151ad\u00f3: Dr. Kisp\u00e9lyi Barbara<br \/>\nSzakdolgozat t\u00e9m\u00e1k:<br \/>\n1. Maiyaleh Petra J\u00falia: Az elektromos cigaretta haszn\u00e1lat\u00e1nak epidemiol\u00f3giai vizsg\u00e1lata Magyarorsz\u00e1gon Konzulens: Dr. Kisp\u00e9lyi Barbara<br \/>\n2. Szab\u00f3 Szilvia: Az elektronikus cigaretta akut sz\u00e1j\u00fcregi hat\u00e1sai \u00e9s \u00f6sszehasonl\u00edt\u00e1sa a hagyom\u00e1nyos cigarett\u00e1val Konzulens: Dr. Kisp\u00e9lyi Barbara<\/p>\n<p style=\"text-align: justify\">TDK T\u00c9M\u00c1K:<br \/>\n1. Az elektromos cigaretta haszn\u00e1lat\u00e1nak epidemiol\u00f3giai vizsg\u00e1lata Magyarorsz\u00e1gon T\u00e9mavezet\u0151: Dr. Kisp\u00e9lyi Barbara<br \/>\n2. Az elektromos cigaretta akut sz\u00e1j\u00fcregi hat\u00e1sai \u00e9s \u00f6sszehasonl\u00edt\u00e1sa a hagyom\u00e1nyos cigarett\u00e1val T\u00e9mavezet\u0151: Dr. Kisp\u00e9lyi Barbara<\/p>\n<p style=\"text-align: justify\">EGY\u00c9B:<br \/>\n1. Eg\u00e9szs\u00e9g\u00fcgyi fejleszt\u00e9si strat\u00e9gia a hazai doh\u00e1nyz\u00f3k k\u00f6r\u00e9ben \u2013 k\u00fcl\u00f6n\u00f6s tekintettel a sz\u00e1j\u00fcregi vonatkoz\u00e1sokra &#8211; c\u00edm\u0171 dokumentum elk\u00e9sz\u00edt\u00e9se.- Dr. Abafalvi Lilla, Dr. Ka\u00e1n R\u00e9ka, Dr. Kisp\u00e9lyi Barbara<br \/>\n2. Kutat\u00f3k \u00e9jszak\u00e1ja: Dr. Kisp\u00e9lyi Barbara Doh\u00e1nyz\u00e1sr\u00f3l leszoktat\u00f3 program fog\u00e1szati p\u00e1cienseknek<\/p>\n<p><a href=\"https:\/\/semmelweis.hu\/fogpotlastan\/files\/2019\/04\/Integr\u00e1lt-ir\u00e1ny\u00edt\u00e1si-rendszer-munkautas\u00edt\u00e1s-Elektronikus-cigaretta-fedlap.pdf\">Integr\u00e1lt ir\u00e1ny\u00edt\u00e1si rendszer munkautas\u00edt\u00e1s &#8211; Elektronikus cigaretta &#8211; fedlap<\/a><\/p>\n<p><a href=\"https:\/\/semmelweis.hu\/fogpotlastan\/files\/2019\/04\/Integr\u00e1lt-ir\u00e1ny\u00edt\u00e1si-rendszer-munkautas\u00edt\u00e1s-Elektronikus-cigaretta.pdf\">Integr\u00e1lt ir\u00e1ny\u00edt\u00e1si rendszer munkautas\u00edt\u00e1s &#8211; Elektronikus cigaretta<\/a><\/p>\n<p>&nbsp;<\/p>\n","protected":false},"excerpt":{"rendered":"<p>Munkacsoport vezet\u0151je: \u27a2 Dr. Kisp\u00e9lyi Barbara PhD, egyetemi docens Kutat\u00e1s le\u00edr\u00e1sa: Vil\u00e1gviszonylatban \u00e9s Magyarorsz\u00e1gon is egyre n\u0151 az e-cigaretta t\u00e9rh\u00f3d\u00edt\u00e1sa. T\u00e1mogat\u00f3i szerint az eszk\u00f6z seg\u00edthet a doh\u00e1nyz\u00e1sr\u00f3l val\u00f3 leszok\u00e1sban \u00e9s \u00e1rtalmatlanabb a cigarett\u00e1n\u00e1l. Haszn\u00e1lata k\u00f6zben nem megy v\u00e9gbe \u00e9g\u00e9sfolyamat, \u00edgy a nikotinon k\u00edv\u00fcl nem visz be a szervezetbe egy\u00e9b, a cigarettaf\u00fcstben megtal\u00e1lhat\u00f3, jellemz\u0151en a doh\u00e1ny &hellip;<\/p>\n","protected":false},"author":101231,"featured_media":0,"parent":5099,"menu_order":0,"comment_status":"closed","ping_status":"closed","template":"","meta":{"_acf_changed":false,"footnotes":""},"categories":[],"tags":[],"class_list":["post-4350","page","type-page","status-publish","hentry"],"acf":[],"_links":{"self":[{"href":"https:\/\/semmelweis.hu\/fogpotlastan\/wp-json\/wp\/v2\/pages\/4350","targetHints":{"allow":["GET"]}}],"collection":[{"href":"https:\/\/semmelweis.hu\/fogpotlastan\/wp-json\/wp\/v2\/pages"}],"about":[{"href":"https:\/\/semmelweis.hu\/fogpotlastan\/wp-json\/wp\/v2\/types\/page"}],"author":[{"embeddable":true,"href":"https:\/\/semmelweis.hu\/fogpotlastan\/wp-json\/wp\/v2\/users\/101231"}],"replies":[{"embeddable":true,"href":"https:\/\/semmelweis.hu\/fogpotlastan\/wp-json\/wp\/v2\/comments?post=4350"}],"version-history":[{"count":10,"href":"https:\/\/semmelweis.hu\/fogpotlastan\/wp-json\/wp\/v2\/pages\/4350\/revisions"}],"predecessor-version":[{"id":5239,"href":"https:\/\/semmelweis.hu\/fogpotlastan\/wp-json\/wp\/v2\/pages\/4350\/revisions\/5239"}],"up":[{"embeddable":true,"href":"https:\/\/semmelweis.hu\/fogpotlastan\/wp-json\/wp\/v2\/pages\/5099"}],"wp:attachment":[{"href":"https:\/\/semmelweis.hu\/fogpotlastan\/wp-json\/wp\/v2\/media?parent=4350"}],"wp:term":[{"taxonomy":"category","embeddable":true,"href":"https:\/\/semmelweis.hu\/fogpotlastan\/wp-json\/wp\/v2\/categories?post=4350"},{"taxonomy":"post_tag","embeddable":true,"href":"https:\/\/semmelweis.hu\/fogpotlastan\/wp-json\/wp\/v2\/tags?post=4350"}],"curies":[{"name":"wp","href":"https:\/\/api.w.org\/{rel}","templated":true}]}}