{"id":4339,"date":"2018-12-01T13:03:21","date_gmt":"2018-12-01T12:03:21","guid":{"rendered":"http:\/\/semmelweis.hu\/fogpotlastan\/?page_id=4339"},"modified":"2023-09-26T15:57:03","modified_gmt":"2023-09-26T13:57:03","slug":"allkapocsizuleti-munkacsoport","status":"publish","type":"page","link":"https:\/\/semmelweis.hu\/fogpotlastan\/kutatas\/munkacsoportok\/allkapocsizuleti-munkacsoport\/","title":{"rendered":"\u00c1llkapocs\u00edz\u00fcleti munkacsoport"},"content":{"rendered":"<p>Munkacsoport vezet\u0151je: <br \/>\n\u27a2 <strong>dr. Schm<span style=\"color: #333333;font-family: Georgia, 'Times New Roman', 'Bitstream Charter', Times, serif\">idt P\u00e9te<\/span>r<\/strong>, klinikai f\u0151orvos<\/p>\n<p style=\"text-align: justify\"><a href=\"https:\/\/semmelweis.hu\/fogpotlastan\/files\/2019\/02\/RS87452_IMG_6568-scr.jpg\"><img loading=\"lazy\" decoding=\"async\" class=\" wp-image-5036 alignright\" src=\"https:\/\/semmelweis.hu\/fogpotlastan\/files\/2019\/02\/RS87452_IMG_6568-scr-300x200.jpg\" alt=\"\" width=\"405\" height=\"270\" srcset=\"https:\/\/semmelweis.hu\/fogpotlastan\/files\/2019\/02\/RS87452_IMG_6568-scr-300x200.jpg 300w, https:\/\/semmelweis.hu\/fogpotlastan\/files\/2019\/02\/RS87452_IMG_6568-scr-768x512.jpg 768w, https:\/\/semmelweis.hu\/fogpotlastan\/files\/2019\/02\/RS87452_IMG_6568-scr-753x502.jpg 753w, https:\/\/semmelweis.hu\/fogpotlastan\/files\/2019\/02\/RS87452_IMG_6568-scr-203x135.jpg 203w, https:\/\/semmelweis.hu\/fogpotlastan\/files\/2019\/02\/RS87452_IMG_6568-scr.jpg 950w\" sizes=\"auto, (max-width: 405px) 100vw, 405px\" \/><\/a>A 2005-\u00f6s \u00e9v egy\u00e9rtelm\u0171en fordul\u00f3pontot jelentett a magyar gradu\u00e1lis fogorvosk\u00e9pz\u00e9s t\u00f6rt\u00e9net\u00e9ben: ett\u0151l az \u00e9vt\u0151l kezd\u0151d\u00f6tt \u00f6n\u00e1ll\u00f3 t\u00e1rgyk\u00e9nt a gnatol\u00f3gia oktat\u00e1sa. A tant\u00e1rgy oktat\u00e1sa sor\u00e1n a negyed\u00e9ves egyetemist\u00e1k f\u00e9l \u00e9v alatt megismerhetik az \u00e1llkapocs\u00edz\u00fclet m\u0171k\u00f6d\u00e9s\u00e9t, a fogak \u00e9rintkez\u00e9si lehet\u0151s\u00e9geit, de tal\u00e1n enn\u00e9l sokkal fontosabb, hogy bepillant\u00e1st nyerhetnek a megv\u00e1ltozott m\u0171k\u00f6d\u00e9s\u0171, k\u00f3ros \u00e1llapotokba is, melyek napjaink egyik kiemelked\u0151 szakter\u00fclet\u00e9v\u00e9 teszik a diszcipl\u00edn\u00e1t. Nem sokkal a tant\u00e1rgy bevezet\u00e9se ut\u00e1n alakult az \u00e1llkapocs\u00edz\u00fcleti munkacsoport, Hermann P\u00e9ter professzor \u00far \u00e9s J\u00e1sz M\u00e1t\u00e9, valamint Schmidt P\u00e9ter klinikai szakorvosok k\u00f6zrem\u0171k\u00f6d\u00e9s\u00e9vel. A diagnosztikus \u00e9s ter\u00e1pi\u00e1s eszk\u00f6zpark a hozz\u00e1nk \u00e9rkez\u0151 betegek sz\u00e1m\u00e1val ar\u00e1nyosan komoly n\u00f6veked\u00e9snek indult \u00e9s a r\u00e1g\u00f3\u00edz\u00fcleti funkci\u00f3zavarok mellett m\u00e1ra m\u00e1r a fej-nyak ter\u00fclet\u00e9nek k\u00fcl\u00f6nb\u00f6z\u0151 eredet\u0171 f\u00e1jdalmai is a munkacsoport ell\u00e1t\u00e1si ter\u00fclet\u00e9be tartoznak.<\/p>\n<p style=\"text-align: justify\">Az eltelt b\u0151 13 \u00e9v \u00f3ta a hazai fogorvosi szakirodalomban k\u00f6z\u00f6lt sz\u00e1mos publik\u00e1ci\u00f3, posztgradu\u00e1lis k\u00e9pz\u00e9s f\u00e9mjelzi a csoport m\u0171k\u00f6d\u00e9s\u00e9t, melynek kimagasl\u00f3 eredm\u00e9nye a Hermann P\u00e9ter \u00e9s Szentp\u00e9tery Andr\u00e1s professzorok \u00e1ltal szerkesztett k\u00f6zel 500 oldalas Gnatol\u00f3gia k\u00f6nyv is. A kezdeti maroknyi csapat m\u00e1ra m\u00e1r egy igen n\u00e9pes ell\u00e1t\u00f3 teamm\u00e9 v\u00e1lt, melyet nem csup\u00e1n fogorvosok, de gy\u00f3gytorn\u00e1szok, logop\u00e9dusok is alkotnak. Szoros egy\u00fcttm\u0171k\u00f6d\u00e9sben vagyunk a F\u00fcl-orr-g\u00e9ge Klinika Tinnitus ambulanci\u00e1j\u00e1val, de term\u00e9szetesen egy\u00e9b t\u00e1rs szakter\u00fcletek seg\u00edts\u00e9g\u00e9t is ig\u00e9nybe vessz\u00fck: fogszab\u00e1lyoz\u00f3, sz\u00e1jseb\u00e9sz koll\u00e9g\u00e1kkal is napi kapcsolatot tartunk fenn.<\/p>\n<p style=\"text-align: justify\"><a href=\"https:\/\/semmelweis.hu\/fogpotlastan\/files\/2019\/02\/RS87476_IMG_6667-scr.jpg\"><img loading=\"lazy\" decoding=\"async\" class=\" wp-image-5040 alignleft\" src=\"https:\/\/semmelweis.hu\/fogpotlastan\/files\/2019\/02\/RS87476_IMG_6667-scr-300x200.jpg\" alt=\"\" width=\"341\" height=\"227\" srcset=\"https:\/\/semmelweis.hu\/fogpotlastan\/files\/2019\/02\/RS87476_IMG_6667-scr-300x200.jpg 300w, https:\/\/semmelweis.hu\/fogpotlastan\/files\/2019\/02\/RS87476_IMG_6667-scr-768x512.jpg 768w, https:\/\/semmelweis.hu\/fogpotlastan\/files\/2019\/02\/RS87476_IMG_6667-scr-753x502.jpg 753w, https:\/\/semmelweis.hu\/fogpotlastan\/files\/2019\/02\/RS87476_IMG_6667-scr-203x135.jpg 203w, https:\/\/semmelweis.hu\/fogpotlastan\/files\/2019\/02\/RS87476_IMG_6667-scr.jpg 950w\" sizes=\"auto, (max-width: 341px) 100vw, 341px\" \/><\/a>Napi munk\u00e1nk sor\u00e1n nagy hangs\u00falyt helyez\u00fcnk a fogp\u00f3tl\u00e1sok individu\u00e1lis elk\u00e9sz\u00edt\u00e9s\u00e9re, egy\u00e9ni \u00e9rt\u00e9keken, arc\u00edvvel, t\u00e1maszt\u00f3csavaros regisztr\u00e1ci\u00f3val k\u00e9sz\u00edtj\u00fck el a betegek rehabilit\u00e1ci\u00f3j\u00e1t szolg\u00e1l\u00f3 r\u00e1g\u00f3felsz\u00edneket. A diagnosztik\u00e1ban a hagyom\u00e1nyos r\u00f6ntgen- technik\u00e1k mellett MR-felv\u00e9teleket is alkalmazunk, de lehet\u0151s\u00e9g\u00fcnk van digit\u00e1lis mozg\u00e1selemz\u00e9s (Arcus DigMa- KaVo) \u00e9s digit\u00e1lis r\u00e1g\u00f3felsz\u00edni anal\u00edzis (T-scan) vizsg\u00e1latok elv\u00e9gz\u00e9s\u00e9re is.<\/p>\n<p style=\"text-align: justify\">Az eltelt t\u00edz \u00e9vben k\u00f6zel 7.000 beteg fordult meg a munkacsoport rendel\u00e9sein, az igen magas betegsz\u00e1m egy\u00e9rtelm\u0171en indokolja, hogy m\u00e1ra m\u00e1r a h\u00e9t minden napj\u00e1n tudjuk fogadni a betegeket.<\/p>\n\r\n        [slb_exclude]\r\n        <div class=\"row galeria-wrapper mx-0 h-auto\">\r\n            <div class=\"col-9 pl-0 pr-2\">\r\n            <span class=\"gallery-item frame\">\r\n\t\t\t\t<div class=\"galeria-left-img\"><a href=\"https:\/\/semmelweis.hu\/fogpotlastan\/files\/2019\/02\/RS87454_IMG_6577-scr.jpg\"><img src=https:\/\/semmelweis.hu\/fogpotlastan\/files\/2019\/02\/RS87454_IMG_6577-scr.jpg  \r\n                            alt=\"\" \r\n                            class=\"attachment-sote-gallery-big size-sote-gallery-big\" \r\n                            srcset=\"https:\/\/semmelweis.hu\/fogpotlastan\/files\/2019\/02\/RS87454_IMG_6577-scr-300x200.jpg 300w, https:\/\/semmelweis.hu\/fogpotlastan\/files\/2019\/02\/RS87454_IMG_6577-scr-768x512.jpg 768w, https:\/\/semmelweis.hu\/fogpotlastan\/files\/2019\/02\/RS87454_IMG_6577-scr-753x502.jpg 753w, https:\/\/semmelweis.hu\/fogpotlastan\/files\/2019\/02\/RS87454_IMG_6577-scr-203x135.jpg 203w, https:\/\/semmelweis.hu\/fogpotlastan\/files\/2019\/02\/RS87454_IMG_6577-scr.jpg 950w\" ><\/a><\/div>\r\n            <\/span>\r\n\r\n            <\/div>\r\n\r\n\t\t\t<div class=\"col-3 pl-0 pr-0\">\r\n\t\t\t\t<div class=\"galeria-right-img d-flex justify-content-between flex-column h-100 w-100 px-0 mx-0 \">\r\n                <div class=\"galeria-box\">\r\n\t\t\t\t\t<h3 class=\"galeria-title\">Gal\u00e9ria<\/h3>\r\n\t\t\t\t\t<div class=\"galeria-subtitle\">\r\n\r\n\t\t\t\t\t\t<div class=\"galeria-page-counter\"><span>3<\/span>k\u00e9p<\/div>\r\n                    <\/div> <\/div>\r\n                    <span class=\"gallery-item frame d-none d-md-flex\">\r\n\t\t\t\t\t<div class=\"galeria-small-img mt-0\"><a href=\"https:\/\/semmelweis.hu\/fogpotlastan\/files\/2019\/02\/RS87457_IMG_6588-scr.jpg\"><img src=https:\/\/semmelweis.hu\/fogpotlastan\/files\/2019\/02\/RS87457_IMG_6588-scr.jpg \r\n                                alt=\"\"  \r\n                                class=\"attachment-sote-gallery-small size-sote-gallery-small\" \r\n                                srcset=\"https:\/\/semmelweis.hu\/fogpotlastan\/files\/2019\/02\/RS87457_IMG_6588-scr-300x180.jpg 300w, https:\/\/semmelweis.hu\/fogpotlastan\/files\/2019\/02\/RS87457_IMG_6588-scr-768x460.jpg 768w, https:\/\/semmelweis.hu\/fogpotlastan\/files\/2019\/02\/RS87457_IMG_6588-scr-753x451.jpg 753w, https:\/\/semmelweis.hu\/fogpotlastan\/files\/2019\/02\/RS87457_IMG_6588-scr.jpg 950w\" ><\/a><\/div>\r\n                    <\/span>\r\n                    <span class=\"gallery-item frame d-none d-md-flex\">\r\n\t\t\t\t\t<div class=\"galeria-small-img mt-0\"><a href=\"https:\/\/semmelweis.hu\/fogpotlastan\/files\/2019\/02\/RS87466_IMG_6633-scr.jpg\"><img src=https:\/\/semmelweis.hu\/fogpotlastan\/files\/2019\/02\/RS87466_IMG_6633-scr.jpg \r\n                                alt=\"\" \r\n                                class=\"attachment-sote-gallery-small size-sote-gallery-small\" \r\n                                srcset=\"https:\/\/semmelweis.hu\/fogpotlastan\/files\/2019\/02\/RS87466_IMG_6633-scr-300x200.jpg 300w, https:\/\/semmelweis.hu\/fogpotlastan\/files\/2019\/02\/RS87466_IMG_6633-scr-768x512.jpg 768w, https:\/\/semmelweis.hu\/fogpotlastan\/files\/2019\/02\/RS87466_IMG_6633-scr-753x502.jpg 753w, https:\/\/semmelweis.hu\/fogpotlastan\/files\/2019\/02\/RS87466_IMG_6633-scr-203x135.jpg 203w, https:\/\/semmelweis.hu\/fogpotlastan\/files\/2019\/02\/RS87466_IMG_6633-scr.jpg 950w\" ><\/a><\/div>\r\n                    <\/span>\r\n\r\n                <\/div>\r\n\r\n            <\/div>\r\n\r\n            \r\n            <\/div>\r\n\r\n            [\/slb_exclude]\r\n\t\n<p style=\"text-align: justify\">Nagy \u00f6r\u00f6m\u00fcnkre szolg\u00e1l, hogy a betegell\u00e1t\u00e1s mellett munkat\u00e1rsaink sz\u00e1mos szakdolgozatban, rektori p\u00e1lyam\u0171 elk\u00e9sz\u00edt\u00e9s\u00e9ben, tudom\u00e1nyos di\u00e1kk\u00f6ri munk\u00e1ban (TDK) is seg\u00e9dkezhetnek.<\/p>\n<p style=\"text-align: justify\">A munkacsoport jelenlegi tagjai:<br \/>\n\u27a2 dr. Ambrus Szilvia, klinikai szakorvos<br \/>\n\u27a2 Balogh Ildik\u00f3, f\u0151iskolai docens-fizioterapeuta<br \/>\n\u27a2 Banai Kinga, logop\u00e9dus<br \/>\n\u27a2 dr. Demeter Tam\u00e1s, klinikai szakorvos<br \/>\n\u27a2 dr. G\u00e9czi Zolt\u00e1n, egyetemi adjunktus<br \/>\n\u27a2 dr. J\u00e1sz M\u00e1t\u00e9, egyetemi adjunktus<br \/>\n\u27a2 Kov\u00e1csn\u00e9 Dr. K\u00f6rmendi Szandra, egyetemi tan\u00e1r<br \/>\n\u27a2 Kov\u00e1csn\u00e9 Dr. Somogyi Andrea, klinikai szakorvos<br \/>\n\u27a2 dr. Nagy Zsanett, klinikai szakorvos<br \/>\n\u27a2 Prof. Dr. M\u00e1rton Krisztina, egyetemi docens<br \/>\n\u27a2 dr. Schmidt P\u00e9ter, klinikai f\u0151orvos<br \/>\n\u27a2 dr. S\u00fcveges Ibolya, klinikai szakorvos<br \/>\n\u27a2 Szab\u00f3 Gabriella, fizioterapeuta<br \/>\n\u27a2 dr. Varga Zita, klinikai szakorvos<br \/>\n\u27a2 dr. Vaszilk\u00f3 Mih\u00e1ly, egyetemi docens-sz\u00e1jseb\u00e9sz<\/p>\n<p style=\"text-align: justify\"><strong>\u00c1llkapocs\u00edz\u00fcleti rendel\u00e9s<\/strong>: 1088 Budapest, VIII. Szentkir\u00e1lyi 47. VI. emelet 607.<br \/>\n<strong>Bejelentkez\u00e9s:\u00a0<\/strong>kiz\u00e1r\u00f3lag a (1)459-1500\/59356 mell\u00e9ken<br \/>\n<strong>Rendel\u00e9s id\u0151pontja<\/strong>: oktat\u00e1s f\u00fcggv\u00e9ny\u00e9ben a telefonos egyeztet\u00e9s szerint<br \/>\n<strong>Beutal\u00f3 nem sz\u00fcks\u00e9ges, de fogadni csak a telefonon bejelentkezett p\u00e1cienseket tudjuk.<\/strong><\/p>\n","protected":false},"excerpt":{"rendered":"<p>Munkacsoport vezet\u0151je: \u27a2 dr. Schmidt P\u00e9ter, klinikai f\u0151orvos <a href=\"https:\/\/semmelweis.hu\/fogpotlastan\/files\/2019\/02\/RS87452_IMG_6568-scr.jpg\"><\/a> A 2005-\u00f6s \u00e9v egy\u00e9rtelm\u0171en fordul\u00f3pontot jelentett a magyar gradu\u00e1lis fogorvosk\u00e9pz\u00e9s t\u00f6rt\u00e9net\u00e9ben: ett\u0151l az \u00e9vt\u0151l kezd\u0151d\u00f6tt \u00f6n\u00e1ll\u00f3 t\u00e1rgyk\u00e9nt a gnatol\u00f3gia oktat\u00e1sa. A tant\u00e1rgy oktat\u00e1sa sor\u00e1n a negyed\u00e9ves egyetemist\u00e1k f\u00e9l \u00e9v alatt megismerhetik az \u00e1llkapocs\u00edz\u00fclet m\u0171k\u00f6d\u00e9s\u00e9t, a fogak \u00e9rintkez\u00e9si lehet\u0151s\u00e9geit, de tal\u00e1n enn\u00e9l sokkal fontosabb, hogy bepillant\u00e1st nyerhetnek a &hellip;<\/p>\n","protected":false},"author":101231,"featured_media":0,"parent":5099,"menu_order":0,"comment_status":"closed","ping_status":"closed","template":"","meta":{"_acf_changed":false,"footnotes":""},"categories":[],"tags":[],"class_list":["post-4339","page","type-page","status-publish","hentry"],"acf":[],"_links":{"self":[{"href":"https:\/\/semmelweis.hu\/fogpotlastan\/wp-json\/wp\/v2\/pages\/4339","targetHints":{"allow":["GET"]}}],"collection":[{"href":"https:\/\/semmelweis.hu\/fogpotlastan\/wp-json\/wp\/v2\/pages"}],"about":[{"href":"https:\/\/semmelweis.hu\/fogpotlastan\/wp-json\/wp\/v2\/types\/page"}],"author":[{"embeddable":true,"href":"https:\/\/semmelweis.hu\/fogpotlastan\/wp-json\/wp\/v2\/users\/101231"}],"replies":[{"embeddable":true,"href":"https:\/\/semmelweis.hu\/fogpotlastan\/wp-json\/wp\/v2\/comments?post=4339"}],"version-history":[{"count":10,"href":"https:\/\/semmelweis.hu\/fogpotlastan\/wp-json\/wp\/v2\/pages\/4339\/revisions"}],"predecessor-version":[{"id":8737,"href":"https:\/\/semmelweis.hu\/fogpotlastan\/wp-json\/wp\/v2\/pages\/4339\/revisions\/8737"}],"up":[{"embeddable":true,"href":"https:\/\/semmelweis.hu\/fogpotlastan\/wp-json\/wp\/v2\/pages\/5099"}],"wp:attachment":[{"href":"https:\/\/semmelweis.hu\/fogpotlastan\/wp-json\/wp\/v2\/media?parent=4339"}],"wp:term":[{"taxonomy":"category","embeddable":true,"href":"https:\/\/semmelweis.hu\/fogpotlastan\/wp-json\/wp\/v2\/categories?post=4339"},{"taxonomy":"post_tag","embeddable":true,"href":"https:\/\/semmelweis.hu\/fogpotlastan\/wp-json\/wp\/v2\/tags?post=4339"}],"curies":[{"name":"wp","href":"https:\/\/api.w.org\/{rel}","templated":true}]}}