{"id":4134,"date":"2018-11-27T09:25:42","date_gmt":"2018-11-27T08:25:42","guid":{"rendered":"http:\/\/semmelweis.hu\/fogpotlastan\/?page_id=4134"},"modified":"2024-10-11T09:37:37","modified_gmt":"2024-10-11T07:37:37","slug":"elerhetoseg","status":"publish","type":"page","link":"https:\/\/semmelweis.hu\/fogpotlastan\/elerhetoseg\/","title":{"rendered":"El\u00e9rhet\u0151s\u00e9g"},"content":{"rendered":"<p><b>Igazgat\u00f3:<\/b>\u00a0Dr. Hermann P\u00e9ter egyetemi tan\u00e1r<br \/>\n<b>C\u00edm:<\/b>\u00a01088 Budapest, Szentkir\u00e1lyi u. 47. VI. em.<br \/>\n<b>Telefon:<\/b>\u00a0+36-1-338-4380<br \/>\n<b>E-mail:<\/b> fogpotlastan@semmelweis.hu<\/p>\n<p><strong>Bejelentkez\u00e9s Gnatol\u00f3gia (\u00c1llkapocs\u00edz\u00fcleti\/TMI) szakrendel\u00e9sre<\/strong><strong>:\u00a0<br \/>\n<\/strong>kiz\u00e1r\u00f3lag a 06\/1\/459-1500\/59356 mell\u00e9ken<\/p>\n<p><b>A Klinika postai c\u00edme:<\/b>\u00a01085, Budapest \u00dcll\u0151i \u00fat 26. A bizalmas illetve szem\u00e9lyes adatokat tartalmaz\u00f3 leveleket &#8222;bizalmas&#8221; illeve &#8222;sk&#8221; jel\u00f6l\u00e9ssel kell ell\u00e1tni, k\u00fcl\u00f6nben a K\u00f6zponti Post\u00e1z\u00f3ban a k\u00fcldem\u00e9ny felbont\u00e1sra ker\u00fcl!<\/p>\n\n<!-- iframe plugin v.4.9 wordpress.org\/plugins\/iframe\/ -->\n<iframe loading=\"lazy\" src=\"https:\/\/www.google.com\/maps\/embed?pb=!1m18!1m12!1m3!1d2696.068778801366!2d19.064212515626405!3d47.48857347917701!2m3!1f0!2f0!3f0!3m2!1i1024!2i768!4f13.1!3m3!1m2!1s0x4741dc5987501ab5%3A0x69982b6cdbb9b1a6!2sBudapest%2C+Szentkir%C3%A1lyi+u.+47%2C+1088!5e0!3m2!1shu!2shu!4v1543306234487\" width=\"100%\" height=\"350\" scrolling=\"yes\" class=\"iframe-class\" frameborder=\"0\"><\/iframe>\n\n","protected":false},"excerpt":{"rendered":"<p>Igazgat\u00f3:\u00a0Dr. Hermann P\u00e9ter egyetemi tan\u00e1r<br \/>\nC\u00edm:\u00a01088 Budapest, Szentkir\u00e1lyi u. 47. VI. em.<br \/>\nTelefon:\u00a0+36-1-338-4380<br \/>\nE-mail: fogpotlastan@semmelweis.hu<br \/>\nBejelentkez\u00e9s Gnatol\u00f3gia (\u00c1llkapocs\u00edz\u00fcleti\/TMI) szakrendel\u00e9sre:\u00a0<br \/>\nkiz\u00e1r\u00f3lag a 06\/1\/459-1500\/59356 mell\u00e9ken<br \/>\nA Klinika postai c\u00edme:\u00a01085, Budapest \u00dcll\u0151i \u00fat 26. A bizalmas illetve szem\u00e9lyes adatokat tartalmaz\u00f3 leveleket &#8222;bizalmas&#8221; illeve &#8222;sk&#8221; jel\u00f6l\u00e9ssel kell ell\u00e1tni, k\u00fcl\u00f6nben a K\u00f6zponti Post\u00e1z\u00f3ban a k\u00fcldem\u00e9ny felbont\u00e1sra ker\u00fcl!<\/p>\n","protected":false},"author":12,"featured_media":0,"parent":0,"menu_order":7,"comment_status":"closed","ping_status":"closed","template":"","meta":{"_acf_changed":false,"footnotes":""},"categories":[],"tags":[],"class_list":["post-4134","page","type-page","status-publish","hentry"],"acf":[],"_links":{"self":[{"href":"https:\/\/semmelweis.hu\/fogpotlastan\/wp-json\/wp\/v2\/pages\/4134","targetHints":{"allow":["GET"]}}],"collection":[{"href":"https:\/\/semmelweis.hu\/fogpotlastan\/wp-json\/wp\/v2\/pages"}],"about":[{"href":"https:\/\/semmelweis.hu\/fogpotlastan\/wp-json\/wp\/v2\/types\/page"}],"author":[{"embeddable":true,"href":"https:\/\/semmelweis.hu\/fogpotlastan\/wp-json\/wp\/v2\/users\/12"}],"replies":[{"embeddable":true,"href":"https:\/\/semmelweis.hu\/fogpotlastan\/wp-json\/wp\/v2\/comments?post=4134"}],"version-history":[{"count":7,"href":"https:\/\/semmelweis.hu\/fogpotlastan\/wp-json\/wp\/v2\/pages\/4134\/revisions"}],"predecessor-version":[{"id":9311,"href":"https:\/\/semmelweis.hu\/fogpotlastan\/wp-json\/wp\/v2\/pages\/4134\/revisions\/9311"}],"wp:attachment":[{"href":"https:\/\/semmelweis.hu\/fogpotlastan\/wp-json\/wp\/v2\/media?parent=4134"}],"wp:term":[{"taxonomy":"category","embeddable":true,"href":"https:\/\/semmelweis.hu\/fogpotlastan\/wp-json\/wp\/v2\/categories?post=4134"},{"taxonomy":"post_tag","embeddable":true,"href":"https:\/\/semmelweis.hu\/fogpotlastan\/wp-json\/wp\/v2\/tags?post=4134"}],"curies":[{"name":"wp","href":"https:\/\/api.w.org\/{rel}","templated":true}]}}