{"id":4130,"date":"2018-11-27T09:23:28","date_gmt":"2018-11-27T08:23:28","guid":{"rendered":"http:\/\/semmelweis.hu\/fogpotlastan\/?page_id=4130"},"modified":"2026-04-13T09:43:27","modified_gmt":"2026-04-13T07:43:27","slug":"kontakt","status":"publish","type":"page","link":"https:\/\/semmelweis.hu\/fogpotlastan\/de\/kontakt\/","title":{"rendered":"Kontakt"},"content":{"rendered":"<p><b>Direktor:<\/b>\u00a0 \u00a0 \u00a0 \u00a0 \u00a0 \u00a0 Prof. Dr. P\u00e9ter\u00a0HERMANN MSc PhD\u00a0\u00a0<br \/>\n<b>Adresse:<\/b>\u00a0 \u00a0 \u00a0 \u00a0 \u00a0 \u00a0 \u00a0H-1088 Budapest, Szentkir\u00e1lyi u. 47.<br \/>\n<strong>Postanschrift:<\/strong>\u00a0 H-1085 Budapest, \u00dcll\u0151i \u00fat 26.\u00a0<br \/>\n<b>Telefon:<\/b>\u00a0 \u00a0 \u00a0 \u00a0 \u00a0 \u00a0 \u00a0+36-1-338-4380 (Sekretariat)<br \/>\n<b>E-Mail:<\/b>\u00a0 \u00a0 \u00a0 \u00a0 \u00a0 \u00a0 \u00a0 \u00a0<a href=\"mailto:fogpotlastan@semmelweis.hu\">fogpotlastan@semmelweis.hu<\/a><\/p>\n<p>&nbsp;<\/p>\n\n<!-- iframe plugin v.4.9 wordpress.org\/plugins\/iframe\/ -->\n<iframe loading=\"lazy\" src=\"https:\/\/www.google.com\/maps\/embed?pb=!1m18!1m12!1m3!1d2696.068778801366!2d19.064212515626405!3d47.48857347917701!2m3!1f0!2f0!3f0!3m2!1i1024!2i768!4f13.1!3m3!1m2!1s0x4741dc5987501ab5%3A0x69982b6cdbb9b1a6!2sBudapest%2C+Szentkir%C3%A1lyi+u.+47%2C+1088!5e0!3m2!1shu!2shu!4v1543306234487\" width=\"100%\" height=\"350\" scrolling=\"yes\" class=\"iframe-class\" frameborder=\"0\"><\/iframe>\n\n","protected":false},"excerpt":{"rendered":"<p>Direktor:\u00a0 \u00a0 \u00a0 \u00a0 \u00a0 \u00a0 Prof. Dr. P\u00e9ter\u00a0HERMANN MSc PhD\u00a0\u00a0<br \/>\nAdresse:\u00a0 \u00a0 \u00a0 \u00a0 \u00a0 \u00a0 \u00a0H-1088 Budapest, Szentkir\u00e1lyi u. 47.<br \/>\nPostanschrift:\u00a0 H-1085 Budapest, \u00dcll\u0151i \u00fat 26.\u00a0<br \/>\nTelefon:\u00a0 \u00a0 \u00a0 \u00a0 \u00a0 \u00a0 \u00a0+36-1-338-4380 (Sekretariat)<br \/>\nE-Mail:\u00a0 \u00a0 \u00a0 \u00a0 \u00a0 \u00a0 \u00a0 \u00a0<a href=\"mailto:fogpotlastan@semmelweis.hu\">fogpotlastan@semmelweis.hu<\/a><br \/>\n&nbsp;<\/p>\n","protected":false},"author":12,"featured_media":0,"parent":0,"menu_order":5,"comment_status":"closed","ping_status":"closed","template":"template-fullwidth.php","meta":{"_acf_changed":false,"footnotes":""},"categories":[],"tags":[],"class_list":["post-4130","page","type-page","status-publish","hentry"],"acf":[],"_links":{"self":[{"href":"https:\/\/semmelweis.hu\/fogpotlastan\/wp-json\/wp\/v2\/pages\/4130","targetHints":{"allow":["GET"]}}],"collection":[{"href":"https:\/\/semmelweis.hu\/fogpotlastan\/wp-json\/wp\/v2\/pages"}],"about":[{"href":"https:\/\/semmelweis.hu\/fogpotlastan\/wp-json\/wp\/v2\/types\/page"}],"author":[{"embeddable":true,"href":"https:\/\/semmelweis.hu\/fogpotlastan\/wp-json\/wp\/v2\/users\/12"}],"replies":[{"embeddable":true,"href":"https:\/\/semmelweis.hu\/fogpotlastan\/wp-json\/wp\/v2\/comments?post=4130"}],"version-history":[{"count":10,"href":"https:\/\/semmelweis.hu\/fogpotlastan\/wp-json\/wp\/v2\/pages\/4130\/revisions"}],"predecessor-version":[{"id":9978,"href":"https:\/\/semmelweis.hu\/fogpotlastan\/wp-json\/wp\/v2\/pages\/4130\/revisions\/9978"}],"wp:attachment":[{"href":"https:\/\/semmelweis.hu\/fogpotlastan\/wp-json\/wp\/v2\/media?parent=4130"}],"wp:term":[{"taxonomy":"category","embeddable":true,"href":"https:\/\/semmelweis.hu\/fogpotlastan\/wp-json\/wp\/v2\/categories?post=4130"},{"taxonomy":"post_tag","embeddable":true,"href":"https:\/\/semmelweis.hu\/fogpotlastan\/wp-json\/wp\/v2\/tags?post=4130"}],"curies":[{"name":"wp","href":"https:\/\/api.w.org\/{rel}","templated":true}]}}