{"id":4113,"date":"2018-11-27T09:11:12","date_gmt":"2018-11-27T08:11:12","guid":{"rendered":"http:\/\/semmelweis.hu\/fogpotlastan\/?page_id=4113"},"modified":"2018-11-27T09:11:30","modified_gmt":"2018-11-27T08:11:30","slug":"contact","status":"publish","type":"page","link":"https:\/\/semmelweis.hu\/fogpotlastan\/en\/contact\/","title":{"rendered":"Contact"},"content":{"rendered":"<p><b>Director:<\/b>\u00a0Prof. Dr. P\u00e9ter\u00a0Hermann DMD PhD\u00a0\u00a0<br \/>\n<b>Address:<\/b>\u00a0H-1088 Budapest, Szentkir\u00e1lyi u. 47.<br \/>\n<b>Phone:<\/b>\u00a0+36-1-338-4380<br \/>\n<b>E-mail:<\/b>\u00a0fogpotlastan@dent.semmelweis-univ.hu<\/p>\n<p><b>Postal address<\/b>: H-1085 Budapest, \u00dcll\u0151i \u00fat 26.\u00a0<\/p>\n<p>&nbsp;<\/p>\n<p>&nbsp;<\/p>\n\n<!-- iframe plugin v.4.9 wordpress.org\/plugins\/iframe\/ -->\n<iframe loading=\"lazy\" src=\"https:\/\/www.google.com\/maps\/embed?pb=!1m18!1m12!1m3!1d2696.068778801366!2d19.064212515626405!3d47.48857347917701!2m3!1f0!2f0!3f0!3m2!1i1024!2i768!4f13.1!3m3!1m2!1s0x4741dc5987501ab5%3A0x69982b6cdbb9b1a6!2sBudapest%2C+Szentkir%C3%A1lyi+u.+47%2C+1088!5e0!3m2!1shu!2shu!4v1543306234487\" width=\"100%\" height=\"350\" frameborder=\"0\" style=\"border:0\" 0=\"allowfullscreen\" scrolling=\"yes\" class=\"iframe-class\"><\/iframe>\n\n","protected":false},"excerpt":{"rendered":"<p>Director:\u00a0Prof. Dr. P\u00e9ter\u00a0Hermann DMD PhD\u00a0\u00a0<br \/>\nAddress:\u00a0H-1088 Budapest, Szentkir\u00e1lyi u. 47.<br \/>\nPhone:\u00a0+36-1-338-4380<br \/>\nE-mail:\u00a0fogpotlastan@dent.semmelweis-univ.hu<br \/>\nPostal address: H-1085 Budapest, \u00dcll\u0151i \u00fat 26.\u00a0<br \/>\n&nbsp;<br \/>\n&nbsp;<\/p>\n","protected":false},"author":12,"featured_media":0,"parent":0,"menu_order":5,"comment_status":"closed","ping_status":"closed","template":"","meta":{"_acf_changed":false,"footnotes":""},"categories":[],"tags":[],"class_list":["post-4113","page","type-page","status-publish","hentry"],"acf":[],"_links":{"self":[{"href":"https:\/\/semmelweis.hu\/fogpotlastan\/wp-json\/wp\/v2\/pages\/4113","targetHints":{"allow":["GET"]}}],"collection":[{"href":"https:\/\/semmelweis.hu\/fogpotlastan\/wp-json\/wp\/v2\/pages"}],"about":[{"href":"https:\/\/semmelweis.hu\/fogpotlastan\/wp-json\/wp\/v2\/types\/page"}],"author":[{"embeddable":true,"href":"https:\/\/semmelweis.hu\/fogpotlastan\/wp-json\/wp\/v2\/users\/12"}],"replies":[{"embeddable":true,"href":"https:\/\/semmelweis.hu\/fogpotlastan\/wp-json\/wp\/v2\/comments?post=4113"}],"version-history":[{"count":1,"href":"https:\/\/semmelweis.hu\/fogpotlastan\/wp-json\/wp\/v2\/pages\/4113\/revisions"}],"predecessor-version":[{"id":4114,"href":"https:\/\/semmelweis.hu\/fogpotlastan\/wp-json\/wp\/v2\/pages\/4113\/revisions\/4114"}],"wp:attachment":[{"href":"https:\/\/semmelweis.hu\/fogpotlastan\/wp-json\/wp\/v2\/media?parent=4113"}],"wp:term":[{"taxonomy":"category","embeddable":true,"href":"https:\/\/semmelweis.hu\/fogpotlastan\/wp-json\/wp\/v2\/categories?post=4113"},{"taxonomy":"post_tag","embeddable":true,"href":"https:\/\/semmelweis.hu\/fogpotlastan\/wp-json\/wp\/v2\/tags?post=4113"}],"curies":[{"name":"wp","href":"https:\/\/api.w.org\/{rel}","templated":true}]}}