{"id":4042,"date":"2018-10-05T14:05:25","date_gmt":"2018-10-05T12:05:25","guid":{"rendered":"http:\/\/semmelweis.hu\/fogpotlastan\/?page_id=4042"},"modified":"2024-05-28T14:21:42","modified_gmt":"2024-05-28T12:21:42","slug":"palaszko-denes","status":"publish","type":"page","link":"https:\/\/semmelweis.hu\/fogpotlastan\/munkatarsak-terv\/palaszko-denes\/","title":{"rendered":"Dr. Palaszk\u00f3 D\u00e9nes"},"content":{"rendered":"<p><strong><span style=\"font-size: 12pt\">Tanulm\u00e1nyok, szakk\u00e9pes\u00edt\u00e9s<a href=\"https:\/\/semmelweis.hu\/fogpotlastan\/files\/2019\/10\/Dr.-Palaszk\u00f3-D\u00e9nes.jpg\"><img loading=\"lazy\" decoding=\"async\" class=\"size-medium wp-image-5585 alignright\" src=\"https:\/\/semmelweis.hu\/fogpotlastan\/files\/2019\/10\/Dr.-Palaszk\u00f3-D\u00e9nes-200x300.jpg\" alt=\"\" width=\"200\" height=\"300\" srcset=\"https:\/\/semmelweis.hu\/fogpotlastan\/files\/2019\/10\/Dr.-Palaszk\u00f3-D\u00e9nes-200x300.jpg 200w, https:\/\/semmelweis.hu\/fogpotlastan\/files\/2019\/10\/Dr.-Palaszk\u00f3-D\u00e9nes.jpg 500w\" sizes=\"auto, (max-width: 200px) 100vw, 200px\" \/><\/a><\/span><\/strong><br \/>\n<span style=\"font-size: 12pt\">2017 Fogorvos diploma \u2013 Semmelweis Egyetem Fogorvostudom\u00e1nyi Kar<\/span><br \/>\n<span style=\"font-size: 12pt\">2003 Fogtechnikus szakvizsga<\/span><\/p>\n<p><strong><span style=\"font-size: 12pt\">Szakmai tapasztalat \/ klinikai el\u0151menetel<\/span><\/strong><br \/>\n<span style=\"font-size: 12pt\">2021 Fogp\u00f3tl\u00e1stani Klinika &#8211; klinikai szakorvos<br \/>\n2018 Fogp\u00f3tl\u00e1stan Klinika \u2013 k\u00f6zponti gyakornok<\/span><br \/>\n<span style=\"font-size: 12pt\"><br \/>\n<strong>Tudom\u00e1nyos tev\u00e9kenys\u00e9g<\/strong><\/span><br \/>\n<span style=\"font-size: 12pt\">munkacsoport: digit\u00e1lis fog\u00e1szat munkacsoport<\/span><\/p>\n<p><strong><span style=\"font-size: 12pt\">El\u0151ad\u00e1sok<\/span><\/strong><br \/>\n<span style=\"font-size: 12pt\">Semmelweis Egyetem Tudom\u00e1nyos Di\u00e1kk\u00f6ri Konferencia el\u0151ad\u00e1s<\/span><br \/>\n<span style=\"font-size: 12pt\">Egyed Petra &#8211; Palaszk\u00f3 D\u00e9nes: L\u00edtium diszilik\u00e1t ker\u00e1mia koron\u00e1k optikai tulajdons\u00e1gainak vizsg\u00e1lata<\/span><\/p>\n<p><strong><span style=\"font-size: 12pt\">Nyelvismeret<\/span><\/strong><br \/>\n<span style=\"font-size: 12pt\">magyar anyanyelv<\/span><br \/>\n<span style=\"font-size: 12pt\">angol k\u00f6z\u00e9pfok<\/span><br \/>\n<span style=\"font-size: 12pt\">n\u00e9met alapfok<\/p>\n<p><a href=\"https:\/\/m2.mtmt.hu\/gui2\/?mode=search&amp;query=publication;labelOrMtid;eq;Palaszk%C3%B3\">Tudom\u00e1nyos k\u00f6zlem\u00e9nyek<\/a><\/span><\/p>\n<p><span style=\"font-size: 12pt\"><em>Az el\u00e9rhet\u0151s\u00e9gi adatok nem haszn\u00e1lhat\u00f3k fel az 1995. \u00e9vi CXIX. t\u00f6rv\u00e9ny szerinti kutat\u00e1s \u00e9s k\u00f6zvetlen \u00fczletszerz\u00e9s c\u00e9lj\u00e1ra.<\/em><\/span><\/p>\n","protected":false},"excerpt":{"rendered":"<p>Tanulm\u00e1nyok, szakk\u00e9pes\u00edt\u00e9s <a href=\"https:\/\/semmelweis.hu\/fogpotlastan\/files\/2019\/10\/Dr.-Palaszk\u00f3-D\u00e9nes.jpg\"><\/a> 2017 Fogorvos diploma \u2013 Semmelweis Egyetem Fogorvostudom\u00e1nyi Kar 2003 Fogtechnikus szakvizsga Szakmai tapasztalat \/ klinikai el\u0151menetel 2021 Fogp\u00f3tl\u00e1stani Klinika &#8211; klinikai szakorvos 2018 Fogp\u00f3tl\u00e1stan Klinika \u2013 k\u00f6zponti gyakornok Tudom\u00e1nyos tev\u00e9kenys\u00e9g munkacsoport: digit\u00e1lis fog\u00e1szat munkacsoport El\u0151ad\u00e1sok Semmelweis Egyetem Tudom\u00e1nyos Di\u00e1kk\u00f6ri Konferencia el\u0151ad\u00e1s Egyed Petra &#8211; Palaszk\u00f3 D\u00e9nes: L\u00edtium diszilik\u00e1t ker\u00e1mia koron\u00e1k optikai tulajdons\u00e1gainak vizsg\u00e1lata &hellip;<\/p>\n","protected":false},"author":101231,"featured_media":0,"parent":9019,"menu_order":1,"comment_status":"closed","ping_status":"closed","template":"","meta":{"_acf_changed":false,"footnotes":""},"categories":[],"tags":[],"class_list":["post-4042","page","type-page","status-publish","hentry"],"acf":[],"_links":{"self":[{"href":"https:\/\/semmelweis.hu\/fogpotlastan\/wp-json\/wp\/v2\/pages\/4042","targetHints":{"allow":["GET"]}}],"collection":[{"href":"https:\/\/semmelweis.hu\/fogpotlastan\/wp-json\/wp\/v2\/pages"}],"about":[{"href":"https:\/\/semmelweis.hu\/fogpotlastan\/wp-json\/wp\/v2\/types\/page"}],"author":[{"embeddable":true,"href":"https:\/\/semmelweis.hu\/fogpotlastan\/wp-json\/wp\/v2\/users\/101231"}],"replies":[{"embeddable":true,"href":"https:\/\/semmelweis.hu\/fogpotlastan\/wp-json\/wp\/v2\/comments?post=4042"}],"version-history":[{"count":8,"href":"https:\/\/semmelweis.hu\/fogpotlastan\/wp-json\/wp\/v2\/pages\/4042\/revisions"}],"predecessor-version":[{"id":8533,"href":"https:\/\/semmelweis.hu\/fogpotlastan\/wp-json\/wp\/v2\/pages\/4042\/revisions\/8533"}],"up":[{"embeddable":true,"href":"https:\/\/semmelweis.hu\/fogpotlastan\/wp-json\/wp\/v2\/pages\/9019"}],"wp:attachment":[{"href":"https:\/\/semmelweis.hu\/fogpotlastan\/wp-json\/wp\/v2\/media?parent=4042"}],"wp:term":[{"taxonomy":"category","embeddable":true,"href":"https:\/\/semmelweis.hu\/fogpotlastan\/wp-json\/wp\/v2\/categories?post=4042"},{"taxonomy":"post_tag","embeddable":true,"href":"https:\/\/semmelweis.hu\/fogpotlastan\/wp-json\/wp\/v2\/tags?post=4042"}],"curies":[{"name":"wp","href":"https:\/\/api.w.org\/{rel}","templated":true}]}}