{"id":3652,"date":"2018-03-20T09:19:05","date_gmt":"2018-03-20T08:19:05","guid":{"rendered":"http:\/\/semmelweis.hu\/fogpotlastan\/?page_id=3652"},"modified":"2025-03-26T11:00:56","modified_gmt":"2025-03-26T10:00:56","slug":"ambrus-szilvia-2","status":"publish","type":"page","link":"https:\/\/semmelweis.hu\/fogpotlastan\/munkatarsak-terv\/ambrus-szilvia-2\/","title":{"rendered":"Dr. Ambrus Szilvia"},"content":{"rendered":"<p><span style=\"font-size: 12pt\"><strong><span style=\"color: #003366\">Tanulm\u00e1nyok, szakk\u00e9pes\u00edt\u00e9s<a href=\"https:\/\/semmelweis.hu\/fogpotlastan\/files\/2019\/10\/Dr.-Ambrus-Szilvia.jpg\"><img loading=\"lazy\" decoding=\"async\" class=\"size-medium wp-image-5557 alignright\" src=\"https:\/\/semmelweis.hu\/fogpotlastan\/files\/2019\/10\/Dr.-Ambrus-Szilvia-200x300.jpg\" alt=\"\" width=\"200\" height=\"300\" srcset=\"https:\/\/semmelweis.hu\/fogpotlastan\/files\/2019\/10\/Dr.-Ambrus-Szilvia-200x300.jpg 200w, https:\/\/semmelweis.hu\/fogpotlastan\/files\/2019\/10\/Dr.-Ambrus-Szilvia.jpg 500w\" sizes=\"auto, (max-width: 200px) 100vw, 200px\" \/><\/a><\/span><\/strong><\/span><br \/>\n<span style=\"font-size: 12pt\">2023 Pszichoter\u00e1pia szakvizsga<br \/>\n2019 Fogp\u00f3tl\u00e1stan szakvizsga<br \/>\n2016 F\u00e1jdalom \u00e9s \u00e1llkapocs\u00edz\u00fcleti diszfunkci\u00f3 posztgradu\u00e1lis k\u00e9pz\u00e9s, KU Leuven, Belgium<\/span><br \/>\n<span style=\"font-size: 12pt\">2008 Konzerv\u00e1l\u00f3 fog\u00e1szat \u00e9s fogp\u00f3tl\u00e1stan szakvizsga<\/span><br \/>\n<span style=\"font-size: 12pt\">2005 Fog- \u00e9s sz\u00e1jbetegs\u00e9gek szakvizsga<\/span><br \/>\n<span style=\"font-size: 12pt\">2003 Fogorvosi diploma \u2013 Semmelweis Egyetem Fogorvostudom\u00e1nyi Kar<\/span><\/p>\n<p><span style=\"color: #003366;font-size: 12pt\"><strong>Szakmai tapasztalat \/ klinikai el\u0151menetel<\/strong><\/span><br \/>\n<span style=\"font-size: 12pt\">2017- Fogp\u00f3tl\u00e1stan Klinika \u2013 klinikai szakorvos<\/span><br \/>\n<span style=\"font-size: 12pt\">2016- Leuveni Egyetemi K\u00f3rh\u00e1z \u2013 klinikai szakorvos<\/span><br \/>\n<span style=\"font-size: 12pt\">2013- Leuveni Egyetemi K\u00f3rh\u00e1z \u2013 gyakornok<\/span><br \/>\n<span style=\"font-size: 12pt\">2005- K\u00f6zponti Stomatol\u00f3giai Int\u00e9zet | Semmelweis Egyetem FSzOI \u2013 fogszakorvos<\/span><br \/>\n<span style=\"font-size: 12pt\">2003- K\u00f6zponti Stomatol\u00f3giai Int\u00e9zet \u2013 k\u00f6zponti rezidens<\/span><\/p>\n<p><span style=\"font-size: 12pt\"><strong><span style=\"color: #003366\">Tudom\u00e1nyos tev\u00e9kenys\u00e9g<\/span><\/strong><\/span><br \/>\n<span style=\"font-size: 12pt\">munkacsoport: TMI munkacsoport<\/span><\/p>\n<p><span style=\"color: #003366;font-size: 12pt\"><strong>Szakmai szervezeti tags\u00e1gok<\/strong><\/span><br \/>\n<span style=\"font-size: 12pt\">2003- Magyar Orvosi Kamara<\/span><br \/>\n<span style=\"font-size: 12pt\">2016- Belgian Pain Society<\/span><br \/>\n<span style=\"font-size: 12pt\">2018- Fogp\u00f3tl\u00e1stani T\u00e1rsas\u00e1g<\/span><\/p>\n<p><span style=\"font-size: 12pt\"><strong><span style=\"color: #003366\">Nyelvismeret<\/span><\/strong><\/span><br \/>\n<span style=\"font-size: 12pt\">magyar anyanyelv<\/span><br \/>\n<span style=\"font-size: 12pt\">angol k\u00f6z\u00e9pfok<\/span><br \/>\n<span style=\"font-size: 12pt\">holland k\u00f6z\u00e9pfok<\/span><br \/>\n<span style=\"font-size: 12pt\">n\u00e9met k\u00f6z\u00e9pfok<\/span><br \/>\n<span style=\"font-size: 12pt\">francia k\u00f6z\u00e9pfok<\/span><\/p>\n<p><span style=\"color: #003366;font-size: 12pt\"><strong>Egy\u00e9b<\/strong><\/span><br \/>\n<span style=\"font-size: 12pt\">Els\u0151sorban f\u00e1jdalommal \u00e9s \u00e1llkapocs\u00edz\u00fcleti panaszokkal \u00e9rkez\u0151 betegekkel foglalkozom.<\/span><\/p>\n<p><a href=\"https:\/\/m2.mtmt.hu\/gui2\/?type=authors&amp;mode=browse&amp;sel=authors10095030\"><span style=\"font-size: 12pt\">Tudom\u00e1nyos k\u00f6zlem\u00e9nyek<\/span><\/a><\/p>\n<p><span style=\"font-size: 12pt\"><em>Az el\u00e9rhet\u0151s\u00e9gi adatok nem haszn\u00e1lhat\u00f3k fel az 1995. \u00e9vi CXIX. t\u00f6rv\u00e9ny szerinti kutat\u00e1s \u00e9s k\u00f6zvetlen \u00fczletszerz\u00e9s c\u00e9lj\u00e1ra.<\/em><\/span><\/p>\n","protected":false},"excerpt":{"rendered":"<p>Tanulm\u00e1nyok, szakk\u00e9pes\u00edt\u00e9s <a href=\"https:\/\/semmelweis.hu\/fogpotlastan\/files\/2019\/10\/Dr.-Ambrus-Szilvia.jpg\"><\/a> 2023 Pszichoter\u00e1pia szakvizsga 2019 Fogp\u00f3tl\u00e1stan szakvizsga 2016 F\u00e1jdalom \u00e9s \u00e1llkapocs\u00edz\u00fcleti diszfunkci\u00f3 posztgradu\u00e1lis k\u00e9pz\u00e9s, KU Leuven, Belgium 2008 Konzerv\u00e1l\u00f3 fog\u00e1szat \u00e9s fogp\u00f3tl\u00e1stan szakvizsga 2005 Fog- \u00e9s sz\u00e1jbetegs\u00e9gek szakvizsga 2003 Fogorvosi diploma \u2013 Semmelweis Egyetem Fogorvostudom\u00e1nyi Kar Szakmai tapasztalat \/ klinikai el\u0151menetel 2017- Fogp\u00f3tl\u00e1stan Klinika \u2013 klinikai szakorvos 2016- Leuveni Egyetemi K\u00f3rh\u00e1z \u2013 klinikai szakorvos &hellip;<\/p>\n","protected":false},"author":101231,"featured_media":0,"parent":9019,"menu_order":1,"comment_status":"closed","ping_status":"closed","template":"","meta":{"_acf_changed":false,"footnotes":""},"categories":[],"tags":[],"class_list":["post-3652","page","type-page","status-publish","hentry"],"acf":[],"_links":{"self":[{"href":"https:\/\/semmelweis.hu\/fogpotlastan\/wp-json\/wp\/v2\/pages\/3652","targetHints":{"allow":["GET"]}}],"collection":[{"href":"https:\/\/semmelweis.hu\/fogpotlastan\/wp-json\/wp\/v2\/pages"}],"about":[{"href":"https:\/\/semmelweis.hu\/fogpotlastan\/wp-json\/wp\/v2\/types\/page"}],"author":[{"embeddable":true,"href":"https:\/\/semmelweis.hu\/fogpotlastan\/wp-json\/wp\/v2\/users\/101231"}],"replies":[{"embeddable":true,"href":"https:\/\/semmelweis.hu\/fogpotlastan\/wp-json\/wp\/v2\/comments?post=3652"}],"version-history":[{"count":10,"href":"https:\/\/semmelweis.hu\/fogpotlastan\/wp-json\/wp\/v2\/pages\/3652\/revisions"}],"predecessor-version":[{"id":9564,"href":"https:\/\/semmelweis.hu\/fogpotlastan\/wp-json\/wp\/v2\/pages\/3652\/revisions\/9564"}],"up":[{"embeddable":true,"href":"https:\/\/semmelweis.hu\/fogpotlastan\/wp-json\/wp\/v2\/pages\/9019"}],"wp:attachment":[{"href":"https:\/\/semmelweis.hu\/fogpotlastan\/wp-json\/wp\/v2\/media?parent=3652"}],"wp:term":[{"taxonomy":"category","embeddable":true,"href":"https:\/\/semmelweis.hu\/fogpotlastan\/wp-json\/wp\/v2\/categories?post=3652"},{"taxonomy":"post_tag","embeddable":true,"href":"https:\/\/semmelweis.hu\/fogpotlastan\/wp-json\/wp\/v2\/tags?post=3652"}],"curies":[{"name":"wp","href":"https:\/\/api.w.org\/{rel}","templated":true}]}}