{"id":3281,"date":"2017-09-19T12:37:57","date_gmt":"2017-09-19T10:37:57","guid":{"rendered":"http:\/\/semmelweis.hu\/fogpotlastan\/?page_id=3281"},"modified":"2024-05-28T15:07:26","modified_gmt":"2024-05-28T13:07:26","slug":"takacs-emoke","status":"publish","type":"page","link":"https:\/\/semmelweis.hu\/fogpotlastan\/munkatarsak-terv\/takacs-emoke\/","title":{"rendered":"Dr. Tak\u00e1cs Em\u0151ke"},"content":{"rendered":"<p><span style=\"font-size: 12pt\"><strong>Tanulm\u00e1nyok, szakk\u00e9pes\u00edt\u00e9s<\/strong><img loading=\"lazy\" decoding=\"async\" class=\"size-medium wp-image-5591 alignright\" src=\"https:\/\/semmelweis.hu\/fogpotlastan\/files\/2019\/10\/Dr.-Tak\u00e1cs-Em\u0151ke-200x300.jpg\" alt=\"\" width=\"200\" height=\"300\" srcset=\"https:\/\/semmelweis.hu\/fogpotlastan\/files\/2019\/10\/Dr.-Tak\u00e1cs-Em\u0151ke-200x300.jpg 200w, https:\/\/semmelweis.hu\/fogpotlastan\/files\/2019\/10\/Dr.-Tak\u00e1cs-Em\u0151ke.jpg 500w\" sizes=\"auto, (max-width: 200px) 100vw, 200px\" \/><\/span><br \/>\n<span style=\"font-size: 12pt\">2019 Fogp\u00f3tl\u00e1stan szakvizsga<br \/>\n2014 Konzerv\u00e1l\u00f3 fog\u00e1szat \u00e9s fogp\u00f3tl\u00e1stan szakvizsga<\/span><br \/>\n<span style=\"font-size: 12pt\">2011 Fogorvos diploma \u2013 Semmelweis Egyetem Fogorvostudom\u00e1nyi Kar<\/span><br \/>\n<span style=\"font-size: 12pt\">2003 Aneszteziol\u00f3gia \u00e9s intenz\u00edv ter\u00e1pia szakvizsga<\/span><br \/>\n<span style=\"font-size: 12pt\">1998 \u00c1ltal\u00e1nos orvosi diploma \u2013 Semmelweis Orvostudom\u00e1nyi Egyetem \u00c1ltal\u00e1nos Orvostudom\u00e1nyi Kar<\/span><\/p>\n<p><strong><span style=\"font-size: 12pt\">Szakmai tapasztalat \/ klinikai el\u0151menetel<\/span><\/strong><br \/>\n<span style=\"font-size: 12pt\">2014- Fogp\u00f3tl\u00e1stan Klinika \u2013 klinikai szakorvos<\/span><br \/>\n<span style=\"font-size: 12pt\">2011- Fogp\u00f3tl\u00e1stan Klinika \u2013 klinikai orvos<\/span><br \/>\n<span style=\"font-size: 12pt\"><br \/>\n<strong>Tudom\u00e1nyos tev\u00e9kenys\u00e9g<\/strong><\/span><br \/>\n<span style=\"font-size: 12pt\">munkacsoport: Implantol\u00f3giai mcs, Rehabilit\u00e1ci\u00f3s mcs<\/span><\/p>\n<p><strong><span style=\"font-size: 12pt\">Szakmai tov\u00e1bbk\u00e9pz\u00e9sek r\u00e9sztvev\u0151k\u00e9nt<\/span><\/strong><br \/>\n<span style=\"font-size: 12pt\">2011 Facult\u00e9 d\u2019Odontologie de Marseille, Franciaorsz\u00e1g<\/span><br \/>\n<span style=\"font-size: 12pt\">Ment\u00e1lisan retard\u00e1lt betegek fog\u00e1szati aneszt\u00e9zi\u00e1j\u00e1nak tanulm\u00e1nyoz\u00e1sa<\/span><br \/>\n<span style=\"font-size: 12pt\"><br \/>\n<strong>Nyelvismeret<\/strong><\/span><br \/>\n<span style=\"font-size: 12pt\">magyar anyanyelv<\/span><br \/>\n<span style=\"font-size: 12pt\">angol k\u00f6z\u00e9pfok<\/span><br \/>\n<span style=\"font-size: 12pt\">francia k\u00f6z\u00e9pfok<\/span><\/p>\n<p><strong><span style=\"font-size: 12pt\">Egy\u00e9b<\/span><\/strong><br \/>\n<span style=\"font-size: 12pt\">K\u00e9t gyermek \u00e9desanyjak\u00e9nt szabadid\u0151met csal\u00e1dommal, akt\u00edv kikapcsol\u00f3d\u00e1ssal t\u00f6lt\u00f6m sz\u00edvesen.<\/span><\/p>\n<p><a href=\"https:\/\/m2.mtmt.hu\/gui2\/?type=authors&amp;mode=browse&amp;sel=authors10084033\"><span style=\"font-size: 12pt\">Tudom\u00e1nyos k\u00f6zlem\u00e9nyek<\/span><\/a><\/p>\n<p><span style=\"font-size: 12pt\"><em>Az el\u00e9rhet\u0151s\u00e9gi adatok nem haszn\u00e1lhat\u00f3k fel az 1995. \u00e9vi CXIX. t\u00f6rv\u00e9ny szerinti kutat\u00e1s \u00e9s k\u00f6zvetlen \u00fczletszerz\u00e9s c\u00e9lj\u00e1ra.<\/em><\/span><\/p>\n","protected":false},"excerpt":{"rendered":"<p>Tanulm\u00e1nyok, szakk\u00e9pes\u00edt\u00e9s 2019 Fogp\u00f3tl\u00e1stan szakvizsga 2014 Konzerv\u00e1l\u00f3 fog\u00e1szat \u00e9s fogp\u00f3tl\u00e1stan szakvizsga 2011 Fogorvos diploma \u2013 Semmelweis Egyetem Fogorvostudom\u00e1nyi Kar 2003 Aneszteziol\u00f3gia \u00e9s intenz\u00edv ter\u00e1pia szakvizsga 1998 \u00c1ltal\u00e1nos orvosi diploma \u2013 Semmelweis Orvostudom\u00e1nyi Egyetem \u00c1ltal\u00e1nos Orvostudom\u00e1nyi Kar Szakmai tapasztalat \/ klinikai el\u0151menetel 2014- Fogp\u00f3tl\u00e1stan Klinika \u2013 klinikai szakorvos 2011- Fogp\u00f3tl\u00e1stan Klinika \u2013 klinikai orvos Tudom\u00e1nyos tev\u00e9kenys\u00e9g &hellip;<\/p>\n","protected":false},"author":101231,"featured_media":0,"parent":9019,"menu_order":1,"comment_status":"closed","ping_status":"closed","template":"","meta":{"_acf_changed":false,"footnotes":""},"categories":[],"tags":[],"class_list":["post-3281","page","type-page","status-publish","hentry"],"acf":[],"_links":{"self":[{"href":"https:\/\/semmelweis.hu\/fogpotlastan\/wp-json\/wp\/v2\/pages\/3281","targetHints":{"allow":["GET"]}}],"collection":[{"href":"https:\/\/semmelweis.hu\/fogpotlastan\/wp-json\/wp\/v2\/pages"}],"about":[{"href":"https:\/\/semmelweis.hu\/fogpotlastan\/wp-json\/wp\/v2\/types\/page"}],"author":[{"embeddable":true,"href":"https:\/\/semmelweis.hu\/fogpotlastan\/wp-json\/wp\/v2\/users\/101231"}],"replies":[{"embeddable":true,"href":"https:\/\/semmelweis.hu\/fogpotlastan\/wp-json\/wp\/v2\/comments?post=3281"}],"version-history":[{"count":8,"href":"https:\/\/semmelweis.hu\/fogpotlastan\/wp-json\/wp\/v2\/pages\/3281\/revisions"}],"predecessor-version":[{"id":9136,"href":"https:\/\/semmelweis.hu\/fogpotlastan\/wp-json\/wp\/v2\/pages\/3281\/revisions\/9136"}],"up":[{"embeddable":true,"href":"https:\/\/semmelweis.hu\/fogpotlastan\/wp-json\/wp\/v2\/pages\/9019"}],"wp:attachment":[{"href":"https:\/\/semmelweis.hu\/fogpotlastan\/wp-json\/wp\/v2\/media?parent=3281"}],"wp:term":[{"taxonomy":"category","embeddable":true,"href":"https:\/\/semmelweis.hu\/fogpotlastan\/wp-json\/wp\/v2\/categories?post=3281"},{"taxonomy":"post_tag","embeddable":true,"href":"https:\/\/semmelweis.hu\/fogpotlastan\/wp-json\/wp\/v2\/tags?post=3281"}],"curies":[{"name":"wp","href":"https:\/\/api.w.org\/{rel}","templated":true}]}}