{"id":2565,"date":"2016-08-23T08:24:14","date_gmt":"2016-08-23T06:24:14","guid":{"rendered":"http:\/\/semmelweis.hu\/fogpotlastan\/?page_id=2565"},"modified":"2025-03-26T09:53:10","modified_gmt":"2025-03-26T08:53:10","slug":"nemeth-fanni","status":"publish","type":"page","link":"https:\/\/semmelweis.hu\/fogpotlastan\/munkatarsak-terv\/nemeth-fanni\/","title":{"rendered":"Dr. N\u00e9meth Fanni"},"content":{"rendered":"<p><strong><span style=\"font-size: 12pt\">Tanulm\u00e1nyok, szakk\u00e9pes\u00edt\u00e9s<a href=\"https:\/\/semmelweis.hu\/fogpotlastan\/files\/2019\/10\/Dr.-N\u00e9meth-Fanni.jpg\"><img loading=\"lazy\" decoding=\"async\" class=\"size-medium wp-image-5584 alignright\" src=\"https:\/\/semmelweis.hu\/fogpotlastan\/files\/2019\/10\/Dr.-N\u00e9meth-Fanni-200x300.jpg\" alt=\"\" width=\"200\" height=\"300\" srcset=\"https:\/\/semmelweis.hu\/fogpotlastan\/files\/2019\/10\/Dr.-N\u00e9meth-Fanni-200x300.jpg 200w, https:\/\/semmelweis.hu\/fogpotlastan\/files\/2019\/10\/Dr.-N\u00e9meth-Fanni.jpg 500w\" sizes=\"auto, (max-width: 200px) 100vw, 200px\" \/><\/a><\/span><\/strong><br \/>\n<span style=\"font-size: 12pt\">2019 Konzerv\u00e1l\u00f3 fog\u00e1szat \u00e9s fogp\u00f3tl\u00e1stan szakvizsga<br \/>\n2016 Fogorvos diploma \u2013 Semmelweis Egyetem Fogorvostudom\u00e1nyi Kar<br \/>\n<\/span><br \/>\n<strong><span style=\"font-size: 12pt\">Szakmai tapasztalat \/ klinikai el\u0151menetel<\/span><\/strong><br \/>\n<span style=\"font-size: 12pt\">2016 &#8211; Fogp\u00f3tl\u00e1stan Klinika \u2013 klinikai orvos<br \/>\n2019 &#8211; Fogp\u00f3tl\u00e1stani Klinika &#8211; klinikai szakorvos<br \/>\n<\/span><span style=\"font-size: 12pt\"><br \/>\n<strong>Tudom\u00e1nyos tev\u00e9kenys\u00e9g<\/strong><\/span><br \/>\n<span style=\"font-size: 12pt\">munkacsoport: Neurol\u00f3giailag kompromitt\u00e1lt betegek ell\u00e1t\u00e1sa Munkacsoport, Implant\u00e1ci\u00f3s protetika Munkacsoport, Advocate Eur\u00f3pai Uni\u00f3s Program keretei k\u00f6z\u00f6tt a fogorvosok szeml\u00e9let\u00e9nek fejleszt\u00e9se\u00a0<\/span><\/p>\n<p><strong><span style=\"font-size: 12pt\">Nyelvismeret<\/span><\/strong><br \/>\n<span style=\"font-size: 12pt\">magyar anyanyelv<\/span><br \/>\n<span style=\"font-size: 12pt\">n\u00e9met fels\u0151fok<\/span><br \/>\n<span style=\"font-size: 12pt\">angol alapfok<\/span><\/p>\n<p><a href=\"https:\/\/m2.mtmt.hu\/gui2\/?type=authors&amp;mode=browse&amp;sel=10081435\"><span style=\"font-size: 12pt\">Tudom\u00e1nyos k\u00f6zlem\u00e9nyek<\/span><\/a><\/p>\n<p><span style=\"font-size: 12pt\"><em>Az el\u00e9rhet\u0151s\u00e9gi adatok nem haszn\u00e1lhat\u00f3k fel az 1995. \u00e9vi CXIX. t\u00f6rv\u00e9ny szerinti kutat\u00e1s \u00e9s k\u00f6zvetlen \u00fczletszerz\u00e9s c\u00e9lj\u00e1ra.<\/em><\/span><\/p>\n","protected":false},"excerpt":{"rendered":"<p>Tanulm\u00e1nyok, szakk\u00e9pes\u00edt\u00e9s <a href=\"https:\/\/semmelweis.hu\/fogpotlastan\/files\/2019\/10\/Dr.-N\u00e9meth-Fanni.jpg\"><\/a> 2019 Konzerv\u00e1l\u00f3 fog\u00e1szat \u00e9s fogp\u00f3tl\u00e1stan szakvizsga 2016 Fogorvos diploma \u2013 Semmelweis Egyetem Fogorvostudom\u00e1nyi Kar Szakmai tapasztalat \/ klinikai el\u0151menetel 2016 &#8211; Fogp\u00f3tl\u00e1stan Klinika \u2013 klinikai orvos 2019 &#8211; Fogp\u00f3tl\u00e1stani Klinika &#8211; klinikai szakorvos Tudom\u00e1nyos tev\u00e9kenys\u00e9g munkacsoport: Neurol\u00f3giailag kompromitt\u00e1lt betegek ell\u00e1t\u00e1sa Munkacsoport, Implant\u00e1ci\u00f3s protetika Munkacsoport, Advocate Eur\u00f3pai Uni\u00f3s Program keretei k\u00f6z\u00f6tt a fogorvosok szeml\u00e9let\u00e9nek &hellip;<\/p>\n","protected":false},"author":38,"featured_media":0,"parent":9019,"menu_order":1,"comment_status":"closed","ping_status":"closed","template":"","meta":{"_acf_changed":false,"footnotes":""},"categories":[],"tags":[],"class_list":["post-2565","page","type-page","status-publish","hentry"],"acf":[],"_links":{"self":[{"href":"https:\/\/semmelweis.hu\/fogpotlastan\/wp-json\/wp\/v2\/pages\/2565","targetHints":{"allow":["GET"]}}],"collection":[{"href":"https:\/\/semmelweis.hu\/fogpotlastan\/wp-json\/wp\/v2\/pages"}],"about":[{"href":"https:\/\/semmelweis.hu\/fogpotlastan\/wp-json\/wp\/v2\/types\/page"}],"author":[{"embeddable":true,"href":"https:\/\/semmelweis.hu\/fogpotlastan\/wp-json\/wp\/v2\/users\/38"}],"replies":[{"embeddable":true,"href":"https:\/\/semmelweis.hu\/fogpotlastan\/wp-json\/wp\/v2\/comments?post=2565"}],"version-history":[{"count":11,"href":"https:\/\/semmelweis.hu\/fogpotlastan\/wp-json\/wp\/v2\/pages\/2565\/revisions"}],"predecessor-version":[{"id":9558,"href":"https:\/\/semmelweis.hu\/fogpotlastan\/wp-json\/wp\/v2\/pages\/2565\/revisions\/9558"}],"up":[{"embeddable":true,"href":"https:\/\/semmelweis.hu\/fogpotlastan\/wp-json\/wp\/v2\/pages\/9019"}],"wp:attachment":[{"href":"https:\/\/semmelweis.hu\/fogpotlastan\/wp-json\/wp\/v2\/media?parent=2565"}],"wp:term":[{"taxonomy":"category","embeddable":true,"href":"https:\/\/semmelweis.hu\/fogpotlastan\/wp-json\/wp\/v2\/categories?post=2565"},{"taxonomy":"post_tag","embeddable":true,"href":"https:\/\/semmelweis.hu\/fogpotlastan\/wp-json\/wp\/v2\/tags?post=2565"}],"curies":[{"name":"wp","href":"https:\/\/api.w.org\/{rel}","templated":true}]}}