{"id":2563,"date":"2016-08-23T08:23:21","date_gmt":"2016-08-23T06:23:21","guid":{"rendered":"http:\/\/semmelweis.hu\/fogpotlastan\/?page_id=2563"},"modified":"2024-05-28T14:19:18","modified_gmt":"2024-05-28T12:19:18","slug":"varga-zita","status":"publish","type":"page","link":"https:\/\/semmelweis.hu\/fogpotlastan\/munkatarsak-terv\/varga-zita\/","title":{"rendered":"Dr. Varga Zita"},"content":{"rendered":"<p><strong><span style=\"font-size: 12pt\">Tanulm\u00e1nyok, szakk\u00e9pes\u00edt\u00e9s<img loading=\"lazy\" decoding=\"async\" class=\"size-medium wp-image-5595 alignright\" src=\"https:\/\/semmelweis.hu\/fogpotlastan\/files\/2019\/10\/Dr.-Varga-Zita-200x300.jpg\" alt=\"\" width=\"200\" height=\"300\" srcset=\"https:\/\/semmelweis.hu\/fogpotlastan\/files\/2019\/10\/Dr.-Varga-Zita-200x300.jpg 200w, https:\/\/semmelweis.hu\/fogpotlastan\/files\/2019\/10\/Dr.-Varga-Zita.jpg 500w\" sizes=\"auto, (max-width: 200px) 100vw, 200px\" \/><\/span><\/strong><br \/>\n<span style=\"font-size: 12pt\">2019 Konzerv\u00e1l\u00f3 fog\u00e1szat \u00e9s fogp\u00f3tl\u00e1stan szakvizsga<\/span><br \/>\n<span style=\"font-size: 12pt\">2016 Fogorvos diploma \u2013 Semmelweis Egyetem Fogorvostudom\u00e1nyi Kar<br \/>\n<\/span><br \/>\n<strong><span style=\"font-size: 12pt\">Szakmai tapasztalat \/ klinikai el\u0151menetel<\/span><\/strong><br \/>\n<span style=\"font-size: 12pt\">2019- Fogp\u00f3tl\u00e1stan Klinika \u2013 klinikai szakorvos<\/span><br \/>\n<span style=\"font-size: 12pt\">2016- Fogp\u00f3tl\u00e1stan Klinika \u2013 klinikai orvos<\/span><br \/>\n<strong><span style=\"font-size: 12pt\"><br \/>\nTudom\u00e1nyos tev\u00e9kenys\u00e9g<\/span><\/strong><br \/>\n<span style=\"font-size: 12pt\">munkacsoport: \u00c1llkapocs\u00edz\u00fcleti munkacsoport<\/span><\/p>\n<p><span style=\"font-size: 12pt\"><strong>Szakmai szervezeti tags\u00e1gok<\/strong><br \/>\n<\/span><span style=\"font-size: 12pt\">Magyar Fogorvosok Egyes\u00fclete<\/span><br \/>\n<span style=\"font-size: 12pt\">Magyar Orvosi Kamara<\/span><br \/>\n<span style=\"font-size: 12pt\"><br \/>\n<strong>Nyelvismeret<\/strong><\/span><br \/>\n<span style=\"font-size: 12pt\">magyar &#8211; anyanyelv<\/span><br \/>\n<span style=\"font-size: 12pt\">angol &#8211; k\u00f6z\u00e9pfok<\/span><br \/>\n<span style=\"font-size: 12pt\">n\u00e9met &#8211; k\u00f6z\u00e9pfok<\/span><br \/>\n<span style=\"font-size: 12pt\"><br \/>\n<strong>Egy\u00e9b<\/strong><\/span><br \/>\n<span style=\"font-size: 12pt\">A Fogp\u00f3tl\u00e1stani Klinik\u00e1n 2016 \u00f3ta veszek r\u00e9szt a betegell\u00e1t\u00e1sban, valamint az oktat\u00e1sban magyar, angol \u00e9s n\u00e9met nyelven. Szabadid\u0151mben sokat olvasok, sportolok \u00e9s kir\u00e1ndulok.<\/span><\/p>\n<p><span style=\"font-size: 10pt\"><em>Az el\u00e9rhet\u0151s\u00e9gi adatok nem haszn\u00e1lhat\u00f3k fel az 1995. \u00e9vi CXIX. t\u00f6rv\u00e9ny szerinti kutat\u00e1s \u00e9s k\u00f6zvetlen \u00fczletszerz\u00e9s c\u00e9lj\u00e1ra.<\/em><\/span><\/p>\n","protected":false},"excerpt":{"rendered":"<p>Tanulm\u00e1nyok, szakk\u00e9pes\u00edt\u00e9s 2019 Konzerv\u00e1l\u00f3 fog\u00e1szat \u00e9s fogp\u00f3tl\u00e1stan szakvizsga 2016 Fogorvos diploma \u2013 Semmelweis Egyetem Fogorvostudom\u00e1nyi Kar Szakmai tapasztalat \/ klinikai el\u0151menetel 2019- Fogp\u00f3tl\u00e1stan Klinika \u2013 klinikai szakorvos 2016- Fogp\u00f3tl\u00e1stan Klinika \u2013 klinikai orvos Tudom\u00e1nyos tev\u00e9kenys\u00e9g munkacsoport: \u00c1llkapocs\u00edz\u00fcleti munkacsoport Szakmai szervezeti tags\u00e1gok Magyar Fogorvosok Egyes\u00fclete Magyar Orvosi Kamara Nyelvismeret magyar &#8211; anyanyelv angol &#8211; k\u00f6z\u00e9pfok n\u00e9met &hellip;<\/p>\n","protected":false},"author":38,"featured_media":0,"parent":9019,"menu_order":1,"comment_status":"closed","ping_status":"closed","template":"","meta":{"_acf_changed":false,"footnotes":""},"categories":[],"tags":[],"class_list":["post-2563","page","type-page","status-publish","hentry"],"acf":[],"_links":{"self":[{"href":"https:\/\/semmelweis.hu\/fogpotlastan\/wp-json\/wp\/v2\/pages\/2563","targetHints":{"allow":["GET"]}}],"collection":[{"href":"https:\/\/semmelweis.hu\/fogpotlastan\/wp-json\/wp\/v2\/pages"}],"about":[{"href":"https:\/\/semmelweis.hu\/fogpotlastan\/wp-json\/wp\/v2\/types\/page"}],"author":[{"embeddable":true,"href":"https:\/\/semmelweis.hu\/fogpotlastan\/wp-json\/wp\/v2\/users\/38"}],"replies":[{"embeddable":true,"href":"https:\/\/semmelweis.hu\/fogpotlastan\/wp-json\/wp\/v2\/comments?post=2563"}],"version-history":[{"count":11,"href":"https:\/\/semmelweis.hu\/fogpotlastan\/wp-json\/wp\/v2\/pages\/2563\/revisions"}],"predecessor-version":[{"id":6618,"href":"https:\/\/semmelweis.hu\/fogpotlastan\/wp-json\/wp\/v2\/pages\/2563\/revisions\/6618"}],"up":[{"embeddable":true,"href":"https:\/\/semmelweis.hu\/fogpotlastan\/wp-json\/wp\/v2\/pages\/9019"}],"wp:attachment":[{"href":"https:\/\/semmelweis.hu\/fogpotlastan\/wp-json\/wp\/v2\/media?parent=2563"}],"wp:term":[{"taxonomy":"category","embeddable":true,"href":"https:\/\/semmelweis.hu\/fogpotlastan\/wp-json\/wp\/v2\/categories?post=2563"},{"taxonomy":"post_tag","embeddable":true,"href":"https:\/\/semmelweis.hu\/fogpotlastan\/wp-json\/wp\/v2\/tags?post=2563"}],"curies":[{"name":"wp","href":"https:\/\/api.w.org\/{rel}","templated":true}]}}